{"id":4950,"date":"2020-10-15T10:39:22","date_gmt":"2020-10-15T08:39:22","guid":{"rendered":"https:\/\/semmelweis.hu\/elettan\/?page_id=4950"},"modified":"2026-01-07T19:25:04","modified_gmt":"2026-01-07T18:25:04","slug":"szakdolgozat","status":"publish","type":"page","link":"https:\/\/semmelweis.hu\/elettan\/oktatas\/szakdolgozat\/","title":{"rendered":"Szakdolgozat"},"content":{"rendered":"<p style=\"text-align: center\"><img loading=\"lazy\" decoding=\"async\" class=\"alignnone size-medium wp-image-6526\" src=\"https:\/\/semmelweis.hu\/elettan\/files\/2024\/01\/images-300x120.jpg\" alt=\"\" width=\"300\" height=\"120\" srcset=\"https:\/\/semmelweis.hu\/elettan\/files\/2024\/01\/images-300x120.jpg 300w, https:\/\/semmelweis.hu\/elettan\/files\/2024\/01\/images.jpg 355w\" sizes=\"auto, (max-width: 300px) 100vw, 300px\" \/><\/p>\n<p><span style=\"font-family: Montserrat\"><strong>Inform\u00e1ci\u00f3k az \u00c9lettani Int\u00e9zetben v\u00e9d\u0151 szakdolgoz\u00f3knak:<\/strong><\/span><\/p>\n<ul>\n<li><a href=\"https:\/\/semmelweis.hu\/elettan\/files\/2026\/01\/szakdolgozat-cim-leadasa_uj-cim-engedelyezese.pdf\">\u00c9lettani Int\u00e9zet &#8211; szakdolgozatok c\u00edm\u00e9nek bejelent\u00e9se<\/a><\/li>\n<li style=\"text-align: left\"><a href=\"https:\/\/semmelweis.hu\/elettan\/files\/2026\/01\/SZAKDOLGOZAT-BEADASANAK-RENDJE.pdf\">SZAKDOLGOZAT BEAD\u00c1S\u00c1NAK RENDJE<\/a><\/li>\n<li style=\"text-align: left\"><a href=\"https:\/\/semmelweis.hu\/elettan\/files\/2026\/01\/Rektori-palymunka-mint-szakdolg_beadas-.pdf\">REKTORI P\u00c1LYAMUNKA szakdolgozatk\u00e9nt val\u00f3 \u00e9rv\u00e9nyes\u00edt\u00e9se (2026)<\/a><\/li>\n<li style=\"text-align: left\">\n<p><a href=\"https:\/\/semmelweis.hu\/elettan\/files\/2026\/01\/SZAKDOLGOZAT-BEADASANAK-RENDJE.pdf\">\u00c1TTEKINT\u0150 T\u00c1BL\u00c1ZAT <img loading=\"lazy\" decoding=\"async\" src=\"https:\/\/encrypted-tbn0.gstatic.com\/images?q=tbn:ANd9GcTd1Kt4DejPQxMNUu-CloI1rM8pPigmNLR3i3uQRqt1WRwcjEkGPL9DLMY&amp;s\" alt=\"\" width=\"39\" height=\"38\" \/><\/a><\/p>\n<\/li>\n<\/ul>\n<p style=\"text-align: left\"><span style=\"font-family: Montserrat\"><strong>\u00c1ltal\u00e1nos inform\u00e1ci\u00f3k olvashat\u00f3an a kar honlapj\u00e1n:<\/strong><\/span><\/p>\n<ul>\n<li style=\"text-align: left\"><a href=\"https:\/\/semmelweis.hu\/aok\/oktatas\/szakdolgozat\/\">A szakdolgozat elk\u00e9sz\u00edt\u00e9s\u00e9nek, bead\u00e1s\u00e1nak rendje (\u00c1OK honlap)<\/a><\/li>\n<\/ul>\n<p><strong><span style=\"font-family: Montserrat\">Szakdolgozati t\u00e9mak\u00f6r\u00f6k az \u00c9lettani Int\u00e9zetben:<\/span><\/strong><\/p>\n<ul>\n<li>Szakdolgozat t\u00e9mak\u00f6r\u00f6k az <a href=\"https:\/\/semmelweis.hu\/elettan\/files\/2025\/10\/szakdolgozati-temak-2025_26_uj-fejleces.pdf\">\u00c1OK<\/a> hallgat\u00f3i sz\u00e1m\u00e1ra (2025)<\/li>\n<li>Szakdolgozat t\u00e9mak\u00f6r\u00f6k az <a href=\"https:\/\/semmelweis.hu\/elettan\/files\/2025\/01\/szakdolgozati-temak-2024_25.pdf\">\u00c1OK<\/a> hallgat\u00f3i sz\u00e1m\u00e1ra (2024)<\/li>\n<li>Szakdolgozat t\u00e9mak\u00f6r\u00f6k az <a href=\"https:\/\/semmelweis.hu\/elettan\/files\/2023\/10\/szakdolgozati-temak-2023_24.pdf\">\u00c1OK<\/a> hallgat\u00f3i sz\u00e1m\u00e1ra (2023)<\/li>\n<li>Szakdolgozat t\u00e9mak\u00f6r\u00f6k az <a href=\"https:\/\/semmelweis.hu\/elettan\/files\/2022\/10\/szakdolgozati-temak-2022_23.pdf\">\u00c1OK<\/a> hallgat\u00f3i sz\u00e1m\u00e1ra (2022)<\/li>\n<li>Szakdolgozat t\u00e9mak\u00f6r\u00f6k az <a href=\"https:\/\/semmelweis.hu\/elettan\/files\/2022\/01\/szakdolgozati-temak-202122-1.pdf\">\u00c1OK<\/a> hallgat\u00f3i sz\u00e1m\u00e1ra (2021)<\/li>\n<li>Szakdolgozat t\u00e9mak\u00f6r\u00f6k az <a href=\"https:\/\/semmelweis.hu\/elettan\/files\/2020\/10\/szakdolgozati-t\u00e9m\u00e1k-2020_21_fejl\u00e9ces.pdf\">\u00c1OK<\/a> hallgat\u00f3i sz\u00e1m\u00e1ra (2020)<\/li>\n<li>Szakdolgozat t\u00e9mak\u00f6r\u00f6k az <a href=\"https:\/\/semmelweis.hu\/elettan\/files\/2019\/11\/szakdolgozati-t\u00e9m\u00e1k-2019_20.pdf\">\u00c1OK<\/a> hallgat\u00f3i sz\u00e1m\u00e1ra (2019)<\/li>\n<li>Szakdolgozat t\u00e9mak\u00f6r\u00f6k az <a href=\"https:\/\/semmelweis.hu\/elettan\/files\/2019\/05\/szakdolgozati_t\u00e9m\u00e1k18_19.pdf\">\u00c1OK<\/a> hallgat\u00f3i sz\u00e1m\u00e1ra (2018)<\/li>\n<li>Szakdolgozat t\u00e9mak\u00f6r\u00f6k az <a href=\"https:\/\/semmelweis.hu\/elettan\/files\/2013\/06\/szakdolgozati-t\u00e9m\u00e1k17_18.pdf\">\u00c1OK<\/a> hallgat\u00f3i sz\u00e1m\u00e1ra (2017)<\/li>\n<li>Szakdolgozat t\u00e9mak\u00f6r\u00f6k az <a href=\"https:\/\/semmelweis.hu\/elettan\/files\/2016\/11\/Szakdolg-AOK-temak16-17.pdf\">\u00c1OK<\/a> hallgat\u00f3i sz\u00e1m\u00e1ra (2016)<\/li>\n<\/ul>\n<p><strong><span style=\"font-family: Montserrat\">Az <a href=\"https:\/\/semmelweis.hu\/elettan\/files\/2025\/09\/vedett_szakolgozatok_teljes_2025_fejleces.pdf\">\u00c9lettani Int\u00e9zetben v\u00e9dett szakdolgozatok (2025-ig)<\/a><\/span><\/strong><\/p>\n<h1>LET\u00d6LTHET\u0150 DOKUMENTUMOK<\/h1>\n<ul>\n<li><a href=\"https:\/\/semmelweis.hu\/aok\/files\/2012\/03\/Szakdolgozati-c\u00edmbejelent\u0151-lap-1.doc\">Szakdolgozati c\u00edmbejelent\u0151 lap<\/a><\/li>\n<li><a href=\"https:\/\/semmelweis.hu\/aok\/files\/2012\/03\/szakdog.halaszt.nyomt_-1.doc\">Szakdolgozat halaszt\u00e1si k\u00e9relem (t\u00e1rgy\u00e9v janu\u00e1r h\u00f3 31. ut\u00e1n)<\/a><\/li>\n<li><a href=\"https:\/\/semmelweis.hu\/aok\/files\/2020\/01\/Rektori-p\u00e1lyamunka-elfogad\u00e1sa-szakdolgozatk\u00e9nt-1.doc\" target=\"_blank\" rel=\"noopener noreferrer\">Rektori p\u00e1lyamunka elfogad\u00e1sa szakdolgozatk\u00e9nt<\/a><\/li>\n<li>\n<p><a href=\"https:\/\/semmelweis.hu\/aok\/files\/2025\/02\/Cikk-szakdolgkent-valo-elfogadasa-nyomtatvany.doc\" target=\"_blank\" rel=\"noopener\">Lektor\u00e1lt tudom\u00e1nyos foly\u00f3iratban els\u0151 szerz\u0151s cikk szakdolgozatk\u00e9nt t\u00f6rt\u00e9n\u0151 elfogad\u00e1s\u00e1hoz<\/a><\/p>\n<\/li>\n<\/ul>\n<p><span style=\"font-family: Montserrat\"><strong>Pl\u00e1gium Nyilatkozat:<\/strong><\/span><\/p>\n<ul>\n<li><a href=\"https:\/\/semmelweis.hu\/aok\/files\/2018\/11\/T\u00e1j\u00e9koztat\u00f3-pl\u00e1gium-nyilatkozatr\u00f3l.pdf\" target=\"_blank\" rel=\"noopener noreferrer\">T\u00e1j\u00e9koztat\u00f3 pl\u00e1gium nyilatkozatr\u00f3l<\/a><\/li>\n<li><a href=\"https:\/\/semmelweis.hu\/aok\/files\/2012\/03\/Pl\u00e1gium-Nyilatkozat.docx\">Pl\u00e1gium Nyilatkozat<\/a><\/li>\n<\/ul>\n","protected":false},"excerpt":{"rendered":"<p>Inform\u00e1ci\u00f3k az \u00c9lettani Int\u00e9zetben v\u00e9d\u0151 szakdolgoz\u00f3knak: <a href=\"https:\/\/semmelweis.hu\/elettan\/files\/2026\/01\/szakdolgozat-cim-leadasa_uj-cim-engedelyezese.pdf\">\u00c9lettani Int\u00e9zet &#8211; szakdolgozatok c\u00edm\u00e9nek bejelent\u00e9se<\/a> <a href=\"https:\/\/semmelweis.hu\/elettan\/files\/2026\/01\/SZAKDOLGOZAT-BEADASANAK-RENDJE.pdf\">SZAKDOLGOZAT BEAD\u00c1S\u00c1NAK RENDJE<\/a> <a href=\"https:\/\/semmelweis.hu\/elettan\/files\/2026\/01\/Rektori-palymunka-mint-szakdolg_beadas-.pdf\">REKTORI P\u00c1LYAMUNKA szakdolgozatk\u00e9nt val\u00f3 \u00e9rv\u00e9nyes\u00edt\u00e9se (2026)<\/a> <a href=\"https:\/\/semmelweis.hu\/elettan\/files\/2026\/01\/SZAKDOLGOZAT-BEADASANAK-RENDJE.pdf\">\u00c1TTEKINT\u0150 T\u00c1BL\u00c1ZAT <\/a> \u00c1ltal\u00e1nos inform\u00e1ci\u00f3k olvashat\u00f3an a kar honlapj\u00e1n: <a href=\"https:\/\/semmelweis.hu\/aok\/oktatas\/szakdolgozat\/\">A szakdolgozat elk\u00e9sz\u00edt\u00e9s\u00e9nek, bead\u00e1s\u00e1nak rendje (\u00c1OK honlap)<\/a> Szakdolgozati t\u00e9mak\u00f6r\u00f6k az \u00c9lettani Int\u00e9zetben: Szakdolgozat t\u00e9mak\u00f6r\u00f6k az <a href=\"https:\/\/semmelweis.hu\/elettan\/files\/2025\/10\/szakdolgozati-temak-2025_26_uj-fejleces.pdf\">\u00c1OK<\/a> hallgat\u00f3i sz\u00e1m\u00e1ra (2025) Szakdolgozat t\u00e9mak\u00f6r\u00f6k az <a href=\"https:\/\/semmelweis.hu\/elettan\/files\/2025\/01\/szakdolgozati-temak-2024_25.pdf\">\u00c1OK<\/a> hallgat\u00f3i sz\u00e1m\u00e1ra (2024) Szakdolgozat t\u00e9mak\u00f6r\u00f6k az <a href=\"https:\/\/semmelweis.hu\/elettan\/files\/2023\/10\/szakdolgozati-temak-2023_24.pdf\">\u00c1OK<\/a> hallgat\u00f3i sz\u00e1m\u00e1ra (2023) Szakdolgozat t\u00e9mak\u00f6r\u00f6k az <a href=\"https:\/\/semmelweis.hu\/elettan\/files\/2022\/10\/szakdolgozati-temak-2022_23.pdf\">\u00c1OK<\/a> hallgat\u00f3i sz\u00e1m\u00e1ra (2022) Szakdolgozat t\u00e9mak\u00f6r\u00f6k az <a href=\"https:\/\/semmelweis.hu\/elettan\/files\/2022\/01\/szakdolgozati-temak-202122-1.pdf\">\u00c1OK<\/a> hallgat\u00f3i sz\u00e1m\u00e1ra (2021) Szakdolgozat t\u00e9mak\u00f6r\u00f6k az <a href=\"https:\/\/semmelweis.hu\/elettan\/files\/2020\/10\/szakdolgozati-t\u00e9m\u00e1k-2020_21_fejl\u00e9ces.pdf\">\u00c1OK<\/a> hallgat\u00f3i sz\u00e1m\u00e1ra (2020) Szakdolgozat t\u00e9mak\u00f6r\u00f6k &hellip;<\/p>\n","protected":false},"author":133,"featured_media":0,"parent":10,"menu_order":23,"comment_status":"closed","ping_status":"closed","template":"","meta":{"_acf_changed":false,"footnotes":""},"categories":[],"tags":[],"class_list":["post-4950","page","type-page","status-publish","hentry"],"acf":[],"_links":{"self":[{"href":"https:\/\/semmelweis.hu\/elettan\/wp-json\/wp\/v2\/pages\/4950","targetHints":{"allow":["GET"]}}],"collection":[{"href":"https:\/\/semmelweis.hu\/elettan\/wp-json\/wp\/v2\/pages"}],"about":[{"href":"https:\/\/semmelweis.hu\/elettan\/wp-json\/wp\/v2\/types\/page"}],"author":[{"embeddable":true,"href":"https:\/\/semmelweis.hu\/elettan\/wp-json\/wp\/v2\/users\/133"}],"replies":[{"embeddable":true,"href":"https:\/\/semmelweis.hu\/elettan\/wp-json\/wp\/v2\/comments?post=4950"}],"version-history":[{"count":10,"href":"https:\/\/semmelweis.hu\/elettan\/wp-json\/wp\/v2\/pages\/4950\/revisions"}],"predecessor-version":[{"id":7428,"href":"https:\/\/semmelweis.hu\/elettan\/wp-json\/wp\/v2\/pages\/4950\/revisions\/7428"}],"up":[{"embeddable":true,"href":"https:\/\/semmelweis.hu\/elettan\/wp-json\/wp\/v2\/pages\/10"}],"wp:attachment":[{"href":"https:\/\/semmelweis.hu\/elettan\/wp-json\/wp\/v2\/media?parent=4950"}],"wp:term":[{"taxonomy":"category","embeddable":true,"href":"https:\/\/semmelweis.hu\/elettan\/wp-json\/wp\/v2\/categories?post=4950"},{"taxonomy":"post_tag","embeddable":true,"href":"https:\/\/semmelweis.hu\/elettan\/wp-json\/wp\/v2\/tags?post=4950"}],"curies":[{"name":"wp","href":"https:\/\/api.w.org\/{rel}","templated":true}]}}