{"id":4468,"date":"2020-02-04T11:02:00","date_gmt":"2020-02-04T10:02:00","guid":{"rendered":"http:\/\/semmelweis.hu\/elettan\/?page_id=4468"},"modified":"2026-02-17T15:17:29","modified_gmt":"2026-02-17T14:17:29","slug":"szivelekrtofiziologia","status":"publish","type":"page","link":"https:\/\/semmelweis.hu\/elettan\/oktatas\/valaszthato-kurzusok\/szivelekrtofiziologia\/","title":{"rendered":"Sz\u00edvelektrofiziol\u00f3gia"},"content":{"rendered":"<p>Inform\u00e1ci\u00f3k (2025\/26\/2):<\/p>\n<p dir=\"ltr\">Nyelv: magyar<\/p>\n<p dir=\"ltr\">Id\u0151pont, helysz\u00edn: EOK, 1. emelet, Bezn\u00e1k Terem, cs\u00fct\u00f6rt\u00f6k, 17:30-19:00 h.<\/p>\n<p dir=\"ltr\">El\u0151ad\u00f3: dr: Prof. T\u00d3TH Andr\u00e1s (totha.teach@gmail.com)<\/p>\n<p dir=\"ltr\">Oktat\u00e1si adminisztr\u00e1ci\u00f3: Dr. PETHE\u0150 G\u00e1bor (petheo.gabor@semmelweis.hu)\u00a0<\/p>\n<p><a href=\"https:\/\/semmelweis.hu\/elettan\/files\/2024\/01\/Szivelektrofiziologia-SE-Kurzusleiras-202425.pdf\" target=\"_blank\" rel=\"noopener\">K\u00f6vetelm\u00e9nyrendszer\u00a0 <\/a>(2024\/25\/26 ua.)<\/p>\n<p>El\u0151ad\u00e1sanyagok a <a href=\"https:\/\/itc.semmelweis.hu\" target=\"_blank\" rel=\"noopener\">Moodleban<\/a> tal\u00e1lhat\u00f3ak.<\/p>\n<p>&nbsp;<\/p>\n","protected":false},"excerpt":{"rendered":"<p>Inform\u00e1ci\u00f3k (2025\/26\/2):<br \/>\nNyelv: magyar<br \/>\nId\u0151pont, helysz\u00edn: EOK, 1. emelet, Bezn\u00e1k Terem, cs\u00fct\u00f6rt\u00f6k, 17:30-19:00 h.<br \/>\nEl\u0151ad\u00f3: dr: Prof. T\u00d3TH Andr\u00e1s (totha.teach@gmail.com)<br \/>\nOktat\u00e1si adminisztr\u00e1ci\u00f3: Dr. PETHE\u0150 G\u00e1bor (petheo.gabor@semmelweis.hu)\u00a0<br \/>\n<a href=\"https:\/\/semmelweis.hu\/elettan\/files\/2024\/01\/Szivelektrofiziologia-SE-Kurzusleiras-202425.pdf\" target=\"_blank\" rel=\"noopener\">K\u00f6vetelm\u00e9nyrendszer\u00a0 <\/a>(2024\/25\/26 ua.)<br \/>\nEl\u0151ad\u00e1sanyagok a <a href=\"https:\/\/itc.semmelweis.hu\" target=\"_blank\" rel=\"noopener\">Moodleban<\/a> tal\u00e1lhat\u00f3ak.<br \/>\n&nbsp;<\/p>\n","protected":false},"author":133,"featured_media":0,"parent":199,"menu_order":19,"comment_status":"closed","ping_status":"closed","template":"","meta":{"_acf_changed":false,"footnotes":""},"categories":[],"tags":[],"class_list":["post-4468","page","type-page","status-publish","hentry"],"acf":[],"_links":{"self":[{"href":"https:\/\/semmelweis.hu\/elettan\/wp-json\/wp\/v2\/pages\/4468","targetHints":{"allow":["GET"]}}],"collection":[{"href":"https:\/\/semmelweis.hu\/elettan\/wp-json\/wp\/v2\/pages"}],"about":[{"href":"https:\/\/semmelweis.hu\/elettan\/wp-json\/wp\/v2\/types\/page"}],"author":[{"embeddable":true,"href":"https:\/\/semmelweis.hu\/elettan\/wp-json\/wp\/v2\/users\/133"}],"replies":[{"embeddable":true,"href":"https:\/\/semmelweis.hu\/elettan\/wp-json\/wp\/v2\/comments?post=4468"}],"version-history":[{"count":10,"href":"https:\/\/semmelweis.hu\/elettan\/wp-json\/wp\/v2\/pages\/4468\/revisions"}],"predecessor-version":[{"id":7468,"href":"https:\/\/semmelweis.hu\/elettan\/wp-json\/wp\/v2\/pages\/4468\/revisions\/7468"}],"up":[{"embeddable":true,"href":"https:\/\/semmelweis.hu\/elettan\/wp-json\/wp\/v2\/pages\/199"}],"wp:attachment":[{"href":"https:\/\/semmelweis.hu\/elettan\/wp-json\/wp\/v2\/media?parent=4468"}],"wp:term":[{"taxonomy":"category","embeddable":true,"href":"https:\/\/semmelweis.hu\/elettan\/wp-json\/wp\/v2\/categories?post=4468"},{"taxonomy":"post_tag","embeddable":true,"href":"https:\/\/semmelweis.hu\/elettan\/wp-json\/wp\/v2\/tags?post=4468"}],"curies":[{"name":"wp","href":"https:\/\/api.w.org\/{rel}","templated":true}]}}