{"id":4363,"date":"2019-11-13T11:27:33","date_gmt":"2019-11-13T10:27:33","guid":{"rendered":"http:\/\/semmelweis.hu\/elettan\/?page_id=4363"},"modified":"2024-07-09T15:44:39","modified_gmt":"2024-07-09T13:44:39","slug":"szovetkarosito-folyamatok-molekularis-mechanizmusanak-felderitese","status":"publish","type":"page","link":"https:\/\/semmelweis.hu\/elettan\/vekop-palyazatok\/szovetkarosito-folyamatok-molekularis-mechanizmusanak-felderitese\/","title":{"rendered":"Sz\u00f6vetk\u00e1ros\u00edt\u00f3 folyamatok molekul\u00e1ris mechanizmus\u00e1nak felder\u00edt\u00e9se"},"content":{"rendered":"<p align=\"center\"><a href=\"https:\/\/semmelweis.hu\/elettan\/files\/2024\/07\/infoblokk_kedv_final_felso_cmyk_ERFA.jpg\"><img loading=\"lazy\" decoding=\"async\" class=\"size-medium wp-image-6702 alignright\" src=\"https:\/\/semmelweis.hu\/elettan\/files\/2024\/07\/infoblokk_kedv_final_felso_cmyk_ERFA-300x207.jpg\" alt=\"\" width=\"300\" height=\"207\" srcset=\"https:\/\/semmelweis.hu\/elettan\/files\/2024\/07\/infoblokk_kedv_final_felso_cmyk_ERFA-300x207.jpg 300w, https:\/\/semmelweis.hu\/elettan\/files\/2024\/07\/infoblokk_kedv_final_felso_cmyk_ERFA-1024x708.jpg 1024w, https:\/\/semmelweis.hu\/elettan\/files\/2024\/07\/infoblokk_kedv_final_felso_cmyk_ERFA-768x531.jpg 768w, https:\/\/semmelweis.hu\/elettan\/files\/2024\/07\/infoblokk_kedv_final_felso_cmyk_ERFA-175x120.jpg 175w, https:\/\/semmelweis.hu\/elettan\/files\/2024\/07\/infoblokk_kedv_final_felso_cmyk_ERFA-753x520.jpg 753w, https:\/\/semmelweis.hu\/elettan\/files\/2024\/07\/infoblokk_kedv_final_felso_cmyk_ERFA.jpg 1453w\" sizes=\"auto, (max-width: 300px) 100vw, 300px\" \/><\/a><\/p>\n<p style=\"margin-top: 0in;text-align: center;background: white\" align=\"center\"><strong><span lang=\"HU\" style=\"font-size: 15.0pt;font-family: 'PT Serif',serif;color: #1e2326\">Sz\u00f6vetk\u00e1ros\u00edt\u00f3 folyamatok molekul\u00e1ris mechanizmus\u00e1nak felder\u00edt\u00e9se<\/span><\/strong><b><span lang=\"HU\" style=\"font-size: 15.0pt;font-family: 'PT Serif',serif;color: #1e2326\"><br \/>\n<\/span><\/b><span lang=\"HU\" style=\"font-size: 15.0pt;font-family: 'PT Serif',serif;color: #1e2326\">strat\u00e9giai m\u0171hely az \u00c1ltal\u00e1nos Orvostudom\u00e1nyi Karon<\/span><\/p>\n<p style=\"margin-top: 0in;text-align: center;background: white\" align=\"center\"><strong><span lang=\"HU\" style=\"font-size: 15.0pt;font-family: 'PT Serif',serif;color: #1e2326\">VEKOP-2.3.2-16-2016-00002<\/span><\/strong><b><span lang=\"HU\" style=\"font-size: 15.0pt;font-family: 'PT Serif',serif;color: #1e2326\"><br \/>\n<\/span><\/b><span lang=\"HU\" style=\"font-size: 15.0pt;font-family: 'PT Serif',serif;color: #1e2326\">Szakmai vezet\u0151: Dr. Ligeti Erzs\u00e9bet (\u00c9lettani Int\u00e9zet)<br \/>\n2017.07.01. \u2013 2022.07.31.<br \/>\n800 000 000 Ft<\/span><\/p>\n<p style=\"margin-top: 0in;text-align: justify;background: white\"><strong><span lang=\"HU\" style=\"font-size: 15.0pt;font-family: 'PT Serif',serif;color: #1e2326\">Strat\u00e9giai m\u0171helyek kiv\u00e1l\u00f3s\u00e1ga p\u00e1ly\u00e1zatot nyert a Semmelweis Egyetem \u00c1ltal\u00e1nos Orvostudom\u00e1nyi Kar\u00e1nak n\u00e9h\u00e1ny munkacsoportja. K\u00f6sz\u00f6nhet\u0151en magas szint\u0171 kutat\u00e1si tev\u00e9kenys\u00e9g\u00fcknek \u00e9s a p\u00e1ly\u00e1zatban r\u00e9sztvev\u0151 kutat\u00f3csoportok hat\u00e9kony egy\u00fcttm\u0171k\u00f6d\u00e9s\u00e9nek, a ki\u00edr\u00f3 Nemzetgazdas\u00e1gi Miniszt\u00e9rium n\u00e9gy\u00e9ves kutat\u00e1si programot fogadott el karunk \u00f6n\u00e1ll\u00f3 r\u00e9szv\u00e9tel\u00e9vel.<\/span><\/strong><\/p>\n<p style=\"margin-top: 0in;text-align: justify;background: white\"><span lang=\"HU\" style=\"font-size: 15.0pt;font-family: 'PT Serif',serif;color: #1e2326\">A kutat\u00e1si projekt f\u0151 c\u00e9lja, hogy komplex megk\u00f6zel\u00edt\u00e9ssel, izol\u00e1lt rendszerekben, genetikailag m\u00f3dos\u00edtott \u00e1llatmodelleken \u00e9s betegekb\u0151l sz\u00e1rmaz\u00f3 biol\u00f3giai mint\u00e1kb\u00f3l nyert eredm\u00e9nyek felhaszn\u00e1l\u00e1s\u00e1val azonos\u00edt\u00e1sra ker\u00fcljenek a sz\u00f6vetk\u00e1ros\u00edt\u00f3 folyamatokban kiemelt szerepet bet\u00f6lt\u0151 kulcsmolekul\u00e1k \u00e9s jel\u00e1tviteli mechanizmusok. Az alapkutat\u00e1s eredm\u00e9nyek\u00e9nt kimutatott molekul\u00e1k \u00e9s mechanizmusok sz\u00e1mos betegs\u00e9g \u00faj ter\u00e1pi\u00e1s alapj\u00e1t k\u00e9pezhetik, megalapozva a folyamat gyakorlati hasznos\u00edt\u00e1s\u00e1t.<\/span><\/p>\n<p style=\"margin-top: 0in;text-align: justify;background: white\"><span lang=\"HU\" style=\"font-size: 15.0pt;font-family: 'PT Serif',serif;color: #1e2326\">A strat\u00e9giai m\u0171hely szakmai vezet\u0151je Dr. Ligeti Erzs\u00e9bet egyetemi tan\u00e1r, az MTA rendes tagja, aki a magyarorsz\u00e1gi immunol\u00f3giai kutat\u00e1sok egyik meghat\u00e1roz\u00f3 szem\u00e9lyis\u00e9ge.\u00a0 A kiv\u00e1l\u00f3s\u00e1gra \u00e9p\u00fcl\u0151 strat\u00e9giai k\u00f6zpont \u00f6t m\u00e1sik szenior vezet\u0151je: Dr. Buz\u00e1s Edit, Dr. Hunyady L\u00e1szl\u00f3, Dr. Ferdinandy P\u00e9ter, Dr. Geiszt Mik\u00f3s, \u00e9s Dr. M\u00f3csai Attila professzorok, az orvos-biol\u00f3giai kutat\u00e1sok kiemelked\u0151 \u00e9s el\u00f6lj\u00e1r\u00f3 m\u0171vel\u0151i haz\u00e1nkban. A projekt hetedik vezet\u0151 r\u00e9sztvev\u0151je Dr. Jakus Zolt\u00e1n egyetemi docens, aki a k\u00f6zelm\u00faltban t\u00e9rt haza az MTA Lend\u00fclet programj\u00e1nak k\u00f6sz\u00f6nhet\u0151en az Egyes\u00fclt \u00c1llamokb\u00f3l.<\/span><\/p>\n<p style=\"margin-top: 0in;text-align: justify;background: white\"><span lang=\"HU\" style=\"font-size: 15.0pt;font-family: 'PT Serif',serif;color: #1e2326\">A h\u00e9t kutat\u00f3csoport, amelyek mindegyike m\u00e1r kor\u00e1bban is az orvos-biol\u00f3giai kutat\u00e1sok ter\u00fclet\u00e9n nemzetk\u00f6zi szinten jelent\u0151s eredm\u00e9nyeket \u00e9rt el, k\u00f6z\u00f6sen egy \u00faj strat\u00e9giai m\u0171hely kialak\u00edt\u00e1s\u00e1t c\u00e9lozta meg sikerrel. Az \u00faj szakmai m\u0171helyben a k\u00f6z\u00f6s gondolkod\u00e1s \u00e9s munka r\u00e9v\u00e9n vil\u00e1gsz\u00ednvonalon is kiemelked\u0151 figyelmet kiv\u00e1lt\u00f3 \u00faj kutat\u00e1si eredm\u00e9nyeket \u00e9rtek el.<\/span><\/p>\n<p>&nbsp;<\/p>\n<p>&nbsp;<\/p>\n","protected":false},"excerpt":{"rendered":"<p><a href=\"https:\/\/semmelweis.hu\/elettan\/files\/2024\/07\/infoblokk_kedv_final_felso_cmyk_ERFA.jpg\"><\/a> Sz\u00f6vetk\u00e1ros\u00edt\u00f3 folyamatok molekul\u00e1ris mechanizmus\u00e1nak felder\u00edt\u00e9se strat\u00e9giai m\u0171hely az \u00c1ltal\u00e1nos Orvostudom\u00e1nyi Karon VEKOP-2.3.2-16-2016-00002 Szakmai vezet\u0151: Dr. Ligeti Erzs\u00e9bet (\u00c9lettani Int\u00e9zet) 2017.07.01. \u2013 2022.07.31. 800 000 000 Ft Strat\u00e9giai m\u0171helyek kiv\u00e1l\u00f3s\u00e1ga p\u00e1ly\u00e1zatot nyert a Semmelweis Egyetem \u00c1ltal\u00e1nos Orvostudom\u00e1nyi Kar\u00e1nak n\u00e9h\u00e1ny munkacsoportja. K\u00f6sz\u00f6nhet\u0151en magas szint\u0171 kutat\u00e1si tev\u00e9kenys\u00e9g\u00fcknek \u00e9s a p\u00e1ly\u00e1zatban r\u00e9sztvev\u0151 kutat\u00f3csoportok hat\u00e9kony egy\u00fcttm\u0171k\u00f6d\u00e9s\u00e9nek, a ki\u00edr\u00f3 Nemzetgazdas\u00e1gi Miniszt\u00e9rium &hellip;<\/p>\n","protected":false},"author":133,"featured_media":0,"parent":4351,"menu_order":0,"comment_status":"closed","ping_status":"closed","template":"","meta":{"_acf_changed":false,"footnotes":""},"categories":[],"tags":[],"class_list":["post-4363","page","type-page","status-publish","hentry"],"acf":[],"_links":{"self":[{"href":"https:\/\/semmelweis.hu\/elettan\/wp-json\/wp\/v2\/pages\/4363","targetHints":{"allow":["GET"]}}],"collection":[{"href":"https:\/\/semmelweis.hu\/elettan\/wp-json\/wp\/v2\/pages"}],"about":[{"href":"https:\/\/semmelweis.hu\/elettan\/wp-json\/wp\/v2\/types\/page"}],"author":[{"embeddable":true,"href":"https:\/\/semmelweis.hu\/elettan\/wp-json\/wp\/v2\/users\/133"}],"replies":[{"embeddable":true,"href":"https:\/\/semmelweis.hu\/elettan\/wp-json\/wp\/v2\/comments?post=4363"}],"version-history":[{"count":9,"href":"https:\/\/semmelweis.hu\/elettan\/wp-json\/wp\/v2\/pages\/4363\/revisions"}],"predecessor-version":[{"id":6704,"href":"https:\/\/semmelweis.hu\/elettan\/wp-json\/wp\/v2\/pages\/4363\/revisions\/6704"}],"up":[{"embeddable":true,"href":"https:\/\/semmelweis.hu\/elettan\/wp-json\/wp\/v2\/pages\/4351"}],"wp:attachment":[{"href":"https:\/\/semmelweis.hu\/elettan\/wp-json\/wp\/v2\/media?parent=4363"}],"wp:term":[{"taxonomy":"category","embeddable":true,"href":"https:\/\/semmelweis.hu\/elettan\/wp-json\/wp\/v2\/categories?post=4363"},{"taxonomy":"post_tag","embeddable":true,"href":"https:\/\/semmelweis.hu\/elettan\/wp-json\/wp\/v2\/tags?post=4363"}],"curies":[{"name":"wp","href":"https:\/\/api.w.org\/{rel}","templated":true}]}}