{"id":4351,"date":"2019-11-13T10:53:20","date_gmt":"2019-11-13T09:53:20","guid":{"rendered":"http:\/\/semmelweis.hu\/elettan\/?page_id=4351"},"modified":"2021-02-08T16:34:27","modified_gmt":"2021-02-08T15:34:27","slug":"vekop-palyazatok","status":"publish","type":"page","link":"https:\/\/semmelweis.hu\/elettan\/vekop-palyazatok\/","title":{"rendered":"VEKOP p\u00e1ly\u00e1zatok"},"content":{"rendered":"<p><a href=\"https:\/\/semmelweis.hu\/elettan\/vekop-palyazatok\/vekop-palyazat\/\"><strong>Kis\u00e1llatok in vivo folyamatainak 3D k\u00e9palkot\u00f3 vizsg\u00e1lat\u00e1hoz sz\u00fcks\u00e9ges m\u0171szeregy\u00fcttes beszerz\u00e9se<\/strong><\/a><\/p>\n<p><a href=\"https:\/\/semmelweis.hu\/elettan\/vekop-palyazatok\/szovetkarosito-folyamatok-molekularis-mechanizmusanak-felderitese\/\"><b>Sz\u00f6vetk\u00e1ros\u00edt\u00f3 folyamatok molekul\u00e1ris mechanizmus\u00e1nak felder\u00edt\u00e9se<\/b><\/a><\/p>\n","protected":false},"excerpt":{"rendered":"<p><a href=\"https:\/\/semmelweis.hu\/elettan\/vekop-palyazatok\/vekop-palyazat\/\">Kis\u00e1llatok in vivo folyamatainak 3D k\u00e9palkot\u00f3 vizsg\u00e1lat\u00e1hoz sz\u00fcks\u00e9ges m\u0171szeregy\u00fcttes beszerz\u00e9se<\/a><br \/>\n<a href=\"https:\/\/semmelweis.hu\/elettan\/vekop-palyazatok\/szovetkarosito-folyamatok-molekularis-mechanizmusanak-felderitese\/\">Sz\u00f6vetk\u00e1ros\u00edt\u00f3 folyamatok molekul\u00e1ris mechanizmus\u00e1nak felder\u00edt\u00e9se<\/a><\/p>\n","protected":false},"author":133,"featured_media":0,"parent":0,"menu_order":20,"comment_status":"closed","ping_status":"closed","template":"","meta":{"_acf_changed":false,"footnotes":""},"categories":[],"tags":[],"class_list":["post-4351","page","type-page","status-publish","hentry"],"acf":[],"_links":{"self":[{"href":"https:\/\/semmelweis.hu\/elettan\/wp-json\/wp\/v2\/pages\/4351","targetHints":{"allow":["GET"]}}],"collection":[{"href":"https:\/\/semmelweis.hu\/elettan\/wp-json\/wp\/v2\/pages"}],"about":[{"href":"https:\/\/semmelweis.hu\/elettan\/wp-json\/wp\/v2\/types\/page"}],"author":[{"embeddable":true,"href":"https:\/\/semmelweis.hu\/elettan\/wp-json\/wp\/v2\/users\/133"}],"replies":[{"embeddable":true,"href":"https:\/\/semmelweis.hu\/elettan\/wp-json\/wp\/v2\/comments?post=4351"}],"version-history":[{"count":4,"href":"https:\/\/semmelweis.hu\/elettan\/wp-json\/wp\/v2\/pages\/4351\/revisions"}],"predecessor-version":[{"id":5100,"href":"https:\/\/semmelweis.hu\/elettan\/wp-json\/wp\/v2\/pages\/4351\/revisions\/5100"}],"wp:attachment":[{"href":"https:\/\/semmelweis.hu\/elettan\/wp-json\/wp\/v2\/media?parent=4351"}],"wp:term":[{"taxonomy":"category","embeddable":true,"href":"https:\/\/semmelweis.hu\/elettan\/wp-json\/wp\/v2\/categories?post=4351"},{"taxonomy":"post_tag","embeddable":true,"href":"https:\/\/semmelweis.hu\/elettan\/wp-json\/wp\/v2\/tags?post=4351"}],"curies":[{"name":"wp","href":"https:\/\/api.w.org\/{rel}","templated":true}]}}