{"id":4146,"date":"2019-07-10T15:53:32","date_gmt":"2019-07-10T13:53:32","guid":{"rendered":"http:\/\/semmelweis.hu\/elettan\/?page_id=4146"},"modified":"2021-07-22T16:08:59","modified_gmt":"2021-07-22T14:08:59","slug":"chronophysiology-lab","status":"publish","type":"page","link":"https:\/\/semmelweis.hu\/elettan\/kutatas\/chronophysiology-lab\/","title":{"rendered":"Chronophysiology lab"},"content":{"rendered":"<h3 style=\"text-align: center\"><em>Lab members:<\/em><\/h3>\n<p>Dr. Krisztina K\u00e1ldi (PI)<br \/>\nDr. Krisztina Ella<br \/>\n\u00c1gnes S\u0171dy<br \/>\nAnita Sz\u0151ke<br \/>\nOrsolya S\u00e1rk\u00e1ny<br \/>\nZs\u00f3fia B\u00far<\/p>\n<p style=\"text-align: center\"><a href=\"https:\/\/semmelweis.hu\/elettan\/files\/2021\/07\/kaldi_labor_2021.png\"><img loading=\"lazy\" decoding=\"async\" class=\"alignnone size-full wp-image-5412\" src=\"https:\/\/semmelweis.hu\/elettan\/files\/2021\/07\/kaldi_labor_2021.png\" alt=\"\" width=\"688\" height=\"473\" srcset=\"https:\/\/semmelweis.hu\/elettan\/files\/2021\/07\/kaldi_labor_2021.png 688w, https:\/\/semmelweis.hu\/elettan\/files\/2021\/07\/kaldi_labor_2021-300x206.png 300w, https:\/\/semmelweis.hu\/elettan\/files\/2021\/07\/kaldi_labor_2021-175x120.png 175w\" sizes=\"auto, (max-width: 688px) 100vw, 688px\" \/><\/a><\/p>\n<p style=\"text-align: justify\">The circadian time-keeping system enhances the adaptive ability of the organism by preparing it to the periodical changes in the environment, and on the other hand, allows temporal separation of otherwise conflicting biochemical activities (<em>e.g<\/em>. catabolic and anabolic processes). Endogenous time measuring is organized at the cellular level and almost all mammalian cells harbour self-sustained circadian oscillators. Coherent time-measuring at the level of the whole organism needs synchronization of these cellular oscillators. The suprachiasmatic nucleus is considered as the master pacemaker, that drives peripheral oscillators by neuronal and humoral mechanisms.<\/p>\n<p style=\"text-align: justify\">Circadian rhythm disturbances are associated with an increased risk of severe health problems, including cardiovascular diseases, metabolic syndrome, diabetes mellitus, various malignancies and psychiatric diseases such as mood disorders. In the modern society the risk for circadian misalignment is increasing due to the growing demand of shift work and intense exposure to artificial light during the late evening hours. Moreover, a large portion of the society is affected by social jetlag, the disruption of the circadian rhythm by sleeping at different times on workdays and during the weekend.<\/p>\n<p style=\"text-align: justify\"><strong>Our research group is interested in a broad field of chronobiology research including the examination of molecular clock functions, studying circadian control of the immune system and exploring human behavioural rhythms.<\/strong><\/p>\n<p>&nbsp;<\/p>\n<p><a href=\"https:\/\/semmelweis.hu\/elettan\/files\/2019\/07\/kaldi_lab.png\"><img loading=\"lazy\" decoding=\"async\" class=\"size-large wp-image-4147 aligncenter\" src=\"https:\/\/semmelweis.hu\/elettan\/files\/2019\/07\/kaldi_lab-1024x567.png\" alt=\"\" width=\"753\" height=\"417\" srcset=\"https:\/\/semmelweis.hu\/elettan\/files\/2019\/07\/kaldi_lab-1024x567.png 1024w, https:\/\/semmelweis.hu\/elettan\/files\/2019\/07\/kaldi_lab-300x166.png 300w, https:\/\/semmelweis.hu\/elettan\/files\/2019\/07\/kaldi_lab-768x426.png 768w, https:\/\/semmelweis.hu\/elettan\/files\/2019\/07\/kaldi_lab-753x417.png 753w, https:\/\/semmelweis.hu\/elettan\/files\/2019\/07\/kaldi_lab.png 1422w\" sizes=\"auto, (max-width: 753px) 100vw, 753px\" \/><\/a><\/p>\n<h3 style=\"text-align: center\"><strong>Publications<\/strong><\/h3>\n<p>S\u0171dy \u00c1R, Ella K, B\u00f3dizs R and K\u00e1ldi K<br \/>\n<em>Association of Social Jetlag With Sleep Quality and Autonomic Cardiac Control During Sleep in Young Healthy Men<br \/>\n<\/em>Front. Neurosci. 13:950, 2019<\/p>\n<p>Ella K, M\u00f3csai A, K\u00e1ldi K<br \/>\n<em>Circadian regulation of neutrophils: Control by a cell-autonomous clock or systemic factors?<br \/>\n<\/em>Eur J Clin Invest. 2018;e12965.<\/p>\n<p>Gy\u00f6ngy\u00f6si N, Sz\u00f6ke A, Ella K, K\u00e1ldi K<br \/>\n<em>The small G protein RAS2 is involved in the metabolic compensation of the circadian clock in the circadian model Neurospora crassa<br \/>\n<\/em>Biol. Chem. 292:14929-14939, 2017<\/p>\n<p>Ella K , Cs\u00e9p\u00e1nyi-K\u00f6mi R , K\u00e1ldi K<br \/>\n<em>Circadian regulation of human peripheral neutrophils<br \/>\n<\/em>BRAIN BEHAVIOR AND IMMUNITY 57:209-221, 2016<\/p>\n<p>Gy\u00f6ngy\u00f6si N, K\u00e1ldi K<br \/>\n<em>Interconnections of Reactive Oxygen Species Homeostasis and Circadian Rhythm in Neurospora crassa<br \/>\n<\/em>ANTIOXIDANTS AND REDOX SIGNALING 20: 3007-3023, 2014<\/p>\n<p>Haraszti R\u00c1, Ella K, Gy\u00f6ngy\u00f6si N, Roenneberg T, K\u00e1ldi K<br \/>\n<em>Social jetlag negatively correlates with academic performance in undergraduates<br \/>\n<\/em>Chronobiol Int 31:603-12, 2014<\/p>\n<p>Gy\u00f6ngy\u00f6si N, Nagy D, Makara K, Ella K, K\u00e1ldi K<br \/>\n<em>Reactive oxygen species can modulate circadian phase and period in Neurospora crassa<br \/>\n<\/em>FREE RADICAL BIOLOGY AND MEDICINE 58: pp. 134-143, 2013<\/p>\n<p>Ruisanchez E, Cselenyak A, Papp RS, Nemeth T, K\u00e1ldi K, Sandor P, Benyo Z<br \/>\n<em>Perivascular expression and potent vasoconstrictor effect of dynorphin a in cerebral arteries<br \/>\n<\/em>PLOS ONE 7:(5) p. e37798, 2012<\/p>\n<p>* Malzahn E, * Ciprianidis S, * K\u00e1ldi K (*joint first authors), Schafmeier T, Brunner M<br \/>\n<em>Photoadaptation in Neurospora by Competitive Interaction of Activating and Inhibitory LOV Domains<br \/>\n<\/em>CELL 142:(5) pp. 762-772., 2010<\/p>\n<p>Brunner M, K\u00e1ldi K<br \/>\n<em>Interlocked feedback loops of the circadian clock of Neurospora crassa<br \/>\n<\/em>MOLECULAR MICROBIOLOGY 68:(2) pp. 255-262., 2008<\/p>\n<p>Kozma-Bognar L, K\u00e1ldi K<br \/>\n<em>Synchronization of the Fungal and the Plant Circadian Clock by Light<br \/>\n<\/em>CHEMBIOCHEM 9:(16) pp. 2565-2573., 2008<\/p>\n<p>K\u00e1ldi K, Gonzalez BH, Brunner M<br \/>\n<em>Transcriptional regulation of the Neurospora circadian clock gene wc-1 affects the phase of circadian output<br \/>\n<\/em>EMBO Rep 7: 199-204, 2006<\/p>\n<p>Schafmeier T, K\u00e1ldi K, Diernfellner A, Mohr C and Brunner M<br \/>\n<em>Phosphorylation dependent maturation of Neurospora circadian clock protein from a nuclear repressor towards a cytoplasmic activator<br \/>\n<\/em>Genes Dev. 20: 297-306, 2006<\/p>\n<p>Sirokmany G, Szidonya L, K\u00e1ldi K, Gaborik Z, Ligeti E, Geiszt M<br \/>\n<em>Sec14 Homology Domain Targets p50RhoGAP to Endosomes and Provides a Link between Rab and Rho GTPases<br \/>\n<\/em>Biol. Chem. 281: 6096-6105, 2006<\/p>\n<p>*Schafmeier T, *Haase A, *K\u00e1ldi K (*joint first authors), Scholz J, Fuchs M, Brunner M<br \/>\n<em>Transcriptional feedback of Neurospora circadian clock gene by phosphorylation-dependent inactivation of its transcription factor<br \/>\n<\/em>Cell 122: 235-246, 2005<\/p>\n<p>Rada B K, Geiszt M, Kaldi K, Timar C, Ligeti E<br \/>\n<em>Dual role of phagocytic NADPH oxidase in bacterial killing<br \/>\n<\/em>Blood 104: 2947-2953, 2004<\/p>\n<p>Horv\u00e1th B, Hrab\u00e1k A, K\u00e1ldi K, S\u00e1ndor P and Beny\u00f3 Z<br \/>\n<em>Contribution of the heme oxigenase pathway to the maintenance of the hypothalamic blood flow during diminished NO synthesis<br \/>\n<\/em>Cereb. Blood Flow Metab. 23: 653-657, 2003<\/p>\n<p>K\u00e1ldi K, Kalocsai A, Rada BK, Mezo G, Molnar GZ, Bathori G, Ligeti E<br \/>\n<em>Degranulation and superoxide production depend on cholesterol in PLB-985 cells<\/em>, Biochem. Biophys. <br \/>\nRes. Commun. 310:1241-1246, 2003<\/p>\n<p>Lacza, L. D\u00e9zsi, K. K\u00e1ldi, E.M. Horv\u00e1th, P. S\u00e1ndor and Z. Beny\u00f3<br \/>\n<em>Prostacyclin-mediated compensatory mechanism in the coronary circulation during acute NO synthase blockade<br \/>\n<\/em>Life Sci 73: 1141-1149, 2003<\/p>\n<p>K\u00e1ldi K, Szeberenyi J, Rada BK, Kovacs P, Geiszt M, Mocsai A, Ligeti E<br \/>\n<em>Contribution of phopholipase D and a brefeldin A sensitive ARF to chemoattractant induced superoxide production and secretion of human neutrophils<br \/>\n<\/em>Leuk. Biol. 71: 695-700, 2002<\/p>\n<p>Lacza, K. K\u00e1ldi, K. K\u00f6vecs, C. G\u00f6rlach, Z. Nagy, P. S\u00e1ndor, Z. Beny\u00f3 and M. Wahl<br \/>\n<em>Involvement of prostanoid release in the mediation of UTP-induced cerebrovascular contraction in the rat<br \/>\n<\/em>Brain Res. 896: 169-174, 2001<\/p>\n<p>*Donzeau M, *K\u00e1ldi K (*joint first authors), Adam A, Paschen S, Wanner G, Guiard B, Bauer MF, Neupert W, Brunner M<br \/>\n<em>The preprotein translocase component Tim23 links the inner and outer mitochondrial membranes<br \/>\n<\/em>Cell 101: 401-412, 2000<\/p>\n<p>\u00a0Paschen SA, Rothbauer U, K\u00e1ldi K, Bauer MF, Neupert W and Brunner M<br \/>\n<em>The role of the TIM8-13 complex in the import of Tim23 into mitochondria<br \/>\n<\/em>EMBO J. 19:6392-6400, 2000<\/p>\n<p>Geiszt M, Szeber\u00e9nyi J, K\u00e1ldi K and Ligeti E<br \/>\n<em>Role of different Ca2+ sources in the superoxid e production of human neutrophil granulocytes<br \/>\n<\/em>Free Rad Biol Med 26:1092-1099, 1999<\/p>\n<p>K\u00e1ldi K and Neupert W<br \/>\n<em>Protein translocation into mitochondria<br \/>\n<\/em>Biofactors 8: 221-224, 1998<\/p>\n<p>K\u00e1ldi K, Bauer MF, Sirrenberg C, Neupert W, Brunner M<br \/>\n<em>Biogenesis of Tim23 and Tim17, integral components of the TIM machinery for matrix targeted preproteins<br \/>\n<\/em>EMBO J. 17:1569-76, 1998<\/p>\n<p>K\u00e1ldi K, Sz\u00e1szi K, Koncz G, Suszt\u00e1k K and Ligeti E<br \/>\n<em>Arachidonic acid activatable electrogenic H+ transport in the absence of cytochrome b558 in human T lymphocytes<br \/>\n<\/em>FEBS Lett. 381:156-160, 1996<\/p>\n<p>Suszt\u00e1k K, K\u00e1ldi K, Kapus A and Ligeti E<br \/>\n<em>Ligands of purinergic receptors stimulate electrogenic H+-transport of neutrophils<br \/>\n<\/em>FEBS Lett. 375:79-82, 1995<\/p>\n<p>Geiszt M, K\u00e1ldi K, Szeber\u00e9nyi J and Ligeti E<br \/>\n<em>Thapsigargin inhibits calcium entry into human neutrophil granulocytes<br \/>\n<\/em>Biochem. J. 305:525-528, 1995<\/p>\n<p>K\u00e1ldi K, Szaszi K, Susztak K, Kapus A, Ligeti E<br \/>\n<em>Lymphocytes posses an electrogenic H+ transporting pathway in their plasma membrane<br \/>\n<\/em>Biochem. J. 301:329-334, 1994<\/p>\n<p>K\u00e1ldi K, Diestelkotter P, Stenbeck G, Auerbach S, Jakle U, Magert HJ, Wieland FT, Just WW<br \/>\n<em>Membrane topology of the 22 kDa integral peroxisomal membrane protein<br \/>\n<\/em>FEBS Lett. 315:217-222, 1993<\/p>\n<p>Kapus, K. Sz\u00e1szi, K. K\u00e1ldi, E. Ligeti and A. Fony\u00f3<br \/>\n<em>Is the mitochondrial Ca2+ uniporter a voltage-modulated transport pathway?<br \/>\n<\/em>FEBS Lett. 282: 61-64, 1991<\/p>\n<p>Kapus, K. Sz\u00e1szi, K. K\u00e1ldi, E. Ligeti and A. Fony\u00f3<br \/>\n<em>Ruthenium red inhibits mitochondrial Na+ and K+ uniports induced by magnesium removal<br \/>\n<\/em>Biol. Chem. 265: 18063-18066, 1990<\/p>\n","protected":false},"excerpt":{"rendered":"<p>Lab members: Dr. Krisztina K\u00e1ldi (PI) Dr. Krisztina Ella \u00c1gnes S\u0171dy Anita Sz\u0151ke Orsolya S\u00e1rk\u00e1ny Zs\u00f3fia B\u00far <a href=\"https:\/\/semmelweis.hu\/elettan\/files\/2021\/07\/kaldi_labor_2021.png\"><\/a> The circadian time-keeping system enhances the adaptive ability of the organism by preparing it to the periodical changes in the environment, and on the other hand, allows temporal separation of otherwise conflicting biochemical activities (e.g. catabolic and anabolic &hellip;<\/p>\n","protected":false},"author":133,"featured_media":0,"parent":17,"menu_order":0,"comment_status":"closed","ping_status":"closed","template":"","meta":{"_acf_changed":false,"footnotes":""},"categories":[],"tags":[],"class_list":["post-4146","page","type-page","status-publish","hentry"],"acf":[],"_links":{"self":[{"href":"https:\/\/semmelweis.hu\/elettan\/wp-json\/wp\/v2\/pages\/4146","targetHints":{"allow":["GET"]}}],"collection":[{"href":"https:\/\/semmelweis.hu\/elettan\/wp-json\/wp\/v2\/pages"}],"about":[{"href":"https:\/\/semmelweis.hu\/elettan\/wp-json\/wp\/v2\/types\/page"}],"author":[{"embeddable":true,"href":"https:\/\/semmelweis.hu\/elettan\/wp-json\/wp\/v2\/users\/133"}],"replies":[{"embeddable":true,"href":"https:\/\/semmelweis.hu\/elettan\/wp-json\/wp\/v2\/comments?post=4146"}],"version-history":[{"count":6,"href":"https:\/\/semmelweis.hu\/elettan\/wp-json\/wp\/v2\/pages\/4146\/revisions"}],"predecessor-version":[{"id":5413,"href":"https:\/\/semmelweis.hu\/elettan\/wp-json\/wp\/v2\/pages\/4146\/revisions\/5413"}],"up":[{"embeddable":true,"href":"https:\/\/semmelweis.hu\/elettan\/wp-json\/wp\/v2\/pages\/17"}],"wp:attachment":[{"href":"https:\/\/semmelweis.hu\/elettan\/wp-json\/wp\/v2\/media?parent=4146"}],"wp:term":[{"taxonomy":"category","embeddable":true,"href":"https:\/\/semmelweis.hu\/elettan\/wp-json\/wp\/v2\/categories?post=4146"},{"taxonomy":"post_tag","embeddable":true,"href":"https:\/\/semmelweis.hu\/elettan\/wp-json\/wp\/v2\/tags?post=4146"}],"curies":[{"name":"wp","href":"https:\/\/api.w.org\/{rel}","templated":true}]}}