{"id":4103,"date":"2019-05-06T16:31:49","date_gmt":"2019-05-06T14:31:49","guid":{"rendered":"http:\/\/semmelweis.hu\/elettan\/?page_id=4103"},"modified":"2019-05-06T16:31:49","modified_gmt":"2019-05-06T14:31:49","slug":"oxidativ-stressz-laboratorium","status":"publish","type":"page","link":"https:\/\/semmelweis.hu\/elettan\/kutatas\/oxidativ-stressz-laboratorium\/","title":{"rendered":"Oxidat\u00edv stressz laborat\u00f3rium"},"content":{"rendered":"<h3 style=\"text-align: center\">Munkat\u00e1rsak:<\/h3>\n<p style=\"text-align: center\">Dr. Horv\u00e1th Eszter M\u00e1ria; egyetemi adjuktus<br \/>\nBenk\u0151 Rita; egyetemi adjuntus<\/p>\n<p style=\"text-align: justify\">Munkacsoportunk els\u0151sorban az oxidat\u00edv-nitrat\u00edv stressz hat\u00e1sait vizsg\u00e1lja \u00e9lettani \u00e9s k\u00f3r\u00e9lettani folyamatokban. Az oxig\u00e9n \u00e9s nitrog\u00e9n eredet\u0171 szabadgy\u00f6k\u00f6k fokozott termel\u0151d\u00e9se, illetve az antioxid\u00e1ns rendszerek ezzel \u00f6sszef\u00fcgg\u0151 kimer\u00fcl\u00e9se oxidat\u00edv-nitrat\u00edv stresszhez vezet, mely ismerten szerepet j\u00e1tszik sz\u00e1mos megbeteged\u00e9s patogenezis\u00e9ben, mint t\u00f6bbek k\u00f6z\u00f6tt a diab\u00e9tesz mellitusz, iszk\u00e9mi\u00e1s-reperf\u00fari\u00f3s k\u00e1rosod\u00e1s, kr\u00f3nikus sz\u00edvel\u00e9gtelens\u00e9g, gyullad\u00e1sos betegs\u00e9gek, karcinogenezis. Emelkedett oxidat\u00edv-nitrat\u00edv stressz eset\u00e9ben magukban a sejtekben is k\u00e1rosod\u00e1sok figyelhet\u0151k meg, jellemz\u0151 a lipidek peroxid\u00e1ci\u00f3ja, a feh\u00e9rj\u00e9k nitrozil\u00e1ci\u00f3ja \u00e9s nitr\u00e1ci\u00f3ja, valamint DNS t\u00f6r\u00e9sek l\u00e9trej\u00f6tte. A DNS egysz\u00e1l\u00fa t\u00f6r\u00e9se oblig\u00e1t aktiv\u00e1tora a magban megtal\u00e1lhat\u00f3 poli(ADP-rib\u00f3z) polier\u00e1z-1 (PARP) enzimnek, mely kutat\u00e1saink k\u00f6z\u00e9ppontj\u00e1ban \u00e1ll. Aktiv\u00e1l\u00f3d\u00e1sa eset\u00e9n szerepet j\u00e1tszik a DNS k\u00e1rosod\u00e1s jav\u00edt\u00e1s\u00e1ban \u00e9s a g\u00e9nexpresszi\u00f3 szab\u00e1lyoz\u00e1s\u00e1ban, azonban t\u00f6bb sejthal\u00e1lforma indukci\u00f3j\u00e1ban illetve azok szab\u00e1lyoz\u00e1s\u00e1ban is r\u00e9szt vesz. T\u00f6bbek k\u00f6z\u00f6tt az apopt\u00f3zis induk\u00e1l\u00f3 faktor (AIF) mitokondriumb\u00f3l magba t\u00f6rt\u00e9n\u0151 transzlok\u00e1ci\u00f3j\u00e1t v\u00e1ltja ki, mely kaszp\u00e1z-f\u00fcggetlen apopt\u00f3zishoz, parthanatoshoz vezethet.<\/p>\n<h3>Jelenlegi kutat\u00e1si t\u00e9m\u00e1k:<\/h3>\n<h5 style=\"text-align: center\">Oxidat\u00edv-nitrat\u00edv stressz \u00e9s PARP aktiv\u00e1ci\u00f3 szerepe a policiszt\u00e1s ov\u00e1rium szindr\u00f3ma (PCOS) kardiovaszkul\u00e1ris sz\u00f6v\u0151dm\u00e9nyeinek kialakul\u00e1s\u00e1ban.<\/h5>\n<p style=\"text-align: justify\">A policiszt\u00e1s ov\u00e1rium szindr\u00f3ma a n\u0151i lakoss\u00e1g 4-10%-\u00e1t \u00e9rint\u0151 komplex endokrin\u00a0 megbeteged\u00e9s, melyre a hiperandrogenizmus mellett a sz\u00e9nhidr\u00e1t anyagcsere zavara is jellemz\u0151. A PCOS-ban kialakul\u00f3 struktur\u00e1lis \u00e9s funkcion\u00e1lis vaszkul\u00e1ris elv\u00e1ltoz\u00e1sokat k\u00eds\u00e9r\u0151 oxidat\u00edv-nitrat\u00edv stresszt \u00e9s PARP aktiv\u00e1ci\u00f3t\u00a0 kis- \u00e9s nagyart\u00e9ri\u00e1kon (aorta, a. coronaria, a cerebri anterior, a. renalis, a. carotis) a PCOS hiperandrog\u00e9n patk\u00e1ny modellj\u00e9ben vizsg\u00e1ljuk. Ismert, hogy a D-vitamin hi\u00e1nya hozz\u00e1j\u00e1rul a PCOS \u00e9s sz\u00f6v\u0151dm\u00e9nyeinek kialakul\u00e1s\u00e1hoz, valamint a D-vitamin k\u00e9pes a PARP enzim g\u00e1tl\u00e1s\u00e1ra, ez\u00e9rt az \u00e1llatk\u00eds\u00e9rletes modellben a hiperandrog\u00e9n \u00e1llapoton k\u00edv\u00fcl a D-vitamin defficiencia \u00e9s szupplement\u00e1ci\u00f3 hat\u00e1sait is vizsg\u00e1ljuk.<\/p>\n<p style=\"text-align: justify\">Egy\u00fcttm\u0171k\u00f6dve a Molekul\u00e1ris Endokrinol\u00f3gia \u2013 Vaszkul\u00e1ris Biol\u00f3gia munkacsoporttal, a Sz\u00fcl\u00e9szeti- \u00e9s N\u0151gy\u00f3gy\u00e1szti Klinika Kardiovaszkul\u00e1ris Endokrin munkacsoportj\u00e1val, \u00e9s a Klinikai K\u00eds\u00e9rleti Kutat\u00f3 Int\u00e9zettel.<\/p>\n<h5 style=\"text-align: center\">Oxidat\u00edv-nitrat\u00edv stressz \u00e9s PARP aktiv\u00e1ci\u00f3 szerepe a kardiovaszkul\u00e1ris adapt\u00e1ci\u00f3 nemi k\u00fcl\u00f6nbs\u00e9geiben.<\/h5>\n<p style=\"text-align: justify\">A fokozott fizikai terhel\u00e9s (\u00e9lsport) struktur\u00e1lis \u00e9s funkcion\u00e1lis adapt\u00e1ci\u00f3s v\u00e1ltoz\u00e1sokat induk\u00e1l a kardiovaszkul\u00e1ris rendszerben, melynek sor\u00e1n nemek k\u00f6z\u00f6tti k\u00fcl\u00f6nbs\u00e9gek figyelhet\u0151k meg. Vizsg\u00e1latunk sor\u00e1n 12 hetes fizikai edz\u00e9si protokollal h\u00edm \u00e9s n\u0151st\u00e9ny pat\u00e1nyokban modellezz\u00fck a terhel\u00e9s hat\u00e1sait. Ennek sor\u00e1n a struktur\u00e1lis \u00e9s funkcion\u00e1lis vaszkul\u00e1ris elv\u00e1ltoz\u00e1sokat k\u00eds\u00e9r\u0151 oxidat\u00edv-nitrat\u00edv stresszt \u00e9s PARP aktiv\u00e1ci\u00f3t\u00a0 kis- \u00e9s nagyart\u00e9ri\u00e1kon (aorta, a. coronaria, a cerebri anterior, a. renalis, a. femoralis) vizsg\u00e1ljuk.<\/p>\n<p style=\"text-align: justify\">Egy\u00fcttm\u0171k\u00f6dve a Molekul\u00e1ris Endokrinol\u00f3gia \u2013 Vaszkul\u00e1ris Biol\u00f3gia munkacsoporttal, a Sz\u00fcl\u00e9szeti- \u00e9s N\u0151gy\u00f3gy\u00e1szti Klinika Kardiovaszkul\u00e1ris Endokrin munkacsoportj\u00e1val, \u00e9s a V\u00e1rosmajori Sz\u00edv- \u00e9s \u00c9rgy\u00f3gy\u00e1szati Klink\u00e1val.<\/p>\n<p>&nbsp;<\/p>\n<h5 style=\"text-align: center\">Immunsejtek poli(ADP-rib\u00f3z) polimer\u00e1z aktiv\u00e1ci\u00f3j\u00e1nak szerepe gyullad\u00e1sos b\u00e9lbetegs\u00e9gben<\/h5>\n<p style=\"text-align: justify\">A gyullad\u00e1sos b\u00e9lbetegs\u00e9gek (IBD) kr\u00f3nikus gyullad\u00e1sos rendelleness\u00e9gek; k\u00e9t f\u0151 alt\u00edpusa a Crohn-betegs\u00e9g \u00e9s az ulcerat\u00edv colitis, mindkett\u0151 prevalenci\u00e1ja 0,3%. Az intenz\u00edv kutat\u00e1sok ellen\u00e9re az IBD etiol\u00f3gi\u00e1ja m\u00e9g nem tiszt\u00e1zott, pedig patomechanizmus\u00e1nak vizsg\u00e1lata fontos ahhoz, hogy meg\u00e9rthess\u00fck a betegs\u00e9g eredet\u00e9t. Az IBD multifaktori\u00e1lis betegs\u00e9g, melyet oxidat\u00edv sz\u00f6veti s\u00e9r\u00fcl\u00e9s k\u00eds\u00e9r. Az oxidat\u00edv k\u00e1rosod\u00e1s poli (ADP-rib\u00f3z) polimer\u00e1z-1 (PARP-1) aktiv\u00e1l\u00f3d\u00e1s\u00e1hoz vezethet. A k\u00f6zelm\u00faltban v\u00e9gzett vizsg\u00e1latok azt is jelezt\u00e9k, hogy a Crohn-betegs\u00e9g patogenezis\u00e9ben k\u00f3ros T-sejt-v\u00e1lasz is szerepet j\u00e1tszik. A PARP-1 \u00e9s a PARP-2 szint\u00e9n szerepet j\u00e1tszik a T-sejt-v\u00e1lasz szab\u00e1lyoz\u00e1s\u00e1ban. Vizsg\u00e1latainkban a PARP-1 \u00e9s PARP-2 szerep\u00e9t vizsg\u00e1ljuk az IBD patogenezis\u00e9ben genetikailag m\u00f3dos\u00edtott egerekben k\u00eds\u00e9rletes vastagb\u00e9lgyullad\u00e1s indukci\u00f3ja sor\u00e1n.<\/p>\n<p>Egy\u00fcttm\u0171k\u00f6dve az I. sz. Gyermekgy\u00f3gy\u00e1szati Klinik\u00e1val.<\/p>\n","protected":false},"excerpt":{"rendered":"<p>Munkat\u00e1rsak: Dr. Horv\u00e1th Eszter M\u00e1ria; egyetemi adjuktus Benk\u0151 Rita; egyetemi adjuntus Munkacsoportunk els\u0151sorban az oxidat\u00edv-nitrat\u00edv stressz hat\u00e1sait vizsg\u00e1lja \u00e9lettani \u00e9s k\u00f3r\u00e9lettani folyamatokban. Az oxig\u00e9n \u00e9s nitrog\u00e9n eredet\u0171 szabadgy\u00f6k\u00f6k fokozott termel\u0151d\u00e9se, illetve az antioxid\u00e1ns rendszerek ezzel \u00f6sszef\u00fcgg\u0151 kimer\u00fcl\u00e9se oxidat\u00edv-nitrat\u00edv stresszhez vezet, mely ismerten szerepet j\u00e1tszik sz\u00e1mos megbeteged\u00e9s patogenezis\u00e9ben, mint t\u00f6bbek k\u00f6z\u00f6tt a diab\u00e9tesz mellitusz, iszk\u00e9mi\u00e1s-reperf\u00fari\u00f3s k\u00e1rosod\u00e1s, &hellip;<\/p>\n","protected":false},"author":133,"featured_media":0,"parent":17,"menu_order":16,"comment_status":"closed","ping_status":"closed","template":"","meta":{"_acf_changed":false,"footnotes":""},"categories":[],"tags":[],"class_list":["post-4103","page","type-page","status-publish","hentry"],"acf":[],"_links":{"self":[{"href":"https:\/\/semmelweis.hu\/elettan\/wp-json\/wp\/v2\/pages\/4103","targetHints":{"allow":["GET"]}}],"collection":[{"href":"https:\/\/semmelweis.hu\/elettan\/wp-json\/wp\/v2\/pages"}],"about":[{"href":"https:\/\/semmelweis.hu\/elettan\/wp-json\/wp\/v2\/types\/page"}],"author":[{"embeddable":true,"href":"https:\/\/semmelweis.hu\/elettan\/wp-json\/wp\/v2\/users\/133"}],"replies":[{"embeddable":true,"href":"https:\/\/semmelweis.hu\/elettan\/wp-json\/wp\/v2\/comments?post=4103"}],"version-history":[{"count":1,"href":"https:\/\/semmelweis.hu\/elettan\/wp-json\/wp\/v2\/pages\/4103\/revisions"}],"predecessor-version":[{"id":4104,"href":"https:\/\/semmelweis.hu\/elettan\/wp-json\/wp\/v2\/pages\/4103\/revisions\/4104"}],"up":[{"embeddable":true,"href":"https:\/\/semmelweis.hu\/elettan\/wp-json\/wp\/v2\/pages\/17"}],"wp:attachment":[{"href":"https:\/\/semmelweis.hu\/elettan\/wp-json\/wp\/v2\/media?parent=4103"}],"wp:term":[{"taxonomy":"category","embeddable":true,"href":"https:\/\/semmelweis.hu\/elettan\/wp-json\/wp\/v2\/categories?post=4103"},{"taxonomy":"post_tag","embeddable":true,"href":"https:\/\/semmelweis.hu\/elettan\/wp-json\/wp\/v2\/tags?post=4103"}],"curies":[{"name":"wp","href":"https:\/\/api.w.org\/{rel}","templated":true}]}}