{"id":3242,"date":"2017-12-20T16:08:12","date_gmt":"2017-12-20T15:08:12","guid":{"rendered":"http:\/\/semmelweis.hu\/elettan\/?page_id=3242"},"modified":"2019-11-13T10:58:02","modified_gmt":"2019-11-13T09:58:02","slug":"kapcsolat","status":"publish","type":"page","link":"https:\/\/semmelweis.hu\/elettan\/vekop-palyazatok\/vekop-palyazat\/kapcsolat\/","title":{"rendered":"KAPCSOLAT"},"content":{"rendered":"<p><a href=\"https:\/\/semmelweis.hu\/elettan\/files\/2018\/03\/vekop_header.png\"><img loading=\"lazy\" decoding=\"async\" class=\"alignnone size-full wp-image-3384\" src=\"https:\/\/semmelweis.hu\/elettan\/files\/2018\/03\/vekop_header.png\" alt=\"\" width=\"680\" height=\"142\" \/><\/a><\/p>\n<p style=\"text-align: center\"><strong>VEKOP-2.3.3-15-2016-0006<\/strong><\/p>\n<p style=\"text-align: center\"><em><strong>Szakmai vezet\u0151:<\/strong><\/em>\u00a0Prof. Dr. M\u00f3csai Attila<\/p>\n<p style=\"text-align: center\"><em><strong>Szakmai kapcsolattart\u00f3:<\/strong><\/em>\u00a0Dr. Jakus Zolt\u00e1n<br \/>\n<a href=\"http:\/\/jakus.zoltan@med.semmelweis-univ.hu\/\">jakus.zoltan@med.semmelweis-univ.hu<\/a><\/p>\n<p style=\"text-align: center\"><strong>Projekt koordin\u00e1tor:<\/strong> V\u00e1czi Andr\u00e1s<br \/>\n+36 30\u00a0538 5912<br \/>\n<a href=\"mailto:vaczi.andras@semmelweis-univ.hu\">vaczi.andras@semmelweis-univ.hu<\/a><\/p>\n<p style=\"text-align: center\">\u00a0<\/p>\n","protected":false},"excerpt":{"rendered":"<p><a href=\"https:\/\/semmelweis.hu\/elettan\/files\/2018\/03\/vekop_header.png\"><\/a><br \/>\nVEKOP-2.3.3-15-2016-0006<br \/>\nSzakmai vezet\u0151:\u00a0Prof. Dr. M\u00f3csai Attila<br \/>\nSzakmai kapcsolattart\u00f3:\u00a0Dr. Jakus Zolt\u00e1n<br \/>\n<a href=\"http:\/\/jakus.zoltan@med.semmelweis-univ.hu\/\">jakus.zoltan@med.semmelweis-univ.hu<\/a><br \/>\nProjekt koordin\u00e1tor: V\u00e1czi Andr\u00e1s<br \/>\n+36 30\u00a0538 5912<br \/>\n<a href=\"mailto:vaczi.andras@semmelweis-univ.hu\">vaczi.andras@semmelweis-univ.hu<\/a><br \/>\n\u00a0<\/p>\n","protected":false},"author":133,"featured_media":0,"parent":3237,"menu_order":0,"comment_status":"closed","ping_status":"closed","template":"","meta":{"_acf_changed":false,"footnotes":""},"categories":[],"tags":[],"class_list":["post-3242","page","type-page","status-publish","hentry"],"acf":[],"_links":{"self":[{"href":"https:\/\/semmelweis.hu\/elettan\/wp-json\/wp\/v2\/pages\/3242","targetHints":{"allow":["GET"]}}],"collection":[{"href":"https:\/\/semmelweis.hu\/elettan\/wp-json\/wp\/v2\/pages"}],"about":[{"href":"https:\/\/semmelweis.hu\/elettan\/wp-json\/wp\/v2\/types\/page"}],"author":[{"embeddable":true,"href":"https:\/\/semmelweis.hu\/elettan\/wp-json\/wp\/v2\/users\/133"}],"replies":[{"embeddable":true,"href":"https:\/\/semmelweis.hu\/elettan\/wp-json\/wp\/v2\/comments?post=3242"}],"version-history":[{"count":5,"href":"https:\/\/semmelweis.hu\/elettan\/wp-json\/wp\/v2\/pages\/3242\/revisions"}],"predecessor-version":[{"id":4356,"href":"https:\/\/semmelweis.hu\/elettan\/wp-json\/wp\/v2\/pages\/3242\/revisions\/4356"}],"up":[{"embeddable":true,"href":"https:\/\/semmelweis.hu\/elettan\/wp-json\/wp\/v2\/pages\/3237"}],"wp:attachment":[{"href":"https:\/\/semmelweis.hu\/elettan\/wp-json\/wp\/v2\/media?parent=3242"}],"wp:term":[{"taxonomy":"category","embeddable":true,"href":"https:\/\/semmelweis.hu\/elettan\/wp-json\/wp\/v2\/categories?post=3242"},{"taxonomy":"post_tag","embeddable":true,"href":"https:\/\/semmelweis.hu\/elettan\/wp-json\/wp\/v2\/tags?post=3242"}],"curies":[{"name":"wp","href":"https:\/\/api.w.org\/{rel}","templated":true}]}}