{"id":3240,"date":"2017-12-20T16:06:32","date_gmt":"2017-12-20T15:06:32","guid":{"rendered":"http:\/\/semmelweis.hu\/elettan\/?page_id=3240"},"modified":"2019-11-13T11:20:27","modified_gmt":"2019-11-13T10:20:27","slug":"hirek","status":"publish","type":"page","link":"https:\/\/semmelweis.hu\/elettan\/vekop-palyazatok\/vekop-palyazat\/hirek\/","title":{"rendered":"H\u00cdREK"},"content":{"rendered":"<p><a href=\"https:\/\/semmelweis.hu\/elettan\/files\/2018\/03\/vekop_header.png\"><img loading=\"lazy\" decoding=\"async\" class=\"alignnone size-full wp-image-3384\" src=\"https:\/\/semmelweis.hu\/elettan\/files\/2018\/03\/vekop_header.png\" alt=\"\" width=\"680\" height=\"142\" \/><\/a><\/p>\n<p style=\"text-align: center\"><strong>Kis\u00e1llatok in vivo folyamatainak 3D k\u00e9palkot\u00f3 vizsg\u00e1lat\u00e1hoz sz\u00fcks\u00e9ges m\u0171szeregy\u00fcttes beszerz\u00e9se<\/strong><\/p>\n<p style=\"text-align: center\"><strong>VEKOP-2.3.3-15-2016-0006<\/strong><\/p>\n<p style=\"text-align: justify\">A Semmelweis Egyetem \u201eKis\u00e1llatok in vivo folyamatainak 3D k\u00e9palkot\u00f3 vizsg\u00e1lat\u00e1hoz sz\u00fcks\u00e9ges m\u0171szeregy\u00fcttes beszerz\u00e9se\u201d c\u00edmmel p\u00e1ly\u00e1zatot nyert. A 363 526\u00a0646 forint t\u00e1mogat\u00e1si \u00f6sszeg\u0171, 100%-os t\u00e1mogat\u00e1s\u00fa projekt szakmai vezet\u0151je Dr. M\u00f3csai Attila, az \u00c9lettani Int\u00e9zet egyetemi tan\u00e1ra. A T\u00e1mogat\u00f3 az Eur\u00f3pai Region\u00e1lis Fejleszt\u00e9si Alapb\u00f3l (<strong>ERFA<\/strong>) \u00e9s hazai k\u00f6zponti k\u00f6lts\u00e9gvet\u00e9si el\u0151ir\u00e1nyzatb\u00f3l <a href=\"https:\/\/semmelweis.hu\/innovacios-igazgatosag\/palyazat\/tamogatott-projektek\/hazai-tamogatott-projektek\/#VEKOP2016\">ny\u00fajtja a t\u00e1mogat\u00e1st<\/a>.<\/p>\n<p style=\"text-align: justify\">A 2016-os \u00e9v a VEKOP p\u00e1ly\u00e1zatok tekintet\u00e9ben a<em>\u00a0 \u201eSemmelweis Egyetem kiemelked\u0151 siker\u00e9vel z\u00e1rult, hiszen a kilenc d\u00edjazott projektb\u0151l h\u00e1rom az egyetem\u00e9, csaknem 900 milli\u00f3 forint \u00e9rt\u00e9kben. A \u201eKis\u00e1llatok in vivo folyamatainak 3D k\u00e9palkot\u00f3 vizsg\u00e1lat\u00e1hoz sz\u00fcks\u00e9ges m\u0171szer-egy\u00fcttes beszerz\u00e9se\u201d c\u00edm\u0171 nyertes p\u00e1lyam\u0171 nemzetk\u00f6zileg is versenyk\u00e9pes kutat\u00e1si \u00e9s szolg\u00e1ltat\u00e1si portf\u00f3li\u00f3 kialak\u00edt\u00e1s\u00e1t teszi lehet\u0151v\u00e9, amely core facility-k\u00e9nt el\u00e9rhet\u0151 lesz hazai \u00e9s k\u00fclf\u00f6ldi, akad\u00e9miai \u00e9s ipari partnerek k\u00f6r\u00e9ben is.\u201d<\/em> , ahogy a Semmelweis Egyetem p\u00e1ly\u00e1zati aktivit\u00e1s\u00e1t t\u00e1rgyal\u00f3, Balogh Andr\u00e1s innov\u00e1ci\u00f3s igazgat\u00f3val k\u00e9sz\u00fclt <a href=\"https:\/\/semmelweis.hu\/hirek\/2016\/12\/20\/37-nyertes-projekt-tobb-mint-14-milliard-forint-sikeres-palyazati-evet-zart-az-egyetem\/\">interj\u00faban is olvashatjuk<\/a>.<\/p>\n<p>A tov\u00e1bbi sajt\u00f3megjelen\u00e9sek gy\u0171jt\u00e9se itt folytat\u00f3dik.<\/p>\n","protected":false},"excerpt":{"rendered":"<p><a href=\"https:\/\/semmelweis.hu\/elettan\/files\/2018\/03\/vekop_header.png\"><\/a> Kis\u00e1llatok in vivo folyamatainak 3D k\u00e9palkot\u00f3 vizsg\u00e1lat\u00e1hoz sz\u00fcks\u00e9ges m\u0171szeregy\u00fcttes beszerz\u00e9se VEKOP-2.3.3-15-2016-0006 A Semmelweis Egyetem \u201eKis\u00e1llatok in vivo folyamatainak 3D k\u00e9palkot\u00f3 vizsg\u00e1lat\u00e1hoz sz\u00fcks\u00e9ges m\u0171szeregy\u00fcttes beszerz\u00e9se\u201d c\u00edmmel p\u00e1ly\u00e1zatot nyert. A 363 526\u00a0646 forint t\u00e1mogat\u00e1si \u00f6sszeg\u0171, 100%-os t\u00e1mogat\u00e1s\u00fa projekt szakmai vezet\u0151je Dr. M\u00f3csai Attila, az \u00c9lettani Int\u00e9zet egyetemi tan\u00e1ra. A T\u00e1mogat\u00f3 az Eur\u00f3pai Region\u00e1lis Fejleszt\u00e9si Alapb\u00f3l (ERFA) \u00e9s &hellip;<\/p>\n","protected":false},"author":133,"featured_media":0,"parent":3237,"menu_order":0,"comment_status":"closed","ping_status":"closed","template":"","meta":{"_acf_changed":false,"footnotes":""},"categories":[],"tags":[],"class_list":["post-3240","page","type-page","status-publish","hentry"],"acf":[],"_links":{"self":[{"href":"https:\/\/semmelweis.hu\/elettan\/wp-json\/wp\/v2\/pages\/3240","targetHints":{"allow":["GET"]}}],"collection":[{"href":"https:\/\/semmelweis.hu\/elettan\/wp-json\/wp\/v2\/pages"}],"about":[{"href":"https:\/\/semmelweis.hu\/elettan\/wp-json\/wp\/v2\/types\/page"}],"author":[{"embeddable":true,"href":"https:\/\/semmelweis.hu\/elettan\/wp-json\/wp\/v2\/users\/133"}],"replies":[{"embeddable":true,"href":"https:\/\/semmelweis.hu\/elettan\/wp-json\/wp\/v2\/comments?post=3240"}],"version-history":[{"count":10,"href":"https:\/\/semmelweis.hu\/elettan\/wp-json\/wp\/v2\/pages\/3240\/revisions"}],"predecessor-version":[{"id":4362,"href":"https:\/\/semmelweis.hu\/elettan\/wp-json\/wp\/v2\/pages\/3240\/revisions\/4362"}],"up":[{"embeddable":true,"href":"https:\/\/semmelweis.hu\/elettan\/wp-json\/wp\/v2\/pages\/3237"}],"wp:attachment":[{"href":"https:\/\/semmelweis.hu\/elettan\/wp-json\/wp\/v2\/media?parent=3240"}],"wp:term":[{"taxonomy":"category","embeddable":true,"href":"https:\/\/semmelweis.hu\/elettan\/wp-json\/wp\/v2\/categories?post=3240"},{"taxonomy":"post_tag","embeddable":true,"href":"https:\/\/semmelweis.hu\/elettan\/wp-json\/wp\/v2\/tags?post=3240"}],"curies":[{"name":"wp","href":"https:\/\/api.w.org\/{rel}","templated":true}]}}