{"id":2870,"date":"2017-09-06T09:49:41","date_gmt":"2017-09-06T07:49:41","guid":{"rendered":"http:\/\/semmelweis.hu\/elettan\/?page_id=2870"},"modified":"2019-01-21T15:07:14","modified_gmt":"2019-01-21T14:07:14","slug":"kapcsolat","status":"publish","type":"page","link":"https:\/\/semmelweis.hu\/elettan\/nvkp-palyazat\/kapcsolat\/","title":{"rendered":"KAPCSOLAT &#8211; NVKP"},"content":{"rendered":"<div><a href=\"https:\/\/semmelweis.hu\/elettan\/files\/2018\/01\/nkfi.png\"><img loading=\"lazy\" decoding=\"async\" class=\"wp-image-3268 size-full aligncenter\" src=\"https:\/\/semmelweis.hu\/elettan\/files\/2018\/01\/nkfi.png\" alt=\"\" width=\"958\" height=\"433\" srcset=\"https:\/\/semmelweis.hu\/elettan\/files\/2018\/01\/nkfi.png 958w, https:\/\/semmelweis.hu\/elettan\/files\/2018\/01\/nkfi-300x136.png 300w, https:\/\/semmelweis.hu\/elettan\/files\/2018\/01\/nkfi-768x347.png 768w, https:\/\/semmelweis.hu\/elettan\/files\/2018\/01\/nkfi-580x262.png 580w\" sizes=\"auto, (max-width: 958px) 100vw, 958px\" \/><\/a><\/div>\n<div>Projektmenedzser: Hantos Zolt\u00e1n<\/div>\n<div>Email: <a href=\"mailto:projektmenedzser.elettan@med.semmelweis-univ.hu\">projektmenedzser.elettan@med.semmelweis-univ.hu<\/a><\/div>\n<div>\u00a0<\/div>\n<div>Kommunik\u00e1ci\u00f3: Szil\u00e1gyi Anna<\/div>\n<div>Email: <a href=\"mailto:szilagyi.anna@med.semmelweis-univ.hu\">szilagyi.anna@med.semmelweis-univ.hu<\/a><\/div>\n","protected":false},"excerpt":{"rendered":"<p><a href=\"https:\/\/semmelweis.hu\/elettan\/files\/2018\/01\/nkfi.png\"><\/a><br \/>\nProjektmenedzser: Hantos Zolt\u00e1n<br \/>\nEmail: <a href=\"mailto:projektmenedzser.elettan@med.semmelweis-univ.hu\">projektmenedzser.elettan@med.semmelweis-univ.hu<\/a><br \/>\n\u00a0<br \/>\nKommunik\u00e1ci\u00f3: Szil\u00e1gyi Anna<br \/>\nEmail: <a href=\"mailto:szilagyi.anna@med.semmelweis-univ.hu\">szilagyi.anna@med.semmelweis-univ.hu<\/a><\/p>\n","protected":false},"author":133,"featured_media":0,"parent":2848,"menu_order":14,"comment_status":"closed","ping_status":"closed","template":"","meta":{"_acf_changed":false,"footnotes":""},"categories":[],"tags":[],"class_list":["post-2870","page","type-page","status-publish","hentry"],"acf":[],"_links":{"self":[{"href":"https:\/\/semmelweis.hu\/elettan\/wp-json\/wp\/v2\/pages\/2870","targetHints":{"allow":["GET"]}}],"collection":[{"href":"https:\/\/semmelweis.hu\/elettan\/wp-json\/wp\/v2\/pages"}],"about":[{"href":"https:\/\/semmelweis.hu\/elettan\/wp-json\/wp\/v2\/types\/page"}],"author":[{"embeddable":true,"href":"https:\/\/semmelweis.hu\/elettan\/wp-json\/wp\/v2\/users\/133"}],"replies":[{"embeddable":true,"href":"https:\/\/semmelweis.hu\/elettan\/wp-json\/wp\/v2\/comments?post=2870"}],"version-history":[{"count":5,"href":"https:\/\/semmelweis.hu\/elettan\/wp-json\/wp\/v2\/pages\/2870\/revisions"}],"predecessor-version":[{"id":3862,"href":"https:\/\/semmelweis.hu\/elettan\/wp-json\/wp\/v2\/pages\/2870\/revisions\/3862"}],"up":[{"embeddable":true,"href":"https:\/\/semmelweis.hu\/elettan\/wp-json\/wp\/v2\/pages\/2848"}],"wp:attachment":[{"href":"https:\/\/semmelweis.hu\/elettan\/wp-json\/wp\/v2\/media?parent=2870"}],"wp:term":[{"taxonomy":"category","embeddable":true,"href":"https:\/\/semmelweis.hu\/elettan\/wp-json\/wp\/v2\/categories?post=2870"},{"taxonomy":"post_tag","embeddable":true,"href":"https:\/\/semmelweis.hu\/elettan\/wp-json\/wp\/v2\/tags?post=2870"}],"curies":[{"name":"wp","href":"https:\/\/api.w.org\/{rel}","templated":true}]}}