{"id":2869,"date":"2017-09-06T09:49:41","date_gmt":"2017-09-06T07:49:41","guid":{"rendered":"http:\/\/semmelweis.hu\/elettan\/?page_id=2869"},"modified":"2020-01-27T17:22:46","modified_gmt":"2020-01-27T16:22:46","slug":"galeria","status":"publish","type":"page","link":"https:\/\/semmelweis.hu\/elettan\/nvkp-palyazat\/galeria\/","title":{"rendered":"GAL\u00c9RIA"},"content":{"rendered":"<p>Projektmegbesz\u00e9l\u00e9s 2017.09.06<\/p>\n[slb_exclude]<div data-carousel-extra='{\"blog_id\":89,\"permalink\":\"https:\\\/\\\/semmelweis.hu\\\/elettan\\\/nvkp-palyazat\\\/galeria\\\/\"}' class=\"tiled-gallery type-rectangular\" data-original-width=\"753\"><div class=\"gallery-row\" style=\"width: 748px; height: 330px;\"><div class=\"gallery-group images-1\" style=\"width: 499px; height: 334px;\"><div class=\"tiled-gallery-item tiled-gallery-item-large\"><a href=\"https:\/\/semmelweis.hu\/elettan\/dsc_0013\/\"><img loading=\"lazy\" decoding=\"async\" data-attachment-id=\"3037\" data-orig-file=\"https:\/\/semmelweis.hu\/elettan\/files\/2017\/09\/DSC_0013.jpg\" data-orig-size=\"2560,1707\" data-comments-opened=\"0\" data-image-meta=\"{&quot;aperture&quot;:&quot;3.8&quot;,&quot;credit&quot;:&quot;&quot;,&quot;camera&quot;:&quot;NIKON D3100&quot;,&quot;caption&quot;:&quot;&quot;,&quot;created_timestamp&quot;:&quot;1504710449&quot;,&quot;copyright&quot;:&quot;&quot;,&quot;focal_length&quot;:&quot;18&quot;,&quot;iso&quot;:&quot;400&quot;,&quot;shutter_speed&quot;:&quot;0.016666666666667&quot;,&quot;title&quot;:&quot;&quot;,&quot;orientation&quot;:&quot;1&quot;}\" data-image-title=\"DSC_0013\" data-image-description=\"\" data-medium-file=\"https:\/\/semmelweis.hu\/elettan\/files\/2017\/09\/DSC_0013-300x200.jpg\" data-large-file=\"https:\/\/semmelweis.hu\/elettan\/files\/2017\/09\/DSC_0013-1024x683.jpg\" src=\"https:\/\/semmelweis.hu\/elettan\/files\/2017\/09\/DSC_0013-495x330.jpg\" width=\"495\" height=\"330\" align=\"left\" title=\"\" \/><\/a><\/div><\/div><div class=\"gallery-group images-2\" style=\"width: 249px; height: 334px;\"><div class=\"tiled-gallery-item tiled-gallery-item-small\"><a href=\"https:\/\/semmelweis.hu\/elettan\/dsc_0006\/\"><img loading=\"lazy\" decoding=\"async\" data-attachment-id=\"3036\" data-orig-file=\"https:\/\/semmelweis.hu\/elettan\/files\/2017\/09\/DSC_0006.jpg\" data-orig-size=\"2560,1707\" data-comments-opened=\"0\" data-image-meta=\"{&quot;aperture&quot;:&quot;4.2&quot;,&quot;credit&quot;:&quot;&quot;,&quot;camera&quot;:&quot;NIKON D3100&quot;,&quot;caption&quot;:&quot;&quot;,&quot;created_timestamp&quot;:&quot;1504713303&quot;,&quot;copyright&quot;:&quot;&quot;,&quot;focal_length&quot;:&quot;30&quot;,&quot;iso&quot;:&quot;400&quot;,&quot;shutter_speed&quot;:&quot;0.033333333333333&quot;,&quot;title&quot;:&quot;&quot;,&quot;orientation&quot;:&quot;1&quot;}\" data-image-title=\"DSC_0006\" data-image-description=\"\" data-medium-file=\"https:\/\/semmelweis.hu\/elettan\/files\/2017\/09\/DSC_0006-300x200.jpg\" data-large-file=\"https:\/\/semmelweis.hu\/elettan\/files\/2017\/09\/DSC_0006-1024x683.jpg\" src=\"https:\/\/semmelweis.hu\/elettan\/files\/2017\/09\/DSC_0006-245x163.jpg\" width=\"245\" height=\"163\" align=\"left\" title=\"\" \/><\/a><\/div><div class=\"tiled-gallery-item tiled-gallery-item-small\"><a href=\"https:\/\/semmelweis.hu\/elettan\/dsc_0004\/\"><img loading=\"lazy\" decoding=\"async\" data-attachment-id=\"3035\" data-orig-file=\"https:\/\/semmelweis.hu\/elettan\/files\/2017\/09\/DSC_0004.jpg\" data-orig-size=\"2560,1707\" data-comments-opened=\"0\" data-image-meta=\"{&quot;aperture&quot;:&quot;3.5&quot;,&quot;credit&quot;:&quot;&quot;,&quot;camera&quot;:&quot;NIKON D3100&quot;,&quot;caption&quot;:&quot;&quot;,&quot;created_timestamp&quot;:&quot;1504712993&quot;,&quot;copyright&quot;:&quot;&quot;,&quot;focal_length&quot;:&quot;18&quot;,&quot;iso&quot;:&quot;400&quot;,&quot;shutter_speed&quot;:&quot;0.02&quot;,&quot;title&quot;:&quot;&quot;,&quot;orientation&quot;:&quot;1&quot;}\" data-image-title=\"DSC_0004\" data-image-description=\"\" data-medium-file=\"https:\/\/semmelweis.hu\/elettan\/files\/2017\/09\/DSC_0004-300x200.jpg\" data-large-file=\"https:\/\/semmelweis.hu\/elettan\/files\/2017\/09\/DSC_0004-1024x683.jpg\" src=\"https:\/\/semmelweis.hu\/elettan\/files\/2017\/09\/DSC_0004-245x163.jpg\" width=\"245\" height=\"163\" align=\"left\" title=\"\" \/><\/a><\/div><\/div><\/div><div class=\"gallery-row\" style=\"width: 748px; height: 247px;\"><div class=\"gallery-group images-1\" style=\"width: 374px; height: 251px;\"><div class=\"tiled-gallery-item tiled-gallery-item-large\"><a href=\"https:\/\/semmelweis.hu\/elettan\/dsc_0003\/\"><img loading=\"lazy\" decoding=\"async\" data-attachment-id=\"3034\" data-orig-file=\"https:\/\/semmelweis.hu\/elettan\/files\/2017\/09\/DSC_0003.jpg\" data-orig-size=\"2560,1707\" data-comments-opened=\"0\" data-image-meta=\"{&quot;aperture&quot;:&quot;4&quot;,&quot;credit&quot;:&quot;&quot;,&quot;camera&quot;:&quot;NIKON D3100&quot;,&quot;caption&quot;:&quot;&quot;,&quot;created_timestamp&quot;:&quot;1504712981&quot;,&quot;copyright&quot;:&quot;&quot;,&quot;focal_length&quot;:&quot;18&quot;,&quot;iso&quot;:&quot;400&quot;,&quot;shutter_speed&quot;:&quot;0.016666666666667&quot;,&quot;title&quot;:&quot;&quot;,&quot;orientation&quot;:&quot;1&quot;}\" data-image-title=\"DSC_0003\" data-image-description=\"\" data-medium-file=\"https:\/\/semmelweis.hu\/elettan\/files\/2017\/09\/DSC_0003-300x200.jpg\" data-large-file=\"https:\/\/semmelweis.hu\/elettan\/files\/2017\/09\/DSC_0003-1024x683.jpg\" src=\"https:\/\/semmelweis.hu\/elettan\/files\/2017\/09\/DSC_0003-370x247.jpg\" width=\"370\" height=\"247\" align=\"left\" title=\"\" \/><\/a><\/div><\/div><div class=\"gallery-group images-1\" style=\"width: 374px; height: 251px;\"><div class=\"tiled-gallery-item tiled-gallery-item-large\"><a href=\"https:\/\/semmelweis.hu\/elettan\/dsc_0001\/\"><img loading=\"lazy\" decoding=\"async\" data-attachment-id=\"3033\" data-orig-file=\"https:\/\/semmelweis.hu\/elettan\/files\/2017\/09\/DSC_0001.jpg\" data-orig-size=\"2560,1707\" data-comments-opened=\"0\" data-image-meta=\"{&quot;aperture&quot;:&quot;3.5&quot;,&quot;credit&quot;:&quot;&quot;,&quot;camera&quot;:&quot;NIKON D3100&quot;,&quot;caption&quot;:&quot;&quot;,&quot;created_timestamp&quot;:&quot;1504710423&quot;,&quot;copyright&quot;:&quot;&quot;,&quot;focal_length&quot;:&quot;18&quot;,&quot;iso&quot;:&quot;400&quot;,&quot;shutter_speed&quot;:&quot;0.025&quot;,&quot;title&quot;:&quot;&quot;,&quot;orientation&quot;:&quot;1&quot;}\" data-image-title=\"DSC_0001\" data-image-description=\"\" data-medium-file=\"https:\/\/semmelweis.hu\/elettan\/files\/2017\/09\/DSC_0001-300x200.jpg\" data-large-file=\"https:\/\/semmelweis.hu\/elettan\/files\/2017\/09\/DSC_0001-1024x683.jpg\" src=\"https:\/\/semmelweis.hu\/elettan\/files\/2017\/09\/DSC_0001-370x247.jpg\" width=\"370\" height=\"247\" align=\"left\" title=\"\" \/><\/a><\/div><\/div><\/div><\/div>[\/slb_exclude]\n<p>Projektmegbesz\u00e9l\u00e9s 2018.05.11<\/p>\n[slb_exclude]<div data-carousel-extra='{\"blog_id\":89,\"permalink\":\"https:\\\/\\\/semmelweis.hu\\\/elettan\\\/nvkp-palyazat\\\/galeria\\\/\"}' class=\"tiled-gallery type-rectangular\" data-original-width=\"753\"><div class=\"gallery-row\" style=\"width: 748px; height: 278px;\"><div class=\"gallery-group images-1\" style=\"width: 374px; height: 282px;\"><div class=\"tiled-gallery-item tiled-gallery-item-large\"><a href=\"https:\/\/semmelweis.hu\/elettan\/files\/2018\/07\/IMG_7777.jpg\"><img loading=\"lazy\" decoding=\"async\" data-attachment-id=\"3570\" data-orig-file=\"https:\/\/semmelweis.hu\/elettan\/files\/2018\/07\/IMG_7777.jpg\" data-orig-size=\"2560,1920\" data-comments-opened=\"0\" data-image-meta=\"{&quot;aperture&quot;:&quot;2.2&quot;,&quot;credit&quot;:&quot;&quot;,&quot;camera&quot;:&quot;iPhone 6s&quot;,&quot;caption&quot;:&quot;&quot;,&quot;created_timestamp&quot;:&quot;1526047349&quot;,&quot;copyright&quot;:&quot;&quot;,&quot;focal_length&quot;:&quot;4.15&quot;,&quot;iso&quot;:&quot;64&quot;,&quot;shutter_speed&quot;:&quot;0.03030303030303&quot;,&quot;title&quot;:&quot;&quot;,&quot;orientation&quot;:&quot;1&quot;}\" data-image-title=\"IMG_7777\" data-image-description=\"\" data-medium-file=\"https:\/\/semmelweis.hu\/elettan\/files\/2018\/07\/IMG_7777-300x225.jpg\" data-large-file=\"https:\/\/semmelweis.hu\/elettan\/files\/2018\/07\/IMG_7777-1024x768.jpg\" src=\"https:\/\/semmelweis.hu\/elettan\/files\/2018\/07\/IMG_7777-370x278.jpg\" width=\"370\" height=\"278\" align=\"left\" title=\"\" \/><\/a><\/div><\/div><div class=\"gallery-group images-1\" style=\"width: 374px; height: 282px;\"><div class=\"tiled-gallery-item tiled-gallery-item-large\"><a href=\"https:\/\/semmelweis.hu\/elettan\/files\/2018\/07\/IMG_7776.jpg\"><img loading=\"lazy\" decoding=\"async\" data-attachment-id=\"3569\" data-orig-file=\"https:\/\/semmelweis.hu\/elettan\/files\/2018\/07\/IMG_7776.jpg\" data-orig-size=\"2560,1920\" data-comments-opened=\"0\" data-image-meta=\"{&quot;aperture&quot;:&quot;2.2&quot;,&quot;credit&quot;:&quot;&quot;,&quot;camera&quot;:&quot;iPhone 6s&quot;,&quot;caption&quot;:&quot;&quot;,&quot;created_timestamp&quot;:&quot;1526047347&quot;,&quot;copyright&quot;:&quot;&quot;,&quot;focal_length&quot;:&quot;4.15&quot;,&quot;iso&quot;:&quot;64&quot;,&quot;shutter_speed&quot;:&quot;0.03030303030303&quot;,&quot;title&quot;:&quot;&quot;,&quot;orientation&quot;:&quot;1&quot;}\" data-image-title=\"IMG_7776\" data-image-description=\"\" data-medium-file=\"https:\/\/semmelweis.hu\/elettan\/files\/2018\/07\/IMG_7776-300x225.jpg\" data-large-file=\"https:\/\/semmelweis.hu\/elettan\/files\/2018\/07\/IMG_7776-1024x768.jpg\" src=\"https:\/\/semmelweis.hu\/elettan\/files\/2018\/07\/IMG_7776-370x278.jpg\" width=\"370\" height=\"278\" align=\"left\" title=\"\" \/><\/a><\/div><\/div><\/div><\/div>[\/slb_exclude]\n<p>Projektmegbesz\u00e9l\u00e9s, 2019.10.07<\/p>\n<p><a href=\"https:\/\/semmelweis.hu\/elettan\/files\/2020\/01\/Projektmegbesz\u00e9l\u00e9s_20191007.jpg\"><img loading=\"lazy\" decoding=\"async\" class=\"alignnone wp-image-4406 size-thumbnail\" src=\"https:\/\/semmelweis.hu\/elettan\/files\/2020\/01\/Projektmegbesz\u00e9l\u00e9s_20191007-150x150.jpg\" alt=\"\" width=\"150\" height=\"150\" \/><\/a><\/p>\n<p>Projektmegbesz\u00e9l\u00e9s, 2020.01.17<\/p>\n\r\n        [slb_exclude]\r\n        <div class=\"row galeria-wrapper mx-0 h-auto\">\r\n            <div class=\"col-9 pl-0 pr-2\">\r\n            <span class=\"gallery-item frame\">\r\n\t\t\t\t<div class=\"galeria-left-img\"><a href=\"https:\/\/semmelweis.hu\/elettan\/files\/2020\/01\/Projektmegbesz\u00e9l\u00e9s_20200117_4.jpg\"><img src=https:\/\/semmelweis.hu\/elettan\/files\/2020\/01\/Projektmegbesz\u00e9l\u00e9s_20200117_4.jpg  \r\n                            alt=\"\" \r\n                            class=\"attachment-sote-gallery-big size-sote-gallery-big\" \r\n                            srcset=\"https:\/\/semmelweis.hu\/elettan\/files\/2020\/01\/Projektmegbesz\u00e9l\u00e9s_20200117_4-300x225.jpg 300w, https:\/\/semmelweis.hu\/elettan\/files\/2020\/01\/Projektmegbesz\u00e9l\u00e9s_20200117_4-768x576.jpg 768w, https:\/\/semmelweis.hu\/elettan\/files\/2020\/01\/Projektmegbesz\u00e9l\u00e9s_20200117_4-1024x768.jpg 1024w, https:\/\/semmelweis.hu\/elettan\/files\/2020\/01\/Projektmegbesz\u00e9l\u00e9s_20200117_4-753x565.jpg 753w\" ><\/a><\/div>\r\n            <\/span>\r\n\r\n            <\/div>\r\n\r\n\t\t\t<div class=\"col-3 pl-0 pr-0\">\r\n\t\t\t\t<div class=\"galeria-right-img d-flex justify-content-between flex-column h-100 w-100 px-0 mx-0 \">\r\n                <div class=\"galeria-box\">\r\n\t\t\t\t\t<h3 class=\"galeria-title\">Gal\u00e9ria<\/h3>\r\n\t\t\t\t\t<div class=\"galeria-subtitle\">\r\n\r\n\t\t\t\t\t\t<div class=\"galeria-page-counter\"><span>5<\/span>k\u00e9p<\/div>\r\n                    <\/div> <\/div>\r\n                    <span class=\"gallery-item frame d-none d-md-flex\">\r\n\t\t\t\t\t<div class=\"galeria-small-img mt-0\"><a href=\"https:\/\/semmelweis.hu\/elettan\/files\/2020\/01\/Projektmegbesz\u00e9l\u00e9s_20200117_3.jpg\"><img src=https:\/\/semmelweis.hu\/elettan\/files\/2020\/01\/Projektmegbesz\u00e9l\u00e9s_20200117_3.jpg \r\n                                alt=\"\"  \r\n                                class=\"attachment-sote-gallery-small size-sote-gallery-small\" \r\n                                srcset=\"https:\/\/semmelweis.hu\/elettan\/files\/2020\/01\/Projektmegbesz\u00e9l\u00e9s_20200117_3-300x225.jpg 300w, https:\/\/semmelweis.hu\/elettan\/files\/2020\/01\/Projektmegbesz\u00e9l\u00e9s_20200117_3-768x576.jpg 768w, https:\/\/semmelweis.hu\/elettan\/files\/2020\/01\/Projektmegbesz\u00e9l\u00e9s_20200117_3-1024x768.jpg 1024w, https:\/\/semmelweis.hu\/elettan\/files\/2020\/01\/Projektmegbesz\u00e9l\u00e9s_20200117_3-753x565.jpg 753w\" ><\/a><\/div>\r\n                    <\/span>\r\n                    <span class=\"gallery-item frame d-none d-md-flex\">\r\n\t\t\t\t\t<div class=\"galeria-small-img mt-0\"><a href=\"https:\/\/semmelweis.hu\/elettan\/files\/2020\/01\/Projektmegbesz\u00e9l\u00e9s_20200117_2.jpg\"><img src=https:\/\/semmelweis.hu\/elettan\/files\/2020\/01\/Projektmegbesz\u00e9l\u00e9s_20200117_2.jpg \r\n                                alt=\"\" \r\n                                class=\"attachment-sote-gallery-small size-sote-gallery-small\" \r\n                                srcset=\"https:\/\/semmelweis.hu\/elettan\/files\/2020\/01\/Projektmegbesz\u00e9l\u00e9s_20200117_2-300x225.jpg 300w, https:\/\/semmelweis.hu\/elettan\/files\/2020\/01\/Projektmegbesz\u00e9l\u00e9s_20200117_2-768x576.jpg 768w, https:\/\/semmelweis.hu\/elettan\/files\/2020\/01\/Projektmegbesz\u00e9l\u00e9s_20200117_2-1024x768.jpg 1024w, https:\/\/semmelweis.hu\/elettan\/files\/2020\/01\/Projektmegbesz\u00e9l\u00e9s_20200117_2-753x565.jpg 753w\" ><\/a><\/div>\r\n                    <\/span>\r\n\r\n                <\/div>\r\n\r\n            <\/div>\r\n\r\n            <span class=\"gallery-item\"><div class=\"hidden\"><a href=\"https:\/\/semmelweis.hu\/elettan\/files\/2020\/01\/Projektmegbesz\u00e9l\u00e9s_20200117_1.jpg\">\r\n        <img src=https:\/\/semmelweis.hu\/elettan\/files\/2020\/01\/Projektmegbesz\u00e9l\u00e9s_20200117_1.jpg alt=\"\" class=\"attachment-sote-gallery-big size-sote-gallery-big\" srcset=\"https:\/\/semmelweis.hu\/elettan\/files\/2020\/01\/Projektmegbesz\u00e9l\u00e9s_20200117_1-300x225.jpg 300w, https:\/\/semmelweis.hu\/elettan\/files\/2020\/01\/Projektmegbesz\u00e9l\u00e9s_20200117_1-768x576.jpg 768w, https:\/\/semmelweis.hu\/elettan\/files\/2020\/01\/Projektmegbesz\u00e9l\u00e9s_20200117_1-1024x768.jpg 1024w, https:\/\/semmelweis.hu\/elettan\/files\/2020\/01\/Projektmegbesz\u00e9l\u00e9s_20200117_1-753x565.jpg 753w\" >\r\n        <\/a><\/div><\/span><span class=\"gallery-item\"><div class=\"hidden\"><a href=\"https:\/\/semmelweis.hu\/elettan\/files\/2020\/01\/Projektmegbesz\u00e9l\u00e9s_20191007.jpg\">\r\n        <img src=https:\/\/semmelweis.hu\/elettan\/files\/2020\/01\/Projektmegbesz\u00e9l\u00e9s_20191007.jpg alt=\"\" class=\"attachment-sote-gallery-big size-sote-gallery-big\" srcset=\"https:\/\/semmelweis.hu\/elettan\/files\/2020\/01\/Projektmegbesz\u00e9l\u00e9s_20191007-300x225.jpg 300w, https:\/\/semmelweis.hu\/elettan\/files\/2020\/01\/Projektmegbesz\u00e9l\u00e9s_20191007-768x576.jpg 768w, https:\/\/semmelweis.hu\/elettan\/files\/2020\/01\/Projektmegbesz\u00e9l\u00e9s_20191007-1024x768.jpg 1024w, https:\/\/semmelweis.hu\/elettan\/files\/2020\/01\/Projektmegbesz\u00e9l\u00e9s_20191007-753x565.jpg 753w\" >\r\n        <\/a><\/div><\/span>\r\n            <\/div>\r\n\r\n            [\/slb_exclude]\r\n\t\n<p>&nbsp;<\/p>\n","protected":false},"excerpt":{"rendered":"<p>Projektmegbesz\u00e9l\u00e9s 2017.09.06<\/p>\n<p>Projektmegbesz\u00e9l\u00e9s 2018.05.11<\/p>\n<p>Projektmegbesz\u00e9l\u00e9s, 2019.10.07<br \/>\n<a href=\"https:\/\/semmelweis.hu\/elettan\/files\/2020\/01\/Projektmegbesz\u00e9l\u00e9s_20191007.jpg\"><\/a><br \/>\nProjektmegbesz\u00e9l\u00e9s, 2020.01.17<\/p>\n<p>&nbsp;<\/p>\n","protected":false},"author":133,"featured_media":0,"parent":2848,"menu_order":12,"comment_status":"closed","ping_status":"closed","template":"","meta":{"_acf_changed":false,"footnotes":""},"categories":[],"tags":[],"class_list":["post-2869","page","type-page","status-publish","hentry"],"acf":[],"_links":{"self":[{"href":"https:\/\/semmelweis.hu\/elettan\/wp-json\/wp\/v2\/pages\/2869","targetHints":{"allow":["GET"]}}],"collection":[{"href":"https:\/\/semmelweis.hu\/elettan\/wp-json\/wp\/v2\/pages"}],"about":[{"href":"https:\/\/semmelweis.hu\/elettan\/wp-json\/wp\/v2\/types\/page"}],"author":[{"embeddable":true,"href":"https:\/\/semmelweis.hu\/elettan\/wp-json\/wp\/v2\/users\/133"}],"replies":[{"embeddable":true,"href":"https:\/\/semmelweis.hu\/elettan\/wp-json\/wp\/v2\/comments?post=2869"}],"version-history":[{"count":10,"href":"https:\/\/semmelweis.hu\/elettan\/wp-json\/wp\/v2\/pages\/2869\/revisions"}],"predecessor-version":[{"id":4415,"href":"https:\/\/semmelweis.hu\/elettan\/wp-json\/wp\/v2\/pages\/2869\/revisions\/4415"}],"up":[{"embeddable":true,"href":"https:\/\/semmelweis.hu\/elettan\/wp-json\/wp\/v2\/pages\/2848"}],"wp:attachment":[{"href":"https:\/\/semmelweis.hu\/elettan\/wp-json\/wp\/v2\/media?parent=2869"}],"wp:term":[{"taxonomy":"category","embeddable":true,"href":"https:\/\/semmelweis.hu\/elettan\/wp-json\/wp\/v2\/categories?post=2869"},{"taxonomy":"post_tag","embeddable":true,"href":"https:\/\/semmelweis.hu\/elettan\/wp-json\/wp\/v2\/tags?post=2869"}],"curies":[{"name":"wp","href":"https:\/\/api.w.org\/{rel}","templated":true}]}}