{"id":2868,"date":"2017-09-06T09:49:40","date_gmt":"2017-09-06T07:49:40","guid":{"rendered":"http:\/\/semmelweis.hu\/elettan\/?page_id=2868"},"modified":"2019-01-21T15:07:32","modified_gmt":"2019-01-21T14:07:32","slug":"konzorcium","status":"publish","type":"page","link":"https:\/\/semmelweis.hu\/elettan\/nvkp-palyazat\/konzorcium\/","title":{"rendered":"KONZORCIUM"},"content":{"rendered":"<p><a href=\"https:\/\/semmelweis.hu\/elettan\/files\/2018\/01\/nkfi.png\"><img loading=\"lazy\" decoding=\"async\" class=\"wp-image-3268 size-full aligncenter\" src=\"https:\/\/semmelweis.hu\/elettan\/files\/2018\/01\/nkfi.png\" alt=\"\" width=\"958\" height=\"433\" srcset=\"https:\/\/semmelweis.hu\/elettan\/files\/2018\/01\/nkfi.png 958w, https:\/\/semmelweis.hu\/elettan\/files\/2018\/01\/nkfi-300x136.png 300w, https:\/\/semmelweis.hu\/elettan\/files\/2018\/01\/nkfi-768x347.png 768w, https:\/\/semmelweis.hu\/elettan\/files\/2018\/01\/nkfi-580x262.png 580w\" sizes=\"auto, (max-width: 958px) 100vw, 958px\" \/><\/a><\/p>\n<p style=\"text-align: center;\"><span style=\"color: #99cc00;\"><b><span style=\"color: #99cc00;\">A PROJEKTBEN<\/span> <span style=\"color: #99cc00;\">R\u00c9SZTVEV\u0150 SZERVEZETEK \u00c9S SZEM\u00c9LYEK<\/span> <span style=\"color: #99cc00;\">BEMUTAT\u00c1SA<\/span><\/b><b>\u00a0<\/b><\/span>\u00a0<\/p>\n<p><b>Semmelweis Egyetem, \u00c9lettani Int\u00e9zet<\/b>\u00a0<\/p>\n<p style=\"text-align: justify;\">A Semmelweis Egyetem Magyarorsz\u00e1g legnagyobb orvostudom\u00e1nyi egyeteme, eg\u00e9szs\u00e9g\u00fcgyi ell\u00e1t\u00f3 int\u00e9zm\u00e9nye \u00e9s orvosbiol\u00f3giai kutat\u00f3int\u00e9zm\u00e9nye. Az egyetemen foly\u00f3 kutat\u00e1sok egyik meghat\u00e1roz\u00f3 helysz\u00edne az \u00c9lettani Int\u00e9zet. Az int\u00e9zet kutat\u00f3i rendszeresen publik\u00e1lnak a legrangosabb nemzetk\u00f6zi tudom\u00e1nyos foly\u00f3iratokban \u00e9s sz\u00e1mos nemzetk\u00f6zi \u00e9s hazai kutat\u00e1si p\u00e1ly\u00e1zatot nyertek el az elm\u00falt \u00e9vek sor\u00e1n (HHMI. Wellcome Trust ERC, EU FP7, Lend\u00fclet p\u00e1ly\u00e1zatok).\u00a0<\/p>\n<p style=\"text-align: justify;\">Dr. Hunyady L\u00e1szl\u00f3, az MTA rendes tagja, a SE \u00c9lettani Int\u00e9zet igazgat\u00f3ja, egyetemi tan\u00e1r. Az angiotenzin receptor-kutat\u00e1s nemzetk\u00f6zileg elismert k\u00e9pvisel\u0151je, kutat\u00e1sai seg\u00edtettek tiszt\u00e1zni e receptor ligandk\u00f6t\u00e9s\u00e9nek \u00e9s jel\u00e1tvitel\u00e9nek alapvet\u0151 mechanizmusait. A receptorral kapcsolatos kutat\u00e1sainak jelent\u0151s gy\u00f3gyszerkutat\u00e1si vonatkoz\u00e1sai is vannak, szerkeszt\u0151bizotts\u00e1gi tagja a gy\u00f3gyszerkutat\u00e1sok egyik legrangosabb foly\u00f3irat\u00e1nak, a Trends in Pharmacological Sciences-nek.\u00a0<\/p>\n<p style=\"text-align: justify;\">Dr. V\u00e1rnai P\u00e9ter a SE \u00c9lettani Int\u00e9zet\u00e9nek egyetemi tan\u00e1ra, az MTA doktora. Kutat\u00e1si ter\u00fclete a sejtszignaliz\u00e1ci\u00f3s folyamatok vizsg\u00e1lata, k\u00fcl\u00f6n\u00f6s tekintettel az inositol lipidek \u00e9lettani jelent\u0151s\u00e9g\u00e9nek felt\u00e9rk\u00e9pez\u00e9s\u00e9re. Legfontosabb tudom\u00e1nyos eredm\u00e9nyei az inozitol lipidek kimutat\u00e1s\u00e1ra vonatkoz\u00f3 k\u00e9palkot\u00f3 \u00e9s k\u00fcl\u00f6nf\u00e9le energiatranszfer alap\u00fa metodik\u00e1k fejleszt\u00e9se, a lipidek akut manipul\u00e1ci\u00f3j\u00e1t lehet\u0151v\u00e9 tev\u0151 molekul\u00e1ris m\u00f3dszer kidolgoz\u00e1sa.\u00a0\u00a0<\/p>\n<p style=\"text-align: justify;\">Dr. Balla Andr\u00e1s a SE \u00c9lettani Int\u00e9zet egyetemi docense \u00e9s az angiotenzin receptor jel\u00e1tviteli folyamatait kutatja. Dr. Balla nemcsak alapkutat\u00e1sban, hanem alkalmazott kutat\u00e1sban is rendelkezik tapasztalattal, mivel t\u00f6bb \u00e9vig a Biorex Rt., illetve a Richter Gedeon Rt. munkat\u00e1rsak\u00e9nt dolgozott farmakol\u00f3giai kutat\u00e1sokban.\u00a0<\/p>\n<p style=\"text-align: justify;\">Dr. Geiszt Mikl\u00f3s a SE \u00c9lettani Int\u00e9zet\u00e9nek egyetemi tan\u00e1ra, az MTA doktora. Kutat\u00e1si ter\u00fclete a reakt\u00edv oxig\u00e9n sz\u00e1rmaz\u00e9kok termel\u00e9s\u00e9nek \u00e9s \u00e9lettani hat\u00e1sainak vizsg\u00e1lata. Legfontosabb tudom\u00e1nyos eredm\u00e9nyei a Nox4 enzim felfedez\u00e9se, a Duox-LPO v\u00e9dekez\u0151 rendszer le\u00edr\u00e1sa, valamint egy kiz\u00e1r\u00f3lag az emberi sz\u00edvben tal\u00e1lhat\u00f3 peroxid\u00e1z-szer\u0171 feh\u00e9rje (PXDNL) azonos\u00edt\u00e1sa. Kutat\u00e1si eredm\u00e9nyei t\u00f6bb, jelenleg is zajl\u00f3 gy\u00f3gyszerfejleszt\u00e9s kiindul\u00e1si pontj\u00e1t jelentett\u00e9k.\u00a0<\/p>\n<p style=\"text-align: justify;\">Dr. M\u00f3csai Attila az SE \u00c9lettani Int\u00e9zet\u00e9nek egyetemi tan\u00e1ra, az MTA doktora. Kutat\u00e1si ter\u00fclete a gyullad\u00e1sos betegs\u00e9gek vizsg\u00e1lata. T\u00f6bb, a gyullad\u00e1sos betegs\u00e9gek \u00e9s a k\u00f3ros csontlebont\u00e1s alapj\u00e1t k\u00e9pez\u0151 jel\u00e1tviteli folyamatot azonos\u00edtott. Eredm\u00e9nyei hozz\u00e1j\u00e1rultak a Syk-g\u00e1tl\u00f3szerek fejleszt\u00e9s\u00e9hez a rheumatoid arthritis ter\u00e1pi\u00e1j\u00e1ban. A Semmelweis Egyetemen mindeddig egyed\u00fclik\u00e9nt egy nemr\u00e9g lez\u00e1rult ELJ FP7 projekt (TARKINAID) koordin\u00e1tora volt. A projekt sor\u00e1n sz\u00e1mos \u00faj gyullad\u00e1sg\u00e1tl\u00f3 vegy\u00fcletet fejlesztett ki.\u00a0<\/p>\n<p style=\"text-align: justify;\">Dr. Jakus Zolt\u00e1n az USA-b\u00f3l hazat\u00e9rve a k\u00f6zelm\u00faltban alap\u00edtotta meg kutat\u00f3csoportj\u00e1t az MTA Lend\u00fclet programj\u00e1nak t\u00e1mogat\u00e1s\u00e1val.\u00a0\u00a0<\/p>\n<p style=\"text-align: justify;\">Tudom\u00e1nyos \u00e9rdekl\u0151d\u00e9s\u00e9nek k\u00f6z\u00e9ppontj\u00e1ban a nyirokrendszer kor\u00e1bban nem ismert funkci\u00f3inak felt\u00e1r\u00e1sa \u00e9s az immunsejtek m\u0171k\u00f6d\u00e9s\u00e9nek vizsg\u00e1lata \u00e1ll. Legfontosabb eredm\u00e9nyei a magzati nyirok\u00e9r-funkci\u00f3 jelent\u0151s\u00e9g\u00e9nek felt\u00e1r\u00e1sa, tov\u00e1bb\u00e1 a Sfk \u00e9s PLCg2 szerep\u00e9nek azonos\u00edt\u00e1sa az autoimmun arthritis kialakul\u00e1s\u00e1ban.\u00a0\u00a0<\/p>\n<p style=\"text-align: justify;\">Dr. Gy\u0151ri D\u00e1vid egyetemi tan\u00e1rseg\u00e9d (Cambridge University, UK) \u00e9s Dr. T\u00f3th D\u00e1niel egyetemi tan\u00e1rseg\u00e9d (NIH, USA) k\u00fclf\u00f6ldi tanulm\u00e1ny\u00fatr\u00f3l t\u00e9rt haza, \u00e9s kezdte meg a munk\u00e1t.\u00a0<\/p>\n<p><b>A projektre k\u00fclf\u00f6ldr\u0151l visszat\u00e9r\u0151 kutat\u00f3k \u00e9s jelenlegi munkahely\u00fck:<\/b>\u00a0<\/p>\n<p>Dr. Donk\u00f3 \u00c1gnes (NIH, USA)\u00a0\u00a0<\/p>\n<p>\u00a0<b>Semmelweis Egyetem, Angiol\u00f3giai Tansz\u00e9ki Csoport<\/b>\u00a0<\/p>\n<p style=\"text-align: justify;\">Dr. J\u00e1rai Zolt\u00e1n habilit\u00e1lt doktor, c. egyetemi tan\u00e1r, belgy\u00f3gy\u00e1sz angiol\u00f3gus, kardiol\u00f3gus. profilvezet\u0151 f\u0151orvos. Kutat\u00e1si ter\u00fclete a vaszkul\u00e1ris betegs\u00e9gek epidemiol\u00f3gi\u00e1ja, k\u00f3roktana, a mikrocirkul\u00e1ci\u00f3 klinikai vizsg\u00e1lata az atherosclerosis k\u00fcl\u00f6nb\u00f6z\u0151 k\u00f3r\u00e1llapotaiban. Legfontosabb tudom\u00e1nyos eredm\u00e9nyei a cannabinoid vegy\u00fcletek vazoakt\u00edv hat\u00e1s\u00e1nak kimutat\u00e1sa, \u00e9s az endocannabinoid rendszer szerep\u00e9nek tiszt\u00e1z\u00e1sa a t\u00e1pl\u00e1l\u00e9kfelv\u00e9tel szab\u00e1lyoz\u00e1s\u00e1ban.\u00a0<\/p>\n<p>&nbsp;<\/p>\n<p><b>Nemzeti Agr\u00e1rkutat\u00e1si \u00e9s Innov\u00e1ci\u00f3s K\u00f6zpont \u2013 Mez\u0151gazdas\u00e1gi Biotechnol\u00f3giai Kutat\u00f3int\u00e9zet (NAIK-MBK)<\/b>\u00a0<\/p>\n<p>A hazai biotechnol\u00f3giai kutat\u00e1sok egyik vezet\u0151 int\u00e9zm\u00e9nye.\u00a0<\/p>\n<p style=\"text-align: justify;\">Dr. B\u0151sze Zsuzsanna a NAIK-MBK genomikai f\u0151oszt\u00e1ly\u00e1nak vezet\u0151je. az MTA doktora. Kutat\u00e1si ter\u00fclete az \u00e1llatmodellek fejleszt\u00e9se.\u00a0<\/p>\n<p style=\"text-align: justify;\">Szem\u00e9ly\u00e9hez k\u00f6thet\u0151 az els\u0151 hazai transzg\u00e9nikus eg\u00e9r l\u00e9trehoz\u00e1sa. A vil\u00e1gon el\u0151sz\u00f6r alkalmazta a lentiv\u00edrus \u00e9s transzpon alap\u00fa \u00fajgener\u00e1ci\u00f3s transzg\u00e9nikus m\u00f3dszereket ny\u00falban. Alkalmazott kutat\u00e1sai k\u00f6z\u00fcl kiemelkedik a sz\u00edv egy ioncsatorn\u00e1j\u00e1t \u00e9rint\u0151 LQT szindr\u00f3ma ny\u00falmodellje, valamint az Immunogenes kft-vel k\u00f6z\u00f6sen fejlesztett transzg\u00e9nikus technol\u00f3gia, a hat\u00e9kony ellenanyagtermel\u00e9s \u00e9rdek\u00e9ben.\u00a0<\/p>\n<p><b>Az Immunogenes Kft.<\/b>\u00a0\u00a0<\/p>\n<p style=\"text-align: justify;\">Az Immunogenes Kft. nemzetk\u00f6zileg egyed\u00fcl\u00e1ll\u00f3 antitest el\u0151\u00e1ll\u00edt\u00f3 technol\u00f3gi\u00e1val rendelkezik. Dr. Kacskovics Imre, az MTA doktora, az ImmunoGenes Kft \u00fcgyvezet\u0151je, amelyet az ELTE \u00e9s a NAIK-MBK tudom\u00e1nyos eredm\u00e9nyein alapul\u00f3 \u00faj, szabadalmaztatott innovat\u00edv technol\u00f3gia hasznos\u00edt\u00e1s\u00e1ra alap\u00edtott. A c\u00e9g genetikailag m\u00f3dos\u00edtott egerek \u00e9s nyulak felhaszn\u00e1l\u00e1s\u00e1val \u00e1ll\u00edt el\u0151 olyan antitesteket, amelyeket a hagyom\u00e1nyos technol\u00f3gi\u00e1kkal nem lehet l\u00e9trehozni. 2014 \u00f3ta a jap\u00e1n Kyowa Hakko Kirin gy\u00f3gyszergy\u00e1r alkalmazza ezt az elj\u00e1r\u00e1st ter\u00e1pi\u00e1s ellenanyagok fejleszt\u00e9s\u00e9re.\u00a0<\/p>\n","protected":false},"excerpt":{"rendered":"<p><a href=\"https:\/\/semmelweis.hu\/elettan\/files\/2018\/01\/nkfi.png\"><\/a> A PROJEKTBEN R\u00c9SZTVEV\u0150 SZERVEZETEK \u00c9S SZEM\u00c9LYEK BEMUTAT\u00c1SA\u00a0\u00a0 Semmelweis Egyetem, \u00c9lettani Int\u00e9zet\u00a0 A Semmelweis Egyetem Magyarorsz\u00e1g legnagyobb orvostudom\u00e1nyi egyeteme, eg\u00e9szs\u00e9g\u00fcgyi ell\u00e1t\u00f3 int\u00e9zm\u00e9nye \u00e9s orvosbiol\u00f3giai kutat\u00f3int\u00e9zm\u00e9nye. Az egyetemen foly\u00f3 kutat\u00e1sok egyik meghat\u00e1roz\u00f3 helysz\u00edne az \u00c9lettani Int\u00e9zet. Az int\u00e9zet kutat\u00f3i rendszeresen publik\u00e1lnak a legrangosabb nemzetk\u00f6zi tudom\u00e1nyos foly\u00f3iratokban \u00e9s sz\u00e1mos nemzetk\u00f6zi \u00e9s hazai kutat\u00e1si p\u00e1ly\u00e1zatot nyertek el az elm\u00falt &hellip;<\/p>\n","protected":false},"author":133,"featured_media":0,"parent":2848,"menu_order":11,"comment_status":"closed","ping_status":"closed","template":"","meta":{"_acf_changed":false,"footnotes":""},"categories":[],"tags":[],"class_list":["post-2868","page","type-page","status-publish","hentry"],"acf":[],"_links":{"self":[{"href":"https:\/\/semmelweis.hu\/elettan\/wp-json\/wp\/v2\/pages\/2868","targetHints":{"allow":["GET"]}}],"collection":[{"href":"https:\/\/semmelweis.hu\/elettan\/wp-json\/wp\/v2\/pages"}],"about":[{"href":"https:\/\/semmelweis.hu\/elettan\/wp-json\/wp\/v2\/types\/page"}],"author":[{"embeddable":true,"href":"https:\/\/semmelweis.hu\/elettan\/wp-json\/wp\/v2\/users\/133"}],"replies":[{"embeddable":true,"href":"https:\/\/semmelweis.hu\/elettan\/wp-json\/wp\/v2\/comments?post=2868"}],"version-history":[{"count":9,"href":"https:\/\/semmelweis.hu\/elettan\/wp-json\/wp\/v2\/pages\/2868\/revisions"}],"predecessor-version":[{"id":3863,"href":"https:\/\/semmelweis.hu\/elettan\/wp-json\/wp\/v2\/pages\/2868\/revisions\/3863"}],"up":[{"embeddable":true,"href":"https:\/\/semmelweis.hu\/elettan\/wp-json\/wp\/v2\/pages\/2848"}],"wp:attachment":[{"href":"https:\/\/semmelweis.hu\/elettan\/wp-json\/wp\/v2\/media?parent=2868"}],"wp:term":[{"taxonomy":"category","embeddable":true,"href":"https:\/\/semmelweis.hu\/elettan\/wp-json\/wp\/v2\/categories?post=2868"},{"taxonomy":"post_tag","embeddable":true,"href":"https:\/\/semmelweis.hu\/elettan\/wp-json\/wp\/v2\/tags?post=2868"}],"curies":[{"name":"wp","href":"https:\/\/api.w.org\/{rel}","templated":true}]}}