{"id":2848,"date":"2017-09-01T10:13:05","date_gmt":"2017-09-01T08:13:05","guid":{"rendered":"http:\/\/semmelweis.hu\/elettan\/?page_id=2848"},"modified":"2021-02-08T16:34:19","modified_gmt":"2021-02-08T15:34:19","slug":"nvkp-palyazat","status":"publish","type":"page","link":"https:\/\/semmelweis.hu\/elettan\/nvkp-palyazat\/","title":{"rendered":"NVKP P\u00e1ly\u00e1zat"},"content":{"rendered":"<p>&nbsp;<\/p>\n<p style=\"text-align: center;\"><a href=\"https:\/\/semmelweis.hu\/elettan\/files\/2018\/01\/nkfi.png\"><img loading=\"lazy\" decoding=\"async\" class=\"size-full wp-image-3268 aligncenter\" src=\"https:\/\/semmelweis.hu\/elettan\/files\/2018\/01\/nkfi.png\" alt=\"\" width=\"958\" height=\"433\" srcset=\"https:\/\/semmelweis.hu\/elettan\/files\/2018\/01\/nkfi.png 958w, https:\/\/semmelweis.hu\/elettan\/files\/2018\/01\/nkfi-300x136.png 300w, https:\/\/semmelweis.hu\/elettan\/files\/2018\/01\/nkfi-768x347.png 768w, https:\/\/semmelweis.hu\/elettan\/files\/2018\/01\/nkfi-580x262.png 580w\" sizes=\"auto, (max-width: 958px) 100vw, 958px\" \/><\/a><span style=\"color: #99cc00;\"><b><span style=\"color: #99cc00;\">F\u00d3KUSZBAN<\/span> <span style=\"color: #99cc00;\">AZ ATHEROSCLEROSIS:<\/span><\/b><\/span><\/p>\n<p style=\"text-align: center;\"><span style=\"color: #99cc00;\"><b><span style=\"color: #99cc00;\">\u00daJ<\/span> <span style=\"color: #99cc00;\">TER\u00c1PI\u00c1S C\u00c9LPONTOK \u00c9S GY\u00d3GYSZERJEL\u00d6LTEK <\/span><\/b><b><span style=\"color: #99cc00;\">AZONOS\u00cdT\u00c1SA<\/span> <br \/>\n<\/b><\/span><\/p>\n<p style=\"text-align: center;\"><span style=\"color: #99cc00;\"><b><span style=\"color: #99cc00;\">AZ NVKP 16-1-2016-0039 AZONOS\u00cdT\u00d3SZ\u00c1M\u00da PROJEKT C\u00c9LJA<\/span> <br \/>\n<\/b><\/span><\/p>\n<p style=\"text-align: justify;\">Az elm\u00falt 60 \u00e9v tudom\u00e1nyos eredm\u00e9nyei \u00e9s gy\u00f3gyszerfejleszt\u00e9sei ellen\u00e9re \u00e9vtizedek \u00f3ta vil\u00e1gszerte az atherosclerosis okozta megbeteged\u00e9sek vezetik a hal\u00e1loki statisztik\u00e1kat. Ennek oka, hogy az atherosclerosis kialakul\u00e1s\u00e1nak okair\u00f3l, a betegs\u00e9g lefoly\u00e1s\u00e1t meghat\u00e1roz\u00f3 t\u00e9nyez\u0151kr\u0151l m\u00e9g sok mindent nem tudunk. Nem ismert az \u00f6sszes rizik\u00f3t\u00e9nyez\u0151, az \u00f6sszes progresszi\u00f3t meghat\u00e1roz\u00f3 t\u00e9nyez\u0151 valamint a ver\u0151erek helyzet\u00e9b\u0151l ad\u00f3d\u00f3 saj\u00e1toss\u00e1gok.\u00a0\u00a0<\/p>\n<p style=\"text-align: justify;\">A Semmelweis Egyetem, a Nemzeti Agr\u00e1rkutat\u00e1si \u00e9s Innov\u00e1ci\u00f3s K\u00f6zpont \u2013 Mez\u0151gazdas\u00e1gi Biotechnol\u00f3giai Kutat\u00f3int\u00e9zet (NAIK-MBK) valamint az ImmunoGenes Kft. \u00e1ltal alkotott konzorcium c\u00e9lja, hogy innovat\u00edv, molekul\u00e1ris biol\u00f3giai, immunol\u00f3giai \u00e9s g\u00e9ntechnol\u00f3giai m\u00f3dszereket alkalmaz\u00f3 kutat\u00e1ssal p\u00e1ciens mint\u00e1k anal\u00edzis\u00e9vel, valamint a kutat\u00e1si eredm\u00e9nyek hasznos\u00edt\u00e1s\u00e1val k\u00f6zelebb ker\u00fclj\u00fcnk az atherosclerosis h\u00e1tter\u00e9ben \u00e1ll\u00f3 folyamatok megismer\u00e9s\u00e9hez \u00e9s gy\u00f3gyszeres befoly\u00e1sol\u00e1s\u00e1hoz.\u00a0<\/p>\n","protected":false},"excerpt":{"rendered":"<p>&nbsp; <a href=\"https:\/\/semmelweis.hu\/elettan\/files\/2018\/01\/nkfi.png\"><\/a> F\u00d3KUSZBAN AZ ATHEROSCLEROSIS: \u00daJ TER\u00c1PI\u00c1S C\u00c9LPONTOK \u00c9S GY\u00d3GYSZERJEL\u00d6LTEK AZONOS\u00cdT\u00c1SA AZ NVKP 16-1-2016-0039 AZONOS\u00cdT\u00d3SZ\u00c1M\u00da PROJEKT C\u00c9LJA Az elm\u00falt 60 \u00e9v tudom\u00e1nyos eredm\u00e9nyei \u00e9s gy\u00f3gyszerfejleszt\u00e9sei ellen\u00e9re \u00e9vtizedek \u00f3ta vil\u00e1gszerte az atherosclerosis okozta megbeteged\u00e9sek vezetik a hal\u00e1loki statisztik\u00e1kat. Ennek oka, hogy az atherosclerosis kialakul\u00e1s\u00e1nak okair\u00f3l, a betegs\u00e9g lefoly\u00e1s\u00e1t meghat\u00e1roz\u00f3 t\u00e9nyez\u0151kr\u0151l m\u00e9g sok mindent nem tudunk. Nem ismert &hellip;<\/p>\n","protected":false},"author":133,"featured_media":0,"parent":0,"menu_order":19,"comment_status":"closed","ping_status":"closed","template":"","meta":{"_acf_changed":false,"footnotes":""},"categories":[],"tags":[],"class_list":["post-2848","page","type-page","status-publish","hentry"],"acf":[],"_links":{"self":[{"href":"https:\/\/semmelweis.hu\/elettan\/wp-json\/wp\/v2\/pages\/2848","targetHints":{"allow":["GET"]}}],"collection":[{"href":"https:\/\/semmelweis.hu\/elettan\/wp-json\/wp\/v2\/pages"}],"about":[{"href":"https:\/\/semmelweis.hu\/elettan\/wp-json\/wp\/v2\/types\/page"}],"author":[{"embeddable":true,"href":"https:\/\/semmelweis.hu\/elettan\/wp-json\/wp\/v2\/users\/133"}],"replies":[{"embeddable":true,"href":"https:\/\/semmelweis.hu\/elettan\/wp-json\/wp\/v2\/comments?post=2848"}],"version-history":[{"count":7,"href":"https:\/\/semmelweis.hu\/elettan\/wp-json\/wp\/v2\/pages\/2848\/revisions"}],"predecessor-version":[{"id":5099,"href":"https:\/\/semmelweis.hu\/elettan\/wp-json\/wp\/v2\/pages\/2848\/revisions\/5099"}],"wp:attachment":[{"href":"https:\/\/semmelweis.hu\/elettan\/wp-json\/wp\/v2\/media?parent=2848"}],"wp:term":[{"taxonomy":"category","embeddable":true,"href":"https:\/\/semmelweis.hu\/elettan\/wp-json\/wp\/v2\/categories?post=2848"},{"taxonomy":"post_tag","embeddable":true,"href":"https:\/\/semmelweis.hu\/elettan\/wp-json\/wp\/v2\/tags?post=2848"}],"curies":[{"name":"wp","href":"https:\/\/api.w.org\/{rel}","templated":true}]}}