{"id":210,"date":"2013-07-30T11:17:50","date_gmt":"2013-07-30T09:17:50","guid":{"rendered":"http:\/\/semmelweis-egyetem.hu\/elettan\/?page_id=210"},"modified":"2021-12-17T11:14:46","modified_gmt":"2021-12-17T10:14:46","slug":"az-intezet-publikacioi","status":"publish","type":"page","link":"https:\/\/semmelweis.hu\/elettan\/kutatas\/az-intezet-publikacioi\/","title":{"rendered":"Az Int\u00e9zet publik\u00e1ci\u00f3i"},"content":{"rendered":"<ul>\n<li><a href=\"https:\/\/semmelweis.hu\/elettan\/files\/2021\/12\/2020-kozlemenyek-honlapra.pdf\">2020<\/a><\/li>\n<li><a href=\"https:\/\/semmelweis.hu\/elettan\/files\/2021\/02\/2019_honlapra_IF.pdf\">2019<\/a><\/li>\n<li><a href=\"https:\/\/semmelweis.hu\/elettan\/files\/2019\/03\/2018_honlapra.pdf\">2018<\/a><\/li>\n<li><a href=\"https:\/\/semmelweis.hu\/elettan\/files\/2018\/02\/2017_honlapra.pdf\">2017<\/a><\/li>\n<li><a href=\"https:\/\/semmelweis.hu\/elettan\/files\/2018\/02\/2016_honlapra-IF.pdf\">2016<\/a><\/li>\n<li><a href=\"https:\/\/semmelweis.hu\/elettan\/files\/2016\/09\/2015_honlapra_IFs.pdf\">2015<\/a><\/li>\n<li><a href=\"https:\/\/semmelweis.hu\/elettan\/files\/2016\/09\/2014_honlapra_IFs.pdf\">2014<\/a><\/li>\n<li><a href=\"https:\/\/semmelweis.hu\/elettan\/files\/2016\/09\/2014_honlapra_IFs.pdf\">2013<\/a><\/li>\n<li><!--:hu--><a href=\"https:\/\/semmelweis.hu\/elettan\/files\/2017\/01\/PUBL12-1.pdf\">2012<\/a><\/li>\n<\/ul>\n","protected":false},"excerpt":{"rendered":"<p><a href=\"https:\/\/semmelweis.hu\/elettan\/files\/2021\/12\/2020-kozlemenyek-honlapra.pdf\">2020<\/a><br \/>\n<a href=\"https:\/\/semmelweis.hu\/elettan\/files\/2021\/02\/2019_honlapra_IF.pdf\">2019<\/a><br \/>\n<a href=\"https:\/\/semmelweis.hu\/elettan\/files\/2019\/03\/2018_honlapra.pdf\">2018<\/a><br \/>\n<a href=\"https:\/\/semmelweis.hu\/elettan\/files\/2018\/02\/2017_honlapra.pdf\">2017<\/a><br \/>\n<a href=\"https:\/\/semmelweis.hu\/elettan\/files\/2018\/02\/2016_honlapra-IF.pdf\">2016<\/a><br \/>\n<a href=\"https:\/\/semmelweis.hu\/elettan\/files\/2016\/09\/2015_honlapra_IFs.pdf\">2015<\/a><br \/>\n<a href=\"https:\/\/semmelweis.hu\/elettan\/files\/2016\/09\/2014_honlapra_IFs.pdf\">2014<\/a><br \/>\n<a href=\"https:\/\/semmelweis.hu\/elettan\/files\/2016\/09\/2014_honlapra_IFs.pdf\">2013<\/a><br \/>\n<a href=\"https:\/\/semmelweis.hu\/elettan\/files\/2017\/01\/PUBL12-1.pdf\">2012<\/a><\/p>\n","protected":false},"author":116,"featured_media":0,"parent":17,"menu_order":0,"comment_status":"closed","ping_status":"closed","template":"","meta":{"_acf_changed":false,"footnotes":""},"categories":[],"tags":[],"class_list":["post-210","page","type-page","status-publish","hentry"],"acf":[],"_links":{"self":[{"href":"https:\/\/semmelweis.hu\/elettan\/wp-json\/wp\/v2\/pages\/210","targetHints":{"allow":["GET"]}}],"collection":[{"href":"https:\/\/semmelweis.hu\/elettan\/wp-json\/wp\/v2\/pages"}],"about":[{"href":"https:\/\/semmelweis.hu\/elettan\/wp-json\/wp\/v2\/types\/page"}],"author":[{"embeddable":true,"href":"https:\/\/semmelweis.hu\/elettan\/wp-json\/wp\/v2\/users\/116"}],"replies":[{"embeddable":true,"href":"https:\/\/semmelweis.hu\/elettan\/wp-json\/wp\/v2\/comments?post=210"}],"version-history":[{"count":11,"href":"https:\/\/semmelweis.hu\/elettan\/wp-json\/wp\/v2\/pages\/210\/revisions"}],"predecessor-version":[{"id":5618,"href":"https:\/\/semmelweis.hu\/elettan\/wp-json\/wp\/v2\/pages\/210\/revisions\/5618"}],"up":[{"embeddable":true,"href":"https:\/\/semmelweis.hu\/elettan\/wp-json\/wp\/v2\/pages\/17"}],"wp:attachment":[{"href":"https:\/\/semmelweis.hu\/elettan\/wp-json\/wp\/v2\/media?parent=210"}],"wp:term":[{"taxonomy":"category","embeddable":true,"href":"https:\/\/semmelweis.hu\/elettan\/wp-json\/wp\/v2\/categories?post=210"},{"taxonomy":"post_tag","embeddable":true,"href":"https:\/\/semmelweis.hu\/elettan\/wp-json\/wp\/v2\/tags?post=210"}],"curies":[{"name":"wp","href":"https:\/\/api.w.org\/{rel}","templated":true}]}}