{"id":2089,"date":"2016-04-18T14:21:31","date_gmt":"2016-04-18T12:21:31","guid":{"rendered":"http:\/\/semmelweis.hu\/elettan\/?page_id=2089"},"modified":"2024-10-22T17:16:04","modified_gmt":"2024-10-22T15:16:04","slug":"transzgenikus-technologiak-az-orvosbiologiai-kutatasban","status":"publish","type":"page","link":"https:\/\/semmelweis.hu\/elettan\/oktatas\/phd-kurzus\/transzgenikus-technologiak-az-orvosbiologiai-kutatasban\/","title":{"rendered":"Transzg\u00e9nikus technol\u00f3gi\u00e1k az orvosbiol\u00f3giai kutat\u00e1sban"},"content":{"rendered":"<p>Kurzustematika<\/p>\n","protected":false},"excerpt":{"rendered":"<p>Kurzustematika<\/p>\n","protected":false},"author":133,"featured_media":0,"parent":204,"menu_order":0,"comment_status":"closed","ping_status":"closed","template":"","meta":{"_acf_changed":false,"footnotes":""},"categories":[],"tags":[],"class_list":["post-2089","page","type-page","status-publish","hentry"],"acf":[],"_links":{"self":[{"href":"https:\/\/semmelweis.hu\/elettan\/wp-json\/wp\/v2\/pages\/2089","targetHints":{"allow":["GET"]}}],"collection":[{"href":"https:\/\/semmelweis.hu\/elettan\/wp-json\/wp\/v2\/pages"}],"about":[{"href":"https:\/\/semmelweis.hu\/elettan\/wp-json\/wp\/v2\/types\/page"}],"author":[{"embeddable":true,"href":"https:\/\/semmelweis.hu\/elettan\/wp-json\/wp\/v2\/users\/133"}],"replies":[{"embeddable":true,"href":"https:\/\/semmelweis.hu\/elettan\/wp-json\/wp\/v2\/comments?post=2089"}],"version-history":[{"count":2,"href":"https:\/\/semmelweis.hu\/elettan\/wp-json\/wp\/v2\/pages\/2089\/revisions"}],"predecessor-version":[{"id":6891,"href":"https:\/\/semmelweis.hu\/elettan\/wp-json\/wp\/v2\/pages\/2089\/revisions\/6891"}],"up":[{"embeddable":true,"href":"https:\/\/semmelweis.hu\/elettan\/wp-json\/wp\/v2\/pages\/204"}],"wp:attachment":[{"href":"https:\/\/semmelweis.hu\/elettan\/wp-json\/wp\/v2\/media?parent=2089"}],"wp:term":[{"taxonomy":"category","embeddable":true,"href":"https:\/\/semmelweis.hu\/elettan\/wp-json\/wp\/v2\/categories?post=2089"},{"taxonomy":"post_tag","embeddable":true,"href":"https:\/\/semmelweis.hu\/elettan\/wp-json\/wp\/v2\/tags?post=2089"}],"curies":[{"name":"wp","href":"https:\/\/api.w.org\/{rel}","templated":true}]}}