{"id":204,"date":"2013-07-30T10:50:27","date_gmt":"2013-07-30T08:50:27","guid":{"rendered":"http:\/\/semmelweis-egyetem.hu\/elettan\/?page_id=204"},"modified":"2023-12-08T15:49:45","modified_gmt":"2023-12-08T14:49:45","slug":"phd-kurzus","status":"publish","type":"page","link":"https:\/\/semmelweis.hu\/elettan\/oktatas\/phd-kurzus\/","title":{"rendered":"Ph.D. kurzus"},"content":{"rendered":"<ul>\n<li><a href=\"https:\/\/semmelweis.hu\/elettan\/oktatas\/phd-kurzus\/bevezetes-a-cellularis-elektrofiziologia-teruletere\/\">Bevezet\u00e9s a cellul\u00e1ris elektrofiziol\u00f3gia ter\u00fclet\u00e9re<\/a><\/li>\n<li><a href=\"https:\/\/semmelweis.hu\/elettan\/oktatas\/phd-kurzus\/bioinformatika-es-genomanalizis-az-orvostudomanyban\/\">Bioinformatika \u00e9s genomanal\u00edzis az orvostudom\u00e1nyban<\/a><\/li>\n<li><a href=\"https:\/\/semmelweis.hu\/elettan\/oktatas\/phd-kurzus\/adatelemzes-es-programozas-orvos-biologusoknak-i-2\/\">Adatelemz\u00e9s \u00e9s programoz\u00e1s orvos biol\u00f3gusoknak I<\/a><\/li>\n<li><a href=\"https:\/\/semmelweis.hu\/elettan\/oktatas\/phd-kurzus\/adatelemzes-es-programozas-orvosbiologusoknakii\/\">Adatelemz\u00e9s \u00e9s programoz\u00e1s orvos biol\u00f3gusoknak II<\/a><\/li>\n<li><a href=\"https:\/\/semmelweis.hu\/elettan\/oktatas\/phd-kurzus\/transzgenikus-technologiak-az-orvosbiologiai-kutatasban\/\">Transzg\u00e9nikus technol\u00f3gi\u00e1k az orvosbiol\u00f3giai kutat\u00e1sban<\/a><\/li>\n<li><a href=\"https:\/\/semmelweis.hu\/elettan\/files\/2017\/02\/Fagocita-kurzus-idopontok-2.pdf\">Fagocita sejtek szerepe a velesz\u00fcletett immunv\u00e9dekez\u00e9sben \u00e9s az emberi<\/a>\n<p><a href=\"https:\/\/semmelweis.hu\/elettan\/files\/2017\/02\/Fagocita-kurzus-idopontok-2.pdf\">szervezet k\u00e1ros\u00edt\u00e1s\u00e1ban<\/a><\/p>\n<\/li>\n<\/ul>\n","protected":false},"excerpt":{"rendered":"<p><a href=\"https:\/\/semmelweis.hu\/elettan\/oktatas\/phd-kurzus\/bevezetes-a-cellularis-elektrofiziologia-teruletere\/\">Bevezet\u00e9s a cellul\u00e1ris elektrofiziol\u00f3gia ter\u00fclet\u00e9re<\/a><br \/>\n<a href=\"https:\/\/semmelweis.hu\/elettan\/oktatas\/phd-kurzus\/bioinformatika-es-genomanalizis-az-orvostudomanyban\/\">Bioinformatika \u00e9s genomanal\u00edzis az orvostudom\u00e1nyban<\/a><br \/>\n<a href=\"https:\/\/semmelweis.hu\/elettan\/oktatas\/phd-kurzus\/adatelemzes-es-programozas-orvos-biologusoknak-i-2\/\">Adatelemz\u00e9s \u00e9s programoz\u00e1s orvos biol\u00f3gusoknak I<\/a><br \/>\n<a href=\"https:\/\/semmelweis.hu\/elettan\/oktatas\/phd-kurzus\/adatelemzes-es-programozas-orvosbiologusoknakii\/\">Adatelemz\u00e9s \u00e9s programoz\u00e1s orvos biol\u00f3gusoknak II<\/a><br \/>\n<a href=\"https:\/\/semmelweis.hu\/elettan\/oktatas\/phd-kurzus\/transzgenikus-technologiak-az-orvosbiologiai-kutatasban\/\">Transzg\u00e9nikus technol\u00f3gi\u00e1k az orvosbiol\u00f3giai kutat\u00e1sban<\/a><br \/>\n<a href=\"https:\/\/semmelweis.hu\/elettan\/files\/2017\/02\/Fagocita-kurzus-idopontok-2.pdf\">Fagocita sejtek szerepe a velesz\u00fcletett immunv\u00e9dekez\u00e9sben \u00e9s az emberi<\/a><br \/>\n<a href=\"https:\/\/semmelweis.hu\/elettan\/files\/2017\/02\/Fagocita-kurzus-idopontok-2.pdf\">szervezet k\u00e1ros\u00edt\u00e1s\u00e1ban<\/a><\/p>\n","protected":false},"author":116,"featured_media":0,"parent":10,"menu_order":25,"comment_status":"closed","ping_status":"closed","template":"","meta":{"_acf_changed":false,"footnotes":""},"categories":[],"tags":[],"class_list":["post-204","page","type-page","status-publish","hentry"],"acf":[],"_links":{"self":[{"href":"https:\/\/semmelweis.hu\/elettan\/wp-json\/wp\/v2\/pages\/204","targetHints":{"allow":["GET"]}}],"collection":[{"href":"https:\/\/semmelweis.hu\/elettan\/wp-json\/wp\/v2\/pages"}],"about":[{"href":"https:\/\/semmelweis.hu\/elettan\/wp-json\/wp\/v2\/types\/page"}],"author":[{"embeddable":true,"href":"https:\/\/semmelweis.hu\/elettan\/wp-json\/wp\/v2\/users\/116"}],"replies":[{"embeddable":true,"href":"https:\/\/semmelweis.hu\/elettan\/wp-json\/wp\/v2\/comments?post=204"}],"version-history":[{"count":10,"href":"https:\/\/semmelweis.hu\/elettan\/wp-json\/wp\/v2\/pages\/204\/revisions"}],"predecessor-version":[{"id":6509,"href":"https:\/\/semmelweis.hu\/elettan\/wp-json\/wp\/v2\/pages\/204\/revisions\/6509"}],"up":[{"embeddable":true,"href":"https:\/\/semmelweis.hu\/elettan\/wp-json\/wp\/v2\/pages\/10"}],"wp:attachment":[{"href":"https:\/\/semmelweis.hu\/elettan\/wp-json\/wp\/v2\/media?parent=204"}],"wp:term":[{"taxonomy":"category","embeddable":true,"href":"https:\/\/semmelweis.hu\/elettan\/wp-json\/wp\/v2\/categories?post=204"},{"taxonomy":"post_tag","embeddable":true,"href":"https:\/\/semmelweis.hu\/elettan\/wp-json\/wp\/v2\/tags?post=204"}],"curies":[{"name":"wp","href":"https:\/\/api.w.org\/{rel}","templated":true}]}}