{"id":200,"date":"2013-07-30T10:48:15","date_gmt":"2013-07-30T08:48:15","guid":{"rendered":"http:\/\/semmelweis-egyetem.hu\/elettan\/?page_id=200"},"modified":"2025-09-08T09:02:51","modified_gmt":"2025-09-08T07:02:51","slug":"problemaorientalt-orvosi-elettan","status":"publish","type":"page","link":"https:\/\/semmelweis.hu\/elettan\/oktatas\/valaszthato-kurzusok\/problemaorientalt-orvosi-elettan\/","title":{"rendered":"Probl\u00e9maorient\u00e1lt orvosi \u00e9lettan"},"content":{"rendered":"<p><!--:hu--><a href=\"https:\/\/semmelweis.hu\/elettan\/files\/2023\/09\/Problemaorientalt_kovetelmenyrendszer.pdf\">K\u00f6vetelm\u00e9nyrendszer <\/a><span style=\"color: #000000\">(2025)<\/span><a href=\"https:\/\/semmelweis.hu\/elettan\/files\/2020\/09\/Probl\u00e9maorient\u00e1lt-orvosi-\u00e9lettan-2020_21-rev.pdf\">.<\/a><\/p>\n<p><strong>2025\/26. tan\u00e9v I. f\u00e9l\u00e9v<\/strong><br \/>\n<span style=\"color: #000000\">Ideje: Szerda <\/span><strong>17:20 \u2013 19:00<\/strong><br \/>\n<span style=\"color: #000000\"> Helye: \u00c9lettani Int\u00e9zet K\u00f6nyvt\u00e1r (EOK III. em)<\/span><\/p>\n<p><a href=\"https:\/\/semmelweis.hu\/elettan\/files\/2025\/09\/Problemaorientalt_ELoADASOK_2025_26_I_felev_vs0902.pdf\">El\u0151ad\u00e1sok rendje (2025)<\/a><br \/>\n<!--:--><\/p>\n","protected":false},"excerpt":{"rendered":"<p><a href=\"https:\/\/semmelweis.hu\/elettan\/files\/2023\/09\/Problemaorientalt_kovetelmenyrendszer.pdf\">K\u00f6vetelm\u00e9nyrendszer <\/a>(2025)<a href=\"https:\/\/semmelweis.hu\/elettan\/files\/2020\/09\/Probl\u00e9maorient\u00e1lt-orvosi-\u00e9lettan-2020_21-rev.pdf\">.<\/a><br \/>\n2025\/26. tan\u00e9v I. f\u00e9l\u00e9v<br \/>\nIdeje: Szerda 17:20 \u2013 19:00<br \/>\n Helye: \u00c9lettani Int\u00e9zet K\u00f6nyvt\u00e1r (EOK III. em)<br \/>\n<a href=\"https:\/\/semmelweis.hu\/elettan\/files\/2025\/09\/Problemaorientalt_ELoADASOK_2025_26_I_felev_vs0902.pdf\">El\u0151ad\u00e1sok rendje (2025)<\/a><\/p>\n","protected":false},"author":116,"featured_media":0,"parent":199,"menu_order":14,"comment_status":"closed","ping_status":"closed","template":"","meta":{"_acf_changed":false,"footnotes":""},"categories":[],"tags":[],"class_list":["post-200","page","type-page","status-publish","hentry"],"acf":[],"_links":{"self":[{"href":"https:\/\/semmelweis.hu\/elettan\/wp-json\/wp\/v2\/pages\/200","targetHints":{"allow":["GET"]}}],"collection":[{"href":"https:\/\/semmelweis.hu\/elettan\/wp-json\/wp\/v2\/pages"}],"about":[{"href":"https:\/\/semmelweis.hu\/elettan\/wp-json\/wp\/v2\/types\/page"}],"author":[{"embeddable":true,"href":"https:\/\/semmelweis.hu\/elettan\/wp-json\/wp\/v2\/users\/116"}],"replies":[{"embeddable":true,"href":"https:\/\/semmelweis.hu\/elettan\/wp-json\/wp\/v2\/comments?post=200"}],"version-history":[{"count":11,"href":"https:\/\/semmelweis.hu\/elettan\/wp-json\/wp\/v2\/pages\/200\/revisions"}],"predecessor-version":[{"id":7281,"href":"https:\/\/semmelweis.hu\/elettan\/wp-json\/wp\/v2\/pages\/200\/revisions\/7281"}],"up":[{"embeddable":true,"href":"https:\/\/semmelweis.hu\/elettan\/wp-json\/wp\/v2\/pages\/199"}],"wp:attachment":[{"href":"https:\/\/semmelweis.hu\/elettan\/wp-json\/wp\/v2\/media?parent=200"}],"wp:term":[{"taxonomy":"category","embeddable":true,"href":"https:\/\/semmelweis.hu\/elettan\/wp-json\/wp\/v2\/categories?post=200"},{"taxonomy":"post_tag","embeddable":true,"href":"https:\/\/semmelweis.hu\/elettan\/wp-json\/wp\/v2\/tags?post=200"}],"curies":[{"name":"wp","href":"https:\/\/api.w.org\/{rel}","templated":true}]}}