{"id":2,"date":"2012-06-20T08:13:50","date_gmt":"2012-06-20T06:13:50","guid":{"rendered":"http:\/\/semmelweis-egyetem.hu\/elettan\/?page_id=2"},"modified":"2025-03-05T14:41:51","modified_gmt":"2025-03-05T13:41:51","slug":"contact","status":"publish","type":"page","link":"https:\/\/semmelweis.hu\/elettan\/contact\/","title":{"rendered":"El\u00e9rhet\u0151s\u00e9g"},"content":{"rendered":"<p><!--:hu-->T\u0171zolt\u00f3 utca 37-47<br \/>\n1094 Budapest, Magyarorsz\u00e1g, EU<\/p>\n<p><strong>Levelez\u00e9si c\u00edm:<\/strong> 1085 Budapest, \u00dcll\u0151i \u00fat 26; 1428 Budapest, Pf. 2.<br \/>\n<strong>Telefon:<\/strong>\u00a0+36-1-459-1500\/60400<br \/>\n<strong>E-mail:<\/strong>\u00a0 titkarsag.elettan@semmelweis.hu<\/p>\n<h3>TANULM\u00c1NYI \u00dcGYEK:<\/h3>\n<p>Magyar, n\u00e9met: 60436, angol: 60450<\/p>\n<h3 style=\"text-align: center\"><span style=\"color: #ff0000\">Figyelem! B\u00e1rmilyen tanulm\u00e1nyi \u00fcggyel (\u00e1tjelentkez\u00e9s &#8230;stb) csak el\u0151zetes e-mailes megkeres\u00e9s ut\u00e1n foglalkozunk!<\/span><\/h3>\n<h3><a href=\"https:\/\/semmelweis.hu\/telefonkonyv?act=mt&amp;inst_id=10&amp;emp_id=700\">Dr. Pethe\u0151 G\u00e1bor<\/a><\/h3>\n<p>Email: <span class=\"emp-email\">petheo.gabor[kukac]semmelweis.hu; t<\/span>anulm\u00e1nyi \u00fcgyben csak Neptunazonos\u00edt\u00f3 + Kar alapj\u00e1n tudunk elj\u00e1rni!<\/p>\n<p><a href=\"mailto:petheo.gabor@med.semmelweis-univ.hu\">Webmester<\/a><\/p>\n\n<!-- iframe plugin v.4.9 wordpress.org\/plugins\/iframe\/ -->\n<iframe loading=\"lazy\" src=\"https:\/\/maps.google.com\/maps?f=q&#038;source=s_q&#038;hl=en&#038;geocode=&#038;q=1094+Budapest,+T%C5%B1zolt%C3%B3+u.+37-47,+Hungary&#038;aq=0&#038;oq=1094+Budapest,+T%C5%B1zolt%C3%B3+u.+37-47.&#038;sll=37.0625,-95.677068&#038;sspn=43.307813,100.898438&#038;t=m&#038;ie=UTF8&#038;hq=&#038;hnear=1094+Budapest,+IX.+ker%C3%BClet,+T%C5%B1zolt%C3%B3+utca+37,+Hungary&#038;ll=47.481108,19.078399&#038;spn=0.018127,0.049267&#038;z=14&#038;output=embed\" width=\"425\" height=\"350\" scrolling=\"yes\" class=\"iframe-class\" frameborder=\"0\"><\/iframe>\n\n<p><small><a href=\"https:\/\/maps.google.com\/maps?f=q&amp;source=embed&amp;hl=en&amp;geocode=&amp;q=1094+Budapest,+T%C5%B1zolt%C3%B3+u.+37-47,+Hungary&amp;aq=0&amp;oq=1094+Budapest,+T%C5%B1zolt%C3%B3+u.+37-47.&amp;sll=37.0625,-95.677068&amp;sspn=43.307813,100.898438&amp;t=m&amp;ie=UTF8&amp;hq=&amp;hnear=1094+Budapest,+IX.+ker%C3%BClet,+T%C5%B1zolt%C3%B3+utca+37,+Hungary&amp;ll=47.481108,19.078399&amp;spn=0.018127,0.049267&amp;z=14\">View Larger Map<\/a><\/small><\/p>\n<p style=\"text-align: left\"><strong><strong><img loading=\"lazy\" decoding=\"async\" title=\"EOK\" src=\"https:\/\/semmelweis.hu\/elettan\/files\/2017\/01\/EOK-balkulso2hdr_s.jpg\" alt=\"ujepulet\" width=\"500\" height=\"334\" \/><\/strong><\/strong><\/p>\n<p><!--:--><\/p>\n","protected":false},"excerpt":{"rendered":"<p>T\u0171zolt\u00f3 utca 37-47<br \/>\n1094 Budapest, Magyarorsz\u00e1g, EU<br \/>\nLevelez\u00e9si c\u00edm: 1085 Budapest, \u00dcll\u0151i \u00fat 26; 1428 Budapest, Pf. 2.<br \/>\nTelefon:\u00a0+36-1-459-1500\/60400<br \/>\nE-mail:\u00a0 titkarsag.elettan@semmelweis.hu<br \/>\nTANULM\u00c1NYI \u00dcGYEK:<br \/>\nMagyar, n\u00e9met: 60436, angol: 60450<br \/>\nFigyelem! B\u00e1rmilyen tanulm\u00e1nyi \u00fcggyel (\u00e1tjelentkez\u00e9s &#8230;stb) csak el\u0151zetes e-mailes megkeres\u00e9s ut\u00e1n foglalkozunk!<br \/>\n<a href=\"https:\/\/semmelweis.hu\/telefonkonyv?act=mt&amp;inst_id=10&amp;emp_id=700\">Dr. Pethe\u0151 G\u00e1bor<\/a><br \/>\nEmail: petheo.gabor[kukac]semmelweis.hu; tanulm\u00e1nyi \u00fcgyben csak Neptunazonos\u00edt\u00f3 + Kar alapj\u00e1n tudunk elj\u00e1rni!<br \/>\n<a href=\"mailto:petheo.gabor@med.semmelweis-univ.hu\">Webmester<\/a><\/p>\n<p><a href=\"https:\/\/maps.google.com\/maps?f=q&amp;source=embed&amp;hl=en&amp;geocode=&amp;q=1094+Budapest,+T%C5%B1zolt%C3%B3+u.+37-47,+Hungary&amp;aq=0&amp;oq=1094+Budapest,+T%C5%B1zolt%C3%B3+u.+37-47.&amp;sll=37.0625,-95.677068&amp;sspn=43.307813,100.898438&amp;t=m&amp;ie=UTF8&amp;hq=&amp;hnear=1094+Budapest,+IX.+ker%C3%BClet,+T%C5%B1zolt%C3%B3+utca+37,+Hungary&amp;ll=47.481108,19.078399&amp;spn=0.018127,0.049267&amp;z=14\">View Larger Map<\/a><\/p>\n","protected":false},"author":133,"featured_media":0,"parent":0,"menu_order":21,"comment_status":"closed","ping_status":"closed","template":"","meta":{"_acf_changed":false,"footnotes":""},"categories":[],"tags":[],"class_list":["post-2","page","type-page","status-publish","hentry"],"acf":[],"_links":{"self":[{"href":"https:\/\/semmelweis.hu\/elettan\/wp-json\/wp\/v2\/pages\/2","targetHints":{"allow":["GET"]}}],"collection":[{"href":"https:\/\/semmelweis.hu\/elettan\/wp-json\/wp\/v2\/pages"}],"about":[{"href":"https:\/\/semmelweis.hu\/elettan\/wp-json\/wp\/v2\/types\/page"}],"author":[{"embeddable":true,"href":"https:\/\/semmelweis.hu\/elettan\/wp-json\/wp\/v2\/users\/133"}],"replies":[{"embeddable":true,"href":"https:\/\/semmelweis.hu\/elettan\/wp-json\/wp\/v2\/comments?post=2"}],"version-history":[{"count":10,"href":"https:\/\/semmelweis.hu\/elettan\/wp-json\/wp\/v2\/pages\/2\/revisions"}],"predecessor-version":[{"id":7009,"href":"https:\/\/semmelweis.hu\/elettan\/wp-json\/wp\/v2\/pages\/2\/revisions\/7009"}],"wp:attachment":[{"href":"https:\/\/semmelweis.hu\/elettan\/wp-json\/wp\/v2\/media?parent=2"}],"wp:term":[{"taxonomy":"category","embeddable":true,"href":"https:\/\/semmelweis.hu\/elettan\/wp-json\/wp\/v2\/categories?post=2"},{"taxonomy":"post_tag","embeddable":true,"href":"https:\/\/semmelweis.hu\/elettan\/wp-json\/wp\/v2\/tags?post=2"}],"curies":[{"name":"wp","href":"https:\/\/api.w.org\/{rel}","templated":true}]}}