{"id":199,"date":"2013-07-30T10:47:21","date_gmt":"2013-07-30T08:47:21","guid":{"rendered":"http:\/\/semmelweis-egyetem.hu\/elettan\/?page_id=199"},"modified":"2025-03-31T14:27:11","modified_gmt":"2025-03-31T12:27:11","slug":"valaszthato-kurzusok","status":"publish","type":"page","link":"https:\/\/semmelweis.hu\/elettan\/oktatas\/valaszthato-kurzusok\/","title":{"rendered":"V\u00e1laszthat\u00f3 kurzusok"},"content":{"rendered":"<p><a href=\"https:\/\/semmelweis.hu\/elettan\/oktatas\/phd-kurzus\/bioinformatika-es-genomanalizis-az-orvostudomanyban\/\">Bioinformatika \u00e9s genomanal\u00edzis az orvostudom\u00e1nyban<\/a><\/p>\n<p><a href=\"https:\/\/semmelweis.hu\/elettan\/oktatas\/valaszthato-kurzusok\/problemaorientalt-orvosi-elettan\/\">Probl\u00e9maorient\u00e1lt orvosi \u00e9lettan<\/a><\/p>\n<p><a href=\"https:\/\/semmelweis.hu\/elettan\/oktatas\/valaszthato-kurzusok\/kiserletes-elettan-2\/\">K\u00eds\u00e9rletes \u00e9lettan tudom\u00e1nyos alapjai<\/a><\/p>\n<p><a href=\"https:\/\/semmelweis.hu\/elettan\/oktatas\/valaszthato-kurzusok\/szivelekrtofiziologia\/\">Sz\u00edvelektrofiziol\u00f3gia<\/a><\/p>\n<p><!--:--><\/p>\n","protected":false},"excerpt":{"rendered":"<p><a href=\"https:\/\/semmelweis.hu\/elettan\/oktatas\/phd-kurzus\/bioinformatika-es-genomanalizis-az-orvostudomanyban\/\">Bioinformatika \u00e9s genomanal\u00edzis az orvostudom\u00e1nyban<\/a><br \/>\n<a href=\"https:\/\/semmelweis.hu\/elettan\/oktatas\/valaszthato-kurzusok\/problemaorientalt-orvosi-elettan\/\">Probl\u00e9maorient\u00e1lt orvosi \u00e9lettan<\/a><br \/>\n<a href=\"https:\/\/semmelweis.hu\/elettan\/oktatas\/valaszthato-kurzusok\/kiserletes-elettan-2\/\">K\u00eds\u00e9rletes \u00e9lettan tudom\u00e1nyos alapjai<\/a><br \/>\n<a href=\"https:\/\/semmelweis.hu\/elettan\/oktatas\/valaszthato-kurzusok\/szivelekrtofiziologia\/\">Sz\u00edvelektrofiziol\u00f3gia<\/a><\/p>\n","protected":false},"author":116,"featured_media":0,"parent":10,"menu_order":22,"comment_status":"open","ping_status":"closed","template":"","meta":{"_acf_changed":false,"footnotes":""},"categories":[],"tags":[],"class_list":["post-199","page","type-page","status-publish","hentry"],"acf":[],"_links":{"self":[{"href":"https:\/\/semmelweis.hu\/elettan\/wp-json\/wp\/v2\/pages\/199","targetHints":{"allow":["GET"]}}],"collection":[{"href":"https:\/\/semmelweis.hu\/elettan\/wp-json\/wp\/v2\/pages"}],"about":[{"href":"https:\/\/semmelweis.hu\/elettan\/wp-json\/wp\/v2\/types\/page"}],"author":[{"embeddable":true,"href":"https:\/\/semmelweis.hu\/elettan\/wp-json\/wp\/v2\/users\/116"}],"replies":[{"embeddable":true,"href":"https:\/\/semmelweis.hu\/elettan\/wp-json\/wp\/v2\/comments?post=199"}],"version-history":[{"count":12,"href":"https:\/\/semmelweis.hu\/elettan\/wp-json\/wp\/v2\/pages\/199\/revisions"}],"predecessor-version":[{"id":7050,"href":"https:\/\/semmelweis.hu\/elettan\/wp-json\/wp\/v2\/pages\/199\/revisions\/7050"}],"up":[{"embeddable":true,"href":"https:\/\/semmelweis.hu\/elettan\/wp-json\/wp\/v2\/pages\/10"}],"wp:attachment":[{"href":"https:\/\/semmelweis.hu\/elettan\/wp-json\/wp\/v2\/media?parent=199"}],"wp:term":[{"taxonomy":"category","embeddable":true,"href":"https:\/\/semmelweis.hu\/elettan\/wp-json\/wp\/v2\/categories?post=199"},{"taxonomy":"post_tag","embeddable":true,"href":"https:\/\/semmelweis.hu\/elettan\/wp-json\/wp\/v2\/tags?post=199"}],"curies":[{"name":"wp","href":"https:\/\/api.w.org\/{rel}","templated":true}]}}