{"id":192,"date":"2013-07-30T10:34:40","date_gmt":"2013-07-30T08:34:40","guid":{"rendered":"http:\/\/semmelweis-egyetem.hu\/elettan\/?page_id=192"},"modified":"2024-02-12T15:55:38","modified_gmt":"2024-02-12T14:55:38","slug":"elert-eredmenyek","status":"publish","type":"page","link":"https:\/\/semmelweis.hu\/elettan\/tdk-2\/elert-eredmenyek\/","title":{"rendered":"El\u00e9rt eredm\u00e9nyek"},"content":{"rendered":"<p><a href=\"https:\/\/semmelweis.hu\/elettan\/files\/2021\/04\/d\u00edj.jpg\"><img loading=\"lazy\" decoding=\"async\" class=\"wp-image-5305 alignleft\" src=\"https:\/\/semmelweis.hu\/elettan\/files\/2021\/04\/d\u00edj-300x300.jpg\" alt=\"\" width=\"180\" height=\"180\" srcset=\"https:\/\/semmelweis.hu\/elettan\/files\/2021\/04\/d\u00edj-300x300.jpg 300w, https:\/\/semmelweis.hu\/elettan\/files\/2021\/04\/d\u00edj-150x150.jpg 150w, https:\/\/semmelweis.hu\/elettan\/files\/2021\/04\/d\u00edj.jpg 600w\" sizes=\"auto, (max-width: 180px) 100vw, 180px\" \/><\/a><\/p>\n<p style=\"text-align: left\">\u00a0<\/p>\n<p style=\"text-align: left\"><a href=\"https:\/\/semmelweis.hu\/elettan\/files\/2023\/02\/DIJ_ALL.pdf\">D\u00edjat nyert TDK el\u0151ad\u00e1sok<\/a><\/p>\n<p>&nbsp;<\/p>\n<p style=\"text-align: right\"><a href=\"https:\/\/semmelweis.hu\/elettan\/files\/2021\/04\/stat_ikon.jpg\"><img loading=\"lazy\" decoding=\"async\" class=\"size-medium wp-image-5304 alignright\" src=\"https:\/\/semmelweis.hu\/elettan\/files\/2021\/04\/stat_ikon-300x90.jpg\" alt=\"\" width=\"300\" height=\"90\" srcset=\"https:\/\/semmelweis.hu\/elettan\/files\/2021\/04\/stat_ikon-300x90.jpg 300w, https:\/\/semmelweis.hu\/elettan\/files\/2021\/04\/stat_ikon-768x231.jpg 768w, https:\/\/semmelweis.hu\/elettan\/files\/2021\/04\/stat_ikon-753x227.jpg 753w, https:\/\/semmelweis.hu\/elettan\/files\/2021\/04\/stat_ikon.jpg 957w\" sizes=\"auto, (max-width: 300px) 100vw, 300px\" \/><\/a>A<a href=\"https:\/\/semmelweis.hu\/elettan\/files\/2024\/02\/TDKstatisztika.pdf\"> TDK eredm\u00e9nyek statisztik\u00e1ja 1995-t\u0151l<\/a><br \/>\n<!--:--><\/p>\n","protected":false},"excerpt":{"rendered":"<p><a href=\"https:\/\/semmelweis.hu\/elettan\/files\/2021\/04\/d\u00edj.jpg\"><\/a><br \/>\n\u00a0<br \/>\n<a href=\"https:\/\/semmelweis.hu\/elettan\/files\/2023\/02\/DIJ_ALL.pdf\">D\u00edjat nyert TDK el\u0151ad\u00e1sok<\/a><br \/>\n&nbsp;<br \/>\n<a href=\"https:\/\/semmelweis.hu\/elettan\/files\/2021\/04\/stat_ikon.jpg\"><\/a>A<a href=\"https:\/\/semmelweis.hu\/elettan\/files\/2024\/02\/TDKstatisztika.pdf\"> TDK eredm\u00e9nyek statisztik\u00e1ja 1995-t\u0151l<\/a><\/p>\n","protected":false},"author":116,"featured_media":0,"parent":5550,"menu_order":8,"comment_status":"closed","ping_status":"closed","template":"","meta":{"_acf_changed":false,"footnotes":""},"categories":[],"tags":[],"class_list":["post-192","page","type-page","status-publish","hentry"],"acf":[],"_links":{"self":[{"href":"https:\/\/semmelweis.hu\/elettan\/wp-json\/wp\/v2\/pages\/192","targetHints":{"allow":["GET"]}}],"collection":[{"href":"https:\/\/semmelweis.hu\/elettan\/wp-json\/wp\/v2\/pages"}],"about":[{"href":"https:\/\/semmelweis.hu\/elettan\/wp-json\/wp\/v2\/types\/page"}],"author":[{"embeddable":true,"href":"https:\/\/semmelweis.hu\/elettan\/wp-json\/wp\/v2\/users\/116"}],"replies":[{"embeddable":true,"href":"https:\/\/semmelweis.hu\/elettan\/wp-json\/wp\/v2\/comments?post=192"}],"version-history":[{"count":11,"href":"https:\/\/semmelweis.hu\/elettan\/wp-json\/wp\/v2\/pages\/192\/revisions"}],"predecessor-version":[{"id":6557,"href":"https:\/\/semmelweis.hu\/elettan\/wp-json\/wp\/v2\/pages\/192\/revisions\/6557"}],"up":[{"embeddable":true,"href":"https:\/\/semmelweis.hu\/elettan\/wp-json\/wp\/v2\/pages\/5550"}],"wp:attachment":[{"href":"https:\/\/semmelweis.hu\/elettan\/wp-json\/wp\/v2\/media?parent=192"}],"wp:term":[{"taxonomy":"category","embeddable":true,"href":"https:\/\/semmelweis.hu\/elettan\/wp-json\/wp\/v2\/categories?post=192"},{"taxonomy":"post_tag","embeddable":true,"href":"https:\/\/semmelweis.hu\/elettan\/wp-json\/wp\/v2\/tags?post=192"}],"curies":[{"name":"wp","href":"https:\/\/api.w.org\/{rel}","templated":true}]}}