{"id":1641,"date":"2015-09-14T11:00:09","date_gmt":"2015-09-14T09:00:09","guid":{"rendered":"http:\/\/semmelweis.hu\/elettan\/?page_id=1641"},"modified":"2025-03-05T17:27:01","modified_gmt":"2025-03-05T16:27:01","slug":"adatelemzes-es-programozas-orvosbiologusoknakii","status":"publish","type":"page","link":"https:\/\/semmelweis.hu\/elettan\/oktatas\/phd-kurzus\/adatelemzes-es-programozas-orvosbiologusoknakii\/","title":{"rendered":"Adatelemz\u00e9s \u00e9s programoz\u00e1s orvos biol\u00f3gusoknak II"},"content":{"rendered":"<div class=\"responsive-tabs\">\n<h2 class=\"tabtitle\">\u00d3rarend<\/h2>\n<div class=\"tabcontent\">\n\n<p style=\"text-align: left\">\u00d3r\u00e1k: cs\u00fct\u00f6rt\u00f6k, 16:00 \u2013 17:30<\/p>\n<p style=\"text-align: left\">A kurzus els\u0151 \u00f3r\u00e1ja: 2025\/02\/13<\/p>\n<p>Helysz\u00edne: \u00c9lettani int\u00e9zet k\u00f6nyvt\u00e1ra (EOK, \u201eA\u201d f\u00e9s\u0171, 3. emelet), illetve a Zoom rendszer (online), a link a Moodle rendszeren kereszt\u00fcl \u00e9rhet\u0151 el.<\/p>\n<p>Az el\u0151ad\u00e1sokr\u00f3l felv\u00e9tel k\u00e9sz\u00fcl ami k\u00f6vethet\u0151 \u00e9l\u0151ben, illetve k\u00e9s\u0151bb visszan\u00e9zhet\u0151 a Moodle rendszerben.<\/p>\n\n<\/div><h2 class=\"tabtitle\">Le\u00edr\u00e1s<\/h2>\n<div class=\"tabcontent\">\n\n<p>Az adatfeldolgoz\u00e1s napi gyakorlat az orvos-biol\u00f3giai kutat\u00e1sban \u00e9s a klinikumban is. A programoz\u00e1si alapismeretek sok seg\u00edts\u00e9get jelentenek az adatkezel\u00e9sben. Az ismeretek fejleszt\u00e9s\u00e9vel ugr\u00e1sszer\u0171en n\u00f6vekszik az adatfeldolgoz\u00e1s hat\u00e9konys\u00e1ga, a megoldhat\u00f3 feladatok k\u00f6re jelent\u0151sen b\u0151v\u00fcl. L\u00e9nyeg\u00e9ben b\u00e1rmilyen szempont szerinti feldolgoz\u00e1sra lehet\u0151s\u00e9g ny\u00edlik, ezzel kreat\u00edv, \u00fajszer\u0171 megold\u00e1sokat ad a kutatok kez\u00e9be.<\/p>\n<p>A kurzus probl\u00e9maorient\u00e1lt, a nyelv elemeit egyszer\u0171 p\u00e9ld\u00e1kon kereszt\u00fcl tanuljak a di\u00e1kok. A hallgat\u00f3kat b\u00e1tor\u00edtjuk a feladatok csoportos megold\u00e1s\u00e1ra, illetve van lehet\u0151s\u00e9g kutat\u00e1si feladataikhoz k\u00f6zvetlen\u00fcl kapcsol\u00f3d\u00f3 adatsorokon is dolgozni. Az \u00e9rt\u00e9kel\u00e9s a projekten v\u00e9gzett munka alapj\u00e1n t\u00f6rt\u00e9nik.<\/p>\n<p>A kurzus 14 el\u0151ad\u00e1sb\u00f3l \u00e1ll, heti egy-egy alkalommal 90 perces id\u0151tartamban, elv\u00e9gz\u00e9s\u00e9hez sz\u00fcks\u00e9g van sz\u00e1m\u00edt\u00f3g\u00e9pre, err\u0151l a hallgat\u00f3knak maguknak kell gondoskodniuk. A kurzus az \u0151szi f\u00e9l\u00e9v \u201eAdatelemz\u00e9s \u00e9s programoz\u00e1s orvosbiol\u00f3gusoknak I\u201d alaptud\u00e1s\u00e1ra \u00e9p\u00fcl. A kurzus c\u00e9lja az el\u0151z\u0151 f\u00e9l\u00e9vben megszerzett alaptud\u00e1s fejleszt\u00e9se, ugyanakkor az els\u0151 f\u00e9l\u00e9ves kurzus nem el\u0151felt\u00e9tel amennyiben a di\u00e1k egy\u00e9b m\u00f3don szerzett alaptud\u00e1st. Az el\u0151ad\u00e1sokat alapesetben Dr Cserz\u0151 Mikl\u00f3s tartja a k\u00f6vetkez\u0151 c\u00edmekkel, a vend\u00e9g el\u0151ad\u00f3k z\u00e1r\u00f3jelben szerepelnek:<\/p>\n<p>&nbsp;<\/p>\n<ol>\n<li>Seaborn object interface<\/li>\n<li>Jupyter &#8222;magic&#8221;<\/li>\n<li>K\u00f3dfejleszt\u00e9s<\/li>\n<li>Virtu\u00e1lis g\u00e9p &#8211; WSL, Ubuntu<\/li>\n<li>Linux file rendszer<\/li>\n<li>Linux parancssor<\/li>\n<li>Python param\u00e9terek<\/li>\n<li>Python &#8211; Linux \u00e1tj\u00e1r\u00e1s<\/li>\n<li>AI-seg\u00edtett k\u00f3dfejleszt\u00e9s (K\u0151r\u00f6s-Angyal Viola)<\/li>\n<li>API programoz\u00e1s (Bertalan \u00c1d\u00e1m)<\/li>\n<li>Web UI (Bertalan \u00c1d\u00e1m)<\/li>\n<li>P\u00e1rhuzamos futtat\u00e1s<\/li>\n<li>Projektek z\u00e1r\u00e1sa<\/li>\n<li>\u00d6sszefoglal\u00f3<\/li>\n<\/ol>\n<\/div><\/div>\n","protected":false},"excerpt":{"rendered":"<p>\u00d3r\u00e1k: cs\u00fct\u00f6rt\u00f6k, 16:00 \u2013 17:30 A kurzus els\u0151 \u00f3r\u00e1ja: 2025\/02\/13 Helysz\u00edne: \u00c9lettani int\u00e9zet k\u00f6nyvt\u00e1ra (EOK, \u201eA\u201d f\u00e9s\u0171, 3. emelet), illetve a Zoom rendszer (online), a link a Moodle rendszeren kereszt\u00fcl \u00e9rhet\u0151 el. Az el\u0151ad\u00e1sokr\u00f3l felv\u00e9tel k\u00e9sz\u00fcl ami k\u00f6vethet\u0151 \u00e9l\u0151ben, illetve k\u00e9s\u0151bb visszan\u00e9zhet\u0151 a Moodle rendszerben. Az adatfeldolgoz\u00e1s napi gyakorlat az orvos-biol\u00f3giai kutat\u00e1sban \u00e9s a klinikumban &hellip;<\/p>\n","protected":false},"author":133,"featured_media":0,"parent":204,"menu_order":10,"comment_status":"closed","ping_status":"closed","template":"","meta":{"_acf_changed":false,"footnotes":""},"categories":[],"tags":[],"class_list":["post-1641","page","type-page","status-publish","hentry"],"acf":[],"_links":{"self":[{"href":"https:\/\/semmelweis.hu\/elettan\/wp-json\/wp\/v2\/pages\/1641","targetHints":{"allow":["GET"]}}],"collection":[{"href":"https:\/\/semmelweis.hu\/elettan\/wp-json\/wp\/v2\/pages"}],"about":[{"href":"https:\/\/semmelweis.hu\/elettan\/wp-json\/wp\/v2\/types\/page"}],"author":[{"embeddable":true,"href":"https:\/\/semmelweis.hu\/elettan\/wp-json\/wp\/v2\/users\/133"}],"replies":[{"embeddable":true,"href":"https:\/\/semmelweis.hu\/elettan\/wp-json\/wp\/v2\/comments?post=1641"}],"version-history":[{"count":10,"href":"https:\/\/semmelweis.hu\/elettan\/wp-json\/wp\/v2\/pages\/1641\/revisions"}],"predecessor-version":[{"id":7014,"href":"https:\/\/semmelweis.hu\/elettan\/wp-json\/wp\/v2\/pages\/1641\/revisions\/7014"}],"up":[{"embeddable":true,"href":"https:\/\/semmelweis.hu\/elettan\/wp-json\/wp\/v2\/pages\/204"}],"wp:attachment":[{"href":"https:\/\/semmelweis.hu\/elettan\/wp-json\/wp\/v2\/media?parent=1641"}],"wp:term":[{"taxonomy":"category","embeddable":true,"href":"https:\/\/semmelweis.hu\/elettan\/wp-json\/wp\/v2\/categories?post=1641"},{"taxonomy":"post_tag","embeddable":true,"href":"https:\/\/semmelweis.hu\/elettan\/wp-json\/wp\/v2\/tags?post=1641"}],"curies":[{"name":"wp","href":"https:\/\/api.w.org\/{rel}","templated":true}]}}