{"id":1602,"date":"2015-09-09T11:02:14","date_gmt":"2015-09-09T09:02:14","guid":{"rendered":"http:\/\/semmelweis.hu\/elettan\/?page_id=1602"},"modified":"2023-09-05T15:38:16","modified_gmt":"2023-09-05T13:38:16","slug":"bioinformatika-es-genomanalizis-az-orvostudomanyban","status":"publish","type":"page","link":"https:\/\/semmelweis.hu\/elettan\/oktatas\/phd-kurzus\/bioinformatika-es-genomanalizis-az-orvostudomanyban\/","title":{"rendered":"Bioinformatika \u00e9s genomanal\u00edzis az orvostudom\u00e1nyban"},"content":{"rendered":"<p>Ezt a kurzust angol nyelven tartjuk, a magyar nyelv\u0171 v\u00e1ltozat megsz\u0171nt.<\/p>\n","protected":false},"excerpt":{"rendered":"<p>Ezt a kurzust angol nyelven tartjuk, a magyar nyelv\u0171 v\u00e1ltozat megsz\u0171nt.<\/p>\n","protected":false},"author":133,"featured_media":0,"parent":204,"menu_order":0,"comment_status":"closed","ping_status":"closed","template":"","meta":{"_acf_changed":false,"footnotes":""},"categories":[],"tags":[],"class_list":["post-1602","page","type-page","status-publish","hentry"],"acf":[],"_links":{"self":[{"href":"https:\/\/semmelweis.hu\/elettan\/wp-json\/wp\/v2\/pages\/1602","targetHints":{"allow":["GET"]}}],"collection":[{"href":"https:\/\/semmelweis.hu\/elettan\/wp-json\/wp\/v2\/pages"}],"about":[{"href":"https:\/\/semmelweis.hu\/elettan\/wp-json\/wp\/v2\/types\/page"}],"author":[{"embeddable":true,"href":"https:\/\/semmelweis.hu\/elettan\/wp-json\/wp\/v2\/users\/133"}],"replies":[{"embeddable":true,"href":"https:\/\/semmelweis.hu\/elettan\/wp-json\/wp\/v2\/comments?post=1602"}],"version-history":[{"count":11,"href":"https:\/\/semmelweis.hu\/elettan\/wp-json\/wp\/v2\/pages\/1602\/revisions"}],"predecessor-version":[{"id":6352,"href":"https:\/\/semmelweis.hu\/elettan\/wp-json\/wp\/v2\/pages\/1602\/revisions\/6352"}],"up":[{"embeddable":true,"href":"https:\/\/semmelweis.hu\/elettan\/wp-json\/wp\/v2\/pages\/204"}],"wp:attachment":[{"href":"https:\/\/semmelweis.hu\/elettan\/wp-json\/wp\/v2\/media?parent=1602"}],"wp:term":[{"taxonomy":"category","embeddable":true,"href":"https:\/\/semmelweis.hu\/elettan\/wp-json\/wp\/v2\/categories?post=1602"},{"taxonomy":"post_tag","embeddable":true,"href":"https:\/\/semmelweis.hu\/elettan\/wp-json\/wp\/v2\/tags?post=1602"}],"curies":[{"name":"wp","href":"https:\/\/api.w.org\/{rel}","templated":true}]}}