{"id":16,"date":"2012-06-26T09:55:28","date_gmt":"2012-06-26T07:55:28","guid":{"rendered":"http:\/\/semmelweis-egyetem.hu\/elettan\/?page_id=16"},"modified":"2024-06-07T15:57:20","modified_gmt":"2024-06-07T13:57:20","slug":"tanulmanyi-verseny","status":"publish","type":"page","link":"https:\/\/semmelweis.hu\/elettan\/oktatas\/tanulmanyi-verseny\/","title":{"rendered":"Tanulm\u00e1nyi verseny"},"content":{"rendered":"<p><strong>Az \u00e9lettan tanulm\u00e1nyi verseny v\u00e9geredm\u00e9nye (2024)<\/strong><\/p>\n<p><strong>\u00c1OK:\u00a0<\/strong>I. helyezett: Sulok Yahya; II. helyezett: Schanberg Lilla; III. helyezett: Varga Anita<\/p>\n<p><strong>FOK:<\/strong> I. helyezett: Kercs\u00f3 Zs\u00f3fi; II. helyezett: Bornemissza R\u00e9ka; III-IV. helyezettek (holtverseny): Schwanner Adrienn &amp; Dobos Petra<\/p>\n<p><strong>Az \u00e9lettan tanulm\u00e1nyi verseny v\u00e9geredm\u00e9nye (2023)<\/strong><\/p>\n<p><strong>\u00c1OK:\u00a0<\/strong>I. helyezett: P\u00e1l Eszter; II. helyezett: Sebok P\u00e1l Szabolcs; III. helyezett: Csepi M\u00e1t\u00e9<\/p>\n<p><strong>FOK:<\/strong> I. helyezett: Sur\u00e1nyi G\u00e1bor M\u00e1rk; II. helyezett: H\u00e9jja Istv\u00e1n Tam\u00e1s; III. helyezett: Csik Dorka<\/p>\n<p><strong>Az \u00e9lettan tanulm\u00e1nyi verseny v\u00e9geredm\u00e9nye (2022)<\/strong><\/p>\n<p><strong>\u00c1OK:\u00a0<\/strong>I. helyezett: Csat\u00f3 D\u00e1niel R\u00f3bert; II. helyezett: Trembeczki Bal\u00e1zs Bence; III. helyezett: Husznai Albert J\u00f3zsef<\/p>\n<p><strong>FOK:<\/strong> I. helyezett: Adamik D\u00f3ra; II. helyezett: S\u00e1gi \u00c1d\u00e1m; III. helyezett: Lesk\u00f3 Eszter R\u00f3zsa<\/p>\n<p><strong>Az \u00e9lettan tanulm\u00e1nyi verseny v\u00e9geredm\u00e9nye (2021)<\/strong><\/p>\n<p><strong>\u00c1OK:\u00a0<\/strong>I. helyezett:\u00a0Babayigit Kevin;\u00a0II. helyezett: Bojtor Bence;\u00a0III. helyezett: Kirchlechner-Farkas Judit M\u00e1ria<\/p>\n<p><strong>FOK:<\/strong> I. helyezett: Horv\u00e1th Emma; II. helyezett: Bogn\u00e1r Katalin; III. helyezett: Vancsura Anna<\/p>\n<p><strong>Az \u00c1OK+FOK \u00e9lettan tanulm\u00e1nyi verseny v\u00e9geredm\u00e9nye (2020)<\/strong><\/p>\n<p>J\u00e1rv\u00e1nyhelyzet miatt elmaradt<\/p>\n<p><strong>Az \u00c1OK+FOK \u00e9lettan tanulm\u00e1nyi verseny v\u00e9geredm\u00e9nye (2019)<\/strong><\/p>\n<p>I. helyezett: \u00c1goston D\u00f3ra Erzs\u00e9bet &amp; Horv\u00e1th Kinga (\u00c1OK) \u00a0\u00a0\u00a0 <br \/>\nIII. helyezett: Hoffmann Henrik Med\u00e1rd (\u00c1OK)<\/p>\n<p>IV-VI. helyezett: Bencsik Barnab\u00e1s, Jakobszen Orsolya &amp; Kov\u00e1cs Krist\u00f3f (\u00c1OK)\u00a0<\/p>\n<p><strong>FOK:<\/strong> Nem sz\u00fcletett \u00e9rt\u00e9kelhet\u0151 eredm\u00e9ny.<\/p>\n<p><strong>Az \u00c1OK+FOK \u00e9lettan tanulm\u00e1nyi verseny v\u00e9geredm\u00e9nye (2018)<\/strong><\/p>\n<p>I. helyezett:\u00a0 Mikl\u00f3s Gabriella M\u00e1ria (\u00c1OK) \u00a0\u00a0\u00a0 <br \/>\nII. helyezett:\u00a0 Rak\u00f3 Kl\u00e1ra (\u00c1OK) \u00a0\u00a0\u00a0 <br \/>\nIII. helyezett: Lipt\u00e1k Laura Andrea (\u00c1OK)<\/p>\n<p>IV-V. helyezett:\u00a0 Illy\u00e9s Gabriella &amp; Kov\u00e1cs Vikt\u00f3ria (\u00c1OK)\u00a0<\/p>\n<p><strong>FOK:<\/strong> I. Qian Xinyi<\/p>\n<p><strong>Az \u00c1OK+FOK \u00e9lettan tanulm\u00e1nyi verseny v\u00e9geredm\u00e9nye (2017)<\/strong><\/p>\n<p>I. helyezett:\u00a0\u00a0 Antal D\u00f3ra (\u00c1OK) \u00a0\u00a0\u00a0 <br \/>\nII. helyezett:\u00a0\u00a0Boros Rox\u00e1na Krisztina (\u00c1OK) \u00a0\u00a0\u00a0 <br \/>\nIII. helyezett: N\u00e9meth Zs\u00f3fia (\u00c1OK)<\/p>\n<p>IV. helyezett:\u00a0\u00a0P\u00e9terffy Borb\u00e1la (\u00c1OK)\u00a0<\/p>\n<p><strong>FOK:<\/strong> I. Svidr\u00f3 Eszter<\/p>\n<p><strong>Az \u00c1OK+FOK \u00e9lettan tanulm\u00e1nyi verseny v\u00e9geredm\u00e9nye (2016)<\/strong><\/p>\n<p>I. helyezett:\u00a0\u00a0 \u00a0\u00a0\u00a0\u00a0 Zich\u00f3 Kriszti\u00e1n (\u00c1OK)<br \/>\nII. helyezett:\u00a0\u00a0 \u00a0\u00a0\u00a0 Egyed B\u00e1lint (\u00c1OK)<br \/>\nIII. helyezett:\u00a0\u00a0 \u00a0\u00a0\u00a0 Hajnal S\u00e1ndor (\u00c1OK)<\/p>\n<p>FOK: Nem sz\u00fcletett \u00e9rt\u00e9kelhet\u0151 eredm\u00e9ny.<\/p>\n<p><strong>Az \u00c1OK \u00e9lettan tanulm\u00e1nyi verseny v\u00e9geredm\u00e9nye (2015)<\/strong><\/p>\n<p>I. helyezett:\u00a0\u00a0 \u00a0\u00a0\u00a0 \u00a0Varga Csenge C3<br \/>\nII. helyezett:\u00a0\u00a0 \u00a0\u00a0\u00a0 \u00a0Borb\u00e9ly Ruben Zsolt C1<br \/>\nIII. helyezett:\u00a0\u00a0 \u00a0\u00a0\u00a0 \u00a0Babity M\u00e1t\u00e9 A1<br \/>\nIV. helyezett:\u00a0\u00a0 \u00a0\u00a0\u00a0 \u00a0Ocskay Zsombor B2<\/p>\n<p><strong>A FOK \u00e9lettan tanulm\u00e1nyi verseny eredm\u00e9nye (2015)<\/strong><\/p>\n<p>I. helyezett \u00a0\u00a0 \u00a0\u00a0\u00a0 \u00a0K\u00f3nya Krisztina 1. csoport<br \/>\nII. helyezett\u00a0\u00a0 \u00a0\u00a0\u00a0 \u00a0Domj\u00e1n Szil\u00e1rd 5. csoport<br \/>\nIII. helyezett \u00a0\u00a0 \u00a0\u00a0\u00a0 \u00a0Bal\u00e1zs Gabriella Bianka 6. csoport<\/p>\n<p><b>Az \u00c1OK \u00e9lettan tanulm\u00e1nyi verseny v\u00e9geredm\u00e9nye (2014)<\/b><\/p>\n<p>I. helyezett:\u00a0\u00a0\u00a0\u00a0\u00a0\u00a0\u00a0\u00a0\u00a0\u00a0\u00a0\u00a0\u00a0\u00a0\u00a0\u00a0\u00a0Kuti \u00c1kos A2<br \/>\nII. helyezett:\u00a0\u00a0\u00a0\u00a0\u00a0\u00a0\u00a0\u00a0\u00a0\u00a0\u00a0\u00a0\u00a0\u00a0 Kov\u00e1cs Adrienn Nikolett A3<br \/>\nIII. helyezett:\u00a0\u00a0\u00a0\u00a0\u00a0\u00a0\u00a0\u00a0\u00a0\u00a0\u00a0\u00a0\u00a0 Lippai Zolt\u00e1n D2<br \/>\nIV. helyezett:\u00a0\u00a0\u00a0\u00a0\u00a0\u00a0\u00a0\u00a0\u00a0\u00a0\u00a0\u00a0\u00a0 Keller D\u00e1vid A1<br \/>\nV. helyezett: \u00a0\u00a0\u00a0\u00a0\u00a0\u00a0\u00a0\u00a0\u00a0\u00a0\u00a0\u00a0\u00a0\u00a0 Fecske P\u00e9ter Zsolt D3<br \/>\n<b>\u00a0<\/b><br \/>\n<b>A FOK \u00e9lettan tanulm\u00e1nyi verseny eredm\u00e9nye (2014)<\/b><\/p>\n<p>Nem sz\u00fcletett \u00e9rt\u00e9kelhet\u0151 eredm\u00e9ny.<\/p>\n<p><b>Az \u00c1OK \u00e9lettan tanulm\u00e1nyi verseny v\u00e9geredm\u00e9nye (2013)<\/b><\/p>\n<p>I. helyezett:\u00a0\u00a0\u00a0\u00a0\u00a0\u00a0\u00a0\u00a0\u00a0\u00a0\u00a0\u00a0\u00a0\u00a0\u00a0\u00a0\u00a0\u00a0 Kugler Szilvia C2<br \/>\nII. helyezett:\u00a0\u00a0\u00a0\u00a0\u00a0\u00a0\u00a0\u00a0\u00a0\u00a0\u00a0\u00a0\u00a0\u00a0\u00a0\u00a0\u00a0 Lotz Bence A3<br \/>\nIII. helyezett:\u00a0\u00a0\u00a0\u00a0\u00a0\u00a0\u00a0\u00a0\u00a0\u00a0\u00a0\u00a0\u00a0\u00a0\u00a0\u00a0 Kovalovszki B\u00e1lint A1<br \/>\nIV. helyezett:\u00a0\u00a0\u00a0\u00a0\u00a0\u00a0\u00a0\u00a0\u00a0\u00a0\u00a0\u00a0\u00a0\u00a0\u00a0 Szita Vir\u00e1g R\u00e9ka A3<br \/>\nV. helyezett: \u00a0\u00a0\u00a0\u00a0\u00a0\u00a0\u00a0\u00a0\u00a0\u00a0\u00a0\u00a0\u00a0\u00a0\u00a0\u00a0 Varga Melinda Zs\u00f3fia B1 \u00e9s Fekete Iv\u00e1n D1<\/p>\n<p><b>A FOK \u00e9lettan tanulm\u00e1nyi verseny eredm\u00e9nye (2013)<\/b><br \/>\nI. helyezett\u00a0\u00a0\u00a0\u00a0\u00a0\u00a0\u00a0\u00a0\u00a0\u00a0\u00a0\u00a0\u00a0\u00a0\u00a0\u00a0\u00a0\u00a0\u00a0 Hegyi Ferenc 5. csop.<br \/>\nII. helyezett \u00a0\u00a0\u00a0\u00a0\u00a0\u00a0\u00a0\u00a0\u00a0\u00a0\u00a0\u00a0\u00a0\u00a0\u00a0\u00a0\u00a0 Gy\u00f6ngy\u00f6si Marcell 4. csop.<br \/>\nIII. helyezett \u00a0\u00a0\u00a0\u00a0\u00a0\u00a0\u00a0\u00a0\u00a0\u00a0\u00a0\u00a0\u00a0\u00a0\u00a0 Sinkovics Endre D\u00e1vid 6. csop.<\/p>\n<p><strong>Az \u00c1OK \u00e9lettan tanulm\u00e1nyi verseny v\u00e9geredm\u00e9nye (2012)<\/strong><\/p>\n<p>I. helyezett: Prokop Susanne C2<br \/>\nII. helyezett: Budai Marcell A1<br \/>\nIII. helyezett: Kolossv\u00e1ry M\u00e1rton C3 \u00e9s Lajtai Krisztina D2<br \/>\nV. helyezett: Ecker N\u00f3ra D2<br \/>\nVI. helyezett: Papp K\u00e1lm\u00e1n K\u00e1roly C1<\/p>\n<p><strong>A FOK \u00e9lettan tanulm\u00e1nyi verseny eredm\u00e9nye (2012)<\/strong><\/p>\n<p>I. helyezett: D\u00f3r\u00f3 Marianna 1. csop.<br \/>\nII. helyezett: Harangoz\u00f3 Tam\u00e1s 2. csop.<\/p>\n<p><strong>Az \u00c1OK \u00e9lettan tanulm\u00e1nyi verseny eredm\u00e9nye (2011)<\/strong><\/p>\n<p>I. helyezett: Katona D\u00e1vid D3<br \/>\nII. helyezett: Vilinovszki Oliv\u00e9r B1<br \/>\nIII. helyezett: Radv\u00e1nszky Gl\u00f3ria D3<br \/>\nIV. helyezett: T\u00f3th Gergely C2 \u00e9s Veres \u00c9va Dorottya A3<\/p>\n<p><strong>Az \u00c1OK \u00e9lettan tanulm\u00e1nyi verseny eredm\u00e9nye (2010)<\/strong><\/p>\n<p>I. helyezett: V\u00e1mosi P\u00e9ter A2<br \/>\nII. helyezett: T\u00f3th Gergely B3<br \/>\nIII.-IV. helyezett: Szab\u00f3 Gergely A2 \u00e9s Tall\u00f3sy Bernadett A1<br \/>\nV.-VI. helyezett: Birtalan Ede C1 \u00e9s Gy\u00e1n\u00f3 Marcell A1<\/p>\n<p><strong>Az \u00c1OK \u00e9lettan tanulm\u00e1nyi verseny eredm\u00e9nye (2009)<\/strong><\/p>\n<p>I. helyezett: Boros Eszter A1<br \/>\nII. helyezett: Kov\u00e1cs Hajnal A1<br \/>\nIII. helyezett: B\u00e9res Andr\u00e1s C3<br \/>\nIV. helyezett: Kolonics Ferenc Zolt\u00e1n D1<\/p>\n<p><strong>A FOK \u00e9lettan tanulm\u00e1nyi verseny eredm\u00e9nye (2009)<\/strong><\/p>\n<p>I. helyezett: Szam\u00f3dy Tam\u00e1s<br \/>\nII. hely equo loco: Csom\u00f3 Kriszti\u00e1n Benedek \u00e9s Megyeri S\u00e1ra<br \/>\nIV. helyezett: K\u00f6v\u00e9r Kriszti\u00e1n<\/p>\n<p><strong>Az \u00c1OK \u00e9lettan tanulm\u00e1nyi verseny eredm\u00e9nye (2008)<\/strong><\/p>\n<p>I. helyezett: Bilecz \u00c1gnes J\u00falia<br \/>\nII. helyezett: Juh\u00e1sz Imre Benedek<br \/>\nIII. helyezett: T\u00f3th Andr\u00e1s D\u00e1vid<br \/>\nIV. helyezett: Domonkos Andor<br \/>\nV. helyezett: Kov\u00e1cs Attila \u00e9s Pal\u00f3czi Zolt\u00e1n<\/p>\n<p><strong>A FOK \u00e9lettan tanulm\u00e1nyi verseny eredm\u00e9nye (2008)<\/strong><\/p>\n<p>I. helyezett: Kov\u00e1cs M\u00e1t\u00e9 J\u00e1nos<br \/>\nDics\u00e9ret: Bunsits Rita<br \/>\nDics\u00e9ret: Schablik Georgina<br \/>\nDics\u00e9ret: Berze Ildik\u00f3<\/p>\n<p><strong>Az \u00c1OK \u00e9lettan tanulm\u00e1nyi verseny eredm\u00e9nye (2007)<\/strong><\/p>\n<p>I. helyezett: Kirschenbaum D\u00e1niel B2<br \/>\nII. helyezett: Nagy Claudia Vivien A2<br \/>\nIII. helyezett (equo loco): Heged\u00fcs Mikl\u00f3s B1 \u00e9s N\u00e9meth K\u00e1roly C3<br \/>\nV. helyezett (equo loco): T\u00f3th R\u00e9ka A1 \u00e9s Laczk\u00f3 Richard A3<\/p>\n<p><strong>A FOK \u00e9lettan tanulm\u00e1nyi verseny eredm\u00e9nye (2007)<\/strong><\/p>\n<p>I. helyezett: N\u00e9meth Bertalan 4. csop.<br \/>\nII. helyezett: P\u00e1tser Anik\u00f3 4. csop.<br \/>\nIII. helyezett: Sterba K\u00e1roly 6. csop.<\/p>\n<p><strong>Az \u00c1OK \u00e9lettan tanulm\u00e1nyi verseny eredm\u00e9nye (2006)<\/strong><\/p>\n<p>I. helyezett: M\u00e9sz\u00e1ros Zsolt B1<br \/>\nII. helyezett: Nagy Erzs\u00e9bet A1<br \/>\nIII. helyezett: R\u00f3nai Katalin B3<br \/>\nIV. helyezett: Horny\u00e1k Krisztina D2<\/p>\n<p><strong>A FOK \u00e9lettan tanulm\u00e1nyi verseny eredm\u00e9nye (2006)<\/strong><\/p>\n<p>I. helyezett: Kivovics M\u00e1rton<br \/>\nII. helyezett: Stiedl P\u00e9ter<br \/>\nIII. helyezett: Kiss \u00c1d\u00e1m<!--:--><\/p>\n","protected":false},"excerpt":{"rendered":"<p>Az \u00e9lettan tanulm\u00e1nyi verseny v\u00e9geredm\u00e9nye (2024) \u00c1OK:\u00a0I. helyezett: Sulok Yahya; II. helyezett: Schanberg Lilla; III. helyezett: Varga Anita FOK: I. helyezett: Kercs\u00f3 Zs\u00f3fi; II. helyezett: Bornemissza R\u00e9ka; III-IV. helyezettek (holtverseny): Schwanner Adrienn &amp; Dobos Petra Az \u00e9lettan tanulm\u00e1nyi verseny v\u00e9geredm\u00e9nye (2023) \u00c1OK:\u00a0I. helyezett: P\u00e1l Eszter; II. helyezett: Sebok P\u00e1l Szabolcs; III. helyezett: Csepi M\u00e1t\u00e9 FOK: &hellip;<\/p>\n","protected":false},"author":12,"featured_media":0,"parent":10,"menu_order":23,"comment_status":"closed","ping_status":"closed","template":"","meta":{"_acf_changed":false,"footnotes":""},"categories":[],"tags":[],"class_list":["post-16","page","type-page","status-publish","hentry"],"acf":[],"_links":{"self":[{"href":"https:\/\/semmelweis.hu\/elettan\/wp-json\/wp\/v2\/pages\/16","targetHints":{"allow":["GET"]}}],"collection":[{"href":"https:\/\/semmelweis.hu\/elettan\/wp-json\/wp\/v2\/pages"}],"about":[{"href":"https:\/\/semmelweis.hu\/elettan\/wp-json\/wp\/v2\/types\/page"}],"author":[{"embeddable":true,"href":"https:\/\/semmelweis.hu\/elettan\/wp-json\/wp\/v2\/users\/12"}],"replies":[{"embeddable":true,"href":"https:\/\/semmelweis.hu\/elettan\/wp-json\/wp\/v2\/comments?post=16"}],"version-history":[{"count":11,"href":"https:\/\/semmelweis.hu\/elettan\/wp-json\/wp\/v2\/pages\/16\/revisions"}],"predecessor-version":[{"id":6682,"href":"https:\/\/semmelweis.hu\/elettan\/wp-json\/wp\/v2\/pages\/16\/revisions\/6682"}],"up":[{"embeddable":true,"href":"https:\/\/semmelweis.hu\/elettan\/wp-json\/wp\/v2\/pages\/10"}],"wp:attachment":[{"href":"https:\/\/semmelweis.hu\/elettan\/wp-json\/wp\/v2\/media?parent=16"}],"wp:term":[{"taxonomy":"category","embeddable":true,"href":"https:\/\/semmelweis.hu\/elettan\/wp-json\/wp\/v2\/categories?post=16"},{"taxonomy":"post_tag","embeddable":true,"href":"https:\/\/semmelweis.hu\/elettan\/wp-json\/wp\/v2\/tags?post=16"}],"curies":[{"name":"wp","href":"https:\/\/api.w.org\/{rel}","templated":true}]}}