{"id":1423,"date":"2015-06-18T12:38:52","date_gmt":"2015-06-18T10:38:52","guid":{"rendered":"http:\/\/semmelweis.hu\/elettan\/?page_id=1423"},"modified":"2016-09-01T11:03:29","modified_gmt":"2016-09-01T09:03:29","slug":"nyirokelettani-kutatocsoport","status":"publish","type":"page","link":"https:\/\/semmelweis.hu\/elettan\/kutatas\/nyirokelettani-kutatocsoport\/","title":{"rendered":"Nyirok\u00e9lettani Kutat\u00f3csoport"},"content":{"rendered":"<div>Kutat\u00f3csoport-vezet\u0151: Dr. Jakus Zolt\u00e1n P\u00e9ter<\/div>\n<div>\u00a0<\/div>\n<div>A kutat\u00f3csoport a nyirokerek n\u00f6veked\u00e9s\u00e9t, a folyamatot ir\u00e1ny\u00edt\u00f3 molekul\u00e1ris mechanizmusokat \u00e9s a nyirokerek m\u0171k\u00f6d\u00e9s\u00e9nek \u00e9lettani \u00e9s k\u00f3r\u00e9lettani szerep\u00e9t vizsg\u00e1lja.<\/div>\n<div>\u00a0<\/div>\n<div><a href=\"http:\/\/scholar.semmelweis.hu\/jakuszoltan\/hu\/nyirokelettani_kutatocsoport\/\">Tov\u00e1bb a kutat\u00f3csoport honlapj\u00e1ra.<\/a><\/div>\n","protected":false},"excerpt":{"rendered":"<p>Kutat\u00f3csoport-vezet\u0151: Dr. Jakus Zolt\u00e1n P\u00e9ter<br \/>\n\u00a0<br \/>\nA kutat\u00f3csoport a nyirokerek n\u00f6veked\u00e9s\u00e9t, a folyamatot ir\u00e1ny\u00edt\u00f3 molekul\u00e1ris mechanizmusokat \u00e9s a nyirokerek m\u0171k\u00f6d\u00e9s\u00e9nek \u00e9lettani \u00e9s k\u00f3r\u00e9lettani szerep\u00e9t vizsg\u00e1lja.<br \/>\n\u00a0<br \/>\n<a href=\"http:\/\/scholar.semmelweis.hu\/jakuszoltan\/hu\/nyirokelettani_kutatocsoport\/\">Tov\u00e1bb a kutat\u00f3csoport honlapj\u00e1ra.<\/a><\/p>\n","protected":false},"author":116,"featured_media":0,"parent":17,"menu_order":20,"comment_status":"closed","ping_status":"closed","template":"","meta":{"_acf_changed":false,"footnotes":""},"categories":[],"tags":[],"class_list":["post-1423","page","type-page","status-publish","hentry"],"acf":[],"_links":{"self":[{"href":"https:\/\/semmelweis.hu\/elettan\/wp-json\/wp\/v2\/pages\/1423","targetHints":{"allow":["GET"]}}],"collection":[{"href":"https:\/\/semmelweis.hu\/elettan\/wp-json\/wp\/v2\/pages"}],"about":[{"href":"https:\/\/semmelweis.hu\/elettan\/wp-json\/wp\/v2\/types\/page"}],"author":[{"embeddable":true,"href":"https:\/\/semmelweis.hu\/elettan\/wp-json\/wp\/v2\/users\/116"}],"replies":[{"embeddable":true,"href":"https:\/\/semmelweis.hu\/elettan\/wp-json\/wp\/v2\/comments?post=1423"}],"version-history":[{"count":3,"href":"https:\/\/semmelweis.hu\/elettan\/wp-json\/wp\/v2\/pages\/1423\/revisions"}],"predecessor-version":[{"id":2194,"href":"https:\/\/semmelweis.hu\/elettan\/wp-json\/wp\/v2\/pages\/1423\/revisions\/2194"}],"up":[{"embeddable":true,"href":"https:\/\/semmelweis.hu\/elettan\/wp-json\/wp\/v2\/pages\/17"}],"wp:attachment":[{"href":"https:\/\/semmelweis.hu\/elettan\/wp-json\/wp\/v2\/media?parent=1423"}],"wp:term":[{"taxonomy":"category","embeddable":true,"href":"https:\/\/semmelweis.hu\/elettan\/wp-json\/wp\/v2\/categories?post=1423"},{"taxonomy":"post_tag","embeddable":true,"href":"https:\/\/semmelweis.hu\/elettan\/wp-json\/wp\/v2\/tags?post=1423"}],"curies":[{"name":"wp","href":"https:\/\/api.w.org\/{rel}","templated":true}]}}