{"id":12,"date":"2012-06-26T09:43:43","date_gmt":"2012-06-26T07:43:43","guid":{"rendered":"http:\/\/semmelweis-egyetem.hu\/elettan\/?page_id=12"},"modified":"2026-02-19T16:03:39","modified_gmt":"2026-02-19T15:03:39","slug":"tavaszi-szemeszter","status":"publish","type":"page","link":"https:\/\/semmelweis.hu\/elettan\/oktatas\/tavaszi-szemeszter\/","title":{"rendered":"Tavaszi szemeszter"},"content":{"rendered":"<p><!--:hu--><\/p>\n<p>El\u0151ad\u00e1s-tematika <a href=\"https:\/\/semmelweis.hu\/elettan\/files\/2023\/02\/AOK_eloadas_tavasz.pdf\">\u00c1OK<\/a> \/ <a href=\"https:\/\/semmelweis.hu\/elettan\/files\/2023\/02\/FOK_eloadas_tavasz.pdf\">FOK\u00a0<\/a> (2025\/26)<\/p>\n<p>Gyakorlatok rendje \u00e9s tematik\u00e1ja\u00a0<a href=\"https:\/\/semmelweis.hu\/elettan\/files\/2023\/02\/AOK-gyak-menet_tavasz.pdf\">\u00c1OK<\/a> (2025\/26)<\/p>\n<p>Gyakorlatok rendje \u00e9s tematik\u00e1ja\u00a0<a href=\"https:\/\/semmelweis.hu\/elettan\/files\/2023\/02\/FOK-gyak-menet_tavasz.pdf\">FOK<\/a> (2025\/26)<\/p>\n<p><del>T\u00e1j\u00e9koztat\u00f3 az \u00e9lettan szigorlatr\u00f3l\u00a0<a href=\"https:\/\/semmelweis.hu\/elettan\/files\/2022\/01\/Szigtaj-2025-AOK.pdf\">\u00c1OK<\/a> \u00e9s\u00a0<a href=\"https:\/\/semmelweis.hu\/elettan\/files\/2022\/01\/Szigtaj-2025-FOK.pdf\">FOK<\/a> (<span style=\"color: #000000\">2024\/25<\/span>)<\/del><\/p>\n<p>Szigorlati t\u00e9telek\u00a0<a href=\"https:\/\/semmelweis.hu\/elettan\/files\/2023\/02\/Szigorlati-tetelek-AOK-es-FOK.pdf\">\u00c1OK \u00e9s FOK<\/a> hallgat\u00f3k sz\u00e1m\u00e1ra (2022\/23\/24\/25\/26 azonos)<\/p>\n<p>Gyakorlati szigorlati t\u00e9telek\u00a0<a href=\"https:\/\/semmelweis.hu\/elettan\/files\/2023\/02\/GYAKORLATI-SZIGORLAT.pdf\">\u00c1OK<\/a> hallgat\u00f3 sz\u00e1m\u00e1ra (2022\/<span style=\"color: #000000\">23\/24\/25\/26<\/span>\u00a0azonos)<\/p>\n<p>Sz\u00e1monk\u00e9r\u00e9sre ker\u00fcl\u0151<a href=\"https:\/\/semmelweis.hu\/elettan\/files\/2013\/09\/AOK-abrak.pdf\"> \u00e1br\u00e1k<\/a><\/p>\n<p>A legfontosabb<a href=\"https:\/\/semmelweis.hu\/elettan\/files\/2014\/04\/AOK-adat.pdf\"> \u00e9lettani adatok \u00e9s sz\u00e1m\u00edt\u00e1si feladatok<\/a> t\u00e9mak\u00f6r\u00f6k szerint<\/p>\n<p><del>Tanulm\u00e1nyi versenyek (\u00c1OK \u00e9s FOK): a m\u00e1sodik f\u00e9l\u00e9ves<span style=\"color: #000000\"> versenyvizsga keret\u00e9ben ker\u00fcl megrendez\u00e9sre a 14. oktat\u00e1si h\u00e9ten a tantermi el\u0151ad\u00e1s \u00f3rarendi hely\u00e9n \u00e9s idej\u00e9ben (<\/span>2024\/25\/2; \u00c1OK:p\u00e9ntek; FOK:cs\u00fct\u00f6rt\u00f6k).<\/del><\/p>\n<p><del>Vizsgaid\u0151szaki <a href=\"https:\/\/docs.google.com\/spreadsheets\/d\/1PT05T9mVAQqsTvztVk6iqQBAC44_AxqUBRn3zdTc8oI\/edit?usp=sharing\">konzult\u00e1ci\u00f3 <\/a>\u00e9lettanb\u00f3l<\/del><\/p>\n<p>&nbsp;<\/p>\n<p><!--:--><\/p>\n","protected":false},"excerpt":{"rendered":"<p>El\u0151ad\u00e1s-tematika <a href=\"https:\/\/semmelweis.hu\/elettan\/files\/2023\/02\/AOK_eloadas_tavasz.pdf\">\u00c1OK<\/a> \/ <a href=\"https:\/\/semmelweis.hu\/elettan\/files\/2023\/02\/FOK_eloadas_tavasz.pdf\">FOK\u00a0<\/a> (2025\/26) Gyakorlatok rendje \u00e9s tematik\u00e1ja\u00a0 <a href=\"https:\/\/semmelweis.hu\/elettan\/files\/2023\/02\/AOK-gyak-menet_tavasz.pdf\">\u00c1OK<\/a> (2025\/26) Gyakorlatok rendje \u00e9s tematik\u00e1ja\u00a0 <a href=\"https:\/\/semmelweis.hu\/elettan\/files\/2023\/02\/FOK-gyak-menet_tavasz.pdf\">FOK<\/a> (2025\/26) T\u00e1j\u00e9koztat\u00f3 az \u00e9lettan szigorlatr\u00f3l\u00a0 <a href=\"https:\/\/semmelweis.hu\/elettan\/files\/2022\/01\/Szigtaj-2025-AOK.pdf\">\u00c1OK<\/a> \u00e9s\u00a0 <a href=\"https:\/\/semmelweis.hu\/elettan\/files\/2022\/01\/Szigtaj-2025-FOK.pdf\">FOK<\/a> (2024\/25) Szigorlati t\u00e9telek\u00a0 <a href=\"https:\/\/semmelweis.hu\/elettan\/files\/2023\/02\/Szigorlati-tetelek-AOK-es-FOK.pdf\">\u00c1OK \u00e9s FOK<\/a> hallgat\u00f3k sz\u00e1m\u00e1ra (2022\/23\/24\/25\/26 azonos) Gyakorlati szigorlati t\u00e9telek\u00a0 <a href=\"https:\/\/semmelweis.hu\/elettan\/files\/2023\/02\/GYAKORLATI-SZIGORLAT.pdf\">\u00c1OK<\/a> hallgat\u00f3 sz\u00e1m\u00e1ra (2022\/23\/24\/25\/26\u00a0azonos) Sz\u00e1monk\u00e9r\u00e9sre ker\u00fcl\u0151 <a href=\"https:\/\/semmelweis.hu\/elettan\/files\/2013\/09\/AOK-abrak.pdf\"> \u00e1br\u00e1k<\/a> A legfontosabb <a href=\"https:\/\/semmelweis.hu\/elettan\/files\/2014\/04\/AOK-adat.pdf\"> \u00e9lettani adatok \u00e9s sz\u00e1m\u00edt\u00e1si feladatok<\/a> t\u00e9mak\u00f6r\u00f6k szerint Tanulm\u00e1nyi versenyek (\u00c1OK \u00e9s FOK): a m\u00e1sodik f\u00e9l\u00e9ves versenyvizsga keret\u00e9ben ker\u00fcl megrendez\u00e9sre a 14. oktat\u00e1si h\u00e9ten a tantermi &hellip;<\/p>\n","protected":false},"author":12,"featured_media":0,"parent":10,"menu_order":17,"comment_status":"closed","ping_status":"closed","template":"","meta":{"_acf_changed":false,"footnotes":""},"categories":[],"tags":[],"class_list":["post-12","page","type-page","status-publish","hentry"],"acf":[],"_links":{"self":[{"href":"https:\/\/semmelweis.hu\/elettan\/wp-json\/wp\/v2\/pages\/12","targetHints":{"allow":["GET"]}}],"collection":[{"href":"https:\/\/semmelweis.hu\/elettan\/wp-json\/wp\/v2\/pages"}],"about":[{"href":"https:\/\/semmelweis.hu\/elettan\/wp-json\/wp\/v2\/types\/page"}],"author":[{"embeddable":true,"href":"https:\/\/semmelweis.hu\/elettan\/wp-json\/wp\/v2\/users\/12"}],"replies":[{"embeddable":true,"href":"https:\/\/semmelweis.hu\/elettan\/wp-json\/wp\/v2\/comments?post=12"}],"version-history":[{"count":11,"href":"https:\/\/semmelweis.hu\/elettan\/wp-json\/wp\/v2\/pages\/12\/revisions"}],"predecessor-version":[{"id":7472,"href":"https:\/\/semmelweis.hu\/elettan\/wp-json\/wp\/v2\/pages\/12\/revisions\/7472"}],"up":[{"embeddable":true,"href":"https:\/\/semmelweis.hu\/elettan\/wp-json\/wp\/v2\/pages\/10"}],"wp:attachment":[{"href":"https:\/\/semmelweis.hu\/elettan\/wp-json\/wp\/v2\/media?parent=12"}],"wp:term":[{"taxonomy":"category","embeddable":true,"href":"https:\/\/semmelweis.hu\/elettan\/wp-json\/wp\/v2\/categories?post=12"},{"taxonomy":"post_tag","embeddable":true,"href":"https:\/\/semmelweis.hu\/elettan\/wp-json\/wp\/v2\/tags?post=12"}],"curies":[{"name":"wp","href":"https:\/\/api.w.org\/{rel}","templated":true}]}}