{"id":11,"date":"2012-06-26T09:43:11","date_gmt":"2012-06-26T07:43:11","guid":{"rendered":"http:\/\/semmelweis-egyetem.hu\/elettan\/?page_id=11"},"modified":"2025-10-31T11:13:57","modified_gmt":"2025-10-31T10:13:57","slug":"oszi-szemeszter","status":"publish","type":"page","link":"https:\/\/semmelweis.hu\/elettan\/oktatas\/oszi-szemeszter\/","title":{"rendered":"\u0150szi szemeszter"},"content":{"rendered":"<p><!--:hu--><\/p>\n<p>El\u0151ad\u00e1stematika: <a href=\"https:\/\/semmelweis.hu\/elettan\/files\/2022\/09\/AOK_eloadas_osz.pdf\">\u00c1OK<\/a> \/ <a href=\"https:\/\/semmelweis.hu\/elettan\/files\/2022\/08\/FOK_eloadas_osz.pdf\">FOK<\/a> <span style=\"color: #000000\">(<span style=\"color: #ff0000\">2025\/26<\/span>)<\/span><\/p>\n<p>Gyakorlatok rendje \u00e9s tematik\u00e1ja\u00a0 <a href=\"https:\/\/semmelweis.hu\/elettan\/files\/2022\/09\/AOK-gyak-menet_osz.pdf\">\u00c1OK<\/a>-\u00e1n, illetve <a href=\"https:\/\/semmelweis.hu\/elettan\/files\/2022\/01\/FOK-gyak-menet_osz.pdf\">FOK<\/a>-on <span style=\"color: #000000\">(<span style=\"color: #ff0000\">2025\/26<\/span>)<\/span><\/p>\n<p><a href=\"http:\/\/lib.semmelweis.hu\/app\/getKbFile&amp;id=5196\">\u00d6sszes\u00edt\u0151 t\u00e1bl\u00e1zat v\u00e9rnyom\u00e1sm\u00e9r\u00e9shez<\/a><\/p>\n<p>Kollokviumi <a href=\"https:\/\/semmelweis.hu\/elettan\/files\/2020\/09\/tetel-2023_24-kollok-AOK_FOK.pdf\">t\u00e9telek \u00c1OK \u00e9s FOK<\/a> hallgat\u00f3k sz\u00e1m\u00e1ra (2023\/24\/25 azonos)<\/p>\n<p><a href=\"https:\/\/semmelweis.hu\/elettan\/files\/2013\/09\/AOK-abrak.pdf\">Sz\u00e1monk\u00e9r\u00e9sre ker\u00fcl\u0151 \u00e1br\u00e1k<\/a><\/p>\n<p>A legfontosabb <a href=\"https:\/\/semmelweis.hu\/elettan\/files\/2014\/04\/AOK-adat.pdf\">\u00e9lettani adatok \u00e9s sz\u00e1m\u00edt\u00e1si feladatok<\/a> t\u00e9mak\u00f6r\u00f6k szerint<\/p>\n<p>T\u00e1j\u00e9koztat\u00f3 az <span style=\"color: #000000\">\u00e9lettan kollokviumr\u00f3l <a href=\"https:\/\/semmelweis.hu\/elettan\/files\/2019\/10\/Kolltaj2526AOK.pdf\">\u00c1OK<\/a><\/span><span style=\"color: #000000\">, illetve <a href=\"https:\/\/semmelweis.hu\/elettan\/files\/2019\/10\/Kolltaj2526FOK.pdf\">FOK<\/a> <\/span><span style=\"color: #000000\">hallga<\/span>t\u00f3k sz\u00e1m\u00e1ra <span style=\"color: #000000\">(<span style=\"color: #ff0000\">2025\/26<\/span>)<\/span><\/p>\n<p><a href=\"https:\/\/semmelweis.hu\/elettan\/files\/2025\/10\/Felhivas-versenyvizsgara-2025-1.-felev.pdf\">Felh\u00edv\u00e1s versenyvizsg\u00e1ra<\/a> (2025\/26)<\/p>\n<p>Vizsgaid\u0151szaki <a href=\"https:\/\/docs.google.com\/spreadsheets\/d\/1PT05T9mVAQqsTvztVk6iqQBAC44_AxqUBRn3zdTc8oI\/edit?usp=sharing\">konzult\u00e1ci\u00f3<\/a> \u00e9lettanb\u00f3l<\/p>\n<p><!--:--><\/p>\n","protected":false},"excerpt":{"rendered":"<p>El\u0151ad\u00e1stematika: <a href=\"https:\/\/semmelweis.hu\/elettan\/files\/2022\/09\/AOK_eloadas_osz.pdf\">\u00c1OK<\/a> \/ <a href=\"https:\/\/semmelweis.hu\/elettan\/files\/2022\/08\/FOK_eloadas_osz.pdf\">FOK<\/a> (2025\/26)<br \/>\nGyakorlatok rendje \u00e9s tematik\u00e1ja\u00a0 <a href=\"https:\/\/semmelweis.hu\/elettan\/files\/2022\/09\/AOK-gyak-menet_osz.pdf\">\u00c1OK<\/a>-\u00e1n, illetve <a href=\"https:\/\/semmelweis.hu\/elettan\/files\/2022\/01\/FOK-gyak-menet_osz.pdf\">FOK<\/a>-on (2025\/26)<br \/>\n<a href=\"http:\/\/lib.semmelweis.hu\/app\/getKbFile&amp;id=5196\">\u00d6sszes\u00edt\u0151 t\u00e1bl\u00e1zat v\u00e9rnyom\u00e1sm\u00e9r\u00e9shez<\/a><br \/>\nKollokviumi <a href=\"https:\/\/semmelweis.hu\/elettan\/files\/2020\/09\/tetel-2023_24-kollok-AOK_FOK.pdf\">t\u00e9telek \u00c1OK \u00e9s FOK<\/a> hallgat\u00f3k sz\u00e1m\u00e1ra (2023\/24\/25 azonos)<br \/>\n<a href=\"https:\/\/semmelweis.hu\/elettan\/files\/2013\/09\/AOK-abrak.pdf\">Sz\u00e1monk\u00e9r\u00e9sre ker\u00fcl\u0151 \u00e1br\u00e1k<\/a><br \/>\nA legfontosabb <a href=\"https:\/\/semmelweis.hu\/elettan\/files\/2014\/04\/AOK-adat.pdf\">\u00e9lettani adatok \u00e9s sz\u00e1m\u00edt\u00e1si feladatok<\/a> t\u00e9mak\u00f6r\u00f6k szerint<br \/>\nT\u00e1j\u00e9koztat\u00f3 az \u00e9lettan kollokviumr\u00f3l <a href=\"https:\/\/semmelweis.hu\/elettan\/files\/2019\/10\/Kolltaj2526AOK.pdf\">\u00c1OK<\/a>, illetve <a href=\"https:\/\/semmelweis.hu\/elettan\/files\/2019\/10\/Kolltaj2526FOK.pdf\">FOK<\/a> hallgat\u00f3k sz\u00e1m\u00e1ra (2025\/26)<br \/>\n<a href=\"https:\/\/semmelweis.hu\/elettan\/files\/2025\/10\/Felhivas-versenyvizsgara-2025-1.-felev.pdf\">Felh\u00edv\u00e1s versenyvizsg\u00e1ra<\/a> (2025\/26)<br \/>\nVizsgaid\u0151szaki <a href=\"https:\/\/docs.google.com\/spreadsheets\/d\/1PT05T9mVAQqsTvztVk6iqQBAC44_AxqUBRn3zdTc8oI\/edit?usp=sharing\">konzult\u00e1ci\u00f3<\/a> \u00e9lettanb\u00f3l<\/p>\n","protected":false},"author":12,"featured_media":0,"parent":10,"menu_order":12,"comment_status":"closed","ping_status":"closed","template":"","meta":{"_acf_changed":false,"footnotes":""},"categories":[],"tags":[],"class_list":["post-11","page","type-page","status-publish","hentry"],"acf":[],"_links":{"self":[{"href":"https:\/\/semmelweis.hu\/elettan\/wp-json\/wp\/v2\/pages\/11","targetHints":{"allow":["GET"]}}],"collection":[{"href":"https:\/\/semmelweis.hu\/elettan\/wp-json\/wp\/v2\/pages"}],"about":[{"href":"https:\/\/semmelweis.hu\/elettan\/wp-json\/wp\/v2\/types\/page"}],"author":[{"embeddable":true,"href":"https:\/\/semmelweis.hu\/elettan\/wp-json\/wp\/v2\/users\/12"}],"replies":[{"embeddable":true,"href":"https:\/\/semmelweis.hu\/elettan\/wp-json\/wp\/v2\/comments?post=11"}],"version-history":[{"count":12,"href":"https:\/\/semmelweis.hu\/elettan\/wp-json\/wp\/v2\/pages\/11\/revisions"}],"predecessor-version":[{"id":7356,"href":"https:\/\/semmelweis.hu\/elettan\/wp-json\/wp\/v2\/pages\/11\/revisions\/7356"}],"up":[{"embeddable":true,"href":"https:\/\/semmelweis.hu\/elettan\/wp-json\/wp\/v2\/pages\/10"}],"wp:attachment":[{"href":"https:\/\/semmelweis.hu\/elettan\/wp-json\/wp\/v2\/media?parent=11"}],"wp:term":[{"taxonomy":"category","embeddable":true,"href":"https:\/\/semmelweis.hu\/elettan\/wp-json\/wp\/v2\/categories?post=11"},{"taxonomy":"post_tag","embeddable":true,"href":"https:\/\/semmelweis.hu\/elettan\/wp-json\/wp\/v2\/tags?post=11"}],"curies":[{"name":"wp","href":"https:\/\/api.w.org\/{rel}","templated":true}]}}