{"id":1051,"date":"2014-06-18T12:45:51","date_gmt":"2014-06-18T11:45:51","guid":{"rendered":"http:\/\/semmelweis.hu\/elettan\/?page_id=1051"},"modified":"2024-06-07T15:58:36","modified_gmt":"2024-06-07T13:58:36","slug":"vorlesungen","status":"publish","type":"page","link":"https:\/\/semmelweis.hu\/elettan\/de\/unterricht\/vorlesungen\/","title":{"rendered":"Vorlesungsmaterialen"},"content":{"rendered":"<p style=\"text-align: center\"><span style=\"font-family: georgia,palatino;font-size: small\"><strong><span style=\"color: #ff0000\">!!! Die PPT\/PDF-filen k\u00f6nnen durch Urheberrecht gesch\u00fctzte Abbildungen enthalten. !!! !!! Deswegen d\u00fcrfen sie nur f\u00fcr Edukationszwecke verwendet werden. !!!<\/span><\/strong><\/span><\/p>\n<h3>Die Vorlesungsmateriale sind im <a href=\"https:\/\/itc.semmelweis.hu\/\">MOODLE<\/a> erreichbar.<\/h3>\n<p><span style=\"font-family: georgia,palatino;font-size: small\"><strong>Probleme k\u00f6nnen per e-mail <\/strong><strong> an <span style=\"font-family: georgia,palatino\">petheo.gabor@semmelweis.hu<\/span> <\/strong><strong>gemeldet werden.<\/strong><\/span><\/p>\n","protected":false},"excerpt":{"rendered":"<p>!!! Die PPT\/PDF-filen k\u00f6nnen durch Urheberrecht gesch\u00fctzte Abbildungen enthalten. !!! !!! Deswegen d\u00fcrfen sie nur f\u00fcr Edukationszwecke verwendet werden. !!!<br \/>\nDie Vorlesungsmateriale sind im <a href=\"https:\/\/itc.semmelweis.hu\/\">MOODLE<\/a> erreichbar.<br \/>\nProbleme k\u00f6nnen per e-mail  an petheo.gabor@semmelweis.hu gemeldet werden.<\/p>\n","protected":false},"author":116,"featured_media":0,"parent":1047,"menu_order":19,"comment_status":"closed","ping_status":"closed","template":"","meta":{"_acf_changed":false,"footnotes":""},"categories":[],"tags":[],"class_list":["post-1051","page","type-page","status-publish","hentry"],"acf":[],"_links":{"self":[{"href":"https:\/\/semmelweis.hu\/elettan\/wp-json\/wp\/v2\/pages\/1051","targetHints":{"allow":["GET"]}}],"collection":[{"href":"https:\/\/semmelweis.hu\/elettan\/wp-json\/wp\/v2\/pages"}],"about":[{"href":"https:\/\/semmelweis.hu\/elettan\/wp-json\/wp\/v2\/types\/page"}],"author":[{"embeddable":true,"href":"https:\/\/semmelweis.hu\/elettan\/wp-json\/wp\/v2\/users\/116"}],"replies":[{"embeddable":true,"href":"https:\/\/semmelweis.hu\/elettan\/wp-json\/wp\/v2\/comments?post=1051"}],"version-history":[{"count":10,"href":"https:\/\/semmelweis.hu\/elettan\/wp-json\/wp\/v2\/pages\/1051\/revisions"}],"predecessor-version":[{"id":6683,"href":"https:\/\/semmelweis.hu\/elettan\/wp-json\/wp\/v2\/pages\/1051\/revisions\/6683"}],"up":[{"embeddable":true,"href":"https:\/\/semmelweis.hu\/elettan\/wp-json\/wp\/v2\/pages\/1047"}],"wp:attachment":[{"href":"https:\/\/semmelweis.hu\/elettan\/wp-json\/wp\/v2\/media?parent=1051"}],"wp:term":[{"taxonomy":"category","embeddable":true,"href":"https:\/\/semmelweis.hu\/elettan\/wp-json\/wp\/v2\/categories?post=1051"},{"taxonomy":"post_tag","embeddable":true,"href":"https:\/\/semmelweis.hu\/elettan\/wp-json\/wp\/v2\/tags?post=1051"}],"curies":[{"name":"wp","href":"https:\/\/api.w.org\/{rel}","templated":true}]}}