{"id":1038,"date":"2014-06-18T12:16:39","date_gmt":"2014-06-18T10:16:39","guid":{"rendered":"http:\/\/semmelweis.hu\/elettan\/?page_id=1038"},"modified":"2021-02-10T11:15:50","modified_gmt":"2021-02-10T10:15:50","slug":"forschung","status":"publish","type":"page","link":"https:\/\/semmelweis.hu\/elettan\/de\/forschung\/","title":{"rendered":"Forschung"},"content":{"rendered":"<p style=\"text-align: center\">Die Lehre und Forschung steht\u00a0 in erster Stelle unserer Mission.<\/p>\n<p style=\"text-align: center\">Forschungsgruppen unserer Institut begr\u00fc\u00dfen jeden StudentInnen, die Interesse an Forschung haben. Die Anmeldung ben\u00f6tig eine in Physiologie II erworbene Note von 4 oder 5 .<\/p>\n<p>&nbsp;<\/p>\n<p style=\"text-align: center\"><span style=\"font-size: 18pt\">F\u00fcr weitere Informationen steht Ihnen\u00a0 <strong>Dr. Eszter M. Horv\u00e1th<\/strong> gerne zur Verf\u00fcgung:<\/span><\/p>\n<p style=\"text-align: center\">phone extension: 60338 or 60335<\/p>\n<p style=\"text-align: center\">email: <a href=\"mailto:horvath.eszter@med.semmelweis-univ.hu\"><span style=\"color: #0000ff\">horvath.eszter@med.semmelweis-univ.hu<\/span><\/a><\/p>\n<p style=\"text-align: center\">The research activity of the Institute is organized around the following research groups:<\/p>\n<table border=\"0\" width=\"562\" align=\"center\">\n<tbody>\n<tr>\n<td align=\"center\" valign=\"middle\"><a href=\"http:\/\/elettan.eok.sote.hu\/index.php?page=molekularis-endokrinologiai---sejtszignalizacio&amp;hl=en_US\"><img loading=\"lazy\" decoding=\"async\" src=\"uploads\/images\/csoportok\/hunyady_lab2.jpg\" alt=\"\" width=\"150\" height=\"82\" \/><\/a><\/td>\n<td align=\"center\" valign=\"middle\"><a href=\"http:\/\/elettan.eok.sote.hu\/index.php?page=molekularis-endokrinologiai---sejtszignalizacio&amp;hl=en_US\"><span style=\"font-family: georgia,palatino;font-size: medium\">Molecular endocrinology &#8211; cell signaling<\/span><\/a> <span style=\"font-family: georgia,palatino;font-size: medium\">(PI: Dr. L\u00e1szl\u00f3 Hunyady, full professor, corresponding member of the Hung. Acad. Sci. &#8211; Dr. P\u00e9ter V\u00e1rnai, assistant professor, D.Sc.)<\/span><\/td>\n<td align=\"center\" valign=\"middle\"><a href=\"http:\/\/elettan.eok.sote.hu\/index.php?page=molekularis-endokrinologiai---sejtszignalizacio&amp;hl=en_US\"><img loading=\"lazy\" decoding=\"async\" src=\"uploads\/images\/csoportok\/varnai_lab.jpg\" alt=\"\" width=\"150\" height=\"111\" \/><\/a><\/td>\n<\/tr>\n<tr>\n<td align=\"center\" valign=\"middle\">\u00a0<\/td>\n<td align=\"center\" valign=\"middle\"><span style=\"font-family: georgia,palatino;font-size: medium\">Fagocyte physiology<\/span> <span style=\"font-family: georgia,palatino;font-size: medium\">(PI: Dr. Erzs\u00e9bet Ligeti, full professor, member of the Hung. Acad. Sci.)<\/span><\/td>\n<td align=\"center\" valign=\"middle\"><a href=\"http:\/\/elettan.eok.sote.hu\/index.php?page=fagocita-elettan&amp;hl=hu_HU\"><img loading=\"lazy\" decoding=\"async\" src=\"uploads\/images\/csoportok\/ligeti.gif\" alt=\"\" width=\"150\" height=\"111\" \/><\/a><\/td>\n<\/tr>\n<tr>\n<td align=\"center\" valign=\"middle\"><a href=\"http:\/\/elettan.eok.sote.hu\/index.php?page=ioncsatorna-es-molekularis-biologia&amp;hl=en_US\"><img loading=\"lazy\" decoding=\"async\" src=\"uploads\/images\/csoportok\/enyedi_lab.jpg\" alt=\"\" width=\"150\" height=\"104\" \/><\/a><\/td>\n<td align=\"center\" valign=\"middle\"><a href=\"https:\/\/semmelweis.hu\/elettan\/research\/ionchanels-and-molecular-biology\/\"><span style=\"font-family: georgia,palatino;font-size: medium\">Ionchanels and molecular biology<\/span><\/a> <span style=\"font-family: georgia,palatino;font-size: medium\">(PI: Dr. P\u00e9ter Enyedi, full professor, D.Sc.)<\/span><\/td>\n<td align=\"center\" valign=\"middle\"><a href=\"http:\/\/elettan.eok.sote.hu\/index.php?page=ioncsatorna-es-molekularis-biologia&amp;hl=en_US\"><img loading=\"lazy\" decoding=\"async\" style=\"vertical-align: middle\" src=\"uploads\/images\/csoportok\/EP_1.jpg\" alt=\"\" width=\"150\" height=\"131\" \/><\/a><\/td>\n<\/tr>\n<tr>\n<td align=\"center\" valign=\"middle\"><a href=\"http:\/\/elettan.eok.sote.hu\/index.php?page=molekularis-elettan&amp;hl=hu_HU\"><img loading=\"lazy\" decoding=\"async\" src=\"uploads\/images\/csoportok\/spat_lab.jpg\" alt=\"\" width=\"150\" height=\"101\" \/><\/a><\/td>\n<td align=\"center\" valign=\"middle\"><a href=\"https:\/\/semmelweis.hu\/elettan\/?p=1099\"><span style=\"font-family: georgia,palatino;font-size: medium\">Molecular physiology<\/span><\/a> <span style=\"font-family: georgia,palatino;font-size: medium\">(PI: Dr. Andr\u00e1s Sp\u00e4t, full professor, member of the Hung. Acad. Sci.)<\/span><\/td>\n<td align=\"center\" valign=\"middle\"><a href=\"http:\/\/elettan.eok.sote.hu\/index.php?page=molekularis-elettan&amp;hl=hu_HU\"><img loading=\"lazy\" decoding=\"async\" src=\"uploads\/images\/csoportok\/spat-lab.JPG\" alt=\"\" width=\"150\" height=\"113\" \/><\/a><\/td>\n<\/tr>\n<tr>\n<td align=\"center\" valign=\"middle\"><a href=\"http:\/\/elettan.eok.sote.hu\/index.php?page=gyulladaselettan&amp;hl=en_US\"><img loading=\"lazy\" decoding=\"async\" src=\"uploads\/images\/csoportok\/mocsai_lab.jpg\" alt=\"\" width=\"150\" height=\"92\" \/><\/a><\/td>\n<td align=\"center\" valign=\"middle\"><a href=\"https:\/\/semmelweis.hu\/elettan\/research\/inflammation-physiology-research-group\/\"><span style=\"font-family: georgia,palatino;font-size: medium\">Infalammation physiology<\/span><\/a> <span style=\"font-family: georgia,palatino;font-size: medium\">(PI: Dr. Attila M\u00f3csai, assistant professor, D.Sc.)<\/span><\/td>\n<td align=\"center\" valign=\"middle\">\u00a0<\/td>\n<\/tr>\n<tr>\n<td align=\"center\" valign=\"middle\"><img loading=\"lazy\" decoding=\"async\" src=\"uploads\/images\/csoportok\/geiszt_abor.jpg\" alt=\"\" width=\"150\" height=\"100\" \/><\/td>\n<td align=\"center\" valign=\"middle\"><span style=\"font-family: georgia,palatino;font-size: medium\">Reactive oxigene species<\/span> <span style=\"font-family: georgia,palatino;font-size: medium\"> (PI: Dr. Mikl\u00f3s Geiszt, assistant professor, D.Sc.)<\/span><\/td>\n<td align=\"center\" valign=\"middle\">\u00a0<\/td>\n<\/tr>\n<tr>\n<td align=\"center\" valign=\"middle\"><img loading=\"lazy\" decoding=\"async\" src=\"uploads\/images\/csoportok\/kaldi_lab.jpg\" alt=\"\" width=\"150\" height=\"98\" \/><\/td>\n<td align=\"center\" valign=\"middle\"><span style=\"font-family: georgia,palatino;font-size: medium\">Chronophysiology laboratory<\/span> <span style=\"font-family: georgia,palatino;font-size: medium\">(PI: Dr. Krisztina K\u00e1ldi, assistant professor)<\/span><\/td>\n<td align=\"center\" valign=\"middle\">\u00a0<\/td>\n<\/tr>\n<\/tbody>\n<\/table>\n<p>&nbsp;<\/p>\n","protected":false},"excerpt":{"rendered":"<p>Die Lehre und Forschung steht\u00a0 in erster Stelle unserer Mission. Forschungsgruppen unserer Institut begr\u00fc\u00dfen jeden StudentInnen, die Interesse an Forschung haben. Die Anmeldung ben\u00f6tig eine in Physiologie II erworbene Note von 4 oder 5 . &nbsp; F\u00fcr weitere Informationen steht Ihnen\u00a0 Dr. Eszter M. Horv\u00e1th gerne zur Verf\u00fcgung: phone extension: 60338 or 60335 email: <a href=\"mailto:horvath.eszter@med.semmelweis-univ.hu\">horvath.eszter@med.semmelweis-univ.hu<\/a> The &hellip;<\/p>\n","protected":false},"author":116,"featured_media":0,"parent":0,"menu_order":29,"comment_status":"closed","ping_status":"closed","template":"","meta":{"_acf_changed":false,"footnotes":""},"categories":[],"tags":[],"class_list":["post-1038","page","type-page","status-publish","hentry"],"acf":[],"_links":{"self":[{"href":"https:\/\/semmelweis.hu\/elettan\/wp-json\/wp\/v2\/pages\/1038","targetHints":{"allow":["GET"]}}],"collection":[{"href":"https:\/\/semmelweis.hu\/elettan\/wp-json\/wp\/v2\/pages"}],"about":[{"href":"https:\/\/semmelweis.hu\/elettan\/wp-json\/wp\/v2\/types\/page"}],"author":[{"embeddable":true,"href":"https:\/\/semmelweis.hu\/elettan\/wp-json\/wp\/v2\/users\/116"}],"replies":[{"embeddable":true,"href":"https:\/\/semmelweis.hu\/elettan\/wp-json\/wp\/v2\/comments?post=1038"}],"version-history":[{"count":7,"href":"https:\/\/semmelweis.hu\/elettan\/wp-json\/wp\/v2\/pages\/1038\/revisions"}],"predecessor-version":[{"id":5137,"href":"https:\/\/semmelweis.hu\/elettan\/wp-json\/wp\/v2\/pages\/1038\/revisions\/5137"}],"wp:attachment":[{"href":"https:\/\/semmelweis.hu\/elettan\/wp-json\/wp\/v2\/media?parent=1038"}],"wp:term":[{"taxonomy":"category","embeddable":true,"href":"https:\/\/semmelweis.hu\/elettan\/wp-json\/wp\/v2\/categories?post=1038"},{"taxonomy":"post_tag","embeddable":true,"href":"https:\/\/semmelweis.hu\/elettan\/wp-json\/wp\/v2\/tags?post=1038"}],"curies":[{"name":"wp","href":"https:\/\/api.w.org\/{rel}","templated":true}]}}