{"id":1028,"date":"2014-06-18T12:07:25","date_gmt":"2014-06-18T10:07:25","guid":{"rendered":"http:\/\/semmelweis.hu\/elettan\/?page_id=1028"},"modified":"2025-03-05T14:41:17","modified_gmt":"2025-03-05T13:41:17","slug":"kontakt","status":"publish","type":"page","link":"https:\/\/semmelweis.hu\/elettan\/de\/kontakt\/","title":{"rendered":"Kontakt"},"content":{"rendered":"<h3><strong><strong>Semmelweis Universit\u00e4t &#8211; Institut f\u00fcr Physiologie<\/strong><\/strong><\/h3>\n<p>T\u0171zolt\u00f3 Str. 37-47<\/p>\n<p>1094 Budapest, Ungarn, EU<\/p>\n<p><strong>Postadresse:<\/strong> 1428 Budapest, Postfach: 2, Ungarn, EU<\/p>\n<p><strong>Telephon:<\/strong> +36-1-459-1500\/60400<\/p>\n<p><strong>Fax:<\/strong> +36-1-266-7480<\/p>\n<p><strong>E-mail:<\/strong> titkarsag.elettan@semmelweis.hu<\/p>\n<p><strong>Zust\u00e4ndig f\u00fcr die Studenten:<\/strong><\/p>\n<h3 style=\"text-align: center\"><span style=\"color: #ff0000\">Achtung! Studiumsbezogene Fragen werden ausschlie\u00dflich nach vorheriger E-Mail-Anfrage bearbeitet!<\/span><\/h3>\n<p>Dr. G\u00e1bor PETHE\u0150 Dozent<\/p>\n<p><strong>Email: <\/strong><span style=\"font-size: small;font-family: georgia,palatino\"><span style=\"color: #000000\"><strong>petheo.gabor<\/strong><span style=\"font-size: small;font-family: georgia,palatino\"><strong>[\u00e4t]semmelweis.hu<\/strong>,<\/span> Angabe von Neptun ID und Fakult\u00e4t ist erforderlich!<\/span><\/span><\/p>\n<p><strong>Telefon: <\/strong>+36-1-459-1500\/60436<\/p>\n<p><a href=\"mailto:petheo.gabor@med.semmelweis-univ.hu\">Webmeister<\/a><\/p>\n\n<!-- iframe plugin v.4.9 wordpress.org\/plugins\/iframe\/ -->\n<iframe loading=\"lazy\" src=\"https:\/\/maps.google.com\/maps?f=q&#038;source=s_q&#038;hl=en&#038;geocode=&#038;q=1094+Budapest,+T%C5%B1zolt%C3%B3+u.+37-47,+Hungary&#038;aq=0&#038;oq=1094+Budapest,+T%C5%B1zolt%C3%B3+u.+37-47.&#038;sll=37.0625,-95.677068&#038;sspn=43.307813,100.898438&#038;t=m&#038;ie=UTF8&#038;hq=&#038;hnear=1094+Budapest,+IX.+ker%C3%BClet,+T%C5%B1zolt%C3%B3+utca+37,+Hungary&#038;ll=47.481108,19.078399&#038;spn=0.018127,0.049267&#038;z=14&#038;output=embed\" width=\"425\" height=\"350\" scrolling=\"yes\" class=\"iframe-class\" frameborder=\"0\"><\/iframe>\n\n<p><small><a href=\"https:\/\/maps.google.com\/maps?f=q&amp;source=embed&amp;hl=en&amp;geocode=&amp;q=1094+Budapest,+T%C5%B1zolt%C3%B3+u.+37-47,+Hungary&amp;aq=0&amp;oq=1094+Budapest,+T%C5%B1zolt%C3%B3+u.+37-47.&amp;sll=37.0625,-95.677068&amp;sspn=43.307813,100.898438&amp;t=m&amp;ie=UTF8&amp;hq=&amp;hnear=1094+Budapest,+IX.+ker%C3%BClet,+T%C5%B1zolt%C3%B3+utca+37,+Hungary&amp;ll=47.481108,19.078399&amp;spn=0.018127,0.049267&amp;z=14\">View Larger Map<\/a><\/small><\/p>\n<p style=\"text-align: left\"><strong><strong><img loading=\"lazy\" decoding=\"async\" title=\"EOK\" src=\"https:\/\/semmelweis.hu\/elettan\/files\/2017\/01\/EOK-balkulso2hdr_s.jpg\" alt=\"ujepulet\" width=\"500\" height=\"334\" \/><\/strong><\/strong><\/p>\n<p style=\"text-align: center\">\u00a0<\/p>\n","protected":false},"excerpt":{"rendered":"<p>Semmelweis Universit\u00e4t &#8211; Institut f\u00fcr Physiologie T\u0171zolt\u00f3 Str. 37-47 1094 Budapest, Ungarn, EU Postadresse: 1428 Budapest, Postfach: 2, Ungarn, EU Telephon: +36-1-459-1500\/60400 Fax: +36-1-266-7480 E-mail: titkarsag.elettan@semmelweis.hu Zust\u00e4ndig f\u00fcr die Studenten: Achtung! Studiumsbezogene Fragen werden ausschlie\u00dflich nach vorheriger E-Mail-Anfrage bearbeitet! Dr. G\u00e1bor PETHE\u0150 Dozent Email: petheo.gabor[\u00e4t]semmelweis.hu, Angabe von Neptun ID und Fakult\u00e4t ist erforderlich! Telefon: +36-1-459-1500\/60436 &hellip;<\/p>\n","protected":false},"author":116,"featured_media":0,"parent":0,"menu_order":18,"comment_status":"closed","ping_status":"closed","template":"","meta":{"_acf_changed":false,"footnotes":""},"categories":[],"tags":[],"class_list":["post-1028","page","type-page","status-publish","hentry"],"acf":[],"_links":{"self":[{"href":"https:\/\/semmelweis.hu\/elettan\/wp-json\/wp\/v2\/pages\/1028","targetHints":{"allow":["GET"]}}],"collection":[{"href":"https:\/\/semmelweis.hu\/elettan\/wp-json\/wp\/v2\/pages"}],"about":[{"href":"https:\/\/semmelweis.hu\/elettan\/wp-json\/wp\/v2\/types\/page"}],"author":[{"embeddable":true,"href":"https:\/\/semmelweis.hu\/elettan\/wp-json\/wp\/v2\/users\/116"}],"replies":[{"embeddable":true,"href":"https:\/\/semmelweis.hu\/elettan\/wp-json\/wp\/v2\/comments?post=1028"}],"version-history":[{"count":10,"href":"https:\/\/semmelweis.hu\/elettan\/wp-json\/wp\/v2\/pages\/1028\/revisions"}],"predecessor-version":[{"id":7008,"href":"https:\/\/semmelweis.hu\/elettan\/wp-json\/wp\/v2\/pages\/1028\/revisions\/7008"}],"wp:attachment":[{"href":"https:\/\/semmelweis.hu\/elettan\/wp-json\/wp\/v2\/media?parent=1028"}],"wp:term":[{"taxonomy":"category","embeddable":true,"href":"https:\/\/semmelweis.hu\/elettan\/wp-json\/wp\/v2\/categories?post=1028"},{"taxonomy":"post_tag","embeddable":true,"href":"https:\/\/semmelweis.hu\/elettan\/wp-json\/wp\/v2\/tags?post=1028"}],"curies":[{"name":"wp","href":"https:\/\/api.w.org\/{rel}","templated":true}]}}