{"id":1022,"date":"2014-06-18T11:45:58","date_gmt":"2014-06-18T09:45:58","guid":{"rendered":"http:\/\/semmelweis.hu\/elettan\/?page_id=1022"},"modified":"2025-06-17T15:27:25","modified_gmt":"2025-06-17T13:27:25","slug":"die-geschichte-des-institutes","status":"publish","type":"page","link":"https:\/\/semmelweis.hu\/elettan\/de\/die-geschichte-des-institutes\/","title":{"rendered":"Die Geschichte des Institutes"},"content":{"rendered":"<p>Der Lehrstuhl wurde als Physiologisches und Pharmakologisches Institut (Physiologia et materia medica) im Jahre 1770 gegr\u00fcndet. Die Benennung &#8222;Pharmakologie&#8221; wurde im September 1891 aufgehoben, da die Fachbereiche Histologie und Pharmakologie von anderen Instituten \u00fcbernommen wurden.<\/p>\n<p>Bis in die 30-er Jahre des 20. Jahrhunderts erfolgte die Unterrichts- und Experimentst\u00e4tigkeit nach den Traditionen der deutschen Universit\u00e4ten, aber sp\u00e4ter wurde immer mehr das anglo-amerikanische Lehrmodell (Profil) praktiziert.<\/p>\n<p><a href=\"https:\/\/semmelweis.hu\/elettan\/files\/2019\/01\/elettani-intezet-archiv-slide.jpg\"><img loading=\"lazy\" decoding=\"async\" class=\"aligncenter size-full wp-image-3884\" src=\"https:\/\/semmelweis.hu\/elettan\/files\/2019\/01\/elettani-intezet-archiv-slide.jpg\" alt=\"\" width=\"1280\" height=\"420\" srcset=\"https:\/\/semmelweis.hu\/elettan\/files\/2019\/01\/elettani-intezet-archiv-slide.jpg 1280w, https:\/\/semmelweis.hu\/elettan\/files\/2019\/01\/elettani-intezet-archiv-slide-300x98.jpg 300w, https:\/\/semmelweis.hu\/elettan\/files\/2019\/01\/elettani-intezet-archiv-slide-768x252.jpg 768w, https:\/\/semmelweis.hu\/elettan\/files\/2019\/01\/elettani-intezet-archiv-slide-1024x336.jpg 1024w, https:\/\/semmelweis.hu\/elettan\/files\/2019\/01\/elettani-intezet-archiv-slide-753x247.jpg 753w\" sizes=\"auto, (max-width: 1280px) 100vw, 1280px\" \/><\/a><\/p>\n<p>Zum Gradualunterricht geh\u00f6ren Vorlesungen und Praktikas f\u00fcr Medizin- und Zahnmedizinstudenten im 3. und 4. Semester in ungarischer und deutscher Sprache. In der postgradualen Bildung ist die zellul\u00e4re und molekulare Physiologie auf dem Ph.D. Programm, weiterhin spielt das Institut eine wesentliche Rolle in der Koordination und Organisation der wissenschaftlichen Studentenkreise.<\/p>\n<p>Seit 1981 hat sich das wissenschaftliche Profil des Institutes wesentlich ver\u00e4ndert in Richtung zellul\u00e4rer und molekularer Physiologie. Einigen der wesentlichen Forschungsgebiete sind: Signal\u00fcbertragung in den Endocrinzellen, die Physiologie der Leukozyten und Ionentransportvorg\u00e4nge.<\/p>\n<p>Seit Oktober 2008 ist das Institut in der T\u00fczolt\u00f3 utca in dem neuen Theorethischen Unterrichtszentrum (EOK) zu finden (fr\u00fcher, zwischen 1874 und 2008 in der Esterh\u00e1zy, sp\u00e4ter Puschkin utca).<\/p>\n<p><a href=\"https:\/\/semmelweis.hu\/elettan\/files\/2019\/01\/31918_transform.jpg\"><img loading=\"lazy\" decoding=\"async\" class=\"aligncenter size-full wp-image-3913\" src=\"https:\/\/semmelweis.hu\/elettan\/files\/2019\/01\/31918_transform.jpg\" alt=\"\" width=\"1280\" height=\"420\" srcset=\"https:\/\/semmelweis.hu\/elettan\/files\/2019\/01\/31918_transform.jpg 1280w, https:\/\/semmelweis.hu\/elettan\/files\/2019\/01\/31918_transform-300x98.jpg 300w, https:\/\/semmelweis.hu\/elettan\/files\/2019\/01\/31918_transform-768x252.jpg 768w, https:\/\/semmelweis.hu\/elettan\/files\/2019\/01\/31918_transform-1024x336.jpg 1024w, https:\/\/semmelweis.hu\/elettan\/files\/2019\/01\/31918_transform-753x247.jpg 753w\" sizes=\"auto, (max-width: 1280px) 100vw, 1280px\" \/><\/a><\/p>\n<p>Die Publikationen der Institutsmiarbeiter erscheinen regelm\u00e4ssig in den bedeutenden europ\u00e4ischen und amerikanischen Fachzeitschriften, z.B. American Journal of Physiology, Journal of Physiology (London), Endocrinology, Molecular Pharmacology, Journal of Biological Chemistry, Biochemical Journal, Cell Calcium, usw.<\/p>\n<p><strong>Leitern des Institutes:<\/strong><\/p>\n<p style=\"padding-left: 30px\"><span style=\"font-family: georgia,palatino;font-size: medium\">PRANDT, \u00c1d\u00e1m Ign\u00e1c, 1770-1786<\/span><br \/>\n<span style=\"font-family: georgia,palatino;font-size: medium\">R\u00c1CZ, S\u00e1muel, 1786-1806<\/span><br \/>\n<span style=\"font-family: georgia,palatino;font-size: medium\">BENE, Ferenc, 1806-1808<\/span><br \/>\n<span style=\"font-family: georgia,palatino;font-size: medium\">LENHOSS\u00c9K, Mih\u00e1ly, 1808-1819<\/span><br \/>\n<span style=\"font-family: georgia,palatino;font-size: medium\">SCHORDANN, Zsigmond, 1821-1857<\/span><br \/>\n<span style=\"font-family: georgia,palatino;font-size: medium\">MARG\u00d3, Tivadar (h.), 1857-1858<\/span><br \/>\n<span style=\"font-family: georgia,palatino;font-size: medium\">CZERMAK, J\u00e1nos, 1858-1860<\/span><br \/>\n<span style=\"font-family: georgia,palatino;font-size: medium\">JENDRASSIK, Jen\u0151, 1860-1891<\/span><br \/>\n<span style=\"font-family: georgia,palatino;font-size: medium\">KLUG, N\u00e1ndor, 1891-1909<\/span><br \/>\n<span style=\"font-family: georgia,palatino;font-size: medium\">UDR\u00c1NSZKY, L\u00e1szl\u00f3, 1910-1914<\/span><br \/>\n<span style=\"font-family: georgia,palatino;font-size: medium\">TANGL, Ferenc, 1914-1917<\/span><br \/>\n<span style=\"font-family: georgia,palatino;font-size: medium\">K\u0150R\u00d6SY, Korn\u00e9l, 1918-19<\/span><br \/>\n<span style=\"font-family: georgia,palatino;font-size: medium\">FARKAS, G\u00e9za, 1919-1934<\/span><br \/>\n<span style=\"font-family: georgia,palatino;font-size: medium\">BEZN\u00c1K, Alad\u00e1r, 1935-1945<\/span><br \/>\n<span style=\"font-family: georgia,palatino;font-size: medium\">MANSFELD, G\u00e9za, 1945-1950<\/span><br \/>\n<span style=\"font-family: georgia,palatino;font-size: medium\">B\u00c1LINT, P\u00e9ter, 1950-1981<\/span><br \/>\n<span style=\"font-family: georgia,palatino;font-size: medium\">FONY\u00d3, Attila, 1981-1995<\/span><br \/>\n<span style=\"font-family: georgia,palatino;font-size: medium\">SP\u00c4T, Andr\u00e1s, 1995-2005<\/span><span style=\"font-family: georgia,palatino;font-size: medium\"><br \/>\n<a href=\"https:\/\/semmelweis.hu\/elettan\/en\/munkatarsaink\/english-head-of-the-department\/\">HUNYADY, L\u00e1szl\u00f3<\/a>, 2005-2021<\/span><br \/>\n<span style=\"font-family: georgia,palatino;font-size: medium\">M\u00d3CSAI, Attila, 2021-<\/span><\/p>\n<p style=\"padding-left: 30px\">\u00a0<\/p>\n<p>&nbsp;<\/p>\n<p>&nbsp;<\/p>\n","protected":false},"excerpt":{"rendered":"<p>Zum Gradualunterricht geh\u00f6ren Vorlesungen und Praktikas f\u00fcr Medizin- und Zahnmedizinstudenten im 3. und 4. Semester in ungarischer und deutscher Sprache. In der postgradualen Bildung ist die zellul\u00e4re und molekulare Physiologie auf dem Ph.D. Programm, weiterhin spielt das Institut eine wesentliche Rolle in der Koordination und Organisation der wissenschaftlichen Studentenkreise.<\/p>\n<p>Einigen der wesentlichen Forschungsgebiete sind: Signal\u00fcbertragung in den Endocrinzellen, die Physiologie der Leukozyten und Ionentransportvorg\u00e4nge. Die Publikationen der Institutsmiarbeiter erscheinen regelm\u00e4ssig in den bedeutenden europ\u00e4ischen und amerikanischen Fachzeitschriften.<\/p>\n","protected":false},"author":116,"featured_media":3886,"parent":0,"menu_order":12,"comment_status":"closed","ping_status":"closed","template":"","meta":{"_acf_changed":false,"footnotes":""},"categories":[],"tags":[],"class_list":["post-1022","page","type-page","status-publish","has-post-thumbnail","hentry"],"acf":[],"_links":{"self":[{"href":"https:\/\/semmelweis.hu\/elettan\/wp-json\/wp\/v2\/pages\/1022","targetHints":{"allow":["GET"]}}],"collection":[{"href":"https:\/\/semmelweis.hu\/elettan\/wp-json\/wp\/v2\/pages"}],"about":[{"href":"https:\/\/semmelweis.hu\/elettan\/wp-json\/wp\/v2\/types\/page"}],"author":[{"embeddable":true,"href":"https:\/\/semmelweis.hu\/elettan\/wp-json\/wp\/v2\/users\/116"}],"replies":[{"embeddable":true,"href":"https:\/\/semmelweis.hu\/elettan\/wp-json\/wp\/v2\/comments?post=1022"}],"version-history":[{"count":8,"href":"https:\/\/semmelweis.hu\/elettan\/wp-json\/wp\/v2\/pages\/1022\/revisions"}],"predecessor-version":[{"id":7186,"href":"https:\/\/semmelweis.hu\/elettan\/wp-json\/wp\/v2\/pages\/1022\/revisions\/7186"}],"wp:featuredmedia":[{"embeddable":true,"href":"https:\/\/semmelweis.hu\/elettan\/wp-json\/wp\/v2\/media\/3886"}],"wp:attachment":[{"href":"https:\/\/semmelweis.hu\/elettan\/wp-json\/wp\/v2\/media?parent=1022"}],"wp:term":[{"taxonomy":"category","embeddable":true,"href":"https:\/\/semmelweis.hu\/elettan\/wp-json\/wp\/v2\/categories?post=1022"},{"taxonomy":"post_tag","embeddable":true,"href":"https:\/\/semmelweis.hu\/elettan\/wp-json\/wp\/v2\/tags?post=1022"}],"curies":[{"name":"wp","href":"https:\/\/api.w.org\/{rel}","templated":true}]}}