{"id":10,"date":"2013-06-26T09:42:15","date_gmt":"2013-06-26T07:42:15","guid":{"rendered":"http:\/\/semmelweis-egyetem.hu\/elettan\/?page_id=10"},"modified":"2026-03-23T09:09:06","modified_gmt":"2026-03-23T08:09:06","slug":"oktatas","status":"publish","type":"page","link":"https:\/\/semmelweis.hu\/elettan\/oktatas\/","title":{"rendered":"\u00c1ltal\u00e1nos inform\u00e1ci\u00f3k"},"content":{"rendered":"<h3 style=\"text-align: center\"><span style=\"color: #ff0000;font-size: 14pt\"><strong>Figyelem!<\/strong> B\u00e1rmilyen tanulm\u00e1nyi \u00fcggyel (\u00e1tjelentkez\u00e9s stb.) csak el\u0151zetes e-mailes megkeres\u00e9s ut\u00e1n foglalkozunk!\u00a0<\/span><\/h3>\n<h3 style=\"text-align: center\"><strong>TANULM\u00c1NYI FELEL\u0150S:<\/strong><\/h3>\n<h3 style=\"text-align: center\"><a href=\"https:\/\/semmelweis.hu\/telefonkonyv?act=mt&amp;inst_id=10&amp;emp_id=700\">Dr. Pethe\u0151 G\u00e1bor<\/a><\/h3>\n<p style=\"text-align: center\"><span style=\"font-size: 12pt\"><strong>Email: <\/strong>petheo.gabor[kukac]semmelweis.hu<\/span><\/p>\n<p style=\"text-align: center\"><span style=\"font-size: 12pt;color: #ff0000\"><strong>Tanulm\u00e1nyi \u00fcgyben semmelweises hallgat\u00f3k est\u00e9ben csak a Neptunazonos\u00edt\u00f3 \u00e9s a Kar megad\u00e1sa ut\u00e1n tudunk elj\u00e1rni!<\/strong><\/span><\/p>\n<h5 style=\"text-align: center\"><span style=\"color: #ff0000;font-size: 14pt\">Szem\u00e9lyes megbesz\u00e9l\u00e9sre kiz\u00e1r\u00f3lag e-mailben k\u00e9rhet id\u0151pontot a probl\u00e9ma r\u00f6vid le\u00edr\u00e1s\u00e1val.<\/span><\/h5>\n<p style=\"text-align: center\"><strong><span style=\"font-size: medium\">INT\u00c9ZETI HIRDETM\u00c9NYEK:<\/span><\/strong><\/p>\n<ul>\n<li>K\u00f6vetelm\u00e9nyrendszer \u00c1OK (K\u00e9rj\u00fck a &#8222;Nem hat\u00e1lyos\u00edtott&#8221; v\u00edzjelet figyelmenk\u00edv\u00fcl hagyni!):<\/li>\n<li>AOKELT1100_<a href=\"https:\/\/semmelweis.hu\/elettan\/files\/2025\/09\/AOK_I_tankov.pdf\">1M<\/a> \/ <a href=\"https:\/\/semmelweis.hu\/elettan\/files\/2025\/09\/AOK_II_tankov.pdf\">2M<\/a> (<span style=\"color: #ff0000\">2025\/26<\/span>)*, AOKELT792_<a href=\"https:\/\/semmelweis.hu\/elettan\/files\/2024\/08\/AOKELT792_1M-202425.pdf\">1M<\/a> \/ <a href=\"https:\/\/semmelweis.hu\/elettan\/files\/2024\/08\/AOKELT792_2x-202425-HU-EN-DE.pdf\">2M<\/a> (2024\/25), AOKELT792_<a href=\"https:\/\/semmelweis.hu\/elettan\/files\/2023\/08\/AOKELT792_1M-202324_1-HU.pdf\">1M<\/a><span style=\"font-size: 1rem\"> \/ <\/span><a href=\"https:\/\/semmelweis.hu\/elettan\/files\/2023\/08\/AOKELT792_2M-202324_2-HU.pdf\">2M<\/a><span style=\"font-size: 1rem\"> (2023\/24),\u00a0<\/span>AOKELT792_<a href=\"https:\/\/semmelweis.hu\/elettan\/files\/2022\/09\/Magyar-Orvosi-elettan-1-2022_23.pdf\">1M<\/a> \/ <a href=\"https:\/\/semmelweis.hu\/elettan\/files\/2022\/09\/Magyar-Orvosi-elettan-2-2022_23.pdf\">2M<\/a> (2022\/23),\u00a0AOKELT792_<a href=\"https:\/\/semmelweis.hu\/elettan\/files\/2022\/01\/Magyar-Orvosi-elettan-1-2021_22-rev.pdf\">1M<\/a> \/ <a href=\"https:\/\/semmelweis.hu\/elettan\/files\/2022\/01\/Magyar-Orvosi-elettan-2-2021_22.pdf\">2M<\/a> (<span style=\"color: #000000\">2021\/22<\/span>), \u00a0AOKELT792_<a href=\"https:\/\/semmelweis.hu\/elettan\/files\/2020\/09\/Orvosi-\u00e9lettan-1-2020_21-rev.pdf\">1M<\/a> \/ <a href=\"https:\/\/semmelweis.hu\/elettan\/files\/2020\/09\/Orvosi-\u00e9lettan-2-2020_21-rev.pdf\">2M <\/a>(<span style=\"color: #000000\">2020\/21<\/span>), <span style=\"font-size: 1rem\">AOKELT677_<\/span><a href=\"https:\/\/semmelweis.hu\/elettan\/files\/2019\/09\/Orvosi-\u00e9lettan-1-1920-korrig\u00e1lt.pdf\">1M<\/a><span style=\"font-size: 1rem\">\/ <\/span><a href=\"https:\/\/semmelweis.hu\/elettan\/files\/2019\/09\/Orvosi-\u00e9lettan-2-1920-korrig\u00e1lt.pdf\">2M<\/a> <span style=\"color: #ff0000\"><span style=\"color: #000000\">(2019\/20<\/span><\/span><span style=\"font-size: 1rem\">)<\/span><\/li>\n<li>K\u00f6vetelm\u00e9nyrendszer FOK: FOKOELT_349_<a href=\"https:\/\/semmelweis.hu\/elettan\/files\/2024\/08\/FOKOELT349_1M-2024_25-HU.pdf\">1M <\/a>\/<a href=\"https:\/\/semmelweis.hu\/elettan\/files\/2024\/08\/FOKOELT349_2M-2024_25-HU.pdf\"> 2M<\/a> (<span style=\"color: #ff0000\">2024\/25<\/span>), FOKOELT349_<a href=\"https:\/\/semmelweis.hu\/elettan\/files\/2023\/08\/FOKOELT349_1M-2023_24-HU.pdf\">1M<\/a> \/ <a href=\"https:\/\/semmelweis.hu\/elettan\/files\/2023\/08\/FOKOELT349_2M-2023_24-HU.pdf\">2M<\/a> (<span style=\"font-size: 1rem\"><span style=\"color: #ff0000\">2023\/24<\/span><\/span>), FOKOELT349_<a href=\"https:\/\/semmelweis.hu\/elettan\/files\/2022\/09\/Magyar-FOKOELT-2022_23-1.pdf\">1M<\/a> \/ <a href=\"https:\/\/semmelweis.hu\/elettan\/files\/2022\/09\/Magyar-FOKOELT-2022_23-2.pdf\">2M<\/a> (2022\/23), FOKOELT349_<a href=\"https:\/\/semmelweis.hu\/elettan\/files\/2022\/01\/Magyar-FOKOELT-2021_22-1-rev.pdf\">1M<\/a> \/ <a href=\"https:\/\/semmelweis.hu\/elettan\/files\/2022\/01\/Magyar-FOKOELT-2021_22-2.pdf\">2M<\/a> (<span style=\"color: #000000\">2021\/22<\/span>),\u00a0FOKOELT238_<a href=\"https:\/\/semmelweis.hu\/elettan\/files\/2020\/09\/Magyar-FOKOELT-202021-1.pdf\">1M<\/a> <span style=\"font-size: 1rem\">\/ <\/span><a href=\"https:\/\/semmelweis.hu\/elettan\/files\/2020\/09\/Magyar-FOKOELT-202021-2-jav.pdf\">2M<\/a><span style=\"font-size: 1rem\">\u00a0<\/span><span style=\"color: #ff0000\"><span style=\"color: #000000\">(2020\/21),\u00a0<\/span><\/span><span style=\"font-size: 1rem\">FOKOELT124_<\/span><a href=\"https:\/\/semmelweis.hu\/elettan\/files\/2019\/09\/FOK1920_1r\u00e9gi-korrig\u00e1lt.pdf\">1M<\/a> <span style=\"font-size: 1rem\">\/ <\/span><a href=\"https:\/\/semmelweis.hu\/elettan\/files\/2019\/09\/FOK1920_2r\u00e9gi-korrig\u00e1lt.pdf\">2M<\/a><span style=\"font-size: 1rem\"> <span style=\"color: #ff0000\"><span style=\"color: #000000\">(2019\/20)<\/span><\/span><\/span><\/li>\n<li><a href=\"https:\/\/semmelweis.hu\/elettan\/oktatas\/oszi-szemeszter\/\">Kollokvium<\/a>; <a href=\"https:\/\/semmelweis.hu\/elettan\/oktatas\/tavaszi-szemeszter\/\">Szigorlat\u00a0<\/a><\/li>\n<li><a href=\"https:\/\/semmelweis.hu\/elettan\/files\/2014\/04\/K\u00fcl\u00f6nb\u00f6zeti14-1.pdf\">Az Orvosi \u00e9s fogorvosi \u00e9lettan tant\u00e1rgy befogad\u00e1sa az \u00c1OK-n <\/a><\/li>\n<li><a href=\"https:\/\/semmelweis.hu\/elettan\/files\/2014\/01\/TUF-t\u00e1j.pdf\">T\u00e1j\u00e9koztat\u00f3<\/a> az Orvosi \u00e9lettan tant\u00e1rgyat \u00fajb\u00f3l felvev\u0151 \u00c1OK \u00e9s FOK hallgat\u00f3k sz\u00e1m\u00e1ra, <a href=\"https:\/\/semmelweis.hu\/elettan\/files\/2022\/01\/TUF-kervenyminta.doc\">K\u00e9rv\u00e9ny minta<\/a><\/li>\n<li><a href=\"https:\/\/semmelweis.hu\/elettan\/oktatas\/valaszthato-kurzusok\/\">V\u00e1laszthat\u00f3 t\u00e1rgyak<\/a><\/li>\n<li><a href=\"https:\/\/semmelweis.hu\/tdk\/rektori-palyazat\/rektori-palyazat-meghirdetett-temak\/rektori-palyazat-elettani-intezet\/\">Rektori p\u00e1lyat\u00e9telek \u00c1OK \u00e9s FOK hallgat\u00f3i sz\u00e1m\u00e1ra (a TDK Tan\u00e1cs honlapj\u00e1n)<\/a><\/li>\n<li><a href=\"https:\/\/semmelweis.hu\/elettan\/oktatas\/szakdolgozat\/\">Szakdolgozat<\/a><\/li>\n<li>Oktat\u00f3i munka hallgat\u00f3i v\u00e9lem\u00e9nyez\u00e9se (OMHV) alapj\u00e1n elk\u00e9sz\u00edtett int\u00e9zked\u00e9si tervek:<a href=\"https:\/\/semmelweis.hu\/elettan\/files\/2022\/01\/Intezkedesi-terv-MAOK-2025_26_1-fin.pdf\"> \u00c1OK<\/a> \/ <a href=\"https:\/\/semmelweis.hu\/elettan\/files\/2022\/01\/Intezkedesi-terv-MFOK-2025_26_1-fin.pdf\">FOK<\/a> (<span style=\"color: #ff0000\">2025\/26\/1<\/span>)<\/li>\n<\/ul>\n<p>*<span style=\"font-size: 12pt\">j\u00f3v\u00e1hagyott, enged\u00e9lyez\u00e9si elj\u00e1r\u00e1s alatt<\/span><\/p>\n","protected":false},"excerpt":{"rendered":"<p>Figyelem! B\u00e1rmilyen tanulm\u00e1nyi \u00fcggyel (\u00e1tjelentkez\u00e9s stb.) csak el\u0151zetes e-mailes megkeres\u00e9s ut\u00e1n foglalkozunk!\u00a0 TANULM\u00c1NYI FELEL\u0150S: <a href=\"https:\/\/semmelweis.hu\/telefonkonyv?act=mt&amp;inst_id=10&amp;emp_id=700\">Dr. Pethe\u0151 G\u00e1bor<\/a> Email: petheo.gabor[kukac]semmelweis.hu Tanulm\u00e1nyi \u00fcgyben semmelweises hallgat\u00f3k est\u00e9ben csak a Neptunazonos\u00edt\u00f3 \u00e9s a Kar megad\u00e1sa ut\u00e1n tudunk elj\u00e1rni! Szem\u00e9lyes megbesz\u00e9l\u00e9sre kiz\u00e1r\u00f3lag e-mailben k\u00e9rhet id\u0151pontot a probl\u00e9ma r\u00f6vid le\u00edr\u00e1s\u00e1val. INT\u00c9ZETI HIRDETM\u00c9NYEK: K\u00f6vetelm\u00e9nyrendszer \u00c1OK (K\u00e9rj\u00fck a &#8222;Nem hat\u00e1lyos\u00edtott&#8221; v\u00edzjelet figyelmenk\u00edv\u00fcl hagyni!): AOKELT1100_ <a href=\"https:\/\/semmelweis.hu\/elettan\/files\/2025\/09\/AOK_I_tankov.pdf\">1M<\/a> \/ <a href=\"https:\/\/semmelweis.hu\/elettan\/files\/2025\/09\/AOK_II_tankov.pdf\">2M<\/a> (2025\/26)*, &hellip;<\/p>\n","protected":false},"author":12,"featured_media":0,"parent":0,"menu_order":7,"comment_status":"closed","ping_status":"closed","template":"","meta":{"_acf_changed":false,"footnotes":""},"categories":[],"tags":[],"class_list":["post-10","page","type-page","status-publish","hentry"],"acf":[],"_links":{"self":[{"href":"https:\/\/semmelweis.hu\/elettan\/wp-json\/wp\/v2\/pages\/10","targetHints":{"allow":["GET"]}}],"collection":[{"href":"https:\/\/semmelweis.hu\/elettan\/wp-json\/wp\/v2\/pages"}],"about":[{"href":"https:\/\/semmelweis.hu\/elettan\/wp-json\/wp\/v2\/types\/page"}],"author":[{"embeddable":true,"href":"https:\/\/semmelweis.hu\/elettan\/wp-json\/wp\/v2\/users\/12"}],"replies":[{"embeddable":true,"href":"https:\/\/semmelweis.hu\/elettan\/wp-json\/wp\/v2\/comments?post=10"}],"version-history":[{"count":11,"href":"https:\/\/semmelweis.hu\/elettan\/wp-json\/wp\/v2\/pages\/10\/revisions"}],"predecessor-version":[{"id":7512,"href":"https:\/\/semmelweis.hu\/elettan\/wp-json\/wp\/v2\/pages\/10\/revisions\/7512"}],"wp:attachment":[{"href":"https:\/\/semmelweis.hu\/elettan\/wp-json\/wp\/v2\/media?parent=10"}],"wp:term":[{"taxonomy":"category","embeddable":true,"href":"https:\/\/semmelweis.hu\/elettan\/wp-json\/wp\/v2\/categories?post=10"},{"taxonomy":"post_tag","embeddable":true,"href":"https:\/\/semmelweis.hu\/elettan\/wp-json\/wp\/v2\/tags?post=10"}],"curies":[{"name":"wp","href":"https:\/\/api.w.org\/{rel}","templated":true}]}}