{"id":897,"date":"2014-12-18T14:49:28","date_gmt":"2014-12-18T13:49:28","guid":{"rendered":"http:\/\/semmelweis.hu\/ekk\/?page_id=897"},"modified":"2026-02-11T08:53:39","modified_gmt":"2026-02-11T07:53:39","slug":"kari-szervezeti-dokumentumok-2","status":"publish","type":"page","link":"https:\/\/semmelweis.hu\/ekk\/dokumentumtar\/kari-szervezeti-dokumentumok-2\/","title":{"rendered":"Kari szervezeti dokumentumok"},"content":{"rendered":"<p style=\"text-align: left\"><a href=\"https:\/\/semmelweis.hu\/ekk\/files\/2020\/03\/kari.organogram.pdf\">Kari organogram<\/a><\/p>\n<p style=\"text-align: left\"><a href=\"https:\/\/semmelweis.hu\/ekk\/files\/2021\/03\/SE_EKK_SZR_2020_12_30.pdf\">Szervezeti \u00e9s M\u0171k\u00f6d\u00e9si Rend<\/a><\/p>\n<p><a href=\"https:\/\/semmelweis.hu\/ekk\/files\/2020\/05\/EKK_KUB_ugyrend_2020_05_.pdf\">A Semmelweis Egyetem Eg\u00e9szs\u00e9g\u00fcgyi K\u00f6zszolg\u00e1lati Kar Kutat\u00e1si Bizotts\u00e1g\u00e1nak \u00fcgyrendje<\/a><\/p>\n<p><a href=\"https:\/\/semmelweis.hu\/ekk\/files\/2025\/12\/EKK_EFB_ugyrend_teljes_alairt.pdf\">Az Egyetem eg\u00e9sz\u00e9re kiterjed\u0151 hat\u00e1sk\u00f6rrel rendelkez\u0151 \u00e1lland\u00f3 feladat\u00fa bizotts\u00e1gok, valamint a karokon m\u0171k\u00f6d\u0151 \u00e1lland\u00f3 bizotts\u00e1gok \u00fcgyrendje &#8211; Eg\u00e9szs\u00e9g\u00fcgyi K\u00f6zszolg\u00e1lati Kar Etikai \u00e9s Fegyelmi Bizotts\u00e1g<\/a><\/p>\n<p><a href=\"https:\/\/semmelweis.hu\/ekk\/files\/2020\/03\/Bizotts\u00e1gi-\u00fcgyrend_-CKOB.pdf\">Az Egyetem eg\u00e9sz\u00e9re kiterjed\u0151 hat\u00e1sk\u00f6rrel rendelkez\u0151 \u00e1lland\u00f3 feladat\u00fa bizotts\u00e1gok, valamint a karokon m\u0171k\u00f6d\u0151 \u00e1lland\u00f3 bizotts\u00e1gok \u00fcgyrendje &#8211; Eg\u00e9szs\u00e9g\u00fcgyi K\u00f6zszolg\u00e1lati Kar Curriculum, Kredit\u00e1tviteli \u00e9s Oktat\u00e1si Bizotts\u00e1g<\/a><\/p>\n<p><a href=\"https:\/\/semmelweis.hu\/ekk\/files\/2021\/02\/SE_EKK_SZR_M06_v\u00e1laszt\u00e1s_rendje_20210127.pdf\">Kari Tan\u00e1cs v\u00e1lasztott tagok v\u00e1laszt\u00e1s rendje<\/a><\/p>\n<p><a href=\"https:\/\/semmelweis.hu\/ekk\/files\/2020\/03\/SE-EKK-SZR-M08.pdf\">Kontrolldokument\u00e1ci\u00f3<\/a> (Szervezeti \u00dcgyrend Eg\u00e9szs\u00e9g\u00fcgyi K\u00f6zszolg\u00e1lati Kar 4. sz. mell\u00e9klet)<\/p>\n<p><a href=\"https:\/\/semmelweis.hu\/ekk\/files\/2020\/03\/SE-EKK-SZR-M07_ellen\u0151rz\u00e9s-eszk\u00f6zei.pdf\">A folyamatba \u00e9p\u00edtett \u00e9s vezet\u0151i ellen\u0151rz\u00e9s eszk\u00f6zei, m\u00f3dszerei, t\u00edpusai<\/a> (Szervezeti \u00dcgyrend 3. sz mell\u00e9klet)<\/p>\n<p>&nbsp;<\/p>\n","protected":false},"excerpt":{"rendered":"<p><a href=\"https:\/\/semmelweis.hu\/ekk\/files\/2020\/03\/kari.organogram.pdf\">Kari organogram<\/a><br \/>\n<a href=\"https:\/\/semmelweis.hu\/ekk\/files\/2021\/03\/SE_EKK_SZR_2020_12_30.pdf\">Szervezeti \u00e9s M\u0171k\u00f6d\u00e9si Rend<\/a><br \/>\n<a href=\"https:\/\/semmelweis.hu\/ekk\/files\/2020\/05\/EKK_KUB_ugyrend_2020_05_.pdf\">A Semmelweis Egyetem Eg\u00e9szs\u00e9g\u00fcgyi K\u00f6zszolg\u00e1lati Kar Kutat\u00e1si Bizotts\u00e1g\u00e1nak \u00fcgyrendje<\/a><br \/>\n<a href=\"https:\/\/semmelweis.hu\/ekk\/files\/2025\/12\/EKK_EFB_ugyrend_teljes_alairt.pdf\">Az Egyetem eg\u00e9sz\u00e9re kiterjed\u0151 hat\u00e1sk\u00f6rrel rendelkez\u0151 \u00e1lland\u00f3 feladat\u00fa bizotts\u00e1gok, valamint a karokon m\u0171k\u00f6d\u0151 \u00e1lland\u00f3 bizotts\u00e1gok \u00fcgyrendje &#8211; Eg\u00e9szs\u00e9g\u00fcgyi K\u00f6zszolg\u00e1lati Kar Etikai \u00e9s Fegyelmi Bizotts\u00e1g<\/a><br \/>\n<a href=\"https:\/\/semmelweis.hu\/ekk\/files\/2020\/03\/Bizotts\u00e1gi-\u00fcgyrend_-CKOB.pdf\">Az Egyetem eg\u00e9sz\u00e9re kiterjed\u0151 hat\u00e1sk\u00f6rrel rendelkez\u0151 \u00e1lland\u00f3 feladat\u00fa bizotts\u00e1gok, valamint a karokon m\u0171k\u00f6d\u0151 \u00e1lland\u00f3 bizotts\u00e1gok \u00fcgyrendje &#8211; Eg\u00e9szs\u00e9g\u00fcgyi K\u00f6zszolg\u00e1lati Kar Curriculum, Kredit\u00e1tviteli \u00e9s Oktat\u00e1si Bizotts\u00e1g<\/a><br \/>\n<a href=\"https:\/\/semmelweis.hu\/ekk\/files\/2021\/02\/SE_EKK_SZR_M06_v\u00e1laszt\u00e1s_rendje_20210127.pdf\">Kari Tan\u00e1cs v\u00e1lasztott tagok v\u00e1laszt\u00e1s rendje<\/a><br \/>\n<a href=\"https:\/\/semmelweis.hu\/ekk\/files\/2020\/03\/SE-EKK-SZR-M08.pdf\">Kontrolldokument\u00e1ci\u00f3<\/a> (Szervezeti \u00dcgyrend Eg\u00e9szs\u00e9g\u00fcgyi K\u00f6zszolg\u00e1lati Kar 4. sz. mell\u00e9klet)<br \/>\n<a href=\"https:\/\/semmelweis.hu\/ekk\/files\/2020\/03\/SE-EKK-SZR-M07_ellen\u0151rz\u00e9s-eszk\u00f6zei.pdf\">A folyamatba \u00e9p\u00edtett \u00e9s vezet\u0151i ellen\u0151rz\u00e9s eszk\u00f6zei, m\u00f3dszerei, t\u00edpusai<\/a> (Szervezeti \u00dcgyrend 3. sz mell\u00e9klet)<br \/>\n&nbsp;<\/p>\n","protected":false},"author":304,"featured_media":0,"parent":53,"menu_order":3,"comment_status":"closed","ping_status":"closed","template":"","meta":{"_acf_changed":false,"footnotes":""},"categories":[],"tags":[],"class_list":["post-897","page","type-page","status-publish","hentry"],"acf":[],"_links":{"self":[{"href":"https:\/\/semmelweis.hu\/ekk\/wp-json\/wp\/v2\/pages\/897","targetHints":{"allow":["GET"]}}],"collection":[{"href":"https:\/\/semmelweis.hu\/ekk\/wp-json\/wp\/v2\/pages"}],"about":[{"href":"https:\/\/semmelweis.hu\/ekk\/wp-json\/wp\/v2\/types\/page"}],"author":[{"embeddable":true,"href":"https:\/\/semmelweis.hu\/ekk\/wp-json\/wp\/v2\/users\/304"}],"replies":[{"embeddable":true,"href":"https:\/\/semmelweis.hu\/ekk\/wp-json\/wp\/v2\/comments?post=897"}],"version-history":[{"count":11,"href":"https:\/\/semmelweis.hu\/ekk\/wp-json\/wp\/v2\/pages\/897\/revisions"}],"predecessor-version":[{"id":6042,"href":"https:\/\/semmelweis.hu\/ekk\/wp-json\/wp\/v2\/pages\/897\/revisions\/6042"}],"up":[{"embeddable":true,"href":"https:\/\/semmelweis.hu\/ekk\/wp-json\/wp\/v2\/pages\/53"}],"wp:attachment":[{"href":"https:\/\/semmelweis.hu\/ekk\/wp-json\/wp\/v2\/media?parent=897"}],"wp:term":[{"taxonomy":"category","embeddable":true,"href":"https:\/\/semmelweis.hu\/ekk\/wp-json\/wp\/v2\/categories?post=897"},{"taxonomy":"post_tag","embeddable":true,"href":"https:\/\/semmelweis.hu\/ekk\/wp-json\/wp\/v2\/tags?post=897"}],"curies":[{"name":"wp","href":"https:\/\/api.w.org\/{rel}","templated":true}]}}