{"id":8,"date":"2011-06-29T08:44:58","date_gmt":"2011-06-29T08:44:58","guid":{"rendered":"http:\/\/sote.webdevil.hu\/ekk\/?page_id=8"},"modified":"2025-10-10T11:31:36","modified_gmt":"2025-10-10T09:31:36","slug":"hallgatoi-elet","status":"publish","type":"page","link":"https:\/\/semmelweis.hu\/ekk\/hallgatoi-elet\/","title":{"rendered":"Hallgat\u00f3i \u00e9let"},"content":{"rendered":"<p style=\"text-align: justify\">A Semmelweis Egyetem k\u00f6zismert pezsg\u0151\u00a0hallgat\u00f3i\u00a0\u00e9let\u00e9r\u0151l. Az itt tanul\u00f3kat a\u00a0hivatalos tanrenden k\u00edv\u00fcli <a href=\"https:\/\/semmelweis.hu\/egyetemi-hallgatoknak\/hallgatoi-rendezvenyek\/\" target=\"_blank\" rel=\"noopener noreferrer\">programok gazdag v\u00e1laszt\u00e9ka<\/a> v\u00e1rja, az els\u0151\u00e9vesek g\u00f3lyat\u00e1bor\u00e1t\u00f3l kezdve a k\u00fcl\u00f6nb\u00f6z\u0151\u00a0sportrendezv\u00e9nyeken \u00e1t a Semmelweis Tavaszi Fesztiv\u00e1lig, s m\u00e1s kultur\u00e1lis programokig.<\/p>\n<p><a href=\"https:\/\/semmelweis.hu\/hok\/files\/2021\/08\/Golyahir-2021.pdf\" target=\"_blank\" rel=\"noopener\">G\u00f3lyah\u00edr<\/a> (\u00dajs\u00e1g els\u0151\u00e9ves hallgat\u00f3inknak)<\/p>\n<p style=\"text-align: justify\">Az egyetemen bel\u00fcl t\u00f6bb <a href=\"https:\/\/semmelweis.hu\/egyetemi-hallgatoknak\/hallgatoi-szervezetek\/\">hallgat\u00f3i szervezet<\/a> is m\u0171k\u00f6dik, k\u00fcl\u00f6n k\u00e9pviselete van p\u00e9ld\u00e1ul a k\u00fclf\u00f6ldi hallgat\u00f3knak. A g\u00f3ly\u00e1k seg\u00edt\u00e9s\u00e9re j\u00f6tt l\u00e9tre az <a href=\"http:\/\/iocs.hu\/\" target=\"_blank\" rel=\"noopener noreferrer\">Instruktor \u00d6ntev\u00e9keny Csoport<\/a>, mely sz\u00e1mos m\u00e1s programot is szervez, az egyes karok hallgat\u00f3i\u00a0 \u00f6nkorm\u00e1nyzat\u00e1nak munk\u00e1j\u00e1t pedig az<a href=\"https:\/\/semmelweis.hu\/ehok\" target=\"_blank\" rel=\"noopener noreferrer\"> Egyetemi Hallgat\u00f3i\u00a0\u00d6nkorm\u00e1nyzat,<\/a> az EH\u00d6K fogja \u00f6ssze.<\/p>\n<div class=\"keretes w-100\">\n<ul style=\"list-style-type: square\">\n<li class=\"w-100\"><strong><a href=\"https:\/\/semmelweis.hu\/ekk\/hallgatoi-elet\/kollegiumok\/\" target=\"_blank\" rel=\"noopener\">Koll\u00e9giumok<\/a><\/strong><\/li>\n<li class=\"w-100\"><strong><a href=\"https:\/\/semmelweis.hu\/ekk\/hallgatoi-elet\/sportolasi-lehetoseg\/\" target=\"_blank\" rel=\"noopener\">Sportol\u00e1si lehet\u0151s\u00e9gek<\/a><\/strong><\/li>\n<li class=\"w-100\"><strong><a href=\"https:\/\/semmelweis.hu\/ekk\/hallgatoi-elet\/sport-kulturalis-egyeb-kedvezmenyek\/\" target=\"_blank\" rel=\"noopener\">Sport-, kultur\u00e1lis-, egy\u00e9b kedvezm\u00e9nyek<\/a><\/strong><\/li>\n<li class=\"w-100\"><strong><a href=\"https:\/\/semmelweis.hu\/ekk\/hallgatoi-elet\/nemzeti-felsooktatasi-osztondij\/\">Nemzeti fels\u0151oktat\u00e1si \u00f6szt\u00f6nd\u00edj 2023\/2024<\/a><\/strong><\/li>\n<li class=\"w-100\"><strong><a href=\"https:\/\/semmelweis.hu\/ekk\/hallgatoi-elet\/szocialis-es-eselyegyenloseg\/\" target=\"_blank\" rel=\"noopener\">Szoci\u00e1lis \u00e9s es\u00e9lyegyenl\u0151s\u00e9g<\/a><\/strong><\/li>\n<li><strong><a href=\"https:\/\/semmelweis.hu\/ekk\/hallgatoi-elet\/hallgatoi-szervezetek-2\/\">Hallgat\u00f3i szervezetek<\/a><\/strong><\/li>\n<li class=\"w-100\"><strong><a href=\"https:\/\/semmelweis.hu\/ekk\/hallgatoi-elet\/alumni\/\" target=\"_blank\" rel=\"noopener\">Alumni<\/a><\/strong><\/li>\n<\/ul>\n<\/div>\n<p style=\"text-align: justify\">A Semmelweis Egyetem\u00a0Eg\u00e9szs\u00e9g\u00fcgyi K\u00f6zszolg\u00e1lati Kar Hallgat\u00f3i \u00d6nkorm\u00e1nyzat\u00e1nak Facebook oldal\u00e1n tov\u00e1bbi inform\u00e1ci\u00f3kat tal\u00e1l a Kari hallgat\u00f3i \u00e9letr\u0151l.<\/p>\n<div id=\"container-page\" style=\"text-align: justify\">\u00a0<\/p>\n[slb_exclude]<div data-carousel-extra='{\"blog_id\":4,\"permalink\":\"https:\\\/\\\/semmelweis.hu\\\/ekk\\\/hallgatoi-elet\\\/\"}' class=\"tiled-gallery type-rectangular\" data-original-width=\"753\"><div class=\"gallery-row\" style=\"width: 748px; height: 330px;\"><div class=\"gallery-group images-1\" style=\"width: 499px; height: 334px;\"><div class=\"tiled-gallery-item tiled-gallery-item-large\"><a href=\"https:\/\/semmelweis.hu\/ekk\/hallgatoi-elet\/rs43295_ka-20160121-img_0732-scr\/\"><img loading=\"lazy\" decoding=\"async\" data-attachment-id=\"1825\" data-orig-file=\"https:\/\/semmelweis.hu\/ekk\/files\/2011\/06\/RS43295_KA-20160121-IMG_0732-scr.jpg\" data-orig-size=\"950,633\" data-comments-opened=\"0\" data-image-meta=\"{&quot;aperture&quot;:&quot;0&quot;,&quot;credit&quot;:&quot;&quot;,&quot;camera&quot;:&quot;&quot;,&quot;caption&quot;:&quot;&quot;,&quot;created_timestamp&quot;:&quot;0&quot;,&quot;copyright&quot;:&quot;&quot;,&quot;focal_length&quot;:&quot;0&quot;,&quot;iso&quot;:&quot;0&quot;,&quot;shutter_speed&quot;:&quot;0&quot;,&quot;title&quot;:&quot;&quot;,&quot;orientation&quot;:&quot;0&quot;}\" data-image-title=\"RS43295_KA-20160121-IMG_0732-scr\" data-image-description=\"\" data-medium-file=\"https:\/\/semmelweis.hu\/ekk\/files\/2011\/06\/RS43295_KA-20160121-IMG_0732-scr-300x200.jpg\" data-large-file=\"https:\/\/semmelweis.hu\/ekk\/files\/2011\/06\/RS43295_KA-20160121-IMG_0732-scr.jpg\" src=\"https:\/\/semmelweis.hu\/ekk\/files\/2011\/06\/RS43295_KA-20160121-IMG_0732-scr-495x330.jpg\" width=\"495\" height=\"330\" align=\"left\" title=\"\" \/><\/a><\/div><\/div><div class=\"gallery-group images-2\" style=\"width: 249px; height: 334px;\"><div class=\"tiled-gallery-item tiled-gallery-item-small\"><a href=\"https:\/\/semmelweis.hu\/ekk\/hallgatoi-elet\/rs43879_ka-20160128-img_3213-scr\/\"><img loading=\"lazy\" decoding=\"async\" data-attachment-id=\"1826\" data-orig-file=\"https:\/\/semmelweis.hu\/ekk\/files\/2011\/06\/RS43879_KA-20160128-IMG_3213-scr.jpg\" data-orig-size=\"950,633\" data-comments-opened=\"0\" data-image-meta=\"{&quot;aperture&quot;:&quot;0&quot;,&quot;credit&quot;:&quot;&quot;,&quot;camera&quot;:&quot;&quot;,&quot;caption&quot;:&quot;&quot;,&quot;created_timestamp&quot;:&quot;0&quot;,&quot;copyright&quot;:&quot;&quot;,&quot;focal_length&quot;:&quot;0&quot;,&quot;iso&quot;:&quot;0&quot;,&quot;shutter_speed&quot;:&quot;0&quot;,&quot;title&quot;:&quot;&quot;,&quot;orientation&quot;:&quot;0&quot;}\" data-image-title=\"RS43879_KA-20160128-IMG_3213-scr\" data-image-description=\"\" data-medium-file=\"https:\/\/semmelweis.hu\/ekk\/files\/2011\/06\/RS43879_KA-20160128-IMG_3213-scr-300x200.jpg\" data-large-file=\"https:\/\/semmelweis.hu\/ekk\/files\/2011\/06\/RS43879_KA-20160128-IMG_3213-scr.jpg\" src=\"https:\/\/semmelweis.hu\/ekk\/files\/2011\/06\/RS43879_KA-20160128-IMG_3213-scr-245x163.jpg\" width=\"245\" height=\"163\" align=\"left\" title=\"\" \/><\/a><\/div><div class=\"tiled-gallery-item tiled-gallery-item-small\"><a href=\"https:\/\/semmelweis.hu\/ekk\/hallgatoi-elet\/rs18534_ka-20140614-img_8824-nemzetkozi-alumni-scr\/\"><img loading=\"lazy\" decoding=\"async\" data-attachment-id=\"1822\" data-orig-file=\"https:\/\/semmelweis.hu\/ekk\/files\/2011\/06\/RS18534_KA-20140614-IMG_8824-nemzetkozi-alumni-scr.jpg\" data-orig-size=\"950,633\" data-comments-opened=\"0\" data-image-meta=\"{&quot;aperture&quot;:&quot;0&quot;,&quot;credit&quot;:&quot;&quot;,&quot;camera&quot;:&quot;&quot;,&quot;caption&quot;:&quot;&quot;,&quot;created_timestamp&quot;:&quot;0&quot;,&quot;copyright&quot;:&quot;&quot;,&quot;focal_length&quot;:&quot;0&quot;,&quot;iso&quot;:&quot;0&quot;,&quot;shutter_speed&quot;:&quot;0&quot;,&quot;title&quot;:&quot;&quot;,&quot;orientation&quot;:&quot;0&quot;}\" data-image-title=\"RS18534_KA-20140614-IMG_8824-nemzetkozi-alumni-scr\" data-image-description=\"\" data-medium-file=\"https:\/\/semmelweis.hu\/ekk\/files\/2011\/06\/RS18534_KA-20140614-IMG_8824-nemzetkozi-alumni-scr-300x200.jpg\" data-large-file=\"https:\/\/semmelweis.hu\/ekk\/files\/2011\/06\/RS18534_KA-20140614-IMG_8824-nemzetkozi-alumni-scr.jpg\" src=\"https:\/\/semmelweis.hu\/ekk\/files\/2011\/06\/RS18534_KA-20140614-IMG_8824-nemzetkozi-alumni-scr-245x163.jpg\" width=\"245\" height=\"163\" align=\"left\" title=\"\" \/><\/a><\/div><\/div><\/div><div class=\"gallery-row\" style=\"width: 748px; height: 163px;\"><div class=\"gallery-group images-1\" style=\"width: 250px; height: 167px;\"><div class=\"tiled-gallery-item tiled-gallery-item-small\"><a href=\"https:\/\/semmelweis.hu\/ekk\/hallgatoi-elet\/rs28386_ka-20150214-img_5303-vizipolo-kupa-scr\/\"><img loading=\"lazy\" decoding=\"async\" data-attachment-id=\"1823\" data-orig-file=\"https:\/\/semmelweis.hu\/ekk\/files\/2011\/06\/RS28386_ka-20150214-IMG_5303-vizipolo-kupa-scr.jpg\" data-orig-size=\"950,633\" data-comments-opened=\"0\" data-image-meta=\"{&quot;aperture&quot;:&quot;0&quot;,&quot;credit&quot;:&quot;&quot;,&quot;camera&quot;:&quot;&quot;,&quot;caption&quot;:&quot;&quot;,&quot;created_timestamp&quot;:&quot;0&quot;,&quot;copyright&quot;:&quot;&quot;,&quot;focal_length&quot;:&quot;0&quot;,&quot;iso&quot;:&quot;0&quot;,&quot;shutter_speed&quot;:&quot;0&quot;,&quot;title&quot;:&quot;&quot;,&quot;orientation&quot;:&quot;0&quot;}\" data-image-title=\"RS28386_ka-20150214-IMG_5303-vizipolo-kupa-scr\" data-image-description=\"\" data-medium-file=\"https:\/\/semmelweis.hu\/ekk\/files\/2011\/06\/RS28386_ka-20150214-IMG_5303-vizipolo-kupa-scr-300x200.jpg\" data-large-file=\"https:\/\/semmelweis.hu\/ekk\/files\/2011\/06\/RS28386_ka-20150214-IMG_5303-vizipolo-kupa-scr.jpg\" src=\"https:\/\/semmelweis.hu\/ekk\/files\/2011\/06\/RS28386_ka-20150214-IMG_5303-vizipolo-kupa-scr-246x163.jpg\" width=\"246\" height=\"163\" align=\"left\" title=\"\" \/><\/a><\/div><\/div><div class=\"gallery-group images-1\" style=\"width: 249px; height: 167px;\"><div class=\"tiled-gallery-item tiled-gallery-item-small\"><a href=\"https:\/\/semmelweis.hu\/ekk\/hallgatoi-elet\/rs30935_ka-20150428-img_3474-sportnap-scr\/\"><img loading=\"lazy\" decoding=\"async\" data-attachment-id=\"1824\" data-orig-file=\"https:\/\/semmelweis.hu\/ekk\/files\/2011\/06\/RS30935_KA-20150428-IMG_3474-sportnap-scr.jpg\" data-orig-size=\"950,633\" data-comments-opened=\"0\" data-image-meta=\"{&quot;aperture&quot;:&quot;0&quot;,&quot;credit&quot;:&quot;&quot;,&quot;camera&quot;:&quot;&quot;,&quot;caption&quot;:&quot;&quot;,&quot;created_timestamp&quot;:&quot;0&quot;,&quot;copyright&quot;:&quot;&quot;,&quot;focal_length&quot;:&quot;0&quot;,&quot;iso&quot;:&quot;0&quot;,&quot;shutter_speed&quot;:&quot;0&quot;,&quot;title&quot;:&quot;&quot;,&quot;orientation&quot;:&quot;0&quot;}\" data-image-title=\"RS30935_KA-20150428-IMG_3474-sportnap-scr\" data-image-description=\"\" data-medium-file=\"https:\/\/semmelweis.hu\/ekk\/files\/2011\/06\/RS30935_KA-20150428-IMG_3474-sportnap-scr-300x200.jpg\" data-large-file=\"https:\/\/semmelweis.hu\/ekk\/files\/2011\/06\/RS30935_KA-20150428-IMG_3474-sportnap-scr.jpg\" src=\"https:\/\/semmelweis.hu\/ekk\/files\/2011\/06\/RS30935_KA-20150428-IMG_3474-sportnap-scr-245x163.jpg\" width=\"245\" height=\"163\" align=\"left\" title=\"\" \/><\/a><\/div><\/div><div class=\"gallery-group images-1\" style=\"width: 249px; height: 167px;\"><div class=\"tiled-gallery-item tiled-gallery-item-small\"><a href=\"https:\/\/semmelweis.hu\/ekk\/hallgatoi-elet\/rs3911_20130410-se-sportnap-12-scr\/\"><img loading=\"lazy\" decoding=\"async\" data-attachment-id=\"1828\" data-orig-file=\"https:\/\/semmelweis.hu\/ekk\/files\/2011\/06\/RS3911_20130410-SE-sportnap-12-scr.jpg\" data-orig-size=\"950,633\" data-comments-opened=\"0\" data-image-meta=\"{&quot;aperture&quot;:&quot;0&quot;,&quot;credit&quot;:&quot;&quot;,&quot;camera&quot;:&quot;&quot;,&quot;caption&quot;:&quot;&quot;,&quot;created_timestamp&quot;:&quot;0&quot;,&quot;copyright&quot;:&quot;&quot;,&quot;focal_length&quot;:&quot;0&quot;,&quot;iso&quot;:&quot;0&quot;,&quot;shutter_speed&quot;:&quot;0&quot;,&quot;title&quot;:&quot;&quot;,&quot;orientation&quot;:&quot;0&quot;}\" data-image-title=\"RS3911_20130410-SE-sportnap-12-scr\" data-image-description=\"\" data-medium-file=\"https:\/\/semmelweis.hu\/ekk\/files\/2011\/06\/RS3911_20130410-SE-sportnap-12-scr-300x200.jpg\" data-large-file=\"https:\/\/semmelweis.hu\/ekk\/files\/2011\/06\/RS3911_20130410-SE-sportnap-12-scr.jpg\" src=\"https:\/\/semmelweis.hu\/ekk\/files\/2011\/06\/RS3911_20130410-SE-sportnap-12-scr-245x163.jpg\" width=\"245\" height=\"163\" align=\"left\" title=\"\" \/><\/a><\/div><\/div><\/div><\/div>[\/slb_exclude]\n<\/div>\n","protected":false},"excerpt":{"rendered":"<p>A Semmelweis Egyetem k\u00f6zismert pezsg\u0151\u00a0hallgat\u00f3i\u00a0\u00e9let\u00e9r\u0151l. Az itt tanul\u00f3kat a\u00a0hivatalos tanrenden k\u00edv\u00fcli <a href=\"https:\/\/semmelweis.hu\/egyetemi-hallgatoknak\/hallgatoi-rendezvenyek\/\" target=\"_blank\" rel=\"noopener noreferrer\">programok gazdag v\u00e1laszt\u00e9ka<\/a> v\u00e1rja, az els\u0151\u00e9vesek g\u00f3lyat\u00e1bor\u00e1t\u00f3l kezdve a k\u00fcl\u00f6nb\u00f6z\u0151\u00a0sportrendezv\u00e9nyeken \u00e1t a Semmelweis Tavaszi Fesztiv\u00e1lig, s m\u00e1s kultur\u00e1lis programokig. <a href=\"https:\/\/semmelweis.hu\/hok\/files\/2021\/08\/Golyahir-2021.pdf\" target=\"_blank\" rel=\"noopener\">G\u00f3lyah\u00edr<\/a> (\u00dajs\u00e1g els\u0151\u00e9ves hallgat\u00f3inknak) Az egyetemen bel\u00fcl t\u00f6bb <a href=\"https:\/\/semmelweis.hu\/egyetemi-hallgatoknak\/hallgatoi-szervezetek\/\">hallgat\u00f3i szervezet<\/a> is m\u0171k\u00f6dik, k\u00fcl\u00f6n k\u00e9pviselete van p\u00e9ld\u00e1ul a k\u00fclf\u00f6ldi hallgat\u00f3knak. A g\u00f3ly\u00e1k seg\u00edt\u00e9s\u00e9re j\u00f6tt l\u00e9tre az <a href=\"http:\/\/iocs.hu\/\" target=\"_blank\" rel=\"noopener noreferrer\">Instruktor \u00d6ntev\u00e9keny Csoport<\/a> , mely sz\u00e1mos m\u00e1s programot is &hellip;<\/p>\n","protected":false},"author":7,"featured_media":0,"parent":0,"menu_order":6,"comment_status":"closed","ping_status":"closed","template":"","meta":{"_acf_changed":false,"footnotes":""},"categories":[],"tags":[],"class_list":["post-8","page","type-page","status-publish","hentry"],"acf":[],"_links":{"self":[{"href":"https:\/\/semmelweis.hu\/ekk\/wp-json\/wp\/v2\/pages\/8","targetHints":{"allow":["GET"]}}],"collection":[{"href":"https:\/\/semmelweis.hu\/ekk\/wp-json\/wp\/v2\/pages"}],"about":[{"href":"https:\/\/semmelweis.hu\/ekk\/wp-json\/wp\/v2\/types\/page"}],"author":[{"embeddable":true,"href":"https:\/\/semmelweis.hu\/ekk\/wp-json\/wp\/v2\/users\/7"}],"replies":[{"embeddable":true,"href":"https:\/\/semmelweis.hu\/ekk\/wp-json\/wp\/v2\/comments?post=8"}],"version-history":[{"count":13,"href":"https:\/\/semmelweis.hu\/ekk\/wp-json\/wp\/v2\/pages\/8\/revisions"}],"predecessor-version":[{"id":5825,"href":"https:\/\/semmelweis.hu\/ekk\/wp-json\/wp\/v2\/pages\/8\/revisions\/5825"}],"wp:attachment":[{"href":"https:\/\/semmelweis.hu\/ekk\/wp-json\/wp\/v2\/media?parent=8"}],"wp:term":[{"taxonomy":"category","embeddable":true,"href":"https:\/\/semmelweis.hu\/ekk\/wp-json\/wp\/v2\/categories?post=8"},{"taxonomy":"post_tag","embeddable":true,"href":"https:\/\/semmelweis.hu\/ekk\/wp-json\/wp\/v2\/tags?post=8"}],"curies":[{"name":"wp","href":"https:\/\/api.w.org\/{rel}","templated":true}]}}