{"id":779,"date":"2014-05-13T10:54:54","date_gmt":"2014-05-13T08:54:54","guid":{"rendered":"http:\/\/semmelweis.hu\/ekk\/?page_id=779"},"modified":"2026-01-20T17:23:19","modified_gmt":"2026-01-20T16:23:19","slug":"elerhetoseg","status":"publish","type":"page","link":"https:\/\/semmelweis.hu\/ekk\/elerhetoseg\/","title":{"rendered":"El\u00e9rhet\u0151s\u00e9g"},"content":{"rendered":"<p><strong>Eg\u00e9szs\u00e9g\u00fcgyi K\u00f6zszolg\u00e1lati Kar<\/strong><br \/>\nC\u00edm: 1092 Budapest, \u00dcll\u0151i \u00fat 25.<br \/>\nTelefon: 459-1500\/55635<br \/>\nE-mail: <a href=\"mailto:dekani@ekk.sote.hu\">dekani@ekk.sote.hu<\/a><\/p>\n\n<!-- iframe plugin v.4.9 wordpress.org\/plugins\/iframe\/ -->\n<iframe loading=\"lazy\" src=\"https:\/\/www.google.com\/maps\/embed?pb=!1m18!1m12!1m3!1d2696.1377929487235!2d19.06421551550373!3d47.48722897917681!2m3!1f0!2f0!3f0!3m2!1i1024!2i768!4f13.1!3m3!1m2!1s0x4741dc59ee776671%3A0x8bbac50b27bddb3a!2sCity%20Corner%20Irodah%C3%A1z!5e0!3m2!1shu!2shu!4v1613513082650!5m2!1shu!2shu\" width=\"100%\" 0=\"height=&quot;450&quot;&quot;\" height=\"500\" scrolling=\"yes\" class=\"iframe-class\" frameborder=\"0\"><\/iframe>\n\n","protected":false},"excerpt":{"rendered":"<p>Eg\u00e9szs\u00e9g\u00fcgyi K\u00f6zszolg\u00e1lati Kar<br \/>\nC\u00edm: 1092 Budapest, \u00dcll\u0151i \u00fat 25.<br \/>\nTelefon: 459-1500\/55635<br \/>\nE-mail: <a href=\"mailto:dekani@ekk.sote.hu\">dekani@ekk.sote.hu<\/a><\/p>\n","protected":false},"author":12,"featured_media":0,"parent":0,"menu_order":0,"comment_status":"closed","ping_status":"closed","template":"","meta":{"_acf_changed":false,"footnotes":""},"categories":[],"tags":[],"class_list":["post-779","page","type-page","status-publish","hentry"],"acf":[],"_links":{"self":[{"href":"https:\/\/semmelweis.hu\/ekk\/wp-json\/wp\/v2\/pages\/779","targetHints":{"allow":["GET"]}}],"collection":[{"href":"https:\/\/semmelweis.hu\/ekk\/wp-json\/wp\/v2\/pages"}],"about":[{"href":"https:\/\/semmelweis.hu\/ekk\/wp-json\/wp\/v2\/types\/page"}],"author":[{"embeddable":true,"href":"https:\/\/semmelweis.hu\/ekk\/wp-json\/wp\/v2\/users\/12"}],"replies":[{"embeddable":true,"href":"https:\/\/semmelweis.hu\/ekk\/wp-json\/wp\/v2\/comments?post=779"}],"version-history":[{"count":10,"href":"https:\/\/semmelweis.hu\/ekk\/wp-json\/wp\/v2\/pages\/779\/revisions"}],"predecessor-version":[{"id":5998,"href":"https:\/\/semmelweis.hu\/ekk\/wp-json\/wp\/v2\/pages\/779\/revisions\/5998"}],"wp:attachment":[{"href":"https:\/\/semmelweis.hu\/ekk\/wp-json\/wp\/v2\/media?parent=779"}],"wp:term":[{"taxonomy":"category","embeddable":true,"href":"https:\/\/semmelweis.hu\/ekk\/wp-json\/wp\/v2\/categories?post=779"},{"taxonomy":"post_tag","embeddable":true,"href":"https:\/\/semmelweis.hu\/ekk\/wp-json\/wp\/v2\/tags?post=779"}],"curies":[{"name":"wp","href":"https:\/\/api.w.org\/{rel}","templated":true}]}}