{"id":629,"date":"2014-01-15T15:31:36","date_gmt":"2014-01-15T14:31:36","guid":{"rendered":"http:\/\/semmelweis.hu\/ekk\/?page_id=629"},"modified":"2025-12-08T10:35:18","modified_gmt":"2025-12-08T09:35:18","slug":"archiv","status":"publish","type":"page","link":"https:\/\/semmelweis.hu\/ekk\/dokumentumtar\/archiv\/","title":{"rendered":"Szab\u00e1lyzatok Arch\u00edvum"},"content":{"rendered":"<h3>Hallgat\u00f3i pl\u00e1giumszab\u00e1lyzat<\/h3>\n<p><a href=\"https:\/\/semmelweis.hu\/ekk\/files\/2024\/11\/SE_EKK_Plagiumszabalyzat_20221001_hat_datum.pdf\">Hallgat\u00f3i pl\u00e1giumszab\u00e1lyzat<\/a> (2022\/10)<\/p>\n<hr \/>\n<h3>Kari v\u00e1laszt\u00e1si szab\u00e1lyzat<\/h3>\n<p><a href=\"https:\/\/semmelweis.hu\/ekk\/files\/2020\/03\/SE_EKK_SZR_M06_v%C3%A1laszt%C3%A1s_rendje_vm.pdf\">Kari Tan\u00e1cs v\u00e1lasztott tagok v\u00e1laszt\u00e1s rendje<\/a> (2020.01.29.)<\/p>\n<hr \/>\n<h3>Hivat\u00e1setikai alapok rendje<\/h3>\n<p><a href=\"https:\/\/semmelweis.hu\/ekk\/files\/2024\/08\/Hivatasetikai-alapok-rendje_EKK_modositott_240827.pdf\">Hivat\u00e1setikai alapok rendje<\/a> (2024. augusztus)<\/p>\n<p><a href=\"https:\/\/semmelweis.hu\/ekk\/files\/2024\/06\/Hivatasetikai-alapok-rendje_EKK_modositott_240605.pdf\">Hivat\u00e1setikai alapok rendje<\/a> (2024. j\u00fanius)<\/p>\n<p><a href=\"https:\/\/semmelweis.hu\/ekk\/files\/2024\/02\/Hivatasetikai-alapok-rendje_EKK_20240205.pdf\">Hivat\u00e1setikai alapok rendje<\/a> (2024. febru\u00e1r)<\/p>\n<p><a href=\"https:\/\/semmelweis.hu\/ekk\/files\/2023\/06\/Hivatasetikai-alapok-rendje_EKK_20230621.pdf\">Hivat\u00e1setikai alapok rendje<\/a> (2023. j\u00fanius)<\/p>\n<p><a href=\"https:\/\/semmelweis.hu\/ekk\/files\/2021\/12\/Hivatasetikai-alapok-rendje_EKK_20211210.pdf\">Hivat\u00e1setikai alapok rendje<\/a> (2021. december)<\/p>\n<p><a href=\"https:\/\/semmelweis.hu\/ekk\/files\/2021\/02\/Hivat\u00e1setikai-alapok-rendje_EKK_20210209.pdf\">Hivat\u00e1setikai alapok rendje<\/a> (2021. febru\u00e1r)<\/p>\n<p><a href=\"https:\/\/semmelweis.hu\/ekk\/files\/2020\/12\/Hivat%C3%A1setikai-alapok-rendje_EKK_0827.pdf\">Hivat\u00e1setikai alapok rendje<\/a> (2020)<\/p>\n<hr \/>\n<p><span style=\"text-decoration: underline\"><strong>EKK Kari m\u0171k\u00f6d\u00e9si rend<\/strong><\/span><\/p>\n<p><a href=\"https:\/\/semmelweis.hu\/ekk\/files\/2021\/03\/SE_EKK_SZR_2020_0316.pdf\">EKK Kari m\u0171k\u00f6d\u00e9si rend (2020.03.16.)<\/a><\/p>\n<p><a href=\"https:\/\/semmelweis.hu\/ekk\/files\/2020\/03\/Szervezeti-%C3%A9s-M%C5%B1k%C3%B6d%C3%A9si-Rend_EKK.pdf\">EKK Kari m\u0171k\u00f6d\u00e9si rend (2020.01.29.)<\/a><\/p>\n<p><a href=\"https:\/\/semmelweis.hu\/ekk\/files\/2014\/12\/EKK_kari_mukodesi_rend_20170119.pdf\" target=\"_blank\" rel=\"noopener noreferrer\">EKK Kari m\u0171k\u00f6d\u00e9si rend (2018.05.11-ig)\u00a0<\/a><\/p>\n<p><a href=\"https:\/\/semmelweis.hu\/ekk\/files\/2014\/01\/EKK_kari_mukodesi_rend_20151116.pdf\" target=\"_blank\" rel=\"noopener noreferrer\">EKK Kari m\u0171k\u00f6d\u00e9si rend (2017.01.19-ig)<\/a>\u00a0<\/p>\n<hr \/>\n<p><span style=\"text-decoration: underline\"><strong>EKK T\u00e9r\u00edt\u00e9si \u00e9s Juttat\u00e1si Rend<\/strong><\/span><\/p>\n<p><a href=\"https:\/\/semmelweis.hu\/ekk\/files\/2025\/11\/EKK_TERITESI_ES_JUTTATASI_REND_2025_11_11-1.pdf\">Eg\u00e9szs\u00e9g\u00fcgyi K\u00f6zszolg\u00e1lati Kar &#8211; T\u00e9r\u00edt\u00e9si \u00e9s Juttat\u00e1si Rend (2025\/11\/11)<\/a><\/p>\n<p><a href=\"https:\/\/semmelweis.hu\/ekk\/files\/2024\/11\/EKK_TERITESI_ES_JUTTATASI_REND_2024_10_01_hat_datum.pdf\">Eg\u00e9szs\u00e9g\u00fcgyi K\u00f6zszolg\u00e1lati Kar &#8211; T\u00e9r\u00edt\u00e9si \u00e9s Juttat\u00e1si Rend (2024\/10\/01)<\/a><\/p>\n<p><a href=\"https:\/\/semmelweis.hu\/ekk\/files\/2023\/12\/EKK_TERITESI_ES_JUTTATASI_REND_2023_12_11.pdf\">Eg\u00e9szs\u00e9g\u00fcgyi K\u00f6zszolg\u00e1lati Kar &#8211; T\u00e9r\u00edt\u00e9si \u00e9s Juttat\u00e1si Rend (2023\/12\/11)<\/a><\/p>\n<p><a href=\"https:\/\/semmelweis.hu\/ekk\/files\/2023\/09\/EKK_TERITESI_ES_JUTTATASI_REND_2023_09_25.pdf\">Eg\u00e9szs\u00e9g\u00fcgyi K\u00f6zszolg\u00e1lati Kar &#8211; T\u00e9r\u00edt\u00e9si \u00e9s Juttat\u00e1si Rend (2023\/09\/25)<\/a><\/p>\n<p><a href=\"https:\/\/semmelweis.hu\/ekk\/files\/2023\/01\/EKK_TERITESI_ES_JUTTATASI_REND_2023_01_30_v.pdf\">Eg\u00e9szs\u00e9g\u00fcgyi K\u00f6zszolg\u00e1lati Kar &#8211; T\u00e9r\u00edt\u00e9si \u00e9s Juttat\u00e1si Rend (2023\/01\/30)<\/a><\/p>\n<p><a href=\"https:\/\/semmelweis.hu\/ekk\/files\/2023\/01\/EKK_TERITESI_ES_JUTTATASI_REND_2023_01_23_v.pdf\">Eg\u00e9szs\u00e9g\u00fcgyi K\u00f6zszolg\u00e1lati Kar &#8211; T\u00e9r\u00edt\u00e9si \u00e9s Juttat\u00e1si Rend (2023\/01\/23)<span style=\"float: none;background-color: transparent;color: #1e2326;cursor: text;font-family: 'PT serif',serif;font-size: 20px;font-style: normal;font-variant: normal;font-weight: 400;letter-spacing: normal;text-align: left;text-decoration: none;text-indent: 0px;text-transform: none\">\u00a0<\/span><\/a><\/p>\n<p><a href=\"https:\/\/semmelweis.hu\/ekk\/files\/2022\/07\/EKK_TERITESI_ES_JUTTATASI_REND_2022_07_01.pdf\">Eg\u00e9szs\u00e9g\u00fcgyi K\u00f6zszolg\u00e1lati Kar &#8211; T\u00e9r\u00edt\u00e9si \u00e9s Juttat\u00e1si Rend (2022\/07)<span style=\"float: none;background-color: transparent;color: #1e2326;cursor: text;font-family: 'PT serif',serif;font-size: 20px;font-style: normal;font-variant: normal;font-weight: 400;letter-spacing: normal;text-align: left;text-decoration: none;text-indent: 0px;text-transform: none\">\u00a0<\/span><\/a><\/p>\n<p><a href=\"https:\/\/semmelweis.hu\/ekk\/files\/2020\/05\/EKK_TERITESI_ES_JUTTATASI_REND_20200131_.pdf\">Eg\u00e9szs\u00e9g\u00fcgyi K\u00f6zszolg\u00e1lati Kar &#8211; T\u00e9r\u00edt\u00e9si \u00e9s Juttat\u00e1si Rend (2020\/01)<\/a><span style=\"float: none;background-color: transparent;color: #1e2326;cursor: text;font-family: 'PT serif',serif;font-size: 20px;font-style: normal;font-variant: normal;font-weight: 400;letter-spacing: normal;text-align: left;text-decoration: none;text-indent: 0px;text-transform: none\">\u00a0<\/span><\/p>\n<p><a href=\"https:\/\/semmelweis.hu\/ekk\/files\/2020\/01\/EKK_TERITESI_ES_JUTTATASI_REND_20180613_v.pdf\">Eg\u00e9szs\u00e9g\u00fcgyi K\u00f6zszolg\u00e1lati Kar &#8211; T\u00e9r\u00edt\u00e9si \u00e9s Juttat\u00e1si Rend (2018\/06)<\/a><\/p>\n<p><a href=\"https:\/\/semmelweis.hu\/ekk\/files\/2011\/06\/EKK_TERITESI_ES_JUTTATASI_REND_20160815.pdf\" target=\"_blank\" rel=\"noopener noreferrer\">Eg\u00e9szs\u00e9g\u00fcgyi K\u00f6zszolg\u00e1lati Kar &#8211; T\u00e9r\u00edt\u00e9si \u00e9s Juttat\u00e1si Rend (2016\/08)<\/a><\/p>\n<p><a href=\"https:\/\/semmelweis.hu\/ekk\/files\/2011\/06\/EKK_TERITESI_ES_JUTTATASI_REND_20160531.pdf\" target=\"_blank\" rel=\"noopener noreferrer\">Eg\u00e9szs\u00e9g\u00fcgyi K\u00f6zszolg\u00e1lati Kar &#8211; T\u00e9r\u00edt\u00e9si \u00e9s Juttat\u00e1si Rend (2016\/05)<\/a><\/p>\n<p><a href=\"https:\/\/semmelweis.hu\/ekk\/files\/2014\/01\/EKK_TERITESI_ES_JUTTATASI_REND_20160324.pdf\" target=\"_blank\" rel=\"noopener noreferrer\">Eg\u00e9szs\u00e9g\u00fcgyi K\u00f6zszolg\u00e1lati Kar &#8211; T\u00e9r\u00edt\u00e9si \u00e9s Juttat\u00e1si Rend (2016\/03)<\/a><\/p>\n<p><a href=\"https:\/\/semmelweis.hu\/ekk\/files\/2015\/05\/EKK_TERITESI_ES_JUTTATASI_REND_20150507.pdf\" target=\"_blank\" rel=\"noopener noreferrer\">Eg\u00e9szs\u00e9g\u00fcgyi K\u00f6zszolg\u00e1lati Kar &#8211; T\u00e9r\u00edt\u00e9si \u00e9s Juttat\u00e1si Rend (2015\/05)<\/a><\/p>\n<p><a href=\"https:\/\/semmelweis.hu\/ekk\/files\/2015\/01\/EKK_TERITESI_ES_JUTTATASI_REND_20150113.pdf\" target=\"_blank\" rel=\"noopener noreferrer\">Eg\u00e9szs\u00e9g\u00fcgyi K\u00f6zszolg\u00e1lati Kar &#8211; T\u00e9r\u00edt\u00e9si \u00e9s Juttat\u00e1si Rend (2015\/01)<\/a><\/p>\n<p><a href=\"https:\/\/semmelweis.hu\/ekk\/files\/2014\/10\/EKK_TERITESI_ES_JUTTATASI_REND_2014_10_03.pdf\" target=\"_blank\" rel=\"noopener noreferrer\">Eg\u00e9szs\u00e9g\u00fcgyi K\u00f6zszolg\u00e1lati Kar &#8211; T\u00e9r\u00edt\u00e9si \u00e9s Juttat\u00e1si Rend (2014\/10)<\/a><\/p>\n<p><a href=\"https:\/\/semmelweis.hu\/ekk\/files\/2014\/07\/EKK_TERITESI_ES_JUTTATASI_REND_20140611.pdf\" target=\"_blank\" rel=\"noopener noreferrer\">Eg\u00e9szs\u00e9g\u00fcgyi K\u00f6zszolg\u00e1lati Kar &#8211; T\u00e9r\u00edt\u00e9si \u00e9s Juttat\u00e1si Rend (2014\/06)<\/a><\/p>\n<p><a href=\"https:\/\/semmelweis.hu\/ekk\/files\/2014\/04\/EKK_TERITESI_ES_JUTTATASI_REND_20140407.pdf\">Eg\u00e9szs\u00e9g\u00fcgyi K\u00f6zszolg\u00e1lati Kar &#8211; T\u00e9r\u00edt\u00e9si \u00e9s Juttat\u00e1si Rend (2014\/04)<\/a><\/p>\n<p><a href=\"https:\/\/semmelweis.hu\/ekk\/files\/2011\/06\/EKK_TERITESI_ES_JUTTATASI_REND_201401136.pdf\">Eg\u00e9szs\u00e9g\u00fcgyi K\u00f6zszolg\u00e1lati Kar &#8211; T\u00e9r\u00edt\u00e9si \u00e9s Juttat\u00e1si Rend (2014\/01<\/a>)<\/p>\n<p><a href=\"https:\/\/semmelweis.hu\/ekk\/files\/2014\/01\/EKK_TERITESI_ES_JUTTATASI_REND_20131118.pdf\">Eg\u00e9szs\u00e9g\u00fcgyi K\u00f6zszolg\u00e1lati Kar &#8211; T\u00e9r\u00edt\u00e9si \u00e9s Juttat\u00e1si Rend (2013\/11)<\/a><\/p>\n<p><a href=\"https:\/\/semmelweis.hu\/ekk\/files\/2014\/01\/EKK_TERITESI_ES_JUTTATASI_REND_20130617.pdf\">Eg\u00e9szs\u00e9g\u00fcgyi K\u00f6zszolg\u00e1lati Kar &#8211; T\u00e9r\u00edt\u00e9si \u00e9s Juttat\u00e1si Rend (2013\/06)<\/a><\/p>\n<p><a href=\"https:\/\/semmelweis.hu\/ekk\/files\/2014\/01\/EKK_TERITESI_ES_JUTTATASI_REND_20130225.pdf\">Eg\u00e9szs\u00e9g\u00fcgyi K\u00f6zszolg\u00e1lati Kar &#8211; T\u00e9r\u00edt\u00e9si \u00e9s Juttat\u00e1si Rend (2013\/02)<\/a><\/p>\n<p><a href=\"https:\/\/semmelweis.hu\/ekk\/files\/2014\/01\/EKK_TERITESI_ES_JUTTATASI_REND_20121008.pdf\">Eg\u00e9szs\u00e9g\u00fcgyi K\u00f6zszolg\u00e1lati Kar &#8211; T\u00e9r\u00edt\u00e9si \u00e9s Juttat\u00e1si Rend (2012\/10)<\/a><\/p>\n<p><a href=\"https:\/\/semmelweis.hu\/ekk\/files\/2014\/09\/EKK_TERITESI_ES_JUTTATASI_REND_VEGLEGES.pdf\" target=\"_blank\" rel=\"noopener noreferrer\">Eg\u00e9szs\u00e9g\u00fcgyi K\u00f6zszolg\u00e1lati Kar &#8211; T\u00e9r\u00edt\u00e9si \u00e9s Juttat\u00e1si Rend (2011\/09)<\/a><\/p>\n<hr \/>\n<hr \/>\n<p><strong><span style=\"text-decoration: underline\">EKK SZMSZ Hallgat\u00f3i jogorvoslati elj\u00e1r\u00e1s rendje<br \/>\n<\/span><\/strong><\/p>\n<p><a href=\"https:\/\/semmelweis.hu\/jogigfoig\/files\/2014\/06\/SzMSz_egyseges_2014_III_27_41_49_53.pdf#page=420\" target=\"_blank\" rel=\"noopener noreferrer\">SZMSZ Hallgat\u00f3i jogorvoslati elj\u00e1r\u00e1s rendje (2014.03.26-ig)<\/a><\/p>\n<hr \/>\n<p>&nbsp;<\/p>\n<p>&nbsp;<\/p>\n","protected":false},"excerpt":{"rendered":"<p>Hallgat\u00f3i pl\u00e1giumszab\u00e1lyzat <a href=\"https:\/\/semmelweis.hu\/ekk\/files\/2024\/11\/SE_EKK_Plagiumszabalyzat_20221001_hat_datum.pdf\">Hallgat\u00f3i pl\u00e1giumszab\u00e1lyzat<\/a> (2022\/10) Kari v\u00e1laszt\u00e1si szab\u00e1lyzat <a href=\"https:\/\/semmelweis.hu\/ekk\/files\/2020\/03\/SE_EKK_SZR_M06_v%C3%A1laszt%C3%A1s_rendje_vm.pdf\">Kari Tan\u00e1cs v\u00e1lasztott tagok v\u00e1laszt\u00e1s rendje<\/a> (2020.01.29.) Hivat\u00e1setikai alapok rendje <a href=\"https:\/\/semmelweis.hu\/ekk\/files\/2024\/08\/Hivatasetikai-alapok-rendje_EKK_modositott_240827.pdf\">Hivat\u00e1setikai alapok rendje<\/a> (2024. augusztus) <a href=\"https:\/\/semmelweis.hu\/ekk\/files\/2024\/06\/Hivatasetikai-alapok-rendje_EKK_modositott_240605.pdf\">Hivat\u00e1setikai alapok rendje<\/a> (2024. j\u00fanius) <a href=\"https:\/\/semmelweis.hu\/ekk\/files\/2024\/02\/Hivatasetikai-alapok-rendje_EKK_20240205.pdf\">Hivat\u00e1setikai alapok rendje<\/a> (2024. febru\u00e1r) <a href=\"https:\/\/semmelweis.hu\/ekk\/files\/2023\/06\/Hivatasetikai-alapok-rendje_EKK_20230621.pdf\">Hivat\u00e1setikai alapok rendje<\/a> (2023. j\u00fanius) <a href=\"https:\/\/semmelweis.hu\/ekk\/files\/2021\/12\/Hivatasetikai-alapok-rendje_EKK_20211210.pdf\">Hivat\u00e1setikai alapok rendje<\/a> (2021. december) <a href=\"https:\/\/semmelweis.hu\/ekk\/files\/2021\/02\/Hivat\u00e1setikai-alapok-rendje_EKK_20210209.pdf\">Hivat\u00e1setikai alapok rendje<\/a> (2021. febru\u00e1r) <a href=\"https:\/\/semmelweis.hu\/ekk\/files\/2020\/12\/Hivat%C3%A1setikai-alapok-rendje_EKK_0827.pdf\">Hivat\u00e1setikai alapok rendje<\/a> (2020) EKK Kari m\u0171k\u00f6d\u00e9si rend <a href=\"https:\/\/semmelweis.hu\/ekk\/files\/2021\/03\/SE_EKK_SZR_2020_0316.pdf\">EKK Kari m\u0171k\u00f6d\u00e9si rend (2020.03.16.)<\/a> <a href=\"https:\/\/semmelweis.hu\/ekk\/files\/2020\/03\/Szervezeti-%C3%A9s-M%C5%B1k%C3%B6d%C3%A9si-Rend_EKK.pdf\">EKK Kari m\u0171k\u00f6d\u00e9si rend (2020.01.29.)<\/a> <a href=\"https:\/\/semmelweis.hu\/ekk\/files\/2014\/12\/EKK_kari_mukodesi_rend_20170119.pdf\" target=\"_blank\" rel=\"noopener noreferrer\">EKK Kari m\u0171k\u00f6d\u00e9si rend (2018.05.11-ig)\u00a0<\/a> <a href=\"https:\/\/semmelweis.hu\/ekk\/files\/2014\/01\/EKK_kari_mukodesi_rend_20151116.pdf\" target=\"_blank\" rel=\"noopener noreferrer\">EKK Kari m\u0171k\u00f6d\u00e9si rend (2017.01.19-ig)<\/a> \u00a0 EKK T\u00e9r\u00edt\u00e9si \u00e9s Juttat\u00e1si Rend <a href=\"https:\/\/semmelweis.hu\/ekk\/files\/2025\/11\/EKK_TERITESI_ES_JUTTATASI_REND_2025_11_11-1.pdf\">Eg\u00e9szs\u00e9g\u00fcgyi K\u00f6zszolg\u00e1lati Kar &#8211; T\u00e9r\u00edt\u00e9si \u00e9s Juttat\u00e1si Rend (2025\/11\/11)<\/a> <a href=\"https:\/\/semmelweis.hu\/ekk\/files\/2024\/11\/EKK_TERITESI_ES_JUTTATASI_REND_2024_10_01_hat_datum.pdf\">Eg\u00e9szs\u00e9g\u00fcgyi K\u00f6zszolg\u00e1lati Kar &#8211; T\u00e9r\u00edt\u00e9si \u00e9s Juttat\u00e1si Rend (2024\/10\/01)<\/a> <a href=\"https:\/\/semmelweis.hu\/ekk\/files\/2023\/12\/EKK_TERITESI_ES_JUTTATASI_REND_2023_12_11.pdf\">Eg\u00e9szs\u00e9g\u00fcgyi K\u00f6zszolg\u00e1lati Kar &#8211; T\u00e9r\u00edt\u00e9si \u00e9s Juttat\u00e1si Rend (2023\/12\/11)<\/a> <a href=\"https:\/\/semmelweis.hu\/ekk\/files\/2023\/09\/EKK_TERITESI_ES_JUTTATASI_REND_2023_09_25.pdf\">Eg\u00e9szs\u00e9g\u00fcgyi K\u00f6zszolg\u00e1lati Kar &#8211; T\u00e9r\u00edt\u00e9si \u00e9s Juttat\u00e1si Rend (2023\/09\/25)<\/a> <a href=\"https:\/\/semmelweis.hu\/ekk\/files\/2023\/01\/EKK_TERITESI_ES_JUTTATASI_REND_2023_01_30_v.pdf\">Eg\u00e9szs\u00e9g\u00fcgyi K\u00f6zszolg\u00e1lati Kar &#8211; T\u00e9r\u00edt\u00e9si \u00e9s Juttat\u00e1si Rend (2023\/01\/30)<\/a> <a href=\"https:\/\/semmelweis.hu\/ekk\/files\/2023\/01\/EKK_TERITESI_ES_JUTTATASI_REND_2023_01_23_v.pdf\">Eg\u00e9szs\u00e9g\u00fcgyi K\u00f6zszolg\u00e1lati Kar &#8211; T\u00e9r\u00edt\u00e9si \u00e9s Juttat\u00e1si Rend (2023\/01\/23)\u00a0<\/a> <a href=\"https:\/\/semmelweis.hu\/ekk\/files\/2022\/07\/EKK_TERITESI_ES_JUTTATASI_REND_2022_07_01.pdf\">Eg\u00e9szs\u00e9g\u00fcgyi K\u00f6zszolg\u00e1lati Kar &#8211; T\u00e9r\u00edt\u00e9si \u00e9s Juttat\u00e1si Rend (2022\/07)\u00a0<\/a> <a href=\"https:\/\/semmelweis.hu\/ekk\/files\/2020\/05\/EKK_TERITESI_ES_JUTTATASI_REND_20200131_.pdf\">Eg\u00e9szs\u00e9g\u00fcgyi K\u00f6zszolg\u00e1lati Kar &#8211; T\u00e9r\u00edt\u00e9si \u00e9s Juttat\u00e1si Rend (2020\/01)<\/a> \u00a0 <a href=\"https:\/\/semmelweis.hu\/ekk\/files\/2020\/01\/EKK_TERITESI_ES_JUTTATASI_REND_20180613_v.pdf\">Eg\u00e9szs\u00e9g\u00fcgyi K\u00f6zszolg\u00e1lati Kar &#8211; T\u00e9r\u00edt\u00e9si \u00e9s Juttat\u00e1si Rend (2018\/06)<\/a> <a href=\"https:\/\/semmelweis.hu\/ekk\/files\/2011\/06\/EKK_TERITESI_ES_JUTTATASI_REND_20160815.pdf\" target=\"_blank\" rel=\"noopener noreferrer\">Eg\u00e9szs\u00e9g\u00fcgyi K\u00f6zszolg\u00e1lati Kar &#8211; T\u00e9r\u00edt\u00e9si \u00e9s Juttat\u00e1si Rend (2016\/08)<\/a> <a href=\"https:\/\/semmelweis.hu\/ekk\/files\/2011\/06\/EKK_TERITESI_ES_JUTTATASI_REND_20160531.pdf\" target=\"_blank\" rel=\"noopener noreferrer\">Eg\u00e9szs\u00e9g\u00fcgyi K\u00f6zszolg\u00e1lati Kar &#8211; T\u00e9r\u00edt\u00e9si \u00e9s Juttat\u00e1si Rend (2016\/05)<\/a> <a href=\"https:\/\/semmelweis.hu\/ekk\/files\/2014\/01\/EKK_TERITESI_ES_JUTTATASI_REND_20160324.pdf\" target=\"_blank\" rel=\"noopener noreferrer\">Eg\u00e9szs\u00e9g\u00fcgyi K\u00f6zszolg\u00e1lati Kar &#8211; T\u00e9r\u00edt\u00e9si \u00e9s Juttat\u00e1si Rend (2016\/03)<\/a> <a href=\"https:\/\/semmelweis.hu\/ekk\/files\/2015\/05\/EKK_TERITESI_ES_JUTTATASI_REND_20150507.pdf\" target=\"_blank\" rel=\"noopener noreferrer\">Eg\u00e9szs\u00e9g\u00fcgyi K\u00f6zszolg\u00e1lati Kar &#8211; T\u00e9r\u00edt\u00e9si \u00e9s Juttat\u00e1si Rend (2015\/05)<\/a> <a href=\"https:\/\/semmelweis.hu\/ekk\/files\/2015\/01\/EKK_TERITESI_ES_JUTTATASI_REND_20150113.pdf\" target=\"_blank\" rel=\"noopener noreferrer\">Eg\u00e9szs\u00e9g\u00fcgyi K\u00f6zszolg\u00e1lati Kar &#8211; T\u00e9r\u00edt\u00e9si \u00e9s Juttat\u00e1si Rend (2015\/01)<\/a> <a href=\"https:\/\/semmelweis.hu\/ekk\/files\/2014\/10\/EKK_TERITESI_ES_JUTTATASI_REND_2014_10_03.pdf\" target=\"_blank\" rel=\"noopener noreferrer\">Eg\u00e9szs\u00e9g\u00fcgyi K\u00f6zszolg\u00e1lati Kar &#8211; T\u00e9r\u00edt\u00e9si \u00e9s Juttat\u00e1si Rend (2014\/10)<\/a> <a href=\"https:\/\/semmelweis.hu\/ekk\/files\/2014\/07\/EKK_TERITESI_ES_JUTTATASI_REND_20140611.pdf\" target=\"_blank\" rel=\"noopener noreferrer\">Eg\u00e9szs\u00e9g\u00fcgyi K\u00f6zszolg\u00e1lati Kar &#8211; T\u00e9r\u00edt\u00e9si \u00e9s Juttat\u00e1si Rend (2014\/06)<\/a> <a href=\"https:\/\/semmelweis.hu\/ekk\/files\/2014\/04\/EKK_TERITESI_ES_JUTTATASI_REND_20140407.pdf\">Eg\u00e9szs\u00e9g\u00fcgyi K\u00f6zszolg\u00e1lati Kar &#8211; T\u00e9r\u00edt\u00e9si \u00e9s Juttat\u00e1si Rend (2014\/04)<\/a> <a href=\"https:\/\/semmelweis.hu\/ekk\/files\/2011\/06\/EKK_TERITESI_ES_JUTTATASI_REND_201401136.pdf\">Eg\u00e9szs\u00e9g\u00fcgyi K\u00f6zszolg\u00e1lati Kar &#8211; T\u00e9r\u00edt\u00e9si \u00e9s Juttat\u00e1si Rend (2014\/01<\/a> ) <a href=\"https:\/\/semmelweis.hu\/ekk\/files\/2014\/01\/EKK_TERITESI_ES_JUTTATASI_REND_20131118.pdf\">Eg\u00e9szs\u00e9g\u00fcgyi K\u00f6zszolg\u00e1lati Kar &#8211; T\u00e9r\u00edt\u00e9si \u00e9s Juttat\u00e1si Rend (2013\/11)<\/a> <a href=\"https:\/\/semmelweis.hu\/ekk\/files\/2014\/01\/EKK_TERITESI_ES_JUTTATASI_REND_20130617.pdf\">Eg\u00e9szs\u00e9g\u00fcgyi K\u00f6zszolg\u00e1lati Kar &#8211; T\u00e9r\u00edt\u00e9si \u00e9s Juttat\u00e1si Rend (2013\/06)<\/a> <a href=\"https:\/\/semmelweis.hu\/ekk\/files\/2014\/01\/EKK_TERITESI_ES_JUTTATASI_REND_20130225.pdf\">Eg\u00e9szs\u00e9g\u00fcgyi K\u00f6zszolg\u00e1lati Kar &#8211; T\u00e9r\u00edt\u00e9si \u00e9s Juttat\u00e1si Rend (2013\/02)<\/a> <a href=\"https:\/\/semmelweis.hu\/ekk\/files\/2014\/01\/EKK_TERITESI_ES_JUTTATASI_REND_20121008.pdf\">Eg\u00e9szs\u00e9g\u00fcgyi K\u00f6zszolg\u00e1lati Kar &#8211; T\u00e9r\u00edt\u00e9si \u00e9s Juttat\u00e1si Rend (2012\/10)<\/a> <a href=\"https:\/\/semmelweis.hu\/ekk\/files\/2014\/09\/EKK_TERITESI_ES_JUTTATASI_REND_VEGLEGES.pdf\" target=\"_blank\" rel=\"noopener noreferrer\">Eg\u00e9szs\u00e9g\u00fcgyi K\u00f6zszolg\u00e1lati Kar &#8211; T\u00e9r\u00edt\u00e9si \u00e9s Juttat\u00e1si Rend (2011\/09)<\/a> EKK SZMSZ Hallgat\u00f3i jogorvoslati elj\u00e1r\u00e1s rendje <a href=\"https:\/\/semmelweis.hu\/jogigfoig\/files\/2014\/06\/SzMSz_egyseges_2014_III_27_41_49_53.pdf#page=420\" target=\"_blank\" rel=\"noopener noreferrer\">SZMSZ Hallgat\u00f3i jogorvoslati elj\u00e1r\u00e1s rendje (2014.03.26-ig)<\/a> &nbsp; &hellip;<\/p>\n","protected":false},"author":304,"featured_media":0,"parent":53,"menu_order":0,"comment_status":"closed","ping_status":"closed","template":"","meta":{"_acf_changed":false,"footnotes":""},"categories":[],"tags":[],"class_list":["post-629","page","type-page","status-publish","hentry"],"acf":[],"_links":{"self":[{"href":"https:\/\/semmelweis.hu\/ekk\/wp-json\/wp\/v2\/pages\/629","targetHints":{"allow":["GET"]}}],"collection":[{"href":"https:\/\/semmelweis.hu\/ekk\/wp-json\/wp\/v2\/pages"}],"about":[{"href":"https:\/\/semmelweis.hu\/ekk\/wp-json\/wp\/v2\/types\/page"}],"author":[{"embeddable":true,"href":"https:\/\/semmelweis.hu\/ekk\/wp-json\/wp\/v2\/users\/304"}],"replies":[{"embeddable":true,"href":"https:\/\/semmelweis.hu\/ekk\/wp-json\/wp\/v2\/comments?post=629"}],"version-history":[{"count":14,"href":"https:\/\/semmelweis.hu\/ekk\/wp-json\/wp\/v2\/pages\/629\/revisions"}],"predecessor-version":[{"id":5914,"href":"https:\/\/semmelweis.hu\/ekk\/wp-json\/wp\/v2\/pages\/629\/revisions\/5914"}],"up":[{"embeddable":true,"href":"https:\/\/semmelweis.hu\/ekk\/wp-json\/wp\/v2\/pages\/53"}],"wp:attachment":[{"href":"https:\/\/semmelweis.hu\/ekk\/wp-json\/wp\/v2\/media?parent=629"}],"wp:term":[{"taxonomy":"category","embeddable":true,"href":"https:\/\/semmelweis.hu\/ekk\/wp-json\/wp\/v2\/categories?post=629"},{"taxonomy":"post_tag","embeddable":true,"href":"https:\/\/semmelweis.hu\/ekk\/wp-json\/wp\/v2\/tags?post=629"}],"curies":[{"name":"wp","href":"https:\/\/api.w.org\/{rel}","templated":true}]}}