{"id":6099,"date":"2026-03-18T15:01:38","date_gmt":"2026-03-18T14:01:38","guid":{"rendered":"https:\/\/semmelweis.hu\/ekk\/?page_id=6099"},"modified":"2026-03-23T18:00:31","modified_gmt":"2026-03-23T17:00:31","slug":"egeszsegpolitika-finanszirozas-es-rendszerfejlesztes-tanszek","status":"publish","type":"page","link":"https:\/\/semmelweis.hu\/ekk\/tanszekek\/egeszsegpolitika-finanszirozas-es-rendszerfejlesztes-tanszek\/","title":{"rendered":"Eg\u00e9szs\u00e9gpolitika, Finansz\u00edroz\u00e1s \u00e9s Rendszerfejleszt\u00e9s Tansz\u00e9k"},"content":{"rendered":"<div class=\"keretes w-100\">\n<ul style=\"list-style-type: square\">\n<li style=\"text-align: justify\"><strong><a href=\"#alapitas\">Az Eg\u00e9szs\u00e9gpolitika, Finansz\u00edroz\u00e1s \u00e9s Rendszerfejleszt\u00e9s Tansz\u00e9k l\u00e9trej\u00f6tte<\/a><\/strong><\/li>\n<li style=\"text-align: justify\"><strong><a href=\"#celok_feladatok\">Az Eg\u00e9szs\u00e9gpolitika, Finansz\u00edroz\u00e1s \u00e9s Rendszerfejleszt\u00e9s Tansz\u00e9k c\u00e9ljai, feladatai<\/a><\/strong><\/li>\n<li style=\"text-align: justify\"><strong><a href=\"#projektek\">A Tansz\u00e9k folyamatban l\u00e9v\u0151 kiemelt projektjei<\/a><\/strong><\/li>\n<li style=\"text-align: justify\"><strong><a href=\"#nemzetkozi_kapcsolatok\">Nemzetk\u00f6zi kapcsolatok<\/a><\/strong><\/li>\n<li><strong><a href=\"#publikaciok\">Publik\u00e1ci\u00f3k<\/a><\/strong><\/li>\n<\/ul>\n<\/div>\n<h5 style=\"text-align: justify\"><a id=\"alapitas\"><\/a>Az Eg\u00e9szs\u00e9gpolitika, Finansz\u00edroz\u00e1s \u00e9s Rendszerfejleszt\u00e9s Tansz\u00e9k l\u00e9trej\u00f6tte<\/h5>\n<p style=\"text-align: justify\">A Semmelweis Egyetem Eg\u00e9szs\u00e9g\u00fcgyi K\u00f6zszolg\u00e1lati Kar Eg\u00e9szs\u00e9g\u00fcgyi Menedzserk\u00e9pz\u0151 K\u00f6zpontj\u00e1ban (EMK)\u00a0<strong>Dr. Ga\u00e1l P\u00e9ter<\/strong>\u00a0vezet\u00e9s\u00e9vel 2004. \u00f3ta m\u0171k\u00f6d\u0151\u00a0<strong>eg\u00e9szs\u00e9g\u00fcgy finansz\u00edroz\u00e1si \u00e9s eg\u00e9szs\u00e9gpolitikai szakmai m\u0171hely<\/strong>\u00a0kiemelked\u0151 tudom\u00e1nyos tev\u00e9kenys\u00e9get folytat magyar \u00e9s nemzetk\u00f6zi, az eg\u00e9szs\u00e9g\u00fcgyi rendszerek hat\u00e9konys\u00e1g\u00e1t n\u00f6vel\u0151 kutat\u00e1sokban \u00e9s projektekben.<\/p>\n<p style=\"text-align: justify\">A szakmai m\u0171hely t\u00f6rt\u00e9nete 1995-re ny\u00falik vissza, amelyet Dr. Ga\u00e1l P\u00e9ter mellett,\u00a0<strong>Dr. Evetovits Tam\u00e1s<\/strong>\u00a0\u00e9s\u00a0<strong>Dr. Sink\u00f3 Eszter<\/strong>\u00a0munk\u00e1ss\u00e1ga alapozott meg.<\/p>\n<p><figure id=\"attachment_6115\" aria-describedby=\"caption-attachment-6115\" style=\"width: 753px\" class=\"wp-caption aligncenter\"><img loading=\"lazy\" decoding=\"async\" class=\"wp-image-6115 size-large\" src=\"https:\/\/semmelweis.hu\/ekk\/files\/2026\/03\/Dr_Evetovits_Tamas-1024x683.jpg\" alt=\"Evetovits Tam\u00e1s\" width=\"753\" height=\"502\" srcset=\"https:\/\/semmelweis.hu\/ekk\/files\/2026\/03\/Dr_Evetovits_Tamas-1024x683.jpg 1024w, https:\/\/semmelweis.hu\/ekk\/files\/2026\/03\/Dr_Evetovits_Tamas-400x267.jpg 400w, https:\/\/semmelweis.hu\/ekk\/files\/2026\/03\/Dr_Evetovits_Tamas-768x512.jpg 768w, https:\/\/semmelweis.hu\/ekk\/files\/2026\/03\/Dr_Evetovits_Tamas-753x502.jpg 753w, https:\/\/semmelweis.hu\/ekk\/files\/2026\/03\/Dr_Evetovits_Tamas-203x135.jpg 203w, https:\/\/semmelweis.hu\/ekk\/files\/2026\/03\/Dr_Evetovits_Tamas.jpg 1200w\" sizes=\"auto, (max-width: 753px) 100vw, 753px\" \/><figcaption id=\"caption-attachment-6115\" class=\"wp-caption-text\">Dr. Evetovits Tam\u00e1s el\u0151ad\u00e1sa a XIX. IME Eg\u00e9szs\u00e9gpolitika \u00e9s eg\u00e9szs\u00e9g\u00fcgyi rendszerek c\u00edm\u0171 konferenci\u00e1n.<\/figcaption><\/figure> <figure id=\"attachment_6113\" aria-describedby=\"caption-attachment-6113\" style=\"width: 753px\" class=\"wp-caption aligncenter\"><img loading=\"lazy\" decoding=\"async\" class=\"wp-image-6113 size-large\" src=\"https:\/\/semmelweis.hu\/ekk\/files\/2026\/03\/SinkoEszter_RS210717__19A8948-scr-1024x683.jpg\" alt=\"Sink\u00f3 Eszter\" width=\"753\" height=\"502\" srcset=\"https:\/\/semmelweis.hu\/ekk\/files\/2026\/03\/SinkoEszter_RS210717__19A8948-scr-1024x683.jpg 1024w, https:\/\/semmelweis.hu\/ekk\/files\/2026\/03\/SinkoEszter_RS210717__19A8948-scr-400x267.jpg 400w, https:\/\/semmelweis.hu\/ekk\/files\/2026\/03\/SinkoEszter_RS210717__19A8948-scr-768x512.jpg 768w, https:\/\/semmelweis.hu\/ekk\/files\/2026\/03\/SinkoEszter_RS210717__19A8948-scr-753x502.jpg 753w, https:\/\/semmelweis.hu\/ekk\/files\/2026\/03\/SinkoEszter_RS210717__19A8948-scr-203x135.jpg 203w, https:\/\/semmelweis.hu\/ekk\/files\/2026\/03\/SinkoEszter_RS210717__19A8948-scr.jpg 1200w\" sizes=\"auto, (max-width: 753px) 100vw, 753px\" \/><figcaption id=\"caption-attachment-6113\" class=\"wp-caption-text\">Dr. Sink\u00f3 Eszter \u00e1tvette a Pro Universitate \u00c9rdemrendet az 1848\u201349-es forradalom \u00e9s szabads\u00e1gharc 177. \u00e9vfordul\u00f3ja alkalm\u00e1b\u00f3l 2025. m\u00e1rcius 10-\u00e9n rendezett \u00fcnneps\u00e9gen.<\/figcaption><\/figure><\/p>\n<p style=\"text-align: justify\">A 2015-ben megval\u00f3s\u00edtott\u00a0<strong>tansz\u00e9ki csoporti m\u0171k\u00f6d\u00e9s<\/strong>\u00a0jelentette az els\u0151 int\u00e9zm\u00e9nyes form\u00e1t a szakmai m\u0171hely m\u0171k\u00f6d\u00e9s\u00e9ben, amely az az\u00f3ta eltelt id\u0151 \u00e9s tev\u00e9kenys\u00e9g alapj\u00e1n meg\u00e9rett a tov\u00e1bbl\u00e9p\u00e9sre, azaz arra, hogy tev\u00e9kenys\u00e9g\u00e9t a j\u00f6v\u0151ben tansz\u00e9ki form\u00e1ban folytassa. Szakmai t\u00e9ren az int\u00e9zm\u00e9nyes megjelen\u00e9s ezen, magasabb szint\u0171 form\u00e1ja nagyobb \u00f6n\u00e1ll\u00f3s\u00e1got \u00e9s er\u0151sebb poz\u00edci\u00f3t biztos\u00edtana a Semmelweis Egyetem sz\u00e1m\u00e1ra tov\u00e1bbi tudom\u00e1nyos lehet\u0151s\u00e9gek kiakn\u00e1z\u00e1s\u00e1hoz.<\/p>\n<p style=\"text-align: justify\">2024. janu\u00e1r 1-j\u00e9t\u0151l az Eg\u00e9szs\u00e9g\u00fcgyi Menedzserk\u00e9pz\u0151 K\u00f6zponton bel\u00fcl az Eg\u00e9szs\u00e9g\u00fcgyi Rendszerek Menedzsmentje Tansz\u00e9ki Csoport \u00e1talakult \u00e9s <strong>Eg\u00e9szs\u00e9gpolitika, Finansz\u00edroz\u00e1s \u00e9s Rendszerfejleszt\u00e9s Tansz\u00e9k<\/strong>k\u00e9nt folytatja tev\u00e9kenys\u00e9g\u00e9t.<\/p>\n<div class=\"w-100 keretes\" style=\"text-align: justify\"><strong>Tansz\u00e9kvezet\u0151:\u00a0<\/strong>Dr. Ga\u00e1l P\u00e9ter<br \/>\n<strong>Alap\u00edt\u00f3 tansz\u00e9kvezet\u0151:\u00a0<\/strong>Dr. Ga\u00e1l P\u00e9ter<br \/>\n<strong>Kapcsolat<\/strong><strong>:<\/strong>\u00a0<a href=\"mailto:davidovics.krisztina@emk.semmelweis.hu\" target=\"_blank\" rel=\"noopener\">davidovics.krisztina@emk.semmelweis.hu<\/a><\/div>\n<figure id=\"attachment_6064\" aria-describedby=\"caption-attachment-6064\" style=\"width: 753px\" class=\"wp-caption aligncenter\"><img loading=\"lazy\" decoding=\"async\" class=\"wp-image-6064 size-large\" src=\"https:\/\/semmelweis.hu\/ekk\/files\/2026\/03\/GaalPeter_RS234025_0E1A4782_scl-1024x683.jpg\" alt=\"Dr. Ga\u00e1l P\u00e9ter\" width=\"753\" height=\"502\" srcset=\"https:\/\/semmelweis.hu\/ekk\/files\/2026\/03\/GaalPeter_RS234025_0E1A4782_scl-1024x683.jpg 1024w, https:\/\/semmelweis.hu\/ekk\/files\/2026\/03\/GaalPeter_RS234025_0E1A4782_scl-400x267.jpg 400w, https:\/\/semmelweis.hu\/ekk\/files\/2026\/03\/GaalPeter_RS234025_0E1A4782_scl-768x512.jpg 768w, https:\/\/semmelweis.hu\/ekk\/files\/2026\/03\/GaalPeter_RS234025_0E1A4782_scl-753x502.jpg 753w, https:\/\/semmelweis.hu\/ekk\/files\/2026\/03\/GaalPeter_RS234025_0E1A4782_scl-203x135.jpg 203w, https:\/\/semmelweis.hu\/ekk\/files\/2026\/03\/GaalPeter_RS234025_0E1A4782_scl.jpg 1200w\" sizes=\"auto, (max-width: 753px) 100vw, 753px\" \/><figcaption id=\"caption-attachment-6064\" class=\"wp-caption-text\">Dr. Ga\u00e1l P\u00e9ter az Eg\u00e9szs\u00e9gpolitika, Finansz\u00edroz\u00e1s \u00e9s Rendszerfejleszt\u00e9s Tansz\u00e9k tansz\u00e9kvezet\u0151i kinevez\u00e9s\u00e9t 2026. m\u00e1rcius 9-\u00e9n vette \u00e1t az 1848\/49-es forradalom \u00e9s szabads\u00e1gharc 178. \u00e9vfordul\u00f3ja alkalm\u00e1b\u00f3l rendezett \u00fcnnepi megeml\u00e9kez\u00e9sen.<\/figcaption><\/figure>\n<h5 style=\"text-align: justify\"><a id=\"celok_feladatok\"><\/a>A Tansz\u00e9k c\u00e9ljai, feladatai<\/h5>\n<p style=\"text-align: justify\">A Tansz\u00e9k els\u0151dleges\u00a0<strong>c\u00e9lja<\/strong>\u00a0az eg\u00e9szs\u00e9gpolitika elm\u00e9let\u00e9nek \u00e9s gyakorlat\u00e1nak fejleszt\u00e9se, a probl\u00e9maorient\u00e1lt eg\u00e9szs\u00e9gpolitikai programalkot\u00e1s szeml\u00e9let\u00e9nek \u00e9rv\u00e9nyes\u00edt\u00e9se az eg\u00e9szs\u00e9g\u00fcgyi ell\u00e1t\u00f3rendszerek teljes\u00edtm\u00e9ny\u00e9nek jav\u00edt\u00e1sa \u00e9rdek\u00e9ben.<\/p>\n<p style=\"text-align: justify\"><u>A Tansz\u00e9k feladatai k\u00f6z\u00e9 tartozik:<\/u><\/p>\n<ul style=\"text-align: justify\">\n<li>oktat\u00e1si, kutat\u00e1si \u00e9s szak\u00e9rt\u0151i feladatok ell\u00e1t\u00e1sa az eg\u00e9szs\u00e9g\u00fcgyi rendszerek le\u00edr\u00e1sa, \u00f6sszehasonl\u00edt\u00f3 elemz\u00e9se \u00e9s teljes\u00edtm\u00e9ny\u00e9nek \u00e9rt\u00e9kel\u00e9se,<\/li>\n<li>az eg\u00e9szs\u00e9g\u00fcgyi rendszerek teljes\u00edtm\u00e9nym\u00e9r\u00e9si \u00e9s -\u00e9rt\u00e9kel\u00e9si m\u00f3dszereinek fejleszt\u00e9se,<\/li>\n<li>teljes\u00edtm\u00e9ny\u00e9rt\u00e9kel\u00e9si kutat\u00e1sok megval\u00f3s\u00edt\u00e1sa k\u00fcl\u00f6n\u00f6s tekintettel az eg\u00e9szs\u00e9g\u00fcgyi rendszerek hat\u00e9konys\u00e1g\u00e1ra \u00e9s igazs\u00e1goss\u00e1g\u00e1ra;<\/li>\n<li>a hat\u00e9konys\u00e1got \u00e9s az ell\u00e1t\u00e1shoz val\u00f3 hozz\u00e1f\u00e9r\u00e9st n\u00f6vel\u0151 tudom\u00e1nyos kutat\u00e1sok \u00e9s elemz\u00e9sek v\u00e9gz\u00e9se hazai \u00e9s nemzetk\u00f6zi sz\u00ednt\u00e9ren;<\/li>\n<li>az eg\u00e9szs\u00e9g\u00fcgyi rendszermenedzsmenttel, eg\u00e9szs\u00e9g\u00fcgyi reformokkal kapcsolatos j\u00f3 gyakorlatok gy\u0171jt\u00e9se, kidolgoz\u00e1sa, ezekhez m\u00f3dszertani \u00fatmutat\u00f3k \u00e9s eszk\u00f6z\u00f6k fejleszt\u00e9se;<\/li>\n<li>az eg\u00e9szs\u00e9g\u00fcgyi rendszerek teljes\u00edtm\u00e9ny\u00e9t n\u00f6vel\u0151 j\u00f3 gyakorlatok implement\u00e1l\u00e1s\u00e1nak szervez\u00e9se, koordin\u00e1l\u00e1sa hazai eg\u00e9szs\u00e9g\u00fcgyi ell\u00e1t\u00f3 int\u00e9zm\u00e9nyekben;<\/li>\n<li>r\u00e9szv\u00e9tel \u00e9s a Semmelweis Egyetem k\u00e9pviselete nemzetk\u00f6zi vizsg\u00e1latokban, k\u00e9pz\u00e9si programokban \u00e9s szak\u00e9rt\u0151i projektekben;<\/li>\n<li>k\u00e9pz\u00e9si programok fejleszt\u00e9se, tank\u00f6nyv \u00e9s tananyag fejleszt\u00e9s \u00e9s kidolgoz\u00e1s az eg\u00e9szs\u00e9gpolitika ter\u00fclet\u00e9n;<\/li>\n<li>k\u00e9pz\u00e9sek, tov\u00e1bbk\u00e9pz\u00e9sek szervez\u00e9se, tudom\u00e1nyos anyagok, kiadv\u00e1nyok k\u00e9sz\u00edt\u00e9se.<\/li>\n<\/ul>\n<h6 style=\"text-align: justify\"><strong>Dr. Ga\u00e1l P\u00e9ter munk\u00e1ss\u00e1ga<\/strong><\/h6>\n<p style=\"text-align: justify\"><a href=\"https:\/\/semmelweis.hu\/ekk\/dr-gaal-peter\/\" target=\"_blank\" rel=\"noopener\"><strong>Dr. Ga\u00e1l P\u00e9ter<\/strong><\/a>hez k\u00f6thet\u0151 a magyarorsz\u00e1gi h\u00e1lap\u00e9nz jelens\u00e9g\u00e9nek vizsg\u00e1lata, amelyb\u0151l t\u00f6bb nemzetk\u00f6zi jelent\u0151s\u00e9g\u0171 k\u00f6zl\u00e9s is sz\u00fcletett, els\u0151sorban a h\u00e1lap\u00e9nz (<em>informal payment<\/em>) pontos meghat\u00e1roz\u00e1s\u00e1val, defin\u00edci\u00f3j\u00e1val kapcsolatban, \u00e9s nev\u00e9hez k\u00f6thet\u0151 a h\u00e1lap\u00e9nz etiol\u00f3gi\u00e1j\u00e1t \u00fajszer\u0171 megk\u00f6zel\u00edt\u00e9sbe helyez\u0151\u00a0<em>\u201einxit\u201d<\/em>\u00a0elm\u00e9let.\u00a0 Az e t\u00e9m\u00e1ban k\u00e9sz\u00edtett angol nyelv\u0171 cikk\u00e9vel 2005-ben elnyerte az Eur\u00f3pai Eg\u00e9szs\u00e9g\u00fcgyi Menedzsment T\u00e1rsas\u00e1g (EHMA) \u00e9s a Karolinska Egyetem (Karolinska Medical Management Centre) k\u00f6z\u00f6s kutat\u00e1si d\u00edj\u00e1t, amelyet a PhD doktori \u00e9rtekez\u00e9s\u00e9b\u0151l k\u00e9sz\u00edtett, legjobb publik\u00e1ci\u00f3\u00e9rt \u00edt\u00e9lnek oda. Az eg\u00e9szs\u00e9g\u00fcgyi rendszerek c\u00e9lkit\u0171z\u00e9seivel kapcsolatban Ga\u00e1l P\u00e9ter nev\u00e9hez k\u00f6thet\u0151 az \u00e9rt\u00e9ksz\u0171k\u00f6ss\u00e9g elm\u00e9let\u00e9nek kidolgoz\u00e1sa, valamint a\u00a0<strong>European Observatory on Health Systems and Policies, Health Systems in Transition (HiT)<\/strong>\u00a0orsz\u00e1g-tanulm\u00e1nyok sorozat, magyar eg\u00e9szs\u00e9g\u00fcgyi rendszert le\u00edr\u00f3 tanulm\u00e1ny 1999-es \u00e9s 2004-es, valamint kib\u0151v\u00edtett 2011-es kiad\u00e1sa is.<\/p>\n<p style=\"text-align: justify\">Dr. Ga\u00e1l P\u00e9ter r\u00e9szt vett a Dr. Sink\u00f3 Eszter vezette magyar\u00a0<strong>Ir\u00e1ny\u00edtott Betegell\u00e1t\u00e1si Modell\u00adk\u00eds\u00e9rletet, illetve Rendszert (IBR) vizsg\u00e1l\u00f3 kutat\u00e1s<\/strong>ban is, ahol nev\u00e9hez k\u00f6thet\u0151 az eg\u00e9szs\u00e9g\u00fcgyi rendszerek funkcion\u00e1lis dekonstrukci\u00f3j\u00e1nak elm\u00e9lete, amelyet koll\u00e9g\u00e1ival egy\u00fctt az EHMA (<a href=\"https:\/\/ehma.org\/\">European Health Management Association<\/a>) 2006-os budapesti konferenci\u00e1j\u00e1n mutatott be. Ugyanehhez a t\u00e9m\u00e1hoz k\u00f6thet\u0151en \u00edrta le az ell\u00e1t\u00e1sszervez\u00e9s eg\u00e9szs\u00e9g\u00fcgyi kiad\u00e1sokra gyakorolt r\u00f6vidt\u00e1v\u00fa hat\u00e1sainak, valamint a fejkv\u00f3ta alap\u00fa finansz\u00edroz\u00e1snak az el\u00e9rhet\u0151 megtakar\u00edt\u00e1sokra vonatkoz\u00f3 korl\u00e1tait, amelyet a 2014-es ISQUA konferenci\u00e1n prezent\u00e1lt.<\/p>\n<p style=\"text-align: justify\">Szint\u00e9n \u0151 dolgozta ki a\u00a0<strong>probl\u00e9maorient\u00e1lt eg\u00e9szs\u00e9gpolitikai programalkot\u00e1s elm\u00e9let\u00e9t<\/strong>, \u00e9s ennek a keretrendszernek a gyakorlati alkalmaz\u00e1s\u00e1val k\u00e9sz\u00fclt el a 2010 \u0151sz\u00e9n meghirdetett Semmelweis terv, amelynek szerkeszt\u0151je \u00e9s egyik szerz\u0151je volt. A 2010. \u00e9s 2014. k\u00f6z\u00f6tti korm\u00e1nyzati ciklusban az eg\u00e9szs\u00e9g\u00fcgy\u00e9rt felel\u0151s \u00e1llamtitk\u00e1r kabinetj\u00e9nek tagjak\u00e9nt seg\u00edtette az \u00e1gazati programalkot\u00e1st, \u00e9s az \u00e1ltala megalkotott koncepcion\u00e1lis keretrendszerre \u00e9p\u00edtve dolgozt\u00e1k ki az eg\u00e9szs\u00e9g\u00fcgyi j\u00e1r\u00f3betegell\u00e1t\u00e1s \u00e1talak\u00edt\u00e1s\u00e1t \u00e9s a k\u00f6z\u00f6ss\u00e9gi eg\u00e9szs\u00e9gszervez\u00e9s rendszer\u00e9nek ki\u00e9p\u00edt\u00e9s\u00e9t c\u00e9lz\u00f3 T\u00c1MOP 6.2.5-B-13\/1-2014-0001 sz\u00e1m\u00fa,\u00a0<strong>\u201eSzervezeti hat\u00e9konys\u00e1g fejleszt\u00e9se az eg\u00e9szs\u00e9g\u00fcgyi ell\u00e1t\u00f3rendszerben \u2013 Ter\u00fcleti egy\u00fcttm\u0171k\u00f6d\u00e9sek kialak\u00edt\u00e1sa\u201d<\/strong>\u00a0c\u00edm\u0171 projektet. Az eg\u00e9szs\u00e9g\u00fcgy\u00e9rt felel\u0151s \u00e1llamtitk\u00e1r felk\u00e9r\u00e9s\u00e9re 2011-t\u0151l, az \u00fajj\u00e1alakult Eg\u00e9szs\u00e9g\u00fcgyi Szakmai Koll\u00e9gium Menedzsment \u00e9s Eg\u00e9szs\u00e9ggazdas\u00e1gtan Tan\u00e1cs\u00e1nak tagja, majd Tagozat\u00e1nak eln\u00f6ke volt, 2013-t\u00f3l kezd\u0151d\u0151en pedig szint\u00e9n \u00e1llamtitk\u00e1ri felk\u00e9r\u00e9sre az\u00a0<strong>Eg\u00e9szs\u00e9g\u00fcgyi Rendszer Teljes\u00edtm\u00e9ny\u00e9rt\u00e9kel\u00e9si Munkacsoport<\/strong>\u00a0vezet\u0151je.<\/p>\n<p style=\"text-align: justify\">Dr. Ga\u00e1l P\u00e9ter tansz\u00e9kvezet\u0151 publik\u00e1ci\u00f3s jegyz\u00e9ke\u00a0<a href=\"https:\/\/m2.mtmt.hu\/gui2\/?type=authors&amp;mode=browse&amp;sel=10024133&amp;view=simpleList\" target=\"_blank\" rel=\"noopener\">az MTMT-ben el\u00e9rhet\u0151<\/a>.<\/p>\n<h5 style=\"text-align: justify\"><a id=\"projektek\"><\/a>Kiemelt projektek<\/h5>\n<ul>\n<li style=\"text-align: justify\">Az <a href=\"https:\/\/www.eglab.hu\/hu_hu\/\" target=\"_blank\" rel=\"noopener\">Eg\u00e9szs\u00e9gbiztons\u00e1g Nemzeti Laborat\u00f3rium <\/a><a href=\"https:\/\/semmelweis.hu\/adatvezerelt-egeszseg\/\" target=\"_blank\" rel=\"noopener\">Adatvez\u00e9relt Eg\u00e9szs\u00e9g Div\u00edzi\u00f3<\/a>j\u00e1hoz kapcsol\u00f3d\u00f3an a projektben megval\u00f3sul\u00f3 pill\u00e9rek, fejleszt\u00e9sek eg\u00e9szs\u00e9gpolitikai vet\u00fcleteinek, az eg\u00e9szs\u00e9g\u00fcgyi rendszerre vonatkoz\u00f3 konzekvenci\u00e1inak vizsg\u00e1lat\u00e1t, elemz\u00e9s\u00e9t v\u00e9gezt\u00e9k a munkat\u00e1rsak.<\/li>\n<li style=\"text-align: justify\">A\u00a0Tansz\u00e9k munkat\u00e1rsai\u00a0a\u00a0<strong>European Observatory on Health Systems and Policies<\/strong>\u00a0<strong>National Lead Institute (NLI) Network<\/strong>\u00a0Magyarorsz\u00e1got k\u00e9pvisel\u0151 tagjai, \u00e9s a\u00a0<a href=\"https:\/\/eurohealthobservatory.who.int\/monitors\/health-systems-monitor\/overview\" target=\"_blank\" rel=\"noopener\"><strong>Health Systems and Policies Monitor<\/strong><\/a><strong> (HSPM) <\/strong>platform Magyarorsz\u00e1got k\u00e9pvisel\u0151 tagja 2008-t\u00f3l.\u00a0<\/li>\n<li style=\"text-align: justify\">A tansz\u00e9k oktat\u00f3i, kutat\u00f3i kiemelt szerepet t\u00f6ltenek be a mesters\u00e9ges intelligencia eg\u00e9szs\u00e9g\u00fcgyi alkalmaz\u00e1s\u00e1nak kutat\u00e1s\u00e1ban a rendszerszint\u0171 k\u00e9rd\u00e9sek vonatkoz\u00e1s\u00e1ban.<\/li>\n<\/ul>\n<h5 style=\"text-align: justify\"><a id=\"nemzetkozi_kapcsolatok\"><\/a>Nemzetk\u00f6zi kapcsolatok<\/h5>\n<p style=\"text-align: justify\">A nemzetk\u00f6zi kapcsolatok legnagyobb r\u00e9sz\u00e9t a kutat\u00e1si \u00e9s szak\u00e9rt\u0151i projektek keret\u00e9ben egy\u00fcttm\u0171k\u00f6d\u0151 partnereink adj\u00e1k. A <a href=\"https:\/\/www.who.int\/europe\/multi-media\/item\/who-barcelona-office-for-health-systems-strengthening\"><strong>WHO Barcelona Office for Health Systems Strengthening<\/strong><\/a>\u00a0\u00e9s a\u00a0<strong>WHO Country Office for Hungary<\/strong> mellett a legjelent\u0151sebb nemzetk\u00f6zi szakmai partner a\u00a0<a href=\"https:\/\/eurohealthobservatory.who.int\/\" target=\"_blank\" rel=\"noopener\"><strong>European Observatory on Health Systems and Policies<\/strong><\/a>, amellyel els\u0151sorban a HSPM keret\u00e9ben m\u0171k\u00f6dik egy\u00fctt a tansz\u00e9k.\u00a0<\/p>\n<p style=\"text-align: justify\">A <a href=\"https:\/\/semmelweis.hu\/ekk\/European%20Health%20Management%20Association\" target=\"_blank\" rel=\"noopener\"><strong>European Health Management Association<\/strong><\/a>-nel t\u00f6bb k\u00f6z\u00f6s EU-finansz\u00edrozta kutat\u00e1si projektben vettek r\u00e9szt a tansz\u00e9k munkat\u00e1rsai.<\/p>\n<p style=\"text-align: justify\">A Tansz\u00e9k munkat\u00e1rsai magyar szak\u00e9rt\u0151k\u00e9nt, kutat\u00f3k\u00e9nt r\u00e9szt vesznek a\u00a0<strong>Global Burden of Disease<\/strong>\u00a0nemzetk\u00f6zi kutat\u00e1si egy\u00fcttm\u0171k\u00f6d\u00e9sben.<\/p>\n<h5><a id=\"publikaciok\"><\/a>Publik\u00e1ci\u00f3k<\/h5>\n<ul>\n<li>Ga\u00e1l P (2019): VIII. Eg\u00e9szs\u00e9g, eg\u00e9szs\u00e9g\u00fcgy \u00e9s eg\u00e9szs\u00e9g\u00fcgyi rendszerek a 21. sz\u00e1zadban. In: Gy\u0151rffy Zs, Sz\u00e1nt\u00f3 Zs (szerk.): Orvosi szociol\u00f3gia. Budapest: Semmelweis Kiad\u00f3, 129-153.o.<\/li>\n<li>Ga\u00e1l P, Vajer P: Eg\u00e9szs\u00e9gbiztos\u00edt\u00e1s. In Kalabay L (f\u0151szerk.): A csal\u00e1dorvostan elm\u00e9lete \u00e9s gyakorlata. e-tank\u00f6nyv, Semmelweis Egyetem, Budapest, 2018.<\/li>\n<li>Evetovits T, Ga\u00e1l P: A k\u00f6lts\u00e9ghat\u00e9konys\u00e1g \u00e9rtelmez\u00e9se az eg\u00e9szs\u00e9g\u00fcgyben: eg\u00e9szs\u00e9g-gazdas\u00e1gtani alapok Cochrane-t\u00f3l Culyer-ig. In Gul\u00e1csi L (szerk.): Eg\u00e9szs\u00e9g-gazdas\u00e1gtan. Budapest, Medicina, 2005.<\/li>\n<li>Ga\u00e1l, P: Eg\u00e9szs\u00e9gpolitika: Az eg\u00e9szs\u00e9g\u00fcgyi rendszer menedzsmentj\u00e9nek alapismeretei (jegyzet). Budapest: Eg\u00e9szs\u00e9g\u00fcgyi Menedzserk\u00e9pz\u0151 K\u00f6zpont, 2005.<\/li>\n<li>Ga\u00e1l P, Evetovits T, Sink\u00f3 E, Iv\u00e1dy V, Morvay K: Problem-based policy making and analysis: principles and practice. Bratislava-Budapest, 2006.<\/li>\n<\/ul>\n","protected":false},"excerpt":{"rendered":"<p><a href=\"#alapitas\">Az Eg\u00e9szs\u00e9gpolitika, Finansz\u00edroz\u00e1s \u00e9s Rendszerfejleszt\u00e9s Tansz\u00e9k l\u00e9trej\u00f6tte<\/a> <a href=\"#celok_feladatok\">Az Eg\u00e9szs\u00e9gpolitika, Finansz\u00edroz\u00e1s \u00e9s Rendszerfejleszt\u00e9s Tansz\u00e9k c\u00e9ljai, feladatai<\/a> <a href=\"#projektek\">A Tansz\u00e9k folyamatban l\u00e9v\u0151 kiemelt projektjei<\/a> <a href=\"#nemzetkozi_kapcsolatok\">Nemzetk\u00f6zi kapcsolatok<\/a> <a href=\"#publikaciok\">Publik\u00e1ci\u00f3k<\/a> <a id=\"alapitas\"><\/a> Az Eg\u00e9szs\u00e9gpolitika, Finansz\u00edroz\u00e1s \u00e9s Rendszerfejleszt\u00e9s Tansz\u00e9k l\u00e9trej\u00f6tte A Semmelweis Egyetem Eg\u00e9szs\u00e9g\u00fcgyi K\u00f6zszolg\u00e1lati Kar Eg\u00e9szs\u00e9g\u00fcgyi Menedzserk\u00e9pz\u0151 K\u00f6zpontj\u00e1ban (EMK)\u00a0Dr. Ga\u00e1l P\u00e9ter\u00a0vezet\u00e9s\u00e9vel 2004. \u00f3ta m\u0171k\u00f6d\u0151\u00a0eg\u00e9szs\u00e9g\u00fcgy finansz\u00edroz\u00e1si \u00e9s eg\u00e9szs\u00e9gpolitikai szakmai m\u0171hely\u00a0kiemelked\u0151 tudom\u00e1nyos tev\u00e9kenys\u00e9get folytat magyar \u00e9s nemzetk\u00f6zi, az eg\u00e9szs\u00e9g\u00fcgyi rendszerek hat\u00e9konys\u00e1g\u00e1t n\u00f6vel\u0151 kutat\u00e1sokban \u00e9s projektekben. A szakmai m\u0171hely t\u00f6rt\u00e9nete 1995-re ny\u00falik vissza, amelyet Dr. Ga\u00e1l P\u00e9ter mellett,\u00a0Dr. Evetovits Tam\u00e1s\u00a0\u00e9s\u00a0Dr. &hellip;<\/p>\n","protected":false},"author":102350,"featured_media":0,"parent":6089,"menu_order":1,"comment_status":"closed","ping_status":"closed","template":"","meta":{"_acf_changed":false,"footnotes":""},"categories":[],"tags":[51,50,54,55],"class_list":["post-6099","page","type-page","status-publish","hentry","tag-dr-gaal-peter","tag-egeszsegpolitika","tag-finanszirozas","tag-rendszerfejlesztes"],"acf":[],"_links":{"self":[{"href":"https:\/\/semmelweis.hu\/ekk\/wp-json\/wp\/v2\/pages\/6099","targetHints":{"allow":["GET"]}}],"collection":[{"href":"https:\/\/semmelweis.hu\/ekk\/wp-json\/wp\/v2\/pages"}],"about":[{"href":"https:\/\/semmelweis.hu\/ekk\/wp-json\/wp\/v2\/types\/page"}],"author":[{"embeddable":true,"href":"https:\/\/semmelweis.hu\/ekk\/wp-json\/wp\/v2\/users\/102350"}],"replies":[{"embeddable":true,"href":"https:\/\/semmelweis.hu\/ekk\/wp-json\/wp\/v2\/comments?post=6099"}],"version-history":[{"count":10,"href":"https:\/\/semmelweis.hu\/ekk\/wp-json\/wp\/v2\/pages\/6099\/revisions"}],"predecessor-version":[{"id":6139,"href":"https:\/\/semmelweis.hu\/ekk\/wp-json\/wp\/v2\/pages\/6099\/revisions\/6139"}],"up":[{"embeddable":true,"href":"https:\/\/semmelweis.hu\/ekk\/wp-json\/wp\/v2\/pages\/6089"}],"wp:attachment":[{"href":"https:\/\/semmelweis.hu\/ekk\/wp-json\/wp\/v2\/media?parent=6099"}],"wp:term":[{"taxonomy":"category","embeddable":true,"href":"https:\/\/semmelweis.hu\/ekk\/wp-json\/wp\/v2\/categories?post=6099"},{"taxonomy":"post_tag","embeddable":true,"href":"https:\/\/semmelweis.hu\/ekk\/wp-json\/wp\/v2\/tags?post=6099"}],"curies":[{"name":"wp","href":"https:\/\/api.w.org\/{rel}","templated":true}]}}