{"id":5968,"date":"2026-01-08T14:04:59","date_gmt":"2026-01-08T13:04:59","guid":{"rendered":"https:\/\/semmelweis.hu\/ekk\/?page_id=5968"},"modified":"2026-03-31T20:48:25","modified_gmt":"2026-03-31T18:48:25","slug":"kari-tanacs-ulesek-2026","status":"publish","type":"page","link":"https:\/\/semmelweis.hu\/ekk\/a-karrol\/kari-tanacs\/kari-tanacs-ulesek\/kari-tanacs-ulesek-2026\/","title":{"rendered":"Kari Tan\u00e1cs \u00fcl\u00e9sek 2026."},"content":{"rendered":"<p style=\"text-align: justify\"><strong>2026. 01. 21.<\/strong><\/p>\n<p>Napirendi pontok:<\/p>\n<p style=\"text-align: justify\">1. V<span style=\"font-family: Default Sans Serif,Verdana,Arial,Helvetica,sans-serif;font-size: small\"><span style=\"color: #2f2f2f;font-family: 'pt serif';font-size: 14pt\">\u00e9lem\u00e9nynyilv\u00e1n\u00edt\u00e1s az Eg\u00e9szs\u00e9g\u00fcgyi K\u00f6zszolg\u00e1lati Kar Eg\u00e9szs\u00e9g\u00fcgyi Menedzserk\u00e9pz\u0151 K\u00f6zpontban meghirdetett egyetemi docensi munkak\u00f6rre be\u00e9rkezett p\u00e1ly\u00e1zatr\u00f3l <\/span><br \/>\n<span style=\"color: #2f2f2f;font-family: 'pt serif';font-size: 14pt\">2. V\u00e9lem\u00e9nynyilv\u00e1n\u00edt\u00e1s az Eg\u00e9szs\u00e9g\u00fcgyi K\u00f6zszolg\u00e1lati Kar Ment\u00e1lhigi\u00e9n\u00e9 Int\u00e9zetben meghirdetett egyetemi docensi munkak\u00f6rre be\u00e9rkezett p\u00e1ly\u00e1zatr\u00f3l <\/span><br \/>\n<span style=\"font-family: 'pt serif';font-size: 14pt\"><span style=\"color: #2f2f2f\">3. <\/span>Az Eg\u00e9szs\u00e9g\u00fcgyi Menedzserk\u00e9pz\u0151 K\u00f6zpont eg\u00e9szs\u00e9g\u00fcgyi-min\u0151s\u00e9g\u00fcgyi \u00e9s betegbiztons\u00e1gi menedzsment mesterk\u00e9pz\u00e9si szak tant\u00e1rgyfelel\u0151seinek v\u00e1ltoz\u00e1sa<\/span><br \/>\n<span style=\"font-family: 'pt serif';font-size: 14pt\"><span style=\"color: #2f2f2f\">4.<\/span>\u00a0A Digit\u00e1lis Eg\u00e9szs\u00e9gtudom\u00e1nyi Int\u00e9zet eg\u00e9szs\u00e9g\u00fcgyi szervez\u0151 alapk\u00e9pz\u00e9s digit\u00e1lis eg\u00e9szs\u00e9g\u00fcgyi szervez\u0151\u00a0specializ\u00e1ci\u00f3 Z\u00e1r\u00f3vizsga Bizotts\u00e1g eln\u00f6keinek \u00e9s tagjainak j\u00f3v\u00e1hagy\u00e1sa<\/span><br \/>\n<span style=\"font-family: 'pt serif';font-size: 14pt\">5. Az Eg\u00e9szs\u00e9g\u00fcgyi Menedzserk\u00e9pz\u0151 K\u00f6zpont szlov\u00e1k nyelv\u0171 eg\u00e9szs\u00e9g\u00fcgyi menedzser mesterk\u00e9pz\u00e9si szak kihelyezett k\u00e9pz\u00e9se Z\u00e1r\u00f3vizsga Bizotts\u00e1g eln\u00f6keinek \u00e9s tagjainak j\u00f3v\u00e1hagy\u00e1sa<\/span><\/span><\/p>\n<hr \/>\n<p style=\"text-align: justify\"><strong>2026. 01. 27.<\/strong><\/p>\n<p>Napirendi pontok:<\/p>\n<p style=\"text-align: justify\">1. A Ment\u00e1lhigi\u00e9n\u00e9 Int\u00e9zet rendszerszeml\u00e9let\u0171 pszichol\u00f3gia mesterk\u00e9pz\u00e9si szak mintatanterv\u00e9nek m\u00f3dos\u00edt\u00e1sa\u00a0<span style=\"font-family: Default Sans Serif,Verdana,Arial,Helvetica,sans-serif;font-size: small\"><br \/>\n<span style=\"color: #2f2f2f;font-family: 'pt serif';font-size: 14pt\">2. Az Eg\u00e9szs\u00e9g\u00fcgyi Menedzserk\u00e9pz\u0151 K\u00f6zpont eg\u00e9szs\u00e9g\u00fcgyi adattudom\u00e1ny, valamint az eg\u00e9szs\u00e9g\u00fcgyi-min\u0151s\u00e9g\u00fcgyi \u00e9s betegbiztons\u00e1gi menedzsment mesterk\u00e9pz\u00e9si szakok akkredit\u00e1ci\u00f3s anyag\u00e1nak MAB r\u00e9sz\u00e9re t\u00f6rt\u00e9n\u0151 beny\u00fajt\u00e1sa \u00e9s ezzel egy\u00fctt a k\u00e9pz\u00e9s\u00e9rt\u00e9kel\u00e9si elj\u00e1r\u00e1s megind\u00edt\u00e1sa<\/span><\/span><\/p>\n<hr \/>\n<p style=\"text-align: justify\"><strong>2026. 03. 18.<\/strong><\/p>\n<p>Napirendi pontok:<\/p>\n<p>1. A 2025\/2026. \u00e9vi tan\u00e9v tavaszi f\u00e9l\u00e9v rendj\u00e9nek m\u00f3dos\u00edt\u00f3 elfogad\u00e1sa\u00a0<\/p>\n<p>2. A Ment\u00e1lhigi\u00e9n\u00e9 Int\u00e9zet szoci\u00e1lis munka mesterk\u00e9pz\u00e9si szak tanulm\u00e1nyi t\u00e1j\u00e9koztat\u00f3j\u00e1nak m\u00f3dos\u00edt\u00e1sa<\/p>\n<hr \/>\n<p style=\"text-align: justify\"><strong>2026. 03. 30.<\/strong><\/p>\n<p>Napirendi pont:<\/p>\n<p>1. Az Eg\u00e9szs\u00e9g\u00fcgyi K\u00f6zszolg\u00e1lati Kar Szervezeti \u00e9s M\u0171k\u00f6d\u00e9si Rendj\u00e9nek m\u00f3dos\u00edt\u00e1sa<\/p>\n","protected":false},"excerpt":{"rendered":"<p>2026. 01. 21. Napirendi pontok: 1. V\u00e9lem\u00e9nynyilv\u00e1n\u00edt\u00e1s az Eg\u00e9szs\u00e9g\u00fcgyi K\u00f6zszolg\u00e1lati Kar Eg\u00e9szs\u00e9g\u00fcgyi Menedzserk\u00e9pz\u0151 K\u00f6zpontban meghirdetett egyetemi docensi munkak\u00f6rre be\u00e9rkezett p\u00e1ly\u00e1zatr\u00f3l 2. V\u00e9lem\u00e9nynyilv\u00e1n\u00edt\u00e1s az Eg\u00e9szs\u00e9g\u00fcgyi K\u00f6zszolg\u00e1lati Kar Ment\u00e1lhigi\u00e9n\u00e9 Int\u00e9zetben meghirdetett egyetemi docensi munkak\u00f6rre be\u00e9rkezett p\u00e1ly\u00e1zatr\u00f3l 3. Az Eg\u00e9szs\u00e9g\u00fcgyi Menedzserk\u00e9pz\u0151 K\u00f6zpont eg\u00e9szs\u00e9g\u00fcgyi-min\u0151s\u00e9g\u00fcgyi \u00e9s betegbiztons\u00e1gi menedzsment mesterk\u00e9pz\u00e9si szak tant\u00e1rgyfelel\u0151seinek v\u00e1ltoz\u00e1sa 4.\u00a0A Digit\u00e1lis Eg\u00e9szs\u00e9gtudom\u00e1nyi Int\u00e9zet eg\u00e9szs\u00e9g\u00fcgyi szervez\u0151 alapk\u00e9pz\u00e9s digit\u00e1lis &hellip;<\/p>\n","protected":false},"author":101863,"featured_media":0,"parent":1201,"menu_order":0,"comment_status":"closed","ping_status":"closed","template":"","meta":{"_acf_changed":false,"footnotes":""},"categories":[],"tags":[],"class_list":["post-5968","page","type-page","status-publish","hentry"],"acf":[],"_links":{"self":[{"href":"https:\/\/semmelweis.hu\/ekk\/wp-json\/wp\/v2\/pages\/5968","targetHints":{"allow":["GET"]}}],"collection":[{"href":"https:\/\/semmelweis.hu\/ekk\/wp-json\/wp\/v2\/pages"}],"about":[{"href":"https:\/\/semmelweis.hu\/ekk\/wp-json\/wp\/v2\/types\/page"}],"author":[{"embeddable":true,"href":"https:\/\/semmelweis.hu\/ekk\/wp-json\/wp\/v2\/users\/101863"}],"replies":[{"embeddable":true,"href":"https:\/\/semmelweis.hu\/ekk\/wp-json\/wp\/v2\/comments?post=5968"}],"version-history":[{"count":9,"href":"https:\/\/semmelweis.hu\/ekk\/wp-json\/wp\/v2\/pages\/5968\/revisions"}],"predecessor-version":[{"id":6166,"href":"https:\/\/semmelweis.hu\/ekk\/wp-json\/wp\/v2\/pages\/5968\/revisions\/6166"}],"up":[{"embeddable":true,"href":"https:\/\/semmelweis.hu\/ekk\/wp-json\/wp\/v2\/pages\/1201"}],"wp:attachment":[{"href":"https:\/\/semmelweis.hu\/ekk\/wp-json\/wp\/v2\/media?parent=5968"}],"wp:term":[{"taxonomy":"category","embeddable":true,"href":"https:\/\/semmelweis.hu\/ekk\/wp-json\/wp\/v2\/categories?post=5968"},{"taxonomy":"post_tag","embeddable":true,"href":"https:\/\/semmelweis.hu\/ekk\/wp-json\/wp\/v2\/tags?post=5968"}],"curies":[{"name":"wp","href":"https:\/\/api.w.org\/{rel}","templated":true}]}}