{"id":5966,"date":"2026-01-08T13:48:12","date_gmt":"2026-01-08T12:48:12","guid":{"rendered":"https:\/\/semmelweis.hu\/ekk\/?page_id=5966"},"modified":"2026-03-31T20:53:24","modified_gmt":"2026-03-31T18:53:24","slug":"2026-evi-kari-tanacs-hatarozatok","status":"publish","type":"page","link":"https:\/\/semmelweis.hu\/ekk\/a-karrol\/kari-tanacs\/kari-tanacs-hatarozatok\/2026-evi-kari-tanacs-hatarozatok\/","title":{"rendered":"2026. \u00e9vi Kari Tan\u00e1cs hat\u00e1rozatok"},"content":{"rendered":"<h5>2026. janu\u00e1r 21.<\/h5>\n<ul>\n<li><a href=\"https:\/\/semmelweis.hu\/ekk\/files\/2026\/01\/EKK-KT-hat_637-2026_I-21.pdf\">637. sz\u00e1m\u00fa Kari Tan\u00e1cs hat\u00e1rozat<\/a><\/li>\n<li><a href=\"https:\/\/semmelweis.hu\/ekk\/files\/2026\/01\/EKK-KT-hat_638-2026_I-21.pdf\">638. sz\u00e1m\u00fa Kari Tan\u00e1cs hat\u00e1rozat<\/a><\/li>\n<li><a href=\"https:\/\/semmelweis.hu\/ekk\/files\/2026\/01\/EKK-KT-hat_639_2026_I_21.pdf\">639. sz\u00e1m\u00fa Kari Tan\u00e1cs hat\u00e1rozat<\/a><\/li>\n<li><a href=\"https:\/\/semmelweis.hu\/ekk\/files\/2026\/01\/EKK-KT-hat_640-2026_I-21.pdf\">640. sz\u00e1m\u00fa Kari Tan\u00e1cs hat\u00e1rozat<\/a><\/li>\n<li><a href=\"https:\/\/semmelweis.hu\/ekk\/files\/2026\/01\/EKK-KT-hat_641-2026_I-21.pdf\">641. sz\u00e1m\u00fa Kari Tan\u00e1cs hat\u00e1rozat<\/a><\/li>\n<\/ul>\n<h5>2026. janu\u00e1r 27.<\/h5>\n<ul>\n<li><a href=\"https:\/\/semmelweis.hu\/ekk\/files\/2026\/02\/EKK-KT-hat_642_2026_I_27.pdf\">642. sz\u00e1m\u00fa Kari Tan\u00e1cs hat\u00e1rozat<\/a><\/li>\n<li><a href=\"https:\/\/semmelweis.hu\/ekk\/files\/2026\/02\/EKK-KT-hat_643_2026_I_27.pdf\">643. sz\u00e1m\u00fa Kari Tan\u00e1cs hat\u00e1rozat<\/a><\/li>\n<\/ul>\n<h5>2026. m\u00e1rcius 18.<\/h5>\n<ul>\n<li><a href=\"https:\/\/semmelweis.hu\/ekk\/files\/2026\/03\/EKK-KT-hat_644-2026_III-18.pdf\">644. sz\u00e1m\u00fa Kari Tan\u00e1cs hat\u00e1rozat<\/a><\/li>\n<li><a href=\"https:\/\/semmelweis.hu\/ekk\/files\/2026\/03\/EKK-KT-hat_645-2026_III_18.pdf\">645. sz\u00e1m\u00fa Kari Tan\u00e1cs hat\u00e1rozat<\/a><\/li>\n<\/ul>\n<h5>2026. m\u00e1rcius 30.<\/h5>\n<ul>\n<li><a href=\"https:\/\/semmelweis.hu\/ekk\/files\/2026\/03\/EKK-KT-hat_646-2026_III_30.pdf\">646. sz\u00e1m\u00fa Kari Tan\u00e1cs hat\u00e1rozat<\/a><\/li>\n<\/ul>\n","protected":false},"excerpt":{"rendered":"<p>2026. janu\u00e1r 21.<\/p>\n<p><a href=\"https:\/\/semmelweis.hu\/ekk\/files\/2026\/01\/EKK-KT-hat_637-2026_I-21.pdf\">637. sz\u00e1m\u00fa Kari Tan\u00e1cs hat\u00e1rozat<\/a><br \/>\n<a href=\"https:\/\/semmelweis.hu\/ekk\/files\/2026\/01\/EKK-KT-hat_638-2026_I-21.pdf\">638. sz\u00e1m\u00fa Kari Tan\u00e1cs hat\u00e1rozat<\/a><br \/>\n<a href=\"https:\/\/semmelweis.hu\/ekk\/files\/2026\/01\/EKK-KT-hat_639_2026_I_21.pdf\">639. sz\u00e1m\u00fa Kari Tan\u00e1cs hat\u00e1rozat<\/a><br \/>\n<a href=\"https:\/\/semmelweis.hu\/ekk\/files\/2026\/01\/EKK-KT-hat_640-2026_I-21.pdf\">640. sz\u00e1m\u00fa Kari Tan\u00e1cs hat\u00e1rozat<\/a><br \/>\n<a href=\"https:\/\/semmelweis.hu\/ekk\/files\/2026\/01\/EKK-KT-hat_641-2026_I-21.pdf\">641. sz\u00e1m\u00fa Kari Tan\u00e1cs hat\u00e1rozat<\/a><\/p>\n<p>2026. janu\u00e1r 27.<\/p>\n<p><a href=\"https:\/\/semmelweis.hu\/ekk\/files\/2026\/02\/EKK-KT-hat_642_2026_I_27.pdf\">642. sz\u00e1m\u00fa Kari Tan\u00e1cs hat\u00e1rozat<\/a><br \/>\n<a href=\"https:\/\/semmelweis.hu\/ekk\/files\/2026\/02\/EKK-KT-hat_643_2026_I_27.pdf\">643. sz\u00e1m\u00fa Kari Tan\u00e1cs hat\u00e1rozat<\/a><\/p>\n<p>2026. m\u00e1rcius 18.<\/p>\n<p><a href=\"https:\/\/semmelweis.hu\/ekk\/files\/2026\/03\/EKK-KT-hat_644-2026_III-18.pdf\">644. sz\u00e1m\u00fa Kari Tan\u00e1cs hat\u00e1rozat<\/a><br \/>\n<a href=\"https:\/\/semmelweis.hu\/ekk\/files\/2026\/03\/EKK-KT-hat_645-2026_III_18.pdf\">645. sz\u00e1m\u00fa Kari Tan\u00e1cs hat\u00e1rozat<\/a><\/p>\n<p>2026. m\u00e1rcius 30.<\/p>\n<p><a href=\"https:\/\/semmelweis.hu\/ekk\/files\/2026\/03\/EKK-KT-hat_646-2026_III_30.pdf\">646. sz\u00e1m\u00fa Kari Tan\u00e1cs hat\u00e1rozat<\/a><\/p>\n","protected":false},"author":101863,"featured_media":0,"parent":3275,"menu_order":0,"comment_status":"closed","ping_status":"closed","template":"","meta":{"_acf_changed":false,"footnotes":""},"categories":[],"tags":[],"class_list":["post-5966","page","type-page","status-publish","hentry"],"acf":[],"_links":{"self":[{"href":"https:\/\/semmelweis.hu\/ekk\/wp-json\/wp\/v2\/pages\/5966","targetHints":{"allow":["GET"]}}],"collection":[{"href":"https:\/\/semmelweis.hu\/ekk\/wp-json\/wp\/v2\/pages"}],"about":[{"href":"https:\/\/semmelweis.hu\/ekk\/wp-json\/wp\/v2\/types\/page"}],"author":[{"embeddable":true,"href":"https:\/\/semmelweis.hu\/ekk\/wp-json\/wp\/v2\/users\/101863"}],"replies":[{"embeddable":true,"href":"https:\/\/semmelweis.hu\/ekk\/wp-json\/wp\/v2\/comments?post=5966"}],"version-history":[{"count":10,"href":"https:\/\/semmelweis.hu\/ekk\/wp-json\/wp\/v2\/pages\/5966\/revisions"}],"predecessor-version":[{"id":6169,"href":"https:\/\/semmelweis.hu\/ekk\/wp-json\/wp\/v2\/pages\/5966\/revisions\/6169"}],"up":[{"embeddable":true,"href":"https:\/\/semmelweis.hu\/ekk\/wp-json\/wp\/v2\/pages\/3275"}],"wp:attachment":[{"href":"https:\/\/semmelweis.hu\/ekk\/wp-json\/wp\/v2\/media?parent=5966"}],"wp:term":[{"taxonomy":"category","embeddable":true,"href":"https:\/\/semmelweis.hu\/ekk\/wp-json\/wp\/v2\/categories?post=5966"},{"taxonomy":"post_tag","embeddable":true,"href":"https:\/\/semmelweis.hu\/ekk\/wp-json\/wp\/v2\/tags?post=5966"}],"curies":[{"name":"wp","href":"https:\/\/api.w.org\/{rel}","templated":true}]}}