{"id":5634,"date":"2025-01-09T14:59:00","date_gmt":"2025-01-09T13:59:00","guid":{"rendered":"https:\/\/semmelweis.hu\/ekk\/?page_id=5634"},"modified":"2026-01-08T14:07:48","modified_gmt":"2026-01-08T13:07:48","slug":"kari-tanacs-ulesek-2025","status":"publish","type":"page","link":"https:\/\/semmelweis.hu\/ekk\/a-karrol\/kari-tanacs\/kari-tanacs-ulesek\/kari-tanacs-ulesek-2025\/","title":{"rendered":"Kari Tan\u00e1cs \u00fcl\u00e9sek 2025."},"content":{"rendered":"<p><strong>2025. 03. 24.<\/strong><\/p>\n<p>Napirendi pontok:<\/p>\n<p>1. V\u00e9lem\u00e9nynyilv\u00e1n\u00edt\u00e1s az Eg\u00e9szs\u00e9g\u00fcgyi Menedzserk\u00e9pz\u0151 K\u00f6zpont igazgat\u00f3i megb\u00edz\u00e1s\u00e1ra beny\u00fajtott p\u00e1ly\u00e1zatr\u00f3l<\/p>\n<p>2. V\u00e9lem\u00e9nynyilv\u00e1n\u00edt\u00e1s kiv\u00e1l\u00f3 oktat\u00f3 c\u00edmre val\u00f3 felterjeszt\u00e9sr\u0151l\u00a0<\/p>\n<p>3-8. Z\u00e1r\u00f3vizsga Bizotts\u00e1g eln\u00f6keinek \u00e9s tagjainak megv\u00e1laszt\u00e1sa<\/p>\n<p>9. A Ment\u00e1lhigi\u00e9n\u00e9 Int\u00e9zet egyes k\u00e9pz\u00e9sei tant\u00e1rgyfelel\u0151seinek v\u00e1ltoz\u00e1sa<\/p>\n<hr \/>\n<p><strong>2025. 05. 12.<\/strong><\/p>\n<p>Napirendi pontok:<\/p>\n<p><span style=\"font-size: 1rem\">1. Javaslat Professor Emeritus c\u00edmhez kapcsol\u00f3d\u00f3 juttat\u00e1ssal j\u00e1r\u00f3 meg\u00e1llapod\u00e1s megk\u00f6t\u00e9s\u00e9re<\/span><\/p>\n<p>2. A 2025\/2026. \u00e9vi tan\u00e9v rendj\u00e9nek elfogad\u00e1sa<\/p>\n<p>3. A Digit\u00e1lis Eg\u00e9szs\u00e9gtudom\u00e1nyi Int\u00e9zet eg\u00e9szs\u00e9g\u00fcgyi szervez\u0151 alapk\u00e9pz\u00e9si szak TDK munka tant\u00e1rgyi adatlapj\u00e1nak m\u00f3dos\u00edt\u00e1sa<\/p>\n<hr \/>\n<p><strong>2025. 06. 19.<\/strong><\/p>\n<p>Napirendi pontok:<\/p>\n<p>1. <span style=\"font-size: 14pt\">V\u00e9lem\u00e9nynyilv\u00e1n\u00edt\u00e1s az Eg\u00e9szs\u00e9g\u00fcgyi K\u00f6zszolg\u00e1lati Kar \u00e1ltal\u00e1nos d\u00e9k\u00e1nhelyettesi megb\u00edz\u00e1s\u00e1ra be\u00e9rkezett p\u00e1ly\u00e1zatr\u00f3l<\/span><\/p>\n<p>2. <span style=\"font-size: 14pt\">V\u00e9lem\u00e9nynyilv\u00e1n\u00edt\u00e1s az Eg\u00e9szs\u00e9g\u00fcgyi K\u00f6zszolg\u00e1lati Kar, Eg\u00e9szs\u00e9g\u00fcgyi Menedzserk\u00e9pz\u0151 K\u00f6zpont, Eg\u00e9szs\u00e9gpolitika, Finansz\u00edroz\u00e1s \u00e9s Rendszerfejleszt\u00e9s Tansz\u00e9k tansz\u00e9kvezet\u0151i poz\u00edci\u00f3j\u00e1ra be\u00e9rkezett p\u00e1ly\u00e1zatr\u00f3l<\/span><\/p>\n<p>3. <span style=\"font-size: 14pt\">V\u00e9lem\u00e9nynyilv\u00e1n\u00edt\u00e1s az Eg\u00e9szs\u00e9g\u00fcgyi K\u00f6zszolg\u00e1lati Kar, Eg\u00e9szs\u00e9g\u00fcgyi Menedzserk\u00e9pz\u0151 K\u00f6zpont, Betegbiztons\u00e1gi Tansz\u00e9k tansz\u00e9kvezet\u0151i poz\u00edci\u00f3j\u00e1ra be\u00e9rkezett p\u00e1ly\u00e1zatr\u00f3l<\/span><\/p>\n<p>4. <span style=\"font-size: 14pt\">V\u00e9lem\u00e9nynyilv\u00e1n\u00edt\u00e1s az Eg\u00e9szs\u00e9g\u00fcgyi K\u00f6zszolg\u00e1lati Kar Digit\u00e1lis Eg\u00e9szs\u00e9gtudom\u00e1nyi Int\u00e9zetben meghirdetett egyetemi docensi munkak\u00f6rre be\u00e9rkezett p\u00e1ly\u00e1zatr\u00f3l<\/span><\/p>\n<hr \/>\n<p><strong>2025. 08. 29.<\/strong><\/p>\n<p>Napirendi pontok:<\/p>\n<p><span style=\"font-size: 1rem\">1. Az Eg\u00e9szs\u00e9g\u00fcgyi K\u00f6zszolg\u00e1lati Kar Ment\u00e1lhigi\u00e9n\u00e9 Int\u00e9zet rendszerszeml\u00e9let\u0171 pszichol\u00f3gia mesterk\u00e9pz\u00e9si szak l\u00e9tes\u00edt\u00e9s\u00e9nek, k\u00e9pz\u00e9si \u00e9s kimeneti k\u00f6vetelm\u00e9nyeinek, ind\u00edt\u00e1s\u00e1nak, valamint tanterv\u00e9nek elfogad\u00e1sa<\/span><\/p>\n<hr \/>\n<p><strong>2025. 09. 05.<\/strong><\/p>\n<p>Napirendi pontok:<\/p>\n<ol>\n<li style=\"text-align: left\">Az Eg\u00e9szs\u00e9g\u00fcgyi K\u00f6zszolg\u00e1lati Kar Ment\u00e1lhigi\u00e9n\u00e9 Int\u00e9zet ment\u00e1lhigi\u00e9n\u00e9s lelkigondoz\u00f3 szakir\u00e1ny\u00fa tov\u00e1bbk\u00e9pz\u00e9si szak tanulm\u00e1nyi t\u00e1j\u00e9koztat\u00f3j\u00e1nak m\u00f3dos\u00edt\u00e1sa<\/li>\n<li style=\"text-align: left\">Az Eg\u00e9szs\u00e9g\u00fcgyi K\u00f6zszolg\u00e1lati Kar Ment\u00e1lhigi\u00e9n\u00e9 Int\u00e9zet lakt\u00e1ci\u00f3s szaktan\u00e1csad\u00f3 szakir\u00e1ny\u00fa tov\u00e1bbk\u00e9pz\u00e9si szak tanulm\u00e1nyi t\u00e1j\u00e9koztat\u00f3j\u00e1nak m\u00f3dos\u00edt\u00e1sa<\/li>\n<li style=\"text-align: left\">Az Eg\u00e9szs\u00e9g\u00fcgyi K\u00f6zszolg\u00e1lati Kar Ment\u00e1lhigi\u00e9n\u00e9 Int\u00e9zet akt\u00edv id\u0151s\u00f6d\u00e9s szakir\u00e1ny\u00fa tov\u00e1bbk\u00e9pz\u00e9si szak tanulm\u00e1nyi t\u00e1j\u00e9koztat\u00f3j\u00e1nak m\u00f3dos\u00edt\u00e1sa<\/li>\n<li style=\"text-align: left\">Az Eg\u00e9szs\u00e9g\u00fcgyi K\u00f6zszolg\u00e1lati Kar Ment\u00e1lhigi\u00e9n\u00e9 Int\u00e9zet interdiszciplin\u00e1ris csal\u00e1dtudom\u00e1ny mesterk\u00e9pz\u00e9si szak tanulm\u00e1nyi t\u00e1j\u00e9koztat\u00f3j\u00e1nak m\u00f3dos\u00edt\u00e1sa<\/li>\n<li style=\"text-align: left\">Az Eg\u00e9szs\u00e9g\u00fcgyi K\u00f6zszolg\u00e1lati Kar Ment\u00e1lhigi\u00e9n\u00e9 Int\u00e9zet szoci\u00e1lis munka mesterk\u00e9pz\u00e9si szak tanulm\u00e1nyi t\u00e1j\u00e9koztat\u00f3j\u00e1nak m\u00f3dos\u00edt\u00e1sa<\/li>\n<li style=\"text-align: left\">Az Eg\u00e9szs\u00e9g\u00fcgyi K\u00f6zszolg\u00e1lati Kar Digit\u00e1lis Eg\u00e9szs\u00e9gtudom\u00e1nyi Int\u00e9zet eg\u00e9szs\u00e9g\u00fcgyi szervez\u0151 alapk\u00e9pz\u00e9si szak\u00a0egyes tant\u00e1rgyi adatlapjainak m\u00f3dos\u00edt\u00e1sa<\/li>\n<li>Az Eg\u00e9szs\u00e9g\u00fcgyi K\u00f6zszolg\u00e1lati Kar Eg\u00e9szs\u00e9g\u00fcgyi Menedzserk\u00e9pz\u0151 K\u00f6zpont eg\u00e9szs\u00e9g\u00fcgyi adattudom\u00e1ny mesterk\u00e9pz\u00e9si szak hi\u00e1nyz\u00f3 tant\u00e1rgyi adatlapjainak elfogad\u00e1sa<br \/>\n<hr \/>\n<\/li>\n<\/ol>\n<p><strong>2025. 11. 07.<\/strong><\/p>\n<p>Napirendi pontok:<\/p>\n<ol>\n<li>V\u00e9lem\u00e9nynyilv\u00e1n\u00edt\u00e1s a Karon m\u0171k\u00f6d\u0151, a Szen\u00e1tus \u00e1ltal l\u00e9trehozott Curriculum, Kredit\u00e1tviteli \u00e9s Oktat\u00e1si Bizotts\u00e1g \u00f6sszet\u00e9tel\u00e9nek meg\u00faj\u00edt\u00e1s\u00e1r\u00f3l<\/li>\n<li>Az Eg\u00e9szs\u00e9g\u00fcgyi Menedzserk\u00e9pz\u0151 K\u00f6zpont Eg\u00e9szs\u00e9g\u00fcgyi menedzser mesterk\u00e9pz\u00e9si szak Z\u00e1r\u00f3vizsga Bizotts\u00e1g eln\u00f6keinek \u00e9s tagjainak j\u00f3v\u00e1hagy\u00e1sa<\/li>\n<li>Az Eg\u00e9szs\u00e9g\u00fcgyi Menedzserk\u00e9pz\u0151 K\u00f6zpont Integr\u00e1lt szoci\u00e1lis szolg\u00e1ltat\u00e1si menedzsment mesterk\u00e9pz\u00e9si szak Z\u00e1r\u00f3vizsga Bizotts\u00e1g eln\u00f6keinek \u00e9s tagjainak j\u00f3v\u00e1hagy\u00e1sa<\/li>\n<li>Az Eg\u00e9szs\u00e9g\u00fcgyi Menedzserk\u00e9pz\u0151 K\u00f6zpont Eg\u00e9szs\u00e9g\u00fcgyi adattudom\u00e1ny mesterk\u00e9pz\u00e9si szak Z\u00e1r\u00f3vizsga Bizotts\u00e1g eln\u00f6keinek \u00e9s tagjainak j\u00f3v\u00e1hagy\u00e1sa<\/li>\n<li>Az Eg\u00e9szs\u00e9g\u00fcgyi Menedzserk\u00e9pz\u0151 K\u00f6zpont Eg\u00e9szs\u00e9g\u00fcgyi- min\u0151s\u00e9g\u00fcgyi \u00e9s betegbiztons\u00e1gi menedzsment mesterk\u00e9pz\u00e9si szak szakfelel\u0151s\u00e9nek v\u00e1ltoz\u00e1sa<\/li>\n<li>V\u00e9lem\u00e9nynyilv\u00e1n\u00edt\u00e1s a Semmelweis Egyetem Kiv\u00e1l\u00f3 Oktat\u00f3ja kit\u00fcntet\u00e9si javaslatr\u00f3l<\/li>\n<li>V\u00e9lem\u00e9nynyilv\u00e1n\u00edt\u00e1s az Eg\u00e9szs\u00e9g\u00fcgyi K\u00f6zszolg\u00e1lati Kar d\u00e9k\u00e1ni megb\u00edz\u00e1s\u00e1ra beny\u00fajtott p\u00e1ly\u00e1zatr\u00f3l<\/li>\n<\/ol>\n<hr \/>\n<p><strong>2025. 11. 11.<\/strong><\/p>\n<p>Napirendi pontok:<\/p>\n<ol>\n<li>\u00a0A Kar T\u00e9r\u00edt\u00e9si \u00e9s Juttat\u00e1si Rendj\u00e9nek m\u00f3dos\u00edt\u00e1s<\/li>\n<li>Oktat\u00f3i munka hallgat\u00f3i v\u00e9lem\u00e9nyez\u00e9se kari elj\u00e1r\u00e1srend \u00e9s k\u00e9rd\u00e9ssor m\u00f3dos\u00edt\u00e1sa<\/li>\n<li>A kari Hallgat\u00f3i pl\u00e1giumszab\u00e1lyzat m\u00f3dos\u00edt\u00e1sa<\/li>\n<li>\n<p>A kari Etikai \u00e9s Fegyelmi Bizotts\u00e1g \u00fcgyrendj\u00e9nek m\u00f3dos\u00edt\u00e1sa<\/p>\n<\/li>\n<\/ol>\n<hr \/>\n<p><strong>2025. 11. 24.<\/strong><\/p>\n<p>Napirendi pontok:<\/p>\n<ol>\n<li>\u00a0Az Eg\u00e9szs\u00e9g\u00fcgyi K\u00f6zszolg\u00e1lati Kar Ment\u00e1lhigi\u00e9n\u00e9 Int\u00e9zet egyes k\u00e9pz\u00e9sei mintatanterv\u00e9nek m\u00f3dos\u00edt\u00e1sa<\/li>\n<\/ol>\n<hr \/>\n<p><strong>2025. 12. 15.<\/strong><\/p>\n<p>Napirendi pontok:<\/p>\n<ol>\n<li>\u00a0Bevezet\u00e9s a Python programoz\u00e1si nyelv alapjaiba \u00e9s Bevezet\u00e9s a Python programoz\u00e1si nyelv adattudom\u00e1nyi alkalmaz\u00e1saiba c\u00edm\u0171 szabadon v\u00e1laszthat\u00f3 tant\u00e1rgyak l\u00e9trehoz\u00e1sa<\/li>\n<li>A \u201eWell-being Oriented Healthcare master programme\u201d (J\u00f3l-l\u00e9t f\u00f3kusz\u00fa eg\u00e9szs\u00e9g\u00fcgy mesterk\u00e9pz\u00e9si szak) eur\u00f3pai finansz\u00edroz\u00e1s\u00fa k\u00f6z\u00f6s k\u00e9pz\u00e9s l\u00e9tes\u00edt\u00e9s\u00e9nek \u00e9s ind\u00edt\u00e1s\u00e1nak elfogad\u00e1sa<\/li>\n<\/ol>\n<hr \/>\n<p><strong>2025. 12. 19.<\/strong><\/p>\n<p>Napirendi pontok:<\/p>\n<ol>\n<li>D\u00e9k\u00e1nhelyettesek sz\u00e1m\u00e1nak meghat\u00e1roz\u00e1sa az Eg\u00e9szs\u00e9g\u00fcgyi K\u00f6zszolg\u00e1lati Karon<\/li>\n<li>Digit\u00e1lis \u00f6nmenedzsment az eg\u00e9szs\u00e9ges \u00e9letm\u00f3d\u00e9rt c\u00edm\u0171 szabadon v\u00e1laszthat\u00f3 t\u00e1rgy bevezet\u00e9se az Eg\u00e9szs\u00e9g\u00fcgyi K\u00f6zszolg\u00e1lati Karon<\/li>\n<\/ol>\n","protected":false},"excerpt":{"rendered":"<p>2025. 03. 24. Napirendi pontok: 1. V\u00e9lem\u00e9nynyilv\u00e1n\u00edt\u00e1s az Eg\u00e9szs\u00e9g\u00fcgyi Menedzserk\u00e9pz\u0151 K\u00f6zpont igazgat\u00f3i megb\u00edz\u00e1s\u00e1ra beny\u00fajtott p\u00e1ly\u00e1zatr\u00f3l 2. V\u00e9lem\u00e9nynyilv\u00e1n\u00edt\u00e1s kiv\u00e1l\u00f3 oktat\u00f3 c\u00edmre val\u00f3 felterjeszt\u00e9sr\u0151l\u00a0 3-8. Z\u00e1r\u00f3vizsga Bizotts\u00e1g eln\u00f6keinek \u00e9s tagjainak megv\u00e1laszt\u00e1sa 9. A Ment\u00e1lhigi\u00e9n\u00e9 Int\u00e9zet egyes k\u00e9pz\u00e9sei tant\u00e1rgyfelel\u0151seinek v\u00e1ltoz\u00e1sa 2025. 05. 12. Napirendi pontok: 1. Javaslat Professor Emeritus c\u00edmhez kapcsol\u00f3d\u00f3 juttat\u00e1ssal j\u00e1r\u00f3 meg\u00e1llapod\u00e1s megk\u00f6t\u00e9s\u00e9re 2. A 2025\/2026. &hellip;<\/p>\n","protected":false},"author":102350,"featured_media":0,"parent":1201,"menu_order":1,"comment_status":"closed","ping_status":"closed","template":"","meta":{"_acf_changed":false,"footnotes":""},"categories":[],"tags":[],"class_list":["post-5634","page","type-page","status-publish","hentry"],"acf":[],"_links":{"self":[{"href":"https:\/\/semmelweis.hu\/ekk\/wp-json\/wp\/v2\/pages\/5634","targetHints":{"allow":["GET"]}}],"collection":[{"href":"https:\/\/semmelweis.hu\/ekk\/wp-json\/wp\/v2\/pages"}],"about":[{"href":"https:\/\/semmelweis.hu\/ekk\/wp-json\/wp\/v2\/types\/page"}],"author":[{"embeddable":true,"href":"https:\/\/semmelweis.hu\/ekk\/wp-json\/wp\/v2\/users\/102350"}],"replies":[{"embeddable":true,"href":"https:\/\/semmelweis.hu\/ekk\/wp-json\/wp\/v2\/comments?post=5634"}],"version-history":[{"count":10,"href":"https:\/\/semmelweis.hu\/ekk\/wp-json\/wp\/v2\/pages\/5634\/revisions"}],"predecessor-version":[{"id":5955,"href":"https:\/\/semmelweis.hu\/ekk\/wp-json\/wp\/v2\/pages\/5634\/revisions\/5955"}],"up":[{"embeddable":true,"href":"https:\/\/semmelweis.hu\/ekk\/wp-json\/wp\/v2\/pages\/1201"}],"wp:attachment":[{"href":"https:\/\/semmelweis.hu\/ekk\/wp-json\/wp\/v2\/media?parent=5634"}],"wp:term":[{"taxonomy":"category","embeddable":true,"href":"https:\/\/semmelweis.hu\/ekk\/wp-json\/wp\/v2\/categories?post=5634"},{"taxonomy":"post_tag","embeddable":true,"href":"https:\/\/semmelweis.hu\/ekk\/wp-json\/wp\/v2\/tags?post=5634"}],"curies":[{"name":"wp","href":"https:\/\/api.w.org\/{rel}","templated":true}]}}