{"id":5629,"date":"2025-01-09T14:37:51","date_gmt":"2025-01-09T13:37:51","guid":{"rendered":"https:\/\/semmelweis.hu\/ekk\/?page_id=5629"},"modified":"2026-03-19T08:31:03","modified_gmt":"2026-03-19T07:31:03","slug":"2025-evi-kari-tanacs-hatarozatok","status":"publish","type":"page","link":"https:\/\/semmelweis.hu\/ekk\/a-karrol\/kari-tanacs\/kari-tanacs-hatarozatok\/2025-evi-kari-tanacs-hatarozatok\/","title":{"rendered":"2025. \u00e9vi Kari Tan\u00e1cs hat\u00e1rozatok"},"content":{"rendered":"<h5>2025. m\u00e1rcius 24.<\/h5>\n<ul>\n<li><a href=\"https:\/\/semmelweis.hu\/ekk\/files\/2025\/03\/EKK-KT-hat_597-2025_III-24.pdf\">597. sz\u00e1m\u00fa Kari Tan\u00e1cs hat\u00e1rozat<\/a><\/li>\n<li><a href=\"https:\/\/semmelweis.hu\/ekk\/files\/2025\/03\/EKK-KT-hat_598-2025_III-24.pdf\">598. sz\u00e1m\u00fa Kari Tan\u00e1cs hat\u00e1rozat<\/a><\/li>\n<li><a href=\"https:\/\/semmelweis.hu\/ekk\/files\/2025\/03\/EKK-KT-hat_599-2025_III-24.pdf\">599. sz\u00e1m\u00fa Kari Tan\u00e1cs hat\u00e1rozat<\/a><\/li>\n<li><a href=\"https:\/\/semmelweis.hu\/ekk\/files\/2025\/03\/EKK-KT-hat_600-2025_III-24.pdf\">600. sz\u00e1m\u00fa Kari Tan\u00e1cs hat\u00e1rozat<\/a><\/li>\n<li><a href=\"https:\/\/semmelweis.hu\/ekk\/files\/2025\/03\/EKK-KT-hat_601-2025_III-24.pdf\">601. sz\u00e1m\u00fa Kari Tan\u00e1cs hat\u00e1rozat<\/a><\/li>\n<li><a href=\"https:\/\/semmelweis.hu\/ekk\/files\/2025\/03\/EKK-KT-hat_602-2025_III-24.pdf\">602. sz\u00e1m\u00fa Kari Tan\u00e1cs hat\u00e1rozat<\/a><\/li>\n<li><a href=\"https:\/\/semmelweis.hu\/ekk\/files\/2025\/03\/EKK-KT-hat_603-2025_III-24.pdf\">603. sz\u00e1m\u00fa Kari Tan\u00e1cs hat\u00e1rozat<\/a><\/li>\n<li><a href=\"https:\/\/semmelweis.hu\/ekk\/files\/2025\/03\/EKK-KT-hat_604-2025_III-24.pdf\">604. sz\u00e1m\u00fa Kari Tan\u00e1cs hat\u00e1rozat<\/a><\/li>\n<li><a href=\"https:\/\/semmelweis.hu\/ekk\/files\/2025\/03\/EKK-KT-hat_605-2025_III-24.pdf\">605. sz\u00e1m\u00fa Kari Tan\u00e1cs hat\u00e1rozat<\/a><\/li>\n<\/ul>\n<h5>2025. m\u00e1jus 12.<\/h5>\n<ul>\n<li><a href=\"https:\/\/semmelweis.hu\/ekk\/files\/2025\/05\/EKK-KT-hat_606-2025_V-12.pdf\">606. sz\u00e1m\u00fa Kari Tan\u00e1cs hat\u00e1rozat<\/a><\/li>\n<li><a href=\"https:\/\/semmelweis.hu\/ekk\/files\/2025\/05\/EKK-KT-hat_607-2025_V-12.pdf\">607. sz\u00e1m\u00fa Kari Tan\u00e1cs hat\u00e1rozat<\/a><\/li>\n<li><a href=\"https:\/\/semmelweis.hu\/ekk\/files\/2025\/05\/EKK-KT-hat_608_2025_V_12.pdf\">608. sz\u00e1m\u00fa Kari Tan\u00e1cs hat\u00e1rozat<\/a><\/li>\n<\/ul>\n<h5>2025. j\u00fanius 19.<\/h5>\n<ul>\n<li><a href=\"https:\/\/semmelweis.hu\/ekk\/files\/2025\/06\/EKK-KT-hat_609_2025_VI_19.pdf\">609. sz\u00e1m\u00fa Kari Tan\u00e1cs hat\u00e1rozat<\/a><\/li>\n<li><a href=\"https:\/\/semmelweis.hu\/ekk\/files\/2025\/06\/EKK-KT-hat_610-2025_VI-19.pdf\">610. sz\u00e1m\u00fa Kari Tan\u00e1cs hat\u00e1rozat<\/a><\/li>\n<li><a href=\"https:\/\/semmelweis.hu\/ekk\/files\/2025\/06\/EKK-KT-hat_611-2025_VI-19.pdf\">611. sz\u00e1m\u00fa Kari Tan\u00e1cs hat\u00e1rozat<\/a><\/li>\n<li><a href=\"https:\/\/semmelweis.hu\/ekk\/files\/2025\/06\/EKK-KT-hat_612-2025_VI-19.pdf\">612. sz\u00e1m\u00fa Kari Tan\u00e1cs hat\u00e1rozat<\/a><\/li>\n<\/ul>\n<h5>2025. augusztus 29.<\/h5>\n<ul>\n<li><a href=\"https:\/\/semmelweis.hu\/ekk\/files\/2025\/08\/EKK-KT-hat_613_2025_VIII_29.pdf\">613. sz\u00e1m\u00fa Kari Tan\u00e1cs hat\u00e1rozat<\/a><\/li>\n<\/ul>\n<h5>2025. szeptember 05.<\/h5>\n<ul>\n<li><a href=\"https:\/\/semmelweis.hu\/ekk\/files\/2025\/09\/EKK-KT-hat_614-2025_IX_05.pdf\">614. sz\u00e1m\u00fa Kari Tan\u00e1cs hat\u00e1rozat<\/a><\/li>\n<li><a href=\"https:\/\/semmelweis.hu\/ekk\/files\/2025\/09\/EKK-KT-hat_615-2025_IX_05.pdf\">615. sz\u00e1m\u00fa Kari Tan\u00e1cs hat\u00e1rozat<\/a><\/li>\n<li><a href=\"https:\/\/semmelweis.hu\/ekk\/files\/2025\/09\/EKK-KT-hat_616-2025_IX_05.pdf\">616. sz\u00e1m\u00fa Kari Tan\u00e1cs hat\u00e1rozat<\/a><\/li>\n<li><a href=\"https:\/\/semmelweis.hu\/ekk\/files\/2025\/09\/EKK-KT-hat_617-2025_IX_05.pdf\">617. sz\u00e1m\u00fa Kari Tan\u00e1cs hat\u00e1rozat<\/a><\/li>\n<li><a href=\"https:\/\/semmelweis.hu\/ekk\/files\/2025\/09\/EKK-KT-hat_618-2025_IX_05.pdf\">618. sz\u00e1m\u00fa Kari Tan\u00e1cs hat\u00e1rozat<\/a><\/li>\n<li><a href=\"https:\/\/semmelweis.hu\/ekk\/files\/2025\/09\/EKK-KT-hat_619_2025_IX_05.pdf\">619. sz\u00e1m\u00fa Kari Tan\u00e1cs hat\u00e1rozat<\/a><\/li>\n<li><a href=\"https:\/\/semmelweis.hu\/ekk\/files\/2025\/09\/EKK-KT-hat_620_2025_IX_05.pdf\">620. sz\u00e1m\u00fa Kari Tan\u00e1cs hat\u00e1rozat<\/a><\/li>\n<\/ul>\n<h5>2025. november 07.<\/h5>\n<ul>\n<li><a href=\"https:\/\/semmelweis.hu\/ekk\/files\/2025\/11\/EKK-KT-hat_621-2025_XI-07.pdf\">621. sz\u00e1m\u00fa Kari Tan\u00e1cs hat\u00e1rozat<\/a><\/li>\n<li><a href=\"https:\/\/semmelweis.hu\/ekk\/files\/2025\/11\/EKK-KT-hat_622-2025_XI-07-1.pdf\">622. sz\u00e1m\u00fa Kari Tan\u00e1cs hat\u00e1rozat<\/a><\/li>\n<li><a href=\"https:\/\/semmelweis.hu\/ekk\/files\/2025\/11\/EKK-KT-hat_623-2025_XI-07.pdf\">623. sz\u00e1m\u00fa Kari Tan\u00e1cs hat\u00e1rozat<\/a><\/li>\n<li><a href=\"https:\/\/semmelweis.hu\/ekk\/files\/2025\/11\/EKK-KT-hat_624-2025_XI-07.pdf\">624. sz\u00e1m\u00fa Kari Tan\u00e1cs hat\u00e1rozat<\/a><\/li>\n<li><a href=\"https:\/\/semmelweis.hu\/ekk\/files\/2025\/11\/EKK-KT-hat_625-2025_XI-07.pdf\">625. sz\u00e1m\u00fa Kari Tan\u00e1cs hat\u00e1rozat<\/a><\/li>\n<li><a href=\"https:\/\/semmelweis.hu\/ekk\/files\/2025\/11\/EKK-KT-hat_626-2025_XI-07_.pdf\">626. sz\u00e1m\u00fa Kari Tan\u00e1cs hat\u00e1rozat<\/a><\/li>\n<li><a href=\"https:\/\/semmelweis.hu\/ekk\/files\/2025\/11\/EKK-KT-hat_627-2025_XI-07.pdf\">627. sz\u00e1m\u00fa Kari Tan\u00e1cs hat\u00e1rozat<\/a><\/li>\n<\/ul>\n<h5>2025. november 11.<\/h5>\n<ul>\n<li><a href=\"https:\/\/semmelweis.hu\/ekk\/files\/2025\/11\/EKK-KT-hat_628_a-2025_XI_11.pdf\">628. a. sz\u00e1m\u00fa Kari Tan\u00e1cs hat\u00e1rozat<\/a><\/li>\n<li><a href=\"https:\/\/semmelweis.hu\/ekk\/files\/2025\/11\/EKK-KT-hat_628_b-2025_XI_11.pdf\">628. b. sz\u00e1m\u00fa Kari Tan\u00e1cs hat\u00e1rozat<\/a><\/li>\n<li><a href=\"https:\/\/semmelweis.hu\/ekk\/files\/2025\/11\/EKK-KT-hat_629-2025_XI_11.pdf\">629. sz\u00e1m\u00fa Kari Tan\u00e1cs hat\u00e1rozat<\/a><\/li>\n<li><a href=\"https:\/\/semmelweis.hu\/ekk\/files\/2025\/11\/EKK-KT-hat_630-2025_XI_11.pdf\">630. sz\u00e1m\u00fa Kari Tan\u00e1cs hat\u00e1rozat<\/a><\/li>\n<li><a href=\"https:\/\/semmelweis.hu\/ekk\/files\/2025\/11\/EKK-KT-hat_631-2025_XI_11.pdf\">631. sz\u00e1m\u00fa Kari Tan\u00e1cs hat\u00e1rozat<\/a><\/li>\n<\/ul>\n<h5>2025. november 24.<\/h5>\n<ul>\n<li><a href=\"https:\/\/semmelweis.hu\/ekk\/files\/2025\/11\/EKK-KT-hat_632-2025_XI_24.pdf\">632. sz\u00e1m\u00fa Kari Tan\u00e1cs hat\u00e1rozat<\/a><\/li>\n<\/ul>\n<h5>2025. december 15.<\/h5>\n<ul>\n<li><a href=\"https:\/\/semmelweis.hu\/ekk\/files\/2025\/12\/EKK-KT-hat_633-2025_XII_15.pdf\">633. sz\u00e1m\u00fa Kari Tan\u00e1cs hat\u00e1rozat<\/a><\/li>\n<li><a href=\"https:\/\/semmelweis.hu\/ekk\/files\/2025\/12\/EKK-KT-hat_634_2025_XII_15.pdf\">634. sz\u00e1m\u00fa Kari Tan\u00e1cs hat\u00e1rozat<\/a><\/li>\n<\/ul>\n<h5>2025. december 19.<\/h5>\n<ul>\n<li><a href=\"https:\/\/semmelweis.hu\/ekk\/files\/2026\/01\/EKK-KT-hat_635-2025_XII_19.pdf\">635. sz\u00e1m\u00fa Kari Tan\u00e1cs hat\u00e1rozat<\/a><\/li>\n<li><a href=\"https:\/\/semmelweis.hu\/ekk\/files\/2026\/01\/EKK-KT-hat_636-2025_XII_19_fin.pdf\">636. sz\u00e1m\u00fa Kari Tan\u00e1cs hat\u00e1rozat<\/a><\/li>\n<\/ul>\n","protected":false},"excerpt":{"rendered":"<p>2025. m\u00e1rcius 24. <a href=\"https:\/\/semmelweis.hu\/ekk\/files\/2025\/03\/EKK-KT-hat_597-2025_III-24.pdf\">597. sz\u00e1m\u00fa Kari Tan\u00e1cs hat\u00e1rozat<\/a> <a href=\"https:\/\/semmelweis.hu\/ekk\/files\/2025\/03\/EKK-KT-hat_598-2025_III-24.pdf\">598. sz\u00e1m\u00fa Kari Tan\u00e1cs hat\u00e1rozat<\/a> <a href=\"https:\/\/semmelweis.hu\/ekk\/files\/2025\/03\/EKK-KT-hat_599-2025_III-24.pdf\">599. sz\u00e1m\u00fa Kari Tan\u00e1cs hat\u00e1rozat<\/a> <a href=\"https:\/\/semmelweis.hu\/ekk\/files\/2025\/03\/EKK-KT-hat_600-2025_III-24.pdf\">600. sz\u00e1m\u00fa Kari Tan\u00e1cs hat\u00e1rozat<\/a> <a href=\"https:\/\/semmelweis.hu\/ekk\/files\/2025\/03\/EKK-KT-hat_601-2025_III-24.pdf\">601. sz\u00e1m\u00fa Kari Tan\u00e1cs hat\u00e1rozat<\/a> <a href=\"https:\/\/semmelweis.hu\/ekk\/files\/2025\/03\/EKK-KT-hat_602-2025_III-24.pdf\">602. sz\u00e1m\u00fa Kari Tan\u00e1cs hat\u00e1rozat<\/a> <a href=\"https:\/\/semmelweis.hu\/ekk\/files\/2025\/03\/EKK-KT-hat_603-2025_III-24.pdf\">603. sz\u00e1m\u00fa Kari Tan\u00e1cs hat\u00e1rozat<\/a> <a href=\"https:\/\/semmelweis.hu\/ekk\/files\/2025\/03\/EKK-KT-hat_604-2025_III-24.pdf\">604. sz\u00e1m\u00fa Kari Tan\u00e1cs hat\u00e1rozat<\/a> <a href=\"https:\/\/semmelweis.hu\/ekk\/files\/2025\/03\/EKK-KT-hat_605-2025_III-24.pdf\">605. sz\u00e1m\u00fa Kari Tan\u00e1cs hat\u00e1rozat<\/a> 2025. m\u00e1jus 12. <a href=\"https:\/\/semmelweis.hu\/ekk\/files\/2025\/05\/EKK-KT-hat_606-2025_V-12.pdf\">606. sz\u00e1m\u00fa Kari Tan\u00e1cs hat\u00e1rozat<\/a> <a href=\"https:\/\/semmelweis.hu\/ekk\/files\/2025\/05\/EKK-KT-hat_607-2025_V-12.pdf\">607. sz\u00e1m\u00fa Kari Tan\u00e1cs hat\u00e1rozat<\/a> <a href=\"https:\/\/semmelweis.hu\/ekk\/files\/2025\/05\/EKK-KT-hat_608_2025_V_12.pdf\">608. sz\u00e1m\u00fa Kari Tan\u00e1cs hat\u00e1rozat<\/a> 2025. j\u00fanius 19. <a href=\"https:\/\/semmelweis.hu\/ekk\/files\/2025\/06\/EKK-KT-hat_609_2025_VI_19.pdf\">609. sz\u00e1m\u00fa Kari Tan\u00e1cs hat\u00e1rozat<\/a> <a href=\"https:\/\/semmelweis.hu\/ekk\/files\/2025\/06\/EKK-KT-hat_610-2025_VI-19.pdf\">610. sz\u00e1m\u00fa Kari Tan\u00e1cs hat\u00e1rozat<\/a> <a href=\"https:\/\/semmelweis.hu\/ekk\/files\/2025\/06\/EKK-KT-hat_611-2025_VI-19.pdf\">611. sz\u00e1m\u00fa Kari Tan\u00e1cs hat\u00e1rozat<\/a> <a href=\"https:\/\/semmelweis.hu\/ekk\/files\/2025\/06\/EKK-KT-hat_612-2025_VI-19.pdf\">612. sz\u00e1m\u00fa Kari Tan\u00e1cs hat\u00e1rozat<\/a> 2025. augusztus 29. <a href=\"https:\/\/semmelweis.hu\/ekk\/files\/2025\/08\/EKK-KT-hat_613_2025_VIII_29.pdf\">613. sz\u00e1m\u00fa Kari Tan\u00e1cs hat\u00e1rozat<\/a> 2025. szeptember 05. <a href=\"https:\/\/semmelweis.hu\/ekk\/files\/2025\/09\/EKK-KT-hat_614-2025_IX_05.pdf\">614. sz\u00e1m\u00fa Kari Tan\u00e1cs hat\u00e1rozat<\/a> <a href=\"https:\/\/semmelweis.hu\/ekk\/files\/2025\/09\/EKK-KT-hat_615-2025_IX_05.pdf\">615. sz\u00e1m\u00fa Kari Tan\u00e1cs hat\u00e1rozat<\/a> <a href=\"https:\/\/semmelweis.hu\/ekk\/files\/2025\/09\/EKK-KT-hat_616-2025_IX_05.pdf\">616. sz\u00e1m\u00fa Kari Tan\u00e1cs hat\u00e1rozat<\/a> <a href=\"https:\/\/semmelweis.hu\/ekk\/files\/2025\/09\/EKK-KT-hat_617-2025_IX_05.pdf\">617. sz\u00e1m\u00fa Kari Tan\u00e1cs hat\u00e1rozat<\/a> <a href=\"https:\/\/semmelweis.hu\/ekk\/files\/2025\/09\/EKK-KT-hat_618-2025_IX_05.pdf\">618. sz\u00e1m\u00fa Kari Tan\u00e1cs hat\u00e1rozat<\/a> <a href=\"https:\/\/semmelweis.hu\/ekk\/files\/2025\/09\/EKK-KT-hat_619_2025_IX_05.pdf\">619. sz\u00e1m\u00fa Kari Tan\u00e1cs hat\u00e1rozat<\/a> <a href=\"https:\/\/semmelweis.hu\/ekk\/files\/2025\/09\/EKK-KT-hat_620_2025_IX_05.pdf\">620. sz\u00e1m\u00fa Kari Tan\u00e1cs hat\u00e1rozat<\/a> 2025. november 07. <a href=\"https:\/\/semmelweis.hu\/ekk\/files\/2025\/11\/EKK-KT-hat_621-2025_XI-07.pdf\">621. sz\u00e1m\u00fa Kari Tan\u00e1cs hat\u00e1rozat<\/a> <a href=\"https:\/\/semmelweis.hu\/ekk\/files\/2025\/11\/EKK-KT-hat_622-2025_XI-07-1.pdf\">622. sz\u00e1m\u00fa Kari Tan\u00e1cs hat\u00e1rozat<\/a> <a href=\"https:\/\/semmelweis.hu\/ekk\/files\/2025\/11\/EKK-KT-hat_623-2025_XI-07.pdf\">623. sz\u00e1m\u00fa Kari Tan\u00e1cs hat\u00e1rozat<\/a> <a href=\"https:\/\/semmelweis.hu\/ekk\/files\/2025\/11\/EKK-KT-hat_624-2025_XI-07.pdf\">624. sz\u00e1m\u00fa Kari Tan\u00e1cs hat\u00e1rozat<\/a> <a href=\"https:\/\/semmelweis.hu\/ekk\/files\/2025\/11\/EKK-KT-hat_625-2025_XI-07.pdf\">625. sz\u00e1m\u00fa Kari Tan\u00e1cs hat\u00e1rozat<\/a> <a href=\"https:\/\/semmelweis.hu\/ekk\/files\/2025\/11\/EKK-KT-hat_626-2025_XI-07_.pdf\">626. sz\u00e1m\u00fa Kari Tan\u00e1cs hat\u00e1rozat<\/a> <a href=\"https:\/\/semmelweis.hu\/ekk\/files\/2025\/11\/EKK-KT-hat_627-2025_XI-07.pdf\">627. sz\u00e1m\u00fa Kari Tan\u00e1cs hat\u00e1rozat<\/a> 2025. november 11. <a href=\"https:\/\/semmelweis.hu\/ekk\/files\/2025\/11\/EKK-KT-hat_628_a-2025_XI_11.pdf\">628. a. sz\u00e1m\u00fa Kari Tan\u00e1cs hat\u00e1rozat<\/a> <a href=\"https:\/\/semmelweis.hu\/ekk\/files\/2025\/11\/EKK-KT-hat_628_b-2025_XI_11.pdf\">628. b. sz\u00e1m\u00fa Kari Tan\u00e1cs hat\u00e1rozat<\/a> <a href=\"https:\/\/semmelweis.hu\/ekk\/files\/2025\/11\/EKK-KT-hat_629-2025_XI_11.pdf\">629. sz\u00e1m\u00fa Kari Tan\u00e1cs hat\u00e1rozat<\/a> <a href=\"https:\/\/semmelweis.hu\/ekk\/files\/2025\/11\/EKK-KT-hat_630-2025_XI_11.pdf\">630. sz\u00e1m\u00fa Kari Tan\u00e1cs hat\u00e1rozat<\/a> <a href=\"https:\/\/semmelweis.hu\/ekk\/files\/2025\/11\/EKK-KT-hat_631-2025_XI_11.pdf\">631. sz\u00e1m\u00fa Kari Tan\u00e1cs hat\u00e1rozat<\/a> 2025. november 24. <a href=\"https:\/\/semmelweis.hu\/ekk\/files\/2025\/11\/EKK-KT-hat_632-2025_XI_24.pdf\">632. sz\u00e1m\u00fa Kari Tan\u00e1cs hat\u00e1rozat<\/a> 2025. december 15. <a href=\"https:\/\/semmelweis.hu\/ekk\/files\/2025\/12\/EKK-KT-hat_633-2025_XII_15.pdf\">633. sz\u00e1m\u00fa Kari Tan\u00e1cs hat\u00e1rozat<\/a> <a href=\"https:\/\/semmelweis.hu\/ekk\/files\/2025\/12\/EKK-KT-hat_634_2025_XII_15.pdf\">634. sz\u00e1m\u00fa Kari Tan\u00e1cs hat\u00e1rozat<\/a> 2025. december 19. <a href=\"https:\/\/semmelweis.hu\/ekk\/files\/2026\/01\/EKK-KT-hat_635-2025_XII_19.pdf\">635. sz\u00e1m\u00fa Kari Tan\u00e1cs hat\u00e1rozat<\/a> &hellip;<\/p>\n","protected":false},"author":102350,"featured_media":0,"parent":3275,"menu_order":1,"comment_status":"closed","ping_status":"closed","template":"","meta":{"_acf_changed":false,"footnotes":""},"categories":[],"tags":[],"class_list":["post-5629","page","type-page","status-publish","hentry"],"acf":[],"_links":{"self":[{"href":"https:\/\/semmelweis.hu\/ekk\/wp-json\/wp\/v2\/pages\/5629","targetHints":{"allow":["GET"]}}],"collection":[{"href":"https:\/\/semmelweis.hu\/ekk\/wp-json\/wp\/v2\/pages"}],"about":[{"href":"https:\/\/semmelweis.hu\/ekk\/wp-json\/wp\/v2\/types\/page"}],"author":[{"embeddable":true,"href":"https:\/\/semmelweis.hu\/ekk\/wp-json\/wp\/v2\/users\/102350"}],"replies":[{"embeddable":true,"href":"https:\/\/semmelweis.hu\/ekk\/wp-json\/wp\/v2\/comments?post=5629"}],"version-history":[{"count":10,"href":"https:\/\/semmelweis.hu\/ekk\/wp-json\/wp\/v2\/pages\/5629\/revisions"}],"predecessor-version":[{"id":6123,"href":"https:\/\/semmelweis.hu\/ekk\/wp-json\/wp\/v2\/pages\/5629\/revisions\/6123"}],"up":[{"embeddable":true,"href":"https:\/\/semmelweis.hu\/ekk\/wp-json\/wp\/v2\/pages\/3275"}],"wp:attachment":[{"href":"https:\/\/semmelweis.hu\/ekk\/wp-json\/wp\/v2\/media?parent=5629"}],"wp:term":[{"taxonomy":"category","embeddable":true,"href":"https:\/\/semmelweis.hu\/ekk\/wp-json\/wp\/v2\/categories?post=5629"},{"taxonomy":"post_tag","embeddable":true,"href":"https:\/\/semmelweis.hu\/ekk\/wp-json\/wp\/v2\/tags?post=5629"}],"curies":[{"name":"wp","href":"https:\/\/api.w.org\/{rel}","templated":true}]}}