{"id":5334,"date":"2024-01-16T11:22:12","date_gmt":"2024-01-16T10:22:12","guid":{"rendered":"https:\/\/semmelweis.hu\/ekk\/?page_id=5334"},"modified":"2026-01-08T14:07:56","modified_gmt":"2026-01-08T13:07:56","slug":"kari-tanacs-ulesek-2024","status":"publish","type":"page","link":"https:\/\/semmelweis.hu\/ekk\/a-karrol\/kari-tanacs\/kari-tanacs-ulesek\/kari-tanacs-ulesek-2024\/","title":{"rendered":"Kari Tan\u00e1cs \u00fcl\u00e9sek 2024."},"content":{"rendered":"<p><strong>2024. 01. 17. (elektronikus szavaz\u00e1s)<\/strong><\/p>\n<p>Napirendi pontok:<\/p>\n<p>\u00a0 \u00a0 \u00a01. A 2023\/2024. \u00e9vi tan\u00e9v tavaszi f\u00e9l\u00e9v rendj\u00e9nek m\u00f3dos\u00edt\u00f3 elfogad\u00e1sa<\/p>\n<hr \/>\n<p><strong>2024. 01. 19. (elektronikus szavaz\u00e1s)<\/strong><\/p>\n<p>Napirendi pontok:<\/p>\n<p>\u00a0 \u00a0 1. Szabadon v\u00e1laszthat\u00f3 tant\u00e1rgy bevezet\u00e9se az Eg\u00e9szs\u00e9g\u00fcgyi K\u00f6zszolg\u00e1lati Karon (Orvosi \u00e9s eg\u00e9szs\u00e9g\u00fcgyi adattudom\u00e1ny a gyakorlatban)<\/p>\n<p>\u00a0 \u00a0 2. Szabadon v\u00e1laszthat\u00f3 tant\u00e1rgy bevezet\u00e9se az Eg\u00e9szs\u00e9g\u00fcgyi K\u00f6zszolg\u00e1lati Karon (Min\u0151s\u00e9g\u00e9rt\u00e9kel\u00e9s a gyakorlatban \u00e9s J\u00f3gyakorlatok alkalmaz\u00e1sa a gyakorlatban)<\/p>\n<p>\u00a0 \u00a0 3. Az Eg\u00e9szs\u00e9g\u00fcgyi Menedzserk\u00e9pz\u0151 K\u00f6zpont \u00e9s a Digit\u00e1lis Eg\u00e9szs\u00e9gtudom\u00e1nyi Int\u00e9zet egyes k\u00e9pz\u00e9sei t\u00e1rgyfelel\u0151s\u00e9nek v\u00e1ltoz\u00e1sa<\/p>\n<hr \/>\n<p><strong>2024. 02. 05. (elektronikus szavaz\u00e1s)<\/strong><\/p>\n<p>Napirendi pontok:<\/p>\n<p>\u00a0 \u00a0 1. A Hivat\u00e1setikai alapok rendj\u00e9nek m\u00f3dos\u00edt\u00e1sa<\/p>\n<hr \/>\n<p><strong>2024. 02. 12. (elektronikus szavaz\u00e1s)<\/strong><\/p>\n<p>Napirendi pontok:<\/p>\n<p>\u00a0 \u00a0 \u00a01. A 2023\/2024. \u00e9vi tan\u00e9v tavaszi f\u00e9l\u00e9v rendj\u00e9nek m\u00f3dos\u00edt\u00f3 elfogad\u00e1sa<\/p>\n<hr \/>\n<p><strong>2024. 02. 21. (Teams szavaz\u00e1s)<\/strong><\/p>\n<p>Napirendi pontok:<\/p>\n<p>\u00a0 \u00a0 \u00a01. Az Eg\u00e9szs\u00e9g\u00fcgyi K\u00f6zszolg\u00e1lati Kar Eg\u00e9szs\u00e9g\u00fcgyi Menedzserk\u00e9pz\u0151 K\u00f6zpontban meghirdetett egyetemi docensi munkak\u00f6rre be\u00e9rkezett p\u00e1ly\u00e1zat v\u00e9lem\u00e9nyez\u00e9se<\/p>\n<hr \/>\n<p><strong>2024. 04. 19. (elektronikus szavaz\u00e1s)<\/strong><\/p>\n<p>Napirendi pontok:<\/p>\n<p>\u00a0 \u00a0 \u00a01. Szabadon v\u00e1laszthat\u00f3 tant\u00e1rgy bevezet\u00e9se az Eg\u00e9szs\u00e9g\u00fcgyi K\u00f6zszolg\u00e1lati Karon (Bevezet\u00e9s a fels\u0151bb matematik\u00e1ba)<\/p>\n<p>\u00a0 \u00a0 \u00a02. Az Eg\u00e9szs\u00e9g\u00fcgyi K\u00f6zszolg\u00e1lati Kar egyes k\u00e9pz\u00e9sei mintatanterv\u00e9nek m\u00f3dos\u00edt\u00e1sa a Curriculum 2.0. oktat\u00e1sfejleszt\u00e9si projekt keret\u00e9ben<\/p>\n<hr \/>\n<p><strong>2024. 05. 24. (elektronikus szavaz\u00e1s)<\/strong><\/p>\n<p>Napirendi pontok:<\/p>\n<p>\u00a0 \u00a0 \u00a01. Az Eg\u00e9szs\u00e9g\u00fcgyi Menedzserk\u00e9pz\u0151 K\u00f6zpont integr\u00e1lt szoci\u00e1lis szolg\u00e1ltat\u00e1smenedzsment mesterk\u00e9pz\u00e9si szak l\u00e9tes\u00edt\u00e9s\u00e9nek, k\u00e9pz\u00e9si \u00e9s kimeneti k\u00f6vetelm\u00e9nyeinek, ind\u00edt\u00e1s\u00e1nak, valamint tanterv\u00e9nek elfogad\u00e1sa<\/p>\n<p>\u00a0 \u00a0 2. Az Eg\u00e9szs\u00e9g\u00fcgyi Menedzserk\u00e9pz\u0151 K\u00f6zpont eg\u00e9szs\u00e9g\u00fcgyi adattudom\u00e1ny mesterk\u00e9pz\u00e9si szak mintatanterv\u00e9nek m\u00f3dos\u00edt\u00e1sa<\/p>\n<p>\u00a0 \u00a0 3. A Nemzeti Fels\u0151oktat\u00e1si \u00d6szt\u00f6nd\u00edj p\u00e1ly\u00e1zat pontrendszer\u00e9nek m\u00f3dos\u00edt\u00e1sa<\/p>\n<hr \/>\n<p><strong>2024. 06. 07. (elektronikus szavaz\u00e1s)<\/strong><\/p>\n<p>Napirendi pontok:<\/p>\n<p>\u00a0 \u00a0 \u00a01. A 2024\/2025. \u00e9vi tan\u00e9v rendj\u00e9nek elfogad\u00e1sa<\/p>\n<p>\u00a0 \u00a0 \u00a02. A hivat\u00e1setikai alapok rendj\u00e9nek m\u00f3dos\u00edt\u00e1sa<\/p>\n<hr \/>\n<p><strong>2024. 06. 18. (Teams szavaz\u00e1s)<\/strong><\/p>\n<p>Napirendi pontok:<\/p>\n<ol>\n<li>Az Eg\u00e9szs\u00e9g\u00fcgyi K\u00f6zszolg\u00e1lati Kar Eg\u00e9szs\u00e9g\u00fcgyi Menedzserk\u00e9pz\u0151 K\u00f6zpontban meghirdetett egyetemi docensi munkak\u00f6rre be\u00e9rkezett p\u00e1ly\u00e1zat v\u00e9lem\u00e9nyez\u00e9se<\/li>\n<li>Az Eg\u00e9szs\u00e9g\u00fcgyi Mendzserk\u00e9pz\u0151 K\u00f6zpont eg\u00e9szs\u00e9g\u00fcgyi menedzser mesterk\u00e9pz\u00e9si szak nappali \u00e9s levelez\u0151 munkarend\u0171 k\u00e9pz\u00e9s Z\u00e1r\u00f3vizsga Bizotts\u00e1g eln\u00f6keinek \u00e9s tagjainak j\u00f3v\u00e1hagy\u00e1sa\u00a0<\/li>\n<li>Az\u00a0Eg\u00e9szs\u00e9g\u00fcgyi Mendzserk\u00e9pz\u0151 K\u00f6zpontszlov\u00e1k nyelv\u0171 eg\u00e9szs\u00e9g\u00fcgyi menedzser mesterk\u00e9pz\u00e9si szak\u00a0kihelyezett\u00a0k\u00e9pz\u00e9se\u00a0Z\u00e1r\u00f3vizsga Bizotts\u00e1g eln\u00f6keinek \u00e9s tagjainak j\u00f3v\u00e1hagy\u00e1sa\u00a0<\/li>\n<li>A Digit\u00e1lis Eg\u00e9szs\u00e9gtudom\u00e1nyi Int\u00e9zet eg\u00e9szs\u00e9g\u00fcgyi szervez\u0151 alapk\u00e9pz\u00e9si szak digit\u00e1lis eg\u00e9szs\u00e9g\u00fcgyi szervez\u0151 specializ\u00e1ci\u00f3 szakdolgozat, valamint Z\u00e1r\u00f3vizsga Bizotts\u00e1g eln\u00f6keinek \u00e9s tagjainak j\u00f3v\u00e1hagy\u00e1sa<\/li>\n<li>A Ment\u00e1lhigi\u00e9n\u00e9 Int\u00e9zet szoci\u00e1lis munka mesterk\u00e9pz\u00e9si szak Z\u00e1r\u00f3vizsga Bizotts\u00e1g eln\u00f6keinek \u00e9s tagjainak j\u00f3v\u00e1hagy\u00e1sa<\/li>\n<li>A Kar egyes k\u00e9pz\u00e9sei tant\u00e1rgyfelel\u0151seinek v\u00e1ltoz\u00e1sa<\/li>\n<\/ol>\n<hr \/>\n<p><strong>2024. 08. 12. (elektronikus szavaz\u00e1s)<\/strong><\/p>\n<p>Napirendi pontok:<\/p>\n<p>\u00a0 \u00a0 1. A Ment\u00e1lhigi\u00e9n\u00e9 Int\u00e9zet interdiszciplin\u00e1ris csal\u00e1dtudom\u00e1nyi mesterk\u00e9pz\u00e9si szak tanulm\u00e1nyi t\u00e1j\u00e9koztat\u00f3j\u00e1nak m\u00f3dos\u00edt\u00e1sa<\/p>\n<p>\u00a0 \u00a0 2. A Ment\u00e1lhigi\u00e9n\u00e9 Int\u00e9zet lakt\u00e1ci\u00f3s szaktan\u00e1csad\u00f3 szakir\u00e1ny\u00fa tov\u00e1bbk\u00e9pz\u00e9si szak tanulm\u00e1nyi t\u00e1j\u00e9koztat\u00f3j\u00e1nak m\u00f3dos\u00edt\u00e1sa<\/p>\n<p>\u00a0 \u00a0 3. A Ment\u00e1lhigi\u00e9n\u00e9 Int\u00e9zet ment\u00e1lhigi\u00e9n\u00e9s h\u00e1zass\u00e1g- \u00e9s csal\u00e1d-lelkigondoz\u00f3 szakir\u00e1ny\u00fa tov\u00e1bbk\u00e9pz\u00e9si szak tanulm\u00e1nyi t\u00e1j\u00e9koztat\u00f3j\u00e1nak m\u00f3dos\u00edt\u00e1sa<\/p>\n<p>\u00a0 \u00a0 4. A Ment\u00e1lhigi\u00e9n\u00e9 Int\u00e9zet ment\u00e1lhigi\u00e9n\u00e9 szakir\u00e1ny\u00fa tov\u00e1bbk\u00e9pz\u00e9si szak tanulm\u00e1nyi t\u00e1j\u00e9koztat\u00f3j\u00e1nak m\u00f3dos\u00edt\u00e1sa<\/p>\n<p>\u00a0 \u00a0 5. A Ment\u00e1lhigi\u00e9n\u00e9 Int\u00e9zet akt\u00edv id\u0151s\u00f6d\u00e9s szakir\u00e1ny\u00fa tov\u00e1bbk\u00e9pz\u00e9si szak tanulm\u00e1nyi t\u00e1j\u00e9koztat\u00f3j\u00e1nak m\u00f3dos\u00edt\u00e1sa<\/p>\n<hr \/>\n<p><strong>2024. 08. 27. (elektronikus szavaz\u00e1s)<\/strong><\/p>\n<p>Napirendi pontok:<\/p>\n<p>\u00a0 \u00a0 1. A hivat\u00e1setikai alapok rendj\u00e9nek m\u00f3dos\u00edt\u00e1sa<\/p>\n<hr \/>\n<p><strong>2024. 08. 30. (elektronikus szavaz\u00e1s)<\/strong><\/p>\n<p>Napirendi pontok:<\/p>\n<p>\u00a0 \u00a0 1. Az Eg\u00e9szs\u00e9g\u00fcgyi Menedzserk\u00e9pz\u0151 K\u00f6zpont eg\u00e9szs\u00e9g\u00fcgyi menedzser mesterk\u00e9pz\u00e9si szak tant\u00e1rgyi adatlapjainak m\u00f3dos\u00edt\u00e1sa<\/p>\n<p>\u00a0 \u00a0 2. Az Eg\u00e9szs\u00e9g\u00fcgyi Menedzserk\u00e9pz\u0151 K\u00f6zpont adatvez\u00e9relt eg\u00e9szs\u00e9g\u00fcgy mesterk\u00e9pz\u00e9si szak tant\u00e1rgyi adatlapjainak elfogad\u00e1sa<\/p>\n<hr \/>\n<p><strong>2024. 10. 01. (elektronikus szavaz\u00e1s)<\/strong><\/p>\n<p>Napirendi pontok:<\/p>\n<p>\u00a0 \u00a0 1. A hivat\u00e1setikai alapok rendj\u00e9nek m\u00f3dos\u00edt\u00e1sa<\/p>\n<p>\u00a0 \u00a0 2. A Kar T\u00e9r\u00edt\u00e9si \u00e9s Juttat\u00e1si Rendj\u00e9nek m\u00f3dos\u00edt\u00e1sa<\/p>\n<hr \/>\n<p><strong>2024. 11. 21. (elektronikus szavaz\u00e1s)<\/strong><\/p>\n<p>Napirendi pontok:<\/p>\n<p>\u00a0 \u00a0 1. A Ment\u00e1lhigi\u00e9n\u00e9 Int\u00e9zet munkahelyi ment\u00e1lhigi\u00e9n\u00e9 szakir\u00e1ny\u00fa tov\u00e1bbk\u00e9pz\u00e9si szak mintatanterv\u00e9nek m\u00f3dos\u00edt\u00e1sa<\/p>\n<hr \/>\n<p><strong>2024. 11. 29. (Zoom szavaz\u00e1s)<\/strong><\/p>\n<p>Napirendi pontok:<\/p>\n<ol>\n<li>Pro Universitate D\u00edj adom\u00e1nyoz\u00e1sa<\/li>\n<\/ol>\n<hr \/>\n<p><strong>2024. 12. 18. (elektronikus szavaz\u00e1s)<\/strong><\/p>\n<p>Napirendi pontok:<\/p>\n<p>\u00a0 \u00a0 1. A Ment\u00e1lhigi\u00e9n\u00e9 Int\u00e9zet munkahelyi ment\u00e1lhigi\u00e9n\u00e9 szakir\u00e1ny\u00fa tov\u00e1bbk\u00e9pz\u00e9si szak tanulm\u00e1nyi t\u00e1j\u00e9koztat\u00f3j\u00e1nak m\u00f3dos\u00edt\u00e1sa<\/p>\n<p>\u00a0 \u00a0 2. Az Eg\u00e9szs\u00e9g\u00fcgyi Menedzserk\u00e9pz\u0151 K\u00f6zpont integr\u00e1lt szoci\u00e1lis szolg\u00e1ltat\u00e1si menedzsment mesterk\u00e9pz\u00e9si szak tant\u00e1rgyi adatlapjainak m\u00f3dos\u00edt\u00e1sa<\/p>\n<p>\u00a0 \u00a03. Az Eg\u00e9szs\u00e9g\u00fcgyi Menedzserk\u00e9pz\u0151 K\u00f6zpont eg\u00e9szs\u00e9g\u00fcgyi menedzser mesterk\u00e9pz\u00e9si szak szabadon v\u00e1laszthat\u00f3 t\u00e1rgyai tant\u00e1rgyi adatlapjainak m\u00f3dos\u00edt\u00e1sa<\/p>\n<p>\u00a0 \u00a05. A Kar T\u00e9r\u00edt\u00e9si \u00e9s Juttat\u00e1si Rendj\u00e9nek m\u00f3dos\u00edt\u00e1sa<\/p>\n<p>\u00a0 \u00a04. Az Eg\u00e9szs\u00e9g\u00fcgyi Menedzserk\u00e9pz\u0151 K\u00f6zpont integr\u00e1lt szoci\u00e1lis szolg\u00e1ltat\u00e1si menedzsment mesterk\u00e9pz\u00e9si szak tant\u00e1rgyfelel\u0151seinek m\u00f3dos\u00edt\u00e1sa<\/p>\n<p>&nbsp;<\/p>\n","protected":false},"excerpt":{"rendered":"<p>2024. 01. 17. (elektronikus szavaz\u00e1s) Napirendi pontok: \u00a0 \u00a0 \u00a01. A 2023\/2024. \u00e9vi tan\u00e9v tavaszi f\u00e9l\u00e9v rendj\u00e9nek m\u00f3dos\u00edt\u00f3 elfogad\u00e1sa 2024. 01. 19. (elektronikus szavaz\u00e1s) Napirendi pontok: \u00a0 \u00a0 1. Szabadon v\u00e1laszthat\u00f3 tant\u00e1rgy bevezet\u00e9se az Eg\u00e9szs\u00e9g\u00fcgyi K\u00f6zszolg\u00e1lati Karon (Orvosi \u00e9s eg\u00e9szs\u00e9g\u00fcgyi adattudom\u00e1ny a gyakorlatban) \u00a0 \u00a0 2. Szabadon v\u00e1laszthat\u00f3 tant\u00e1rgy bevezet\u00e9se az Eg\u00e9szs\u00e9g\u00fcgyi K\u00f6zszolg\u00e1lati Karon (Min\u0151s\u00e9g\u00e9rt\u00e9kel\u00e9s &hellip;<\/p>\n","protected":false},"author":101539,"featured_media":0,"parent":1201,"menu_order":2,"comment_status":"closed","ping_status":"closed","template":"","meta":{"_acf_changed":false,"footnotes":""},"categories":[],"tags":[],"class_list":["post-5334","page","type-page","status-publish","hentry"],"acf":[],"_links":{"self":[{"href":"https:\/\/semmelweis.hu\/ekk\/wp-json\/wp\/v2\/pages\/5334","targetHints":{"allow":["GET"]}}],"collection":[{"href":"https:\/\/semmelweis.hu\/ekk\/wp-json\/wp\/v2\/pages"}],"about":[{"href":"https:\/\/semmelweis.hu\/ekk\/wp-json\/wp\/v2\/types\/page"}],"author":[{"embeddable":true,"href":"https:\/\/semmelweis.hu\/ekk\/wp-json\/wp\/v2\/users\/101539"}],"replies":[{"embeddable":true,"href":"https:\/\/semmelweis.hu\/ekk\/wp-json\/wp\/v2\/comments?post=5334"}],"version-history":[{"count":10,"href":"https:\/\/semmelweis.hu\/ekk\/wp-json\/wp\/v2\/pages\/5334\/revisions"}],"predecessor-version":[{"id":5737,"href":"https:\/\/semmelweis.hu\/ekk\/wp-json\/wp\/v2\/pages\/5334\/revisions\/5737"}],"up":[{"embeddable":true,"href":"https:\/\/semmelweis.hu\/ekk\/wp-json\/wp\/v2\/pages\/1201"}],"wp:attachment":[{"href":"https:\/\/semmelweis.hu\/ekk\/wp-json\/wp\/v2\/media?parent=5334"}],"wp:term":[{"taxonomy":"category","embeddable":true,"href":"https:\/\/semmelweis.hu\/ekk\/wp-json\/wp\/v2\/categories?post=5334"},{"taxonomy":"post_tag","embeddable":true,"href":"https:\/\/semmelweis.hu\/ekk\/wp-json\/wp\/v2\/tags?post=5334"}],"curies":[{"name":"wp","href":"https:\/\/api.w.org\/{rel}","templated":true}]}}