{"id":5332,"date":"2024-01-16T11:17:08","date_gmt":"2024-01-16T10:17:08","guid":{"rendered":"https:\/\/semmelweis.hu\/ekk\/?page_id=5332"},"modified":"2026-01-08T13:59:47","modified_gmt":"2026-01-08T12:59:47","slug":"2024-evi-kari-tanacs-hatarozatok","status":"publish","type":"page","link":"https:\/\/semmelweis.hu\/ekk\/a-karrol\/kari-tanacs\/kari-tanacs-hatarozatok\/2024-evi-kari-tanacs-hatarozatok\/","title":{"rendered":"2024. \u00e9vi Kari Tan\u00e1cs hat\u00e1rozatok"},"content":{"rendered":"<h5>2024. janu\u00e1r 17.<\/h5>\n<ul>\n<li><a href=\"https:\/\/semmelweis.hu\/ekk\/files\/2024\/02\/EKK-KT-hat_560-2024_I-17.pdf\">560. sz\u00e1m\u00fa Kari Tan\u00e1cs hat\u00e1rozat<\/a><\/li>\n<\/ul>\n<h5>2024. janu\u00e1r 19.<\/h5>\n<ul>\n<li><a href=\"https:\/\/semmelweis.hu\/ekk\/files\/2024\/01\/EKK-KT-hat_561-2024_I_19.pdf\">561. sz\u00e1m\u00fa Kari Tan\u00e1cs hat\u00e1rozat<\/a><\/li>\n<li><a href=\"https:\/\/semmelweis.hu\/ekk\/files\/2024\/01\/EKK-KT-hat_562-2024_I_19.pdf\">562. sz\u00e1m\u00fa Kari Tan\u00e1cs hat\u00e1rozat<\/a><\/li>\n<li><a href=\"https:\/\/semmelweis.hu\/ekk\/files\/2024\/01\/EKK-KT-hat_563_2024_I_19.pdf\">563. sz\u00e1m\u00fa Kari Tan\u00e1cs hat\u00e1rozat<\/a><\/li>\n<\/ul>\n<h5>2024. febru\u00e1r 5.<\/h5>\n<ul>\n<li><a href=\"https:\/\/semmelweis.hu\/ekk\/files\/2024\/02\/EKK-KT-hat_564-2024_II-05.pdf\">564. sz\u00e1m\u00fa Kari Tan\u00e1cs hat\u00e1rozat<\/a><\/li>\n<\/ul>\n<h5>2024. febru\u00e1r 12.<\/h5>\n<ul>\n<li><a href=\"https:\/\/semmelweis.hu\/ekk\/files\/2024\/02\/EKK-KT-hat_565-2024_II-09.pdf\">565. sz\u00e1m\u00fa Kari Tan\u00e1cs hat\u00e1rozat<\/a><\/li>\n<\/ul>\n<h5>2024. febru\u00e1r 21.<\/h5>\n<ul>\n<li><a href=\"https:\/\/semmelweis.hu\/ekk\/files\/2024\/02\/EKK-KT-hat_566-2024_II-21.pdf\">566. sz\u00e1m\u00fa Kari Tan\u00e1cs hat\u00e1rozat<\/a><\/li>\n<\/ul>\n<h5>2024. \u00e1prilis 19.<\/h5>\n<ul>\n<li><a href=\"https:\/\/semmelweis.hu\/ekk\/files\/2024\/04\/EKK-KT-hat_567-2024_IV_19.pdf\">567. sz\u00e1m\u00fa Kari Tan\u00e1cs hat\u00e1rozat<\/a><\/li>\n<li><a href=\"https:\/\/semmelweis.hu\/ekk\/files\/2024\/04\/EKK-KT-hat_568-2024_IV_19.pdf\">568. sz\u00e1m\u00fa Kari Tan\u00e1cs hat\u00e1rozat<\/a><\/li>\n<\/ul>\n<h5>2024. m\u00e1jus 24.<\/h5>\n<ul>\n<li><a href=\"https:\/\/semmelweis.hu\/ekk\/files\/2024\/05\/EKK-KT-hat_569_2024_V_24.pdf\">569. sz\u00e1m\u00fa Kari Tan\u00e1cs hat\u00e1rozat<\/a><\/li>\n<li><a href=\"https:\/\/semmelweis.hu\/ekk\/files\/2024\/05\/EKK-KT-hat_570-2024_V_24.pdf\">570. sz\u00e1m\u00fa Kari Tan\u00e1cs hat\u00e1rozat<\/a><\/li>\n<li><a href=\"https:\/\/semmelweis.hu\/ekk\/files\/2024\/05\/EKK-KT-hat_571-2024_V_24.pdf\">571. sz\u00e1m\u00fa Kari Tan\u00e1cs hat\u00e1rozat<\/a><\/li>\n<\/ul>\n<h5>2024. j\u00fanius 7.<\/h5>\n<ul>\n<li><a href=\"https:\/\/semmelweis.hu\/ekk\/files\/2024\/06\/EKK-KT-hat_572-2024_VI-07.pdf\">572. sz\u00e1m\u00fa Kari Tan\u00e1cs hat\u00e1rozat<\/a><\/li>\n<li><a href=\"https:\/\/semmelweis.hu\/ekk\/files\/2024\/06\/EKK-KT-hat_573-2024_VI-07.pdf\">573. sz\u00e1m\u00fa Kari Tan\u00e1cs hat\u00e1rozat<\/a><\/li>\n<\/ul>\n<h5>2024. j\u00fanius 18.<\/h5>\n<ul>\n<li><a href=\"https:\/\/semmelweis.hu\/ekk\/files\/2024\/06\/EKK-KT-hat_574-2024_VI-18.pdf\">574. sz\u00e1m\u00fa Kari Tan\u00e1cs hat\u00e1rozat<\/a><\/li>\n<li><a href=\"https:\/\/semmelweis.hu\/ekk\/files\/2024\/06\/EKK-KT-hat_575-2024_VI-18.pdf\">575. sz\u00e1m\u00fa Kari Tan\u00e1cs hat\u00e1rozat<\/a><\/li>\n<li><a href=\"https:\/\/semmelweis.hu\/ekk\/files\/2024\/06\/EKK-KT-hat_576-2024_VI-18.pdf\">576. sz\u00e1m\u00fa Kari Tan\u00e1cs hat\u00e1rozat<\/a><\/li>\n<li><a href=\"https:\/\/semmelweis.hu\/ekk\/files\/2024\/06\/EKK-KT-hat_577-2024_VI-18.pdf\">577. sz\u00e1m\u00fa Kari Tan\u00e1cs hat\u00e1rozat<\/a><\/li>\n<li><a href=\"https:\/\/semmelweis.hu\/ekk\/files\/2024\/06\/EKK-KT-hat_578-2024_VI-18.pdf\">578. sz\u00e1m\u00fa Kari Tan\u00e1cs hat\u00e1rozat<\/a><\/li>\n<li><a href=\"https:\/\/semmelweis.hu\/ekk\/files\/2024\/06\/EKK-KT-hat_579_2024_VI_18.pdf\">579. sz\u00e1m\u00fa Kari Tan\u00e1cs hat\u00e1rozat<\/a><\/li>\n<\/ul>\n<h5>2024. augusztus 12.<\/h5>\n<ul>\n<li><a href=\"https:\/\/semmelweis.hu\/ekk\/files\/2024\/08\/EKK-KT-hat_580-2024_VIII_12.pdf\">580. sz\u00e1m\u00fa Kari Tan\u00e1cs hat\u00e1rozat<\/a><\/li>\n<li><a href=\"https:\/\/semmelweis.hu\/ekk\/files\/2024\/08\/EKK-KT-hat_581-2024_VIII_12.pdf\">581. sz\u00e1m\u00fa Kari Tan\u00e1cs hat\u00e1rozat<\/a><\/li>\n<li><a href=\"https:\/\/semmelweis.hu\/ekk\/files\/2024\/08\/EKK-KT-hat_582-2024_VIII_12.pdf\">582. sz\u00e1m\u00fa Kari Tan\u00e1cs hat\u00e1rozat<\/a><\/li>\n<li><a href=\"https:\/\/semmelweis.hu\/ekk\/files\/2024\/08\/EKK-KT-hat_583-2024_VIII_12.pdf\">583. sz\u00e1m\u00fa Kari Tan\u00e1cs hat\u00e1rozat<\/a><\/li>\n<li><a href=\"https:\/\/semmelweis.hu\/ekk\/files\/2024\/08\/EKK-KT-hat_584-2024_VIII_12.pdf\">584. sz\u00e1m\u00fa Kari Tan\u00e1cs hat\u00e1rozat<\/a><\/li>\n<\/ul>\n<h5>2024. augusztus 27.<\/h5>\n<ul>\n<li><a href=\"https:\/\/semmelweis.hu\/ekk\/files\/2024\/08\/EKK-KT-hat_585-2024_VIII-27-1.pdf\">585. sz\u00e1m\u00fa Kari Tan\u00e1cs hat\u00e1rozat<\/a><\/li>\n<\/ul>\n<h5>2024. augusztus 30.<\/h5>\n<ul>\n<li><a href=\"https:\/\/semmelweis.hu\/ekk\/files\/2025\/06\/EKK-KT-hat_586-2024_VIII_30-2.pdf\">586. sz\u00e1m\u00fa Kari Tan\u00e1cs hat\u00e1rozat<\/a><\/li>\n<li><a href=\"https:\/\/semmelweis.hu\/ekk\/files\/2025\/06\/EKK-KT-hat_587-2024_VIII_30.pdf\">587. sz\u00e1m\u00fa Kari Tan\u00e1cs hat\u00e1rozat<\/a><\/li>\n<\/ul>\n<h5>2024. okt\u00f3ber 1.<\/h5>\n<ul>\n<li><a href=\"https:\/\/semmelweis.hu\/ekk\/files\/2024\/10\/EKK-KT-hat_588_a-2024_X_01.pdf\">588. a. sz\u00e1m\u00fa Kari Tan\u00e1cs hat\u00e1rozat<\/a><\/li>\n<li><a href=\"https:\/\/semmelweis.hu\/ekk\/files\/2024\/10\/EKK-KT-hat_588_b-2024_X_01.pdf\">588. b. sz\u00e1m\u00fa Kari Tan\u00e1cs hat\u00e1rozat<\/a><\/li>\n<li><a href=\"https:\/\/semmelweis.hu\/ekk\/files\/2024\/10\/EKK-KT-hat_589-2024_X_01.pdf\">589. sz\u00e1m\u00fa Kari Tan\u00e1cs hat\u00e1rozat<\/a><\/li>\n<\/ul>\n<h5>2024. november 21.<\/h5>\n<ul>\n<li><a href=\"https:\/\/semmelweis.hu\/ekk\/files\/2024\/11\/EKK-KT-hat_590-2024_XI_21.pdf\">590. sz\u00e1m\u00fa Kari Tan\u00e1cs hat\u00e1rozat<\/a><\/li>\n<\/ul>\n<h5>2024. november 29.<\/h5>\n<ul>\n<li><a href=\"https:\/\/semmelweis.hu\/ekk\/files\/2025\/01\/EKK-KT-hat_591-2024_XI_29.pdf\">591. sz\u00e1m\u00fa Kari Tan\u00e1cs hat\u00e1rozat<\/a><\/li>\n<\/ul>\n<h5>2024. december 18.<\/h5>\n<ul>\n<li><a href=\"https:\/\/semmelweis.hu\/ekk\/files\/2025\/01\/EKK-KT-hat_592-2024_XII_18.pdf\">592. sz\u00e1m\u00fa Kari Tan\u00e1cs hat\u00e1rozat<\/a><\/li>\n<li><a href=\"https:\/\/semmelweis.hu\/ekk\/files\/2025\/01\/EKK-KT-hat_593_2024_XII_18.pdf\">593. sz\u00e1m\u00fa Kari Tan\u00e1cs hat\u00e1rozat<\/a><\/li>\n<li><a href=\"https:\/\/semmelweis.hu\/ekk\/files\/2025\/01\/EKK-KT-hat_594_2024_XII_18.pdf\">594. sz\u00e1m\u00fa Kari Tan\u00e1cs hat\u00e1rozat<\/a><\/li>\n<li><a href=\"https:\/\/semmelweis.hu\/ekk\/files\/2025\/01\/EKK-KT-hat_595_a-2024_XII_18.pdf\">595. a. sz\u00e1m\u00fa Kari Tan\u00e1cs hat\u00e1rozat<\/a><\/li>\n<li><a href=\"https:\/\/semmelweis.hu\/ekk\/files\/2025\/01\/EKK-KT-hat_595_b-2024_XII_18.pdf\">595. b. sz\u00e1m\u00fa Kari Tan\u00e1cs hat\u00e1rozat<\/a><\/li>\n<li><a href=\"https:\/\/semmelweis.hu\/ekk\/files\/2025\/01\/EKK-KT-hat_596_2024_XII_18.pdf\">596. sz\u00e1m\u00fa Kari Tan\u00e1cs hat\u00e1rozat<\/a><\/li>\n<\/ul>\n","protected":false},"excerpt":{"rendered":"<p>2024. janu\u00e1r 17. <a href=\"https:\/\/semmelweis.hu\/ekk\/files\/2024\/02\/EKK-KT-hat_560-2024_I-17.pdf\">560. sz\u00e1m\u00fa Kari Tan\u00e1cs hat\u00e1rozat<\/a> 2024. janu\u00e1r 19. <a href=\"https:\/\/semmelweis.hu\/ekk\/files\/2024\/01\/EKK-KT-hat_561-2024_I_19.pdf\">561. sz\u00e1m\u00fa Kari Tan\u00e1cs hat\u00e1rozat<\/a> <a href=\"https:\/\/semmelweis.hu\/ekk\/files\/2024\/01\/EKK-KT-hat_562-2024_I_19.pdf\">562. sz\u00e1m\u00fa Kari Tan\u00e1cs hat\u00e1rozat<\/a> <a href=\"https:\/\/semmelweis.hu\/ekk\/files\/2024\/01\/EKK-KT-hat_563_2024_I_19.pdf\">563. sz\u00e1m\u00fa Kari Tan\u00e1cs hat\u00e1rozat<\/a> 2024. febru\u00e1r 5. <a href=\"https:\/\/semmelweis.hu\/ekk\/files\/2024\/02\/EKK-KT-hat_564-2024_II-05.pdf\">564. sz\u00e1m\u00fa Kari Tan\u00e1cs hat\u00e1rozat<\/a> 2024. febru\u00e1r 12. <a href=\"https:\/\/semmelweis.hu\/ekk\/files\/2024\/02\/EKK-KT-hat_565-2024_II-09.pdf\">565. sz\u00e1m\u00fa Kari Tan\u00e1cs hat\u00e1rozat<\/a> 2024. febru\u00e1r 21. <a href=\"https:\/\/semmelweis.hu\/ekk\/files\/2024\/02\/EKK-KT-hat_566-2024_II-21.pdf\">566. sz\u00e1m\u00fa Kari Tan\u00e1cs hat\u00e1rozat<\/a> 2024. \u00e1prilis 19. <a href=\"https:\/\/semmelweis.hu\/ekk\/files\/2024\/04\/EKK-KT-hat_567-2024_IV_19.pdf\">567. sz\u00e1m\u00fa Kari Tan\u00e1cs hat\u00e1rozat<\/a> <a href=\"https:\/\/semmelweis.hu\/ekk\/files\/2024\/04\/EKK-KT-hat_568-2024_IV_19.pdf\">568. sz\u00e1m\u00fa Kari Tan\u00e1cs hat\u00e1rozat<\/a> 2024. m\u00e1jus 24. <a href=\"https:\/\/semmelweis.hu\/ekk\/files\/2024\/05\/EKK-KT-hat_569_2024_V_24.pdf\">569. sz\u00e1m\u00fa Kari Tan\u00e1cs hat\u00e1rozat<\/a> <a href=\"https:\/\/semmelweis.hu\/ekk\/files\/2024\/05\/EKK-KT-hat_570-2024_V_24.pdf\">570. sz\u00e1m\u00fa Kari Tan\u00e1cs hat\u00e1rozat<\/a> <a href=\"https:\/\/semmelweis.hu\/ekk\/files\/2024\/05\/EKK-KT-hat_571-2024_V_24.pdf\">571. sz\u00e1m\u00fa Kari Tan\u00e1cs hat\u00e1rozat<\/a> 2024. j\u00fanius 7. <a href=\"https:\/\/semmelweis.hu\/ekk\/files\/2024\/06\/EKK-KT-hat_572-2024_VI-07.pdf\">572. sz\u00e1m\u00fa Kari Tan\u00e1cs hat\u00e1rozat<\/a> <a href=\"https:\/\/semmelweis.hu\/ekk\/files\/2024\/06\/EKK-KT-hat_573-2024_VI-07.pdf\">573. sz\u00e1m\u00fa Kari Tan\u00e1cs hat\u00e1rozat<\/a> 2024. j\u00fanius 18. <a href=\"https:\/\/semmelweis.hu\/ekk\/files\/2024\/06\/EKK-KT-hat_574-2024_VI-18.pdf\">574. sz\u00e1m\u00fa Kari Tan\u00e1cs hat\u00e1rozat<\/a> <a href=\"https:\/\/semmelweis.hu\/ekk\/files\/2024\/06\/EKK-KT-hat_575-2024_VI-18.pdf\">575. sz\u00e1m\u00fa Kari Tan\u00e1cs hat\u00e1rozat<\/a> <a href=\"https:\/\/semmelweis.hu\/ekk\/files\/2024\/06\/EKK-KT-hat_576-2024_VI-18.pdf\">576. sz\u00e1m\u00fa Kari Tan\u00e1cs hat\u00e1rozat<\/a> <a href=\"https:\/\/semmelweis.hu\/ekk\/files\/2024\/06\/EKK-KT-hat_577-2024_VI-18.pdf\">577. sz\u00e1m\u00fa Kari Tan\u00e1cs hat\u00e1rozat<\/a> <a href=\"https:\/\/semmelweis.hu\/ekk\/files\/2024\/06\/EKK-KT-hat_578-2024_VI-18.pdf\">578. sz\u00e1m\u00fa Kari Tan\u00e1cs hat\u00e1rozat<\/a> <a href=\"https:\/\/semmelweis.hu\/ekk\/files\/2024\/06\/EKK-KT-hat_579_2024_VI_18.pdf\">579. sz\u00e1m\u00fa Kari Tan\u00e1cs hat\u00e1rozat<\/a> 2024. augusztus 12. <a href=\"https:\/\/semmelweis.hu\/ekk\/files\/2024\/08\/EKK-KT-hat_580-2024_VIII_12.pdf\">580. sz\u00e1m\u00fa Kari Tan\u00e1cs hat\u00e1rozat<\/a> <a href=\"https:\/\/semmelweis.hu\/ekk\/files\/2024\/08\/EKK-KT-hat_581-2024_VIII_12.pdf\">581. sz\u00e1m\u00fa Kari Tan\u00e1cs hat\u00e1rozat<\/a> <a href=\"https:\/\/semmelweis.hu\/ekk\/files\/2024\/08\/EKK-KT-hat_582-2024_VIII_12.pdf\">582. sz\u00e1m\u00fa Kari Tan\u00e1cs hat\u00e1rozat<\/a> <a href=\"https:\/\/semmelweis.hu\/ekk\/files\/2024\/08\/EKK-KT-hat_583-2024_VIII_12.pdf\">583. sz\u00e1m\u00fa Kari Tan\u00e1cs hat\u00e1rozat<\/a> <a href=\"https:\/\/semmelweis.hu\/ekk\/files\/2024\/08\/EKK-KT-hat_584-2024_VIII_12.pdf\">584. sz\u00e1m\u00fa Kari Tan\u00e1cs hat\u00e1rozat<\/a> 2024. augusztus 27. <a href=\"https:\/\/semmelweis.hu\/ekk\/files\/2024\/08\/EKK-KT-hat_585-2024_VIII-27-1.pdf\">585. sz\u00e1m\u00fa Kari Tan\u00e1cs hat\u00e1rozat<\/a> 2024. augusztus 30. <a href=\"https:\/\/semmelweis.hu\/ekk\/files\/2025\/06\/EKK-KT-hat_586-2024_VIII_30-2.pdf\">586. sz\u00e1m\u00fa Kari Tan\u00e1cs hat\u00e1rozat<\/a> <a href=\"https:\/\/semmelweis.hu\/ekk\/files\/2025\/06\/EKK-KT-hat_587-2024_VIII_30.pdf\">587. sz\u00e1m\u00fa Kari Tan\u00e1cs hat\u00e1rozat<\/a> 2024. okt\u00f3ber 1. <a href=\"https:\/\/semmelweis.hu\/ekk\/files\/2024\/10\/EKK-KT-hat_588_a-2024_X_01.pdf\">588. a. sz\u00e1m\u00fa Kari Tan\u00e1cs hat\u00e1rozat<\/a> <a href=\"https:\/\/semmelweis.hu\/ekk\/files\/2024\/10\/EKK-KT-hat_588_b-2024_X_01.pdf\">588. b. sz\u00e1m\u00fa Kari Tan\u00e1cs hat\u00e1rozat<\/a> <a href=\"https:\/\/semmelweis.hu\/ekk\/files\/2024\/10\/EKK-KT-hat_589-2024_X_01.pdf\">589. sz\u00e1m\u00fa Kari Tan\u00e1cs hat\u00e1rozat<\/a> 2024. november 21. <a href=\"https:\/\/semmelweis.hu\/ekk\/files\/2024\/11\/EKK-KT-hat_590-2024_XI_21.pdf\">590. sz\u00e1m\u00fa Kari Tan\u00e1cs hat\u00e1rozat<\/a> 2024. november 29. <a href=\"https:\/\/semmelweis.hu\/ekk\/files\/2025\/01\/EKK-KT-hat_591-2024_XI_29.pdf\">591. sz\u00e1m\u00fa Kari Tan\u00e1cs hat\u00e1rozat<\/a> 2024. december 18. <a href=\"https:\/\/semmelweis.hu\/ekk\/files\/2025\/01\/EKK-KT-hat_592-2024_XII_18.pdf\">592. sz\u00e1m\u00fa Kari Tan\u00e1cs hat\u00e1rozat<\/a> <a href=\"https:\/\/semmelweis.hu\/ekk\/files\/2025\/01\/EKK-KT-hat_593_2024_XII_18.pdf\">593. sz\u00e1m\u00fa Kari Tan\u00e1cs hat\u00e1rozat<\/a> <a href=\"https:\/\/semmelweis.hu\/ekk\/files\/2025\/01\/EKK-KT-hat_594_2024_XII_18.pdf\">594. sz\u00e1m\u00fa Kari Tan\u00e1cs hat\u00e1rozat<\/a> <a href=\"https:\/\/semmelweis.hu\/ekk\/files\/2025\/01\/EKK-KT-hat_595_a-2024_XII_18.pdf\">595. a. sz\u00e1m\u00fa Kari Tan\u00e1cs hat\u00e1rozat<\/a> <a href=\"https:\/\/semmelweis.hu\/ekk\/files\/2025\/01\/EKK-KT-hat_595_b-2024_XII_18.pdf\">595. b. sz\u00e1m\u00fa Kari Tan\u00e1cs hat\u00e1rozat<\/a> &hellip;<\/p>\n","protected":false},"author":101539,"featured_media":0,"parent":3275,"menu_order":2,"comment_status":"closed","ping_status":"closed","template":"","meta":{"_acf_changed":false,"footnotes":""},"categories":[],"tags":[],"class_list":["post-5332","page","type-page","status-publish","hentry"],"acf":[],"_links":{"self":[{"href":"https:\/\/semmelweis.hu\/ekk\/wp-json\/wp\/v2\/pages\/5332","targetHints":{"allow":["GET"]}}],"collection":[{"href":"https:\/\/semmelweis.hu\/ekk\/wp-json\/wp\/v2\/pages"}],"about":[{"href":"https:\/\/semmelweis.hu\/ekk\/wp-json\/wp\/v2\/types\/page"}],"author":[{"embeddable":true,"href":"https:\/\/semmelweis.hu\/ekk\/wp-json\/wp\/v2\/users\/101539"}],"replies":[{"embeddable":true,"href":"https:\/\/semmelweis.hu\/ekk\/wp-json\/wp\/v2\/comments?post=5332"}],"version-history":[{"count":10,"href":"https:\/\/semmelweis.hu\/ekk\/wp-json\/wp\/v2\/pages\/5332\/revisions"}],"predecessor-version":[{"id":5736,"href":"https:\/\/semmelweis.hu\/ekk\/wp-json\/wp\/v2\/pages\/5332\/revisions\/5736"}],"up":[{"embeddable":true,"href":"https:\/\/semmelweis.hu\/ekk\/wp-json\/wp\/v2\/pages\/3275"}],"wp:attachment":[{"href":"https:\/\/semmelweis.hu\/ekk\/wp-json\/wp\/v2\/media?parent=5332"}],"wp:term":[{"taxonomy":"category","embeddable":true,"href":"https:\/\/semmelweis.hu\/ekk\/wp-json\/wp\/v2\/categories?post=5332"},{"taxonomy":"post_tag","embeddable":true,"href":"https:\/\/semmelweis.hu\/ekk\/wp-json\/wp\/v2\/tags?post=5332"}],"curies":[{"name":"wp","href":"https:\/\/api.w.org\/{rel}","templated":true}]}}