{"id":53,"date":"2011-06-29T13:00:42","date_gmt":"2011-06-29T13:00:42","guid":{"rendered":"http:\/\/sote.webdevil.hu\/ekk\/?page_id=53"},"modified":"2025-10-10T11:42:37","modified_gmt":"2025-10-10T09:42:37","slug":"dokumentumtar","status":"publish","type":"page","link":"https:\/\/semmelweis.hu\/ekk\/dokumentumtar\/","title":{"rendered":"Dokumentumt\u00e1r"},"content":{"rendered":"<h4><strong>Dokumentumt\u00edpusok<\/strong><\/h4>\n<ul style=\"list-style-type: square\">\n<li><a href=\"https:\/\/semmelweis.hu\/ekk\/dokumentumtar\/kari-szabalyzatok\/\" target=\"_blank\" rel=\"noopener\">Szab\u00e1lyzatok<\/a><\/li>\n<li><a href=\"https:\/\/semmelweis.hu\/ekk\/dokumentumtar\/archiv\/\" target=\"_blank\" rel=\"noopener\">Szab\u00e1lyzatok arch\u00edvum<\/a><\/li>\n<li><a href=\"https:\/\/semmelweis.hu\/ekk\/dokumentumtar\/kari-szervezeti-dokumentumok-2\/\" target=\"_blank\" rel=\"noopener\">Kari szervezeti dokumentumok<\/a><\/li>\n<\/ul>\n<p>A Semmelweis Egyetem Jogi \u00e9s Igazgat\u00e1si F\u0151igazgat\u00f3s\u00e1ga \u00e1ltal m\u0171k\u00f6dtetett Szab\u00e1lyzatt\u00e1r <a href=\"https:\/\/semmelweis.hu\/jogigfoig\/dokumentumtar\/szabalyzattar\/\" target=\"_blank\" rel=\"noopener\">ide kattintva <\/a>\u00e9rhet\u0151 el.<\/p>\n","protected":false},"excerpt":{"rendered":"<p>Dokumentumt\u00edpusok<\/p>\n<p><a href=\"https:\/\/semmelweis.hu\/ekk\/dokumentumtar\/kari-szabalyzatok\/\" target=\"_blank\" rel=\"noopener\">Szab\u00e1lyzatok<\/a><br \/>\n<a href=\"https:\/\/semmelweis.hu\/ekk\/dokumentumtar\/archiv\/\" target=\"_blank\" rel=\"noopener\">Szab\u00e1lyzatok arch\u00edvum<\/a><br \/>\n<a href=\"https:\/\/semmelweis.hu\/ekk\/dokumentumtar\/kari-szervezeti-dokumentumok-2\/\" target=\"_blank\" rel=\"noopener\">Kari szervezeti dokumentumok<\/a><\/p>\n<p>A Semmelweis Egyetem Jogi \u00e9s Igazgat\u00e1si F\u0151igazgat\u00f3s\u00e1ga \u00e1ltal m\u0171k\u00f6dtetett Szab\u00e1lyzatt\u00e1r <a href=\"https:\/\/semmelweis.hu\/jogigfoig\/dokumentumtar\/szabalyzattar\/\" target=\"_blank\" rel=\"noopener\">ide kattintva <\/a>\u00e9rhet\u0151 el.<\/p>\n","protected":false},"author":7,"featured_media":0,"parent":0,"menu_order":0,"comment_status":"open","ping_status":"open","template":"","meta":{"_acf_changed":false,"footnotes":""},"categories":[],"tags":[],"class_list":["post-53","page","type-page","status-publish","hentry"],"acf":[],"_links":{"self":[{"href":"https:\/\/semmelweis.hu\/ekk\/wp-json\/wp\/v2\/pages\/53","targetHints":{"allow":["GET"]}}],"collection":[{"href":"https:\/\/semmelweis.hu\/ekk\/wp-json\/wp\/v2\/pages"}],"about":[{"href":"https:\/\/semmelweis.hu\/ekk\/wp-json\/wp\/v2\/types\/page"}],"author":[{"embeddable":true,"href":"https:\/\/semmelweis.hu\/ekk\/wp-json\/wp\/v2\/users\/7"}],"replies":[{"embeddable":true,"href":"https:\/\/semmelweis.hu\/ekk\/wp-json\/wp\/v2\/comments?post=53"}],"version-history":[{"count":12,"href":"https:\/\/semmelweis.hu\/ekk\/wp-json\/wp\/v2\/pages\/53\/revisions"}],"predecessor-version":[{"id":5828,"href":"https:\/\/semmelweis.hu\/ekk\/wp-json\/wp\/v2\/pages\/53\/revisions\/5828"}],"wp:attachment":[{"href":"https:\/\/semmelweis.hu\/ekk\/wp-json\/wp\/v2\/media?parent=53"}],"wp:term":[{"taxonomy":"category","embeddable":true,"href":"https:\/\/semmelweis.hu\/ekk\/wp-json\/wp\/v2\/categories?post=53"},{"taxonomy":"post_tag","embeddable":true,"href":"https:\/\/semmelweis.hu\/ekk\/wp-json\/wp\/v2\/tags?post=53"}],"curies":[{"name":"wp","href":"https:\/\/api.w.org\/{rel}","templated":true}]}}