{"id":5106,"date":"2023-10-25T13:23:03","date_gmt":"2023-10-25T11:23:03","guid":{"rendered":"https:\/\/semmelweis.hu\/ekk\/?page_id=5106"},"modified":"2026-01-08T14:01:42","modified_gmt":"2026-01-08T13:01:42","slug":"2018-evi-kari-tanacs-hatarozatok","status":"publish","type":"page","link":"https:\/\/semmelweis.hu\/ekk\/a-karrol\/kari-tanacs\/kari-tanacs-hatarozatok\/2018-evi-kari-tanacs-hatarozatok\/","title":{"rendered":"2018. \u00e9vi Kari Tan\u00e1cs hat\u00e1rozatok"},"content":{"rendered":"<h5>2018. december 11.<\/h5>\n<ul>\n<li><a href=\"https:\/\/semmelweis.hu\/ekk\/files\/2023\/10\/EKK-KT-hat_343-2018_XII-11.pdf\">343. sz\u00e1m\u00fa Kari Tan\u00e1cs hat\u00e1rozat<\/a><\/li>\n<li><a href=\"https:\/\/semmelweis.hu\/ekk\/files\/2023\/10\/EKK-KT-hat_342-2018_XII-11.pdf\">342. sz\u00e1m\u00fa Kari Tan\u00e1cs hat\u00e1rozat<\/a><\/li>\n<li><a href=\"https:\/\/semmelweis.hu\/ekk\/files\/2023\/10\/EKK-KT-hat_341-2018_XII-11-1.pdf\">341. sz\u00e1m\u00fa Kari Tan\u00e1cs hat\u00e1rozat<\/a><\/li>\n<\/ul>\n<h5>2018. okt\u00f3ber 16.<\/h5>\n<ul>\n<li><a href=\"https:\/\/semmelweis.hu\/ekk\/files\/2023\/10\/EKK-KT-hat_340-2018_X-16.pdf\">340. sz\u00e1m\u00fa Kari Tan\u00e1cs hat\u00e1rozat<\/a><\/li>\n<li><a href=\"https:\/\/semmelweis.hu\/ekk\/files\/2023\/10\/EKK-KT-hat_339-2018_X-16.pdf\">339. sz\u00e1m\u00fa Kari Tan\u00e1cs hat\u00e1rozat<\/a><\/li>\n<li><a href=\"https:\/\/semmelweis.hu\/ekk\/files\/2023\/10\/EKK-KT-hat_338-2018_X-16.pdf\">338. sz\u00e1m\u00fa Kari Tan\u00e1cs hat\u00e1rozat<\/a><\/li>\n<li><a href=\"https:\/\/semmelweis.hu\/ekk\/files\/2023\/10\/EKK-KT-hat_337-2018_X-16.pdf\">337. sz\u00e1m\u00fa Kari Tan\u00e1cs hat\u00e1rozat<\/a><\/li>\n<li><a href=\"https:\/\/semmelweis.hu\/ekk\/files\/2023\/10\/EKK-KT-hat_336-2018_X-16.pdf\">336. sz\u00e1m\u00fa Kari Tan\u00e1cs hat\u00e1rozat<\/a><\/li>\n<li><a href=\"https:\/\/semmelweis.hu\/ekk\/files\/2023\/10\/EKK-KT-hat_335-2018_X-16.pdf\">335. sz\u00e1m\u00fa Kari Tan\u00e1cs hat\u00e1rozat<\/a><\/li>\n<li><a href=\"https:\/\/semmelweis.hu\/ekk\/files\/2023\/10\/EKK-KT-hat_334-2018_X-16.pdf\">334. sz\u00e1m\u00fa Kari Tan\u00e1cs hat\u00e1rozat<\/a><\/li>\n<li><a href=\"https:\/\/semmelweis.hu\/ekk\/files\/2023\/10\/EKK-KT-hat_333-2018_X-16.pdf\">333. sz\u00e1m\u00fa Kari Tan\u00e1cs hat\u00e1rozat<\/a><\/li>\n<li><a href=\"https:\/\/semmelweis.hu\/ekk\/files\/2023\/10\/EKK-KT-hat_332-2018_X-16.pdf\">332. sz\u00e1m\u00fa Kari Tan\u00e1cs hat\u00e1rozat<\/a><\/li>\n<li><a href=\"https:\/\/semmelweis.hu\/ekk\/files\/2023\/10\/EKK-KT-hat_331-2018_X-16.pdf\">331. sz\u00e1m\u00fa Kari Tan\u00e1cs hat\u00e1rozat<\/a><\/li>\n<\/ul>\n<h5>2018. j\u00fanius 18.<\/h5>\n<ul>\n<li><a href=\"https:\/\/semmelweis.hu\/ekk\/files\/2023\/10\/EKK-KT-hat_330-2018_VI-18.pdf\">330. sz\u00e1m\u00fa Kari Tan\u00e1cs hat\u00e1rozat<\/a><\/li>\n<\/ul>\n<h5>2018. j\u00fanius 13.<\/h5>\n<ul>\n<li><a href=\"https:\/\/semmelweis.hu\/ekk\/files\/2023\/10\/EKK-KT-hat_329-2018_VI-13.pdf\">329. sz\u00e1m\u00fa Kari Tan\u00e1cs hat\u00e1rozat<\/a><\/li>\n<li><a href=\"https:\/\/semmelweis.hu\/ekk\/files\/2023\/10\/EKK-KT-hat_328_a-2018_VI-13.pdf\">328. a. sz\u00e1m\u00fa Kari Tan\u00e1cs hat\u00e1rozat<\/a><\/li>\n<li><a href=\"https:\/\/semmelweis.hu\/ekk\/files\/2023\/10\/EKK-KT-hat_328_b-2018_VI-13.pdf\">328. b. sz\u00e1m\u00fa Kari Tan\u00e1cs hat\u00e1rozat<\/a><\/li>\n<\/ul>\n<h5>2018. j\u00fanius 12.<\/h5>\n<ul>\n<li><a href=\"https:\/\/semmelweis.hu\/ekk\/files\/2023\/10\/EKK-KT-hat_327_a-2018_VI-12.pdf\">327. a. sz\u00e1m\u00fa Kari Tan\u00e1cs hat\u00e1rozat<\/a><\/li>\n<li><a href=\"https:\/\/semmelweis.hu\/ekk\/files\/2023\/10\/EKK-KT-hat_327_b-2018_VI-12.pdf\">327. b. sz\u00e1m\u00fa Kari Tan\u00e1cs hat\u00e1rozat<\/a><\/li>\n<li><a href=\"https:\/\/semmelweis.hu\/ekk\/files\/2023\/10\/EKK-KT-hat_326-2018_VI-12.pdf\">326. sz\u00e1m\u00fa Kari Tan\u00e1cs hat\u00e1rozat<\/a><\/li>\n<li><a href=\"https:\/\/semmelweis.hu\/ekk\/files\/2023\/10\/EKK-KT-hat_325-2018_VI-12.pdf\">325. sz\u00e1m\u00fa Kari Tan\u00e1cs hat\u00e1rozat<\/a><\/li>\n<li><a href=\"https:\/\/semmelweis.hu\/ekk\/files\/2023\/10\/EKK-KT-hat_324-2018_VI-12.pdf\">324. sz\u00e1m\u00fa Kari Tan\u00e1cs hat\u00e1rozat<\/a><\/li>\n<li><a href=\"https:\/\/semmelweis.hu\/ekk\/files\/2023\/10\/EKK-KT-hat_323-2018_VI-12.pdf\">323. sz\u00e1m\u00fa Kari Tan\u00e1cs hat\u00e1rozat<\/a><\/li>\n<li><a href=\"https:\/\/semmelweis.hu\/ekk\/files\/2023\/10\/EKK-KT-hat_322-2018_VI-12.pdf\">322. sz\u00e1m\u00fa Kari Tan\u00e1cs hat\u00e1rozat<\/a><\/li>\n<\/ul>\n<h5>2018. j\u00fanius 5.<\/h5>\n<ul>\n<li><a href=\"https:\/\/semmelweis.hu\/ekk\/files\/2023\/10\/EKK-KT-hat_321-2018_VI-05.pdf\">321. sz\u00e1m\u00fa Kari Tan\u00e1cs hat\u00e1rozat<\/a><\/li>\n<li><a href=\"https:\/\/semmelweis.hu\/ekk\/files\/2023\/10\/EKK-KT-hat_320-2018_VI-05.pdf\">320. sz\u00e1m\u00fa Kari Tan\u00e1cs hat\u00e1rozat<\/a><\/li>\n<li><a href=\"https:\/\/semmelweis.hu\/ekk\/files\/2023\/10\/EKK-KT-hat_319-2018_VI-05.pdf\">319. sz\u00e1m\u00fa Kari Tan\u00e1cs hat\u00e1rozat<\/a><\/li>\n<li><a href=\"https:\/\/semmelweis.hu\/ekk\/files\/2023\/10\/EKK-KT-hat_318-2018_VI-05.pdf\">318. sz\u00e1m\u00fa Kari Tan\u00e1cs hat\u00e1rozat<\/a><\/li>\n<li><a href=\"https:\/\/semmelweis.hu\/ekk\/files\/2023\/10\/EKK-KT-hat_317-2018_VI-05.pdf\">317. sz\u00e1m\u00fa Kari Tan\u00e1cs hat\u00e1rozat<\/a><\/li>\n<li><a href=\"https:\/\/semmelweis.hu\/ekk\/files\/2023\/10\/EKK-KT-hat_316-2018_VI-05.pdf\">316. sz\u00e1m\u00fa Kari Tan\u00e1cs hat\u00e1rozat<\/a><\/li>\n<li><a href=\"https:\/\/semmelweis.hu\/ekk\/files\/2023\/10\/EKK-KT-hat_315-2018_VI-05.pdf\">315. sz\u00e1m\u00fa Kari Tan\u00e1cs hat\u00e1rozat<\/a><\/li>\n<li><a href=\"https:\/\/semmelweis.hu\/ekk\/files\/2023\/10\/EKK-KT-hat_314-2018_VI-05.pdf\">314. sz\u00e1m\u00fa Kari Tan\u00e1cs hat\u00e1rozat<\/a><\/li>\n<li><a href=\"https:\/\/semmelweis.hu\/ekk\/files\/2023\/10\/EKK-KT-hat_313-2018_VI-05.pdf\">313. sz\u00e1m\u00fa Kari Tan\u00e1cs hat\u00e1rozat<\/a><\/li>\n<li><a href=\"https:\/\/semmelweis.hu\/ekk\/files\/2023\/10\/EKK-KT-hat_312-2018_VI-05.pdf\">312. sz\u00e1m\u00fa Kari Tan\u00e1cs hat\u00e1rozat<\/a><\/li>\n<li><a href=\"https:\/\/semmelweis.hu\/ekk\/files\/2023\/10\/EKK-KT-hat_311-2018_VI-05.pdf\">311. sz\u00e1m\u00fa Kari Tan\u00e1cs hat\u00e1rozat<\/a><\/li>\n<\/ul>\n<h5>2018. m\u00e1jus 11.<\/h5>\n<ul>\n<li><a href=\"https:\/\/semmelweis.hu\/ekk\/files\/2023\/10\/EKK-KT-hat_310_a-2018_V-11.pdf\">310. a. sz\u00e1m\u00fa Kari Tan\u00e1cs hat\u00e1rozat<\/a><\/li>\n<li><a href=\"https:\/\/semmelweis.hu\/ekk\/files\/2023\/10\/EKK-KT-hat_310_b-2018_V-11.pdf\">310. b. sz\u00e1m\u00fa Kari Tan\u00e1cs hat\u00e1rozat<\/a><\/li>\n<\/ul>\n<h5>2018. febru\u00e1r 15.<\/h5>\n<ul>\n<li><a href=\"https:\/\/semmelweis.hu\/ekk\/files\/2023\/10\/EKK-KT-hat_309-2018_II-15.pdf\">309. sz\u00e1m\u00fa Kari Tan\u00e1cs hat\u00e1rozat<\/a><\/li>\n<li><a href=\"https:\/\/semmelweis.hu\/ekk\/files\/2023\/10\/EKK-KT-hat_308-2018_II-15.pdf\">308. sz\u00e1m\u00fa Kari Tan\u00e1cs hat\u00e1rozat<\/a><\/li>\n<li><a href=\"https:\/\/semmelweis.hu\/ekk\/files\/2023\/10\/EKK-KT-hat_307-2018_II_15.pdf\">307. sz\u00e1m\u00fa Kari Tan\u00e1cs hat\u00e1rozat<\/a><\/li>\n<\/ul>\n<h5>2018. janu\u00e1r 31.<\/h5>\n<ul>\n<li><a href=\"https:\/\/semmelweis.hu\/ekk\/files\/2023\/11\/EKK-KT-hat_306_b-2018_I_31.pdfhttps:\/\/semmelweis.hu\/ekk\/files\/2023\/11\/EKK-KT-hat_306_a-2018_I_31.pdf\">306. a. sz\u00e1m\u00fa Kari Tan\u00e1cs hat\u00e1rozat<\/a><\/li>\n<li><a href=\"https:\/\/semmelweis.hu\/ekk\/files\/2023\/11\/EKK-KT-hat_306_b-2018_I_31.pdf\">306. b. sz\u00e1m\u00fa Kari Tan\u00e1cs hat\u00e1rozat<\/a><\/li>\n<li><a href=\"https:\/\/semmelweis.hu\/ekk\/files\/2023\/10\/EKK-KT-hat_305-2018-I-31.pdf\">305. sz\u00e1m\u00fa Kari Tan\u00e1cs hat\u00e1rozat<\/a><\/li>\n<li><a href=\"https:\/\/semmelweis.hu\/ekk\/files\/2023\/10\/EKK-KT-hat_304-2018-I-31.pdf\">304. sz\u00e1m\u00fa Kari Tan\u00e1cs hat\u00e1rozat<\/a><\/li>\n<li><a href=\"https:\/\/semmelweis.hu\/ekk\/files\/2023\/10\/EKK-KT-hat_303-2018-I-31.pdf\">303. sz\u00e1m\u00fa Kari Tan\u00e1cs hat\u00e1rozat<\/a><\/li>\n<\/ul>\n","protected":false},"excerpt":{"rendered":"<p>2018. december 11. <a href=\"https:\/\/semmelweis.hu\/ekk\/files\/2023\/10\/EKK-KT-hat_343-2018_XII-11.pdf\">343. sz\u00e1m\u00fa Kari Tan\u00e1cs hat\u00e1rozat<\/a> <a href=\"https:\/\/semmelweis.hu\/ekk\/files\/2023\/10\/EKK-KT-hat_342-2018_XII-11.pdf\">342. sz\u00e1m\u00fa Kari Tan\u00e1cs hat\u00e1rozat<\/a> <a href=\"https:\/\/semmelweis.hu\/ekk\/files\/2023\/10\/EKK-KT-hat_341-2018_XII-11-1.pdf\">341. sz\u00e1m\u00fa Kari Tan\u00e1cs hat\u00e1rozat<\/a> 2018. okt\u00f3ber 16. <a href=\"https:\/\/semmelweis.hu\/ekk\/files\/2023\/10\/EKK-KT-hat_340-2018_X-16.pdf\">340. sz\u00e1m\u00fa Kari Tan\u00e1cs hat\u00e1rozat<\/a> <a href=\"https:\/\/semmelweis.hu\/ekk\/files\/2023\/10\/EKK-KT-hat_339-2018_X-16.pdf\">339. sz\u00e1m\u00fa Kari Tan\u00e1cs hat\u00e1rozat<\/a> <a href=\"https:\/\/semmelweis.hu\/ekk\/files\/2023\/10\/EKK-KT-hat_338-2018_X-16.pdf\">338. sz\u00e1m\u00fa Kari Tan\u00e1cs hat\u00e1rozat<\/a> <a href=\"https:\/\/semmelweis.hu\/ekk\/files\/2023\/10\/EKK-KT-hat_337-2018_X-16.pdf\">337. sz\u00e1m\u00fa Kari Tan\u00e1cs hat\u00e1rozat<\/a> <a href=\"https:\/\/semmelweis.hu\/ekk\/files\/2023\/10\/EKK-KT-hat_336-2018_X-16.pdf\">336. sz\u00e1m\u00fa Kari Tan\u00e1cs hat\u00e1rozat<\/a> <a href=\"https:\/\/semmelweis.hu\/ekk\/files\/2023\/10\/EKK-KT-hat_335-2018_X-16.pdf\">335. sz\u00e1m\u00fa Kari Tan\u00e1cs hat\u00e1rozat<\/a> <a href=\"https:\/\/semmelweis.hu\/ekk\/files\/2023\/10\/EKK-KT-hat_334-2018_X-16.pdf\">334. sz\u00e1m\u00fa Kari Tan\u00e1cs hat\u00e1rozat<\/a> <a href=\"https:\/\/semmelweis.hu\/ekk\/files\/2023\/10\/EKK-KT-hat_333-2018_X-16.pdf\">333. sz\u00e1m\u00fa Kari Tan\u00e1cs hat\u00e1rozat<\/a> <a href=\"https:\/\/semmelweis.hu\/ekk\/files\/2023\/10\/EKK-KT-hat_332-2018_X-16.pdf\">332. sz\u00e1m\u00fa Kari Tan\u00e1cs hat\u00e1rozat<\/a> <a href=\"https:\/\/semmelweis.hu\/ekk\/files\/2023\/10\/EKK-KT-hat_331-2018_X-16.pdf\">331. sz\u00e1m\u00fa Kari Tan\u00e1cs hat\u00e1rozat<\/a> 2018. j\u00fanius 18. <a href=\"https:\/\/semmelweis.hu\/ekk\/files\/2023\/10\/EKK-KT-hat_330-2018_VI-18.pdf\">330. sz\u00e1m\u00fa Kari Tan\u00e1cs hat\u00e1rozat<\/a> 2018. j\u00fanius 13. <a href=\"https:\/\/semmelweis.hu\/ekk\/files\/2023\/10\/EKK-KT-hat_329-2018_VI-13.pdf\">329. sz\u00e1m\u00fa Kari Tan\u00e1cs hat\u00e1rozat<\/a> <a href=\"https:\/\/semmelweis.hu\/ekk\/files\/2023\/10\/EKK-KT-hat_328_a-2018_VI-13.pdf\">328. a. sz\u00e1m\u00fa Kari Tan\u00e1cs hat\u00e1rozat<\/a> <a href=\"https:\/\/semmelweis.hu\/ekk\/files\/2023\/10\/EKK-KT-hat_328_b-2018_VI-13.pdf\">328. b. sz\u00e1m\u00fa Kari Tan\u00e1cs hat\u00e1rozat<\/a> 2018. j\u00fanius 12. <a href=\"https:\/\/semmelweis.hu\/ekk\/files\/2023\/10\/EKK-KT-hat_327_a-2018_VI-12.pdf\">327. a. sz\u00e1m\u00fa Kari Tan\u00e1cs hat\u00e1rozat<\/a> <a href=\"https:\/\/semmelweis.hu\/ekk\/files\/2023\/10\/EKK-KT-hat_327_b-2018_VI-12.pdf\">327. b. sz\u00e1m\u00fa Kari Tan\u00e1cs hat\u00e1rozat<\/a> <a href=\"https:\/\/semmelweis.hu\/ekk\/files\/2023\/10\/EKK-KT-hat_326-2018_VI-12.pdf\">326. sz\u00e1m\u00fa Kari Tan\u00e1cs hat\u00e1rozat<\/a> <a href=\"https:\/\/semmelweis.hu\/ekk\/files\/2023\/10\/EKK-KT-hat_325-2018_VI-12.pdf\">325. sz\u00e1m\u00fa Kari Tan\u00e1cs hat\u00e1rozat<\/a> <a href=\"https:\/\/semmelweis.hu\/ekk\/files\/2023\/10\/EKK-KT-hat_324-2018_VI-12.pdf\">324. sz\u00e1m\u00fa Kari Tan\u00e1cs hat\u00e1rozat<\/a> <a href=\"https:\/\/semmelweis.hu\/ekk\/files\/2023\/10\/EKK-KT-hat_323-2018_VI-12.pdf\">323. sz\u00e1m\u00fa Kari Tan\u00e1cs hat\u00e1rozat<\/a> <a href=\"https:\/\/semmelweis.hu\/ekk\/files\/2023\/10\/EKK-KT-hat_322-2018_VI-12.pdf\">322. sz\u00e1m\u00fa Kari Tan\u00e1cs hat\u00e1rozat<\/a> 2018. j\u00fanius 5. <a href=\"https:\/\/semmelweis.hu\/ekk\/files\/2023\/10\/EKK-KT-hat_321-2018_VI-05.pdf\">321. sz\u00e1m\u00fa Kari Tan\u00e1cs hat\u00e1rozat<\/a> <a href=\"https:\/\/semmelweis.hu\/ekk\/files\/2023\/10\/EKK-KT-hat_320-2018_VI-05.pdf\">320. sz\u00e1m\u00fa Kari Tan\u00e1cs hat\u00e1rozat<\/a> <a href=\"https:\/\/semmelweis.hu\/ekk\/files\/2023\/10\/EKK-KT-hat_319-2018_VI-05.pdf\">319. sz\u00e1m\u00fa Kari Tan\u00e1cs hat\u00e1rozat<\/a> <a href=\"https:\/\/semmelweis.hu\/ekk\/files\/2023\/10\/EKK-KT-hat_318-2018_VI-05.pdf\">318. sz\u00e1m\u00fa Kari Tan\u00e1cs hat\u00e1rozat<\/a> <a href=\"https:\/\/semmelweis.hu\/ekk\/files\/2023\/10\/EKK-KT-hat_317-2018_VI-05.pdf\">317. sz\u00e1m\u00fa Kari Tan\u00e1cs hat\u00e1rozat<\/a> <a href=\"https:\/\/semmelweis.hu\/ekk\/files\/2023\/10\/EKK-KT-hat_316-2018_VI-05.pdf\">316. sz\u00e1m\u00fa Kari Tan\u00e1cs hat\u00e1rozat<\/a> <a href=\"https:\/\/semmelweis.hu\/ekk\/files\/2023\/10\/EKK-KT-hat_315-2018_VI-05.pdf\">315. sz\u00e1m\u00fa Kari Tan\u00e1cs hat\u00e1rozat<\/a> <a href=\"https:\/\/semmelweis.hu\/ekk\/files\/2023\/10\/EKK-KT-hat_314-2018_VI-05.pdf\">314. sz\u00e1m\u00fa Kari Tan\u00e1cs hat\u00e1rozat<\/a> <a href=\"https:\/\/semmelweis.hu\/ekk\/files\/2023\/10\/EKK-KT-hat_313-2018_VI-05.pdf\">313. sz\u00e1m\u00fa Kari Tan\u00e1cs hat\u00e1rozat<\/a> <a href=\"https:\/\/semmelweis.hu\/ekk\/files\/2023\/10\/EKK-KT-hat_312-2018_VI-05.pdf\">312. sz\u00e1m\u00fa Kari Tan\u00e1cs hat\u00e1rozat<\/a> <a href=\"https:\/\/semmelweis.hu\/ekk\/files\/2023\/10\/EKK-KT-hat_311-2018_VI-05.pdf\">311. sz\u00e1m\u00fa Kari Tan\u00e1cs hat\u00e1rozat<\/a> 2018. m\u00e1jus 11. <a href=\"https:\/\/semmelweis.hu\/ekk\/files\/2023\/10\/EKK-KT-hat_310_a-2018_V-11.pdf\">310. a. sz\u00e1m\u00fa Kari Tan\u00e1cs hat\u00e1rozat<\/a> <a href=\"https:\/\/semmelweis.hu\/ekk\/files\/2023\/10\/EKK-KT-hat_310_b-2018_V-11.pdf\">310. b. sz\u00e1m\u00fa Kari Tan\u00e1cs hat\u00e1rozat<\/a> 2018. febru\u00e1r 15. <a href=\"https:\/\/semmelweis.hu\/ekk\/files\/2023\/10\/EKK-KT-hat_309-2018_II-15.pdf\">309. sz\u00e1m\u00fa Kari Tan\u00e1cs hat\u00e1rozat<\/a> <a href=\"https:\/\/semmelweis.hu\/ekk\/files\/2023\/10\/EKK-KT-hat_308-2018_II-15.pdf\">308. sz\u00e1m\u00fa Kari Tan\u00e1cs hat\u00e1rozat<\/a> <a href=\"https:\/\/semmelweis.hu\/ekk\/files\/2023\/10\/EKK-KT-hat_307-2018_II_15.pdf\">307. sz\u00e1m\u00fa Kari Tan\u00e1cs hat\u00e1rozat<\/a> 2018. janu\u00e1r 31. <a href=\"https:\/\/semmelweis.hu\/ekk\/files\/2023\/11\/EKK-KT-hat_306_b-2018_I_31.pdfhttps:\/\/semmelweis.hu\/ekk\/files\/2023\/11\/EKK-KT-hat_306_a-2018_I_31.pdf\">306. a. sz\u00e1m\u00fa Kari Tan\u00e1cs hat\u00e1rozat<\/a> <a href=\"https:\/\/semmelweis.hu\/ekk\/files\/2023\/11\/EKK-KT-hat_306_b-2018_I_31.pdf\">306. b. sz\u00e1m\u00fa Kari Tan\u00e1cs hat\u00e1rozat<\/a> <a href=\"https:\/\/semmelweis.hu\/ekk\/files\/2023\/10\/EKK-KT-hat_305-2018-I-31.pdf\">305. sz\u00e1m\u00fa Kari Tan\u00e1cs hat\u00e1rozat<\/a> <a href=\"https:\/\/semmelweis.hu\/ekk\/files\/2023\/10\/EKK-KT-hat_304-2018-I-31.pdf\">304. sz\u00e1m\u00fa Kari Tan\u00e1cs hat\u00e1rozat<\/a> &hellip;<\/p>\n","protected":false},"author":101539,"featured_media":0,"parent":3275,"menu_order":8,"comment_status":"closed","ping_status":"closed","template":"","meta":{"_acf_changed":false,"footnotes":""},"categories":[],"tags":[],"class_list":["post-5106","page","type-page","status-publish","hentry"],"acf":[],"_links":{"self":[{"href":"https:\/\/semmelweis.hu\/ekk\/wp-json\/wp\/v2\/pages\/5106","targetHints":{"allow":["GET"]}}],"collection":[{"href":"https:\/\/semmelweis.hu\/ekk\/wp-json\/wp\/v2\/pages"}],"about":[{"href":"https:\/\/semmelweis.hu\/ekk\/wp-json\/wp\/v2\/types\/page"}],"author":[{"embeddable":true,"href":"https:\/\/semmelweis.hu\/ekk\/wp-json\/wp\/v2\/users\/101539"}],"replies":[{"embeddable":true,"href":"https:\/\/semmelweis.hu\/ekk\/wp-json\/wp\/v2\/comments?post=5106"}],"version-history":[{"count":8,"href":"https:\/\/semmelweis.hu\/ekk\/wp-json\/wp\/v2\/pages\/5106\/revisions"}],"predecessor-version":[{"id":5304,"href":"https:\/\/semmelweis.hu\/ekk\/wp-json\/wp\/v2\/pages\/5106\/revisions\/5304"}],"up":[{"embeddable":true,"href":"https:\/\/semmelweis.hu\/ekk\/wp-json\/wp\/v2\/pages\/3275"}],"wp:attachment":[{"href":"https:\/\/semmelweis.hu\/ekk\/wp-json\/wp\/v2\/media?parent=5106"}],"wp:term":[{"taxonomy":"category","embeddable":true,"href":"https:\/\/semmelweis.hu\/ekk\/wp-json\/wp\/v2\/categories?post=5106"},{"taxonomy":"post_tag","embeddable":true,"href":"https:\/\/semmelweis.hu\/ekk\/wp-json\/wp\/v2\/tags?post=5106"}],"curies":[{"name":"wp","href":"https:\/\/api.w.org\/{rel}","templated":true}]}}