{"id":4832,"date":"2023-09-22T13:01:13","date_gmt":"2023-09-22T11:01:13","guid":{"rendered":"https:\/\/semmelweis.hu\/ekk\/?page_id=4832"},"modified":"2026-01-08T14:01:23","modified_gmt":"2026-01-08T13:01:23","slug":"2020-evi-kari-tanacs-hatarozatok","status":"publish","type":"page","link":"https:\/\/semmelweis.hu\/ekk\/a-karrol\/kari-tanacs\/kari-tanacs-hatarozatok\/2020-evi-kari-tanacs-hatarozatok\/","title":{"rendered":"2020. \u00e9vi Kari Tan\u00e1cs hat\u00e1rozatok"},"content":{"rendered":"<h5>2020. december 9.<\/h5>\n<ul>\n<li><a href=\"https:\/\/semmelweis.hu\/ekk\/files\/2023\/10\/EKK-KT-hat_428-2020_XII_09.pdf\">428. sz\u00e1m\u00fa Kari Tan\u00e1cs hat\u00e1rozat<\/a><\/li>\n<\/ul>\n<h5>2020. november 18.<\/h5>\n<ul>\n<li><a href=\"https:\/\/semmelweis.hu\/ekk\/files\/2023\/10\/EKK-KT-hat_427-2020_XI_18.pdf\">427. sz\u00e1m\u00fa Kari Tan\u00e1cs hat\u00e1rozat<\/a><\/li>\n<li><a href=\"https:\/\/semmelweis.hu\/ekk\/files\/2023\/10\/EKK-KT-hat_426-2020_XI_18.pdf\">426. sz\u00e1m\u00fa Kari Tan\u00e1cs hat\u00e1rozat<\/a><\/li>\n<\/ul>\n<h5>2020. szeptember 23.<\/h5>\n<ul>\n<li><a href=\"https:\/\/semmelweis.hu\/ekk\/files\/2023\/10\/EKK-KT-hat_425-2020_IX_23.pdf\">425. sz\u00e1m\u00fa Kari Tan\u00e1cs hat\u00e1rozat<\/a><\/li>\n<\/ul>\n<h5>2020. szeptember 16.<\/h5>\n<ul>\n<li><a href=\"https:\/\/semmelweis.hu\/ekk\/files\/2023\/10\/EKK-KT-hat_424-2020_IX_16.pdf\">424. sz\u00e1m\u00fa Kari Tan\u00e1cs hat\u00e1rozat<\/a><\/li>\n<li><a href=\"https:\/\/semmelweis.hu\/ekk\/files\/2023\/10\/EKK-KT-hat_423-2020_IX_16.pdf\">423. sz\u00e1m\u00fa Kari Tan\u00e1cs hat\u00e1rozat<\/a><\/li>\n<li><a href=\"https:\/\/semmelweis.hu\/ekk\/files\/2023\/10\/EKK-KT-hat_422-2020_IX_16.pdf\">422. sz\u00e1m\u00fa Kari Tan\u00e1cs hat\u00e1rozat<\/a><\/li>\n<li><a href=\"https:\/\/semmelweis.hu\/ekk\/files\/2023\/10\/EKK-KT-hat_421-2020_IX_16.pdf\">421. sz\u00e1m\u00fa Kari Tan\u00e1cs hat\u00e1rozat<\/a><\/li>\n<\/ul>\n<h5>2020. szeptember 12.<\/h5>\n<ul>\n<li><a href=\"https:\/\/semmelweis.hu\/ekk\/files\/2023\/10\/EKK-KT-hat_420-2020_IX_12.pdf\">420. sz\u00e1m\u00fa Kari Tan\u00e1cs hat\u00e1rozat<\/a><\/li>\n<\/ul>\n<h5>2020. j\u00falius 28.<\/h5>\n<ul>\n<li><a href=\"https:\/\/semmelweis.hu\/ekk\/files\/2023\/10\/EKK-KT-hat_419-2020_VII_28.pdf\">419. sz\u00e1m\u00fa Kari Tan\u00e1cs hat\u00e1rozat<\/a><\/li>\n<\/ul>\n<h5>2020. j\u00falius 22.<\/h5>\n<ul>\n<li><a href=\"https:\/\/semmelweis.hu\/ekk\/files\/2023\/10\/EKK-KT-hat_418-2020_VII_22.pdf\">418. sz\u00e1m\u00fa Kari Tan\u00e1cs hat\u00e1rozat<\/a><\/li>\n<li><a href=\"https:\/\/semmelweis.hu\/ekk\/files\/2023\/10\/EKK-KT-hat_417-2020_VII_22.pdf\">417. sz\u00e1m\u00fa Kari Tan\u00e1cs hat\u00e1rozat<\/a><\/li>\n<li><a href=\"https:\/\/semmelweis.hu\/ekk\/files\/2023\/10\/EKK-KT-hat_416-2020_VII_22.pdf\">416. sz\u00e1m\u00fa Kari Tan\u00e1cs hat\u00e1rozat<\/a><\/li>\n<li><a href=\"https:\/\/semmelweis.hu\/ekk\/files\/2023\/10\/EKK-KT-hat_415-2020_VII_22.pdf\">415. sz\u00e1m\u00fa Kari Tan\u00e1cs hat\u00e1rozat<\/a><\/li>\n<\/ul>\n<h5>2020. j\u00fanius 26.<\/h5>\n<ul>\n<li><a href=\"https:\/\/semmelweis.hu\/ekk\/files\/2023\/10\/EKK-KT-hat_414-2020_VI_26.pdf\">414. sz\u00e1m\u00fa Kari Tan\u00e1cs hat\u00e1rozat<\/a><\/li>\n<\/ul>\n<h5>2020. j\u00fanius 23.<\/h5>\n<ul>\n<li><a href=\"https:\/\/semmelweis.hu\/ekk\/files\/2023\/10\/EKK-KT-hat_413-2020_VI_23.pdf\">413. sz\u00e1m\u00fa Kari Tan\u00e1cs hat\u00e1rozat<\/a><\/li>\n<\/ul>\n<h5>2020. j\u00fanius 21.<\/h5>\n<ul>\n<li><a href=\"https:\/\/semmelweis.hu\/ekk\/files\/2023\/10\/EKK-KT-hat_412-2020_VI_21.pdf\">412. sz\u00e1m\u00fa Kari Tan\u00e1cs hat\u00e1rozat<\/a><\/li>\n<\/ul>\n<h5>2020. j\u00fanius 17.<\/h5>\n<ul>\n<li><a href=\"https:\/\/semmelweis.hu\/ekk\/files\/2023\/10\/EKK-KT-hat_411-2020_VI_17.pdf\">411. sz\u00e1m\u00fa Kari Tan\u00e1cs hat\u00e1rozat<\/a><\/li>\n<li><a href=\"https:\/\/semmelweis.hu\/ekk\/files\/2023\/10\/EKK-KT-hat_410-2020_VI_17.pdf\">410. sz\u00e1m\u00fa Kari Tan\u00e1cs hat\u00e1rozat<\/a><\/li>\n<li><a href=\"https:\/\/semmelweis.hu\/ekk\/files\/2023\/10\/EKK-KT-hat_409-2020_VI_17.pdf\">409. sz\u00e1m\u00fa Kari Tan\u00e1cs hat\u00e1rozat<\/a><\/li>\n<li><a href=\"https:\/\/semmelweis.hu\/ekk\/files\/2023\/10\/EKK-KT-hat_408-2020_VI_17-1.pdf\">408. sz\u00e1m\u00fa Kari Tan\u00e1cs hat\u00e1rozat<\/a><\/li>\n<li><a href=\"https:\/\/semmelweis.hu\/ekk\/files\/2023\/10\/EKK-KT-hat_407-2020_VI_17-1.pdf\">407. sz\u00e1m\u00fa Kari Tan\u00e1cs hat\u00e1rozat<\/a><\/li>\n<li><a href=\"https:\/\/semmelweis.hu\/ekk\/files\/2023\/10\/EKK-KT-hat_406-2020_VI_17-1.pdf\">406. sz\u00e1m\u00fa Kari Tan\u00e1cs hat\u00e1rozat<\/a><\/li>\n<li><a href=\"https:\/\/semmelweis.hu\/ekk\/files\/2023\/10\/EKK-KT-hat_405-2020_VI_17-1.pdf\">405. sz\u00e1m\u00fa Kari Tan\u00e1cs hat\u00e1rozat<\/a><\/li>\n<\/ul>\n<h5>2020. j\u00fanius 16.<\/h5>\n<ul>\n<li><a href=\"https:\/\/semmelweis.hu\/ekk\/files\/2023\/10\/EKK-KT-hat_404_a-2020_VI_16-1.pdf\">404. a. sz\u00e1m\u00fa Kari Tan\u00e1cs hat\u00e1rozat<\/a><\/li>\n<li><a href=\"https:\/\/semmelweis.hu\/ekk\/files\/2023\/10\/EKK-KT-hat_404-b_2020_VI_16-1.pdf\">404. b. sz\u00e1m\u00fa Kari Tan\u00e1cs hat\u00e1rozat<\/a><\/li>\n<li><a href=\"https:\/\/semmelweis.hu\/ekk\/files\/2023\/10\/EKK-KT-hat_403-2020_VI_16-1.pdf\">403. sz\u00e1m\u00fa Kari Tan\u00e1cs hat\u00e1rozat<\/a><\/li>\n<li><a href=\"https:\/\/semmelweis.hu\/ekk\/files\/2023\/10\/EKK-KT-hat_402-2020_VI_16-1.pdf\">402. sz\u00e1m\u00fa Kari Tan\u00e1cs hat\u00e1rozat<\/a><\/li>\n<\/ul>\n<h5>2020. m\u00e1jus 26.<\/h5>\n<ul>\n<li><a href=\"https:\/\/semmelweis.hu\/ekk\/files\/2023\/10\/EKK-KT-hat_401-2020_V_26-1.pdf\">401. sz\u00e1m\u00fa Kari Tan\u00e1cs hat\u00e1rozat<\/a><\/li>\n<li><a href=\"https:\/\/semmelweis.hu\/ekk\/files\/2023\/10\/EKK-KT-hat_400-2020_V-26.pdf\">400. sz\u00e1m\u00fa Kari Tan\u00e1cs hat\u00e1rozat<\/a><\/li>\n<\/ul>\n<h5>2020. m\u00e1jus 7.<\/h5>\n<ul>\n<li><a href=\"https:\/\/semmelweis.hu\/ekk\/files\/2023\/10\/EKK-KT-hat_399-2020_V-07.pdf\">399. sz\u00e1m\u00fa Kari Tan\u00e1cs hat\u00e1rozat<\/a><\/li>\n<\/ul>\n<h5>2020. m\u00e1rcius 16.<\/h5>\n<ul>\n<li><a href=\"https:\/\/semmelweis.hu\/ekk\/files\/2023\/10\/EKK-KT-hat_398-2020_III-16.pdf\">398. sz\u00e1m\u00fa Kari Tan\u00e1cs hat\u00e1rozat<\/a><\/li>\n<\/ul>\n<h5>2020. febru\u00e1r 27.<\/h5>\n<ul>\n<li><a href=\"https:\/\/semmelweis.hu\/ekk\/files\/2023\/10\/EKK-KT-hat_397-2020_II_27.pdf\">397. sz\u00e1m\u00fa Kari Tan\u00e1cs hat\u00e1rozat<\/a><\/li>\n<\/ul>\n<h5>2020. febru\u00e1r 20.<\/h5>\n<ul>\n<li><a href=\"https:\/\/semmelweis.hu\/ekk\/files\/2023\/10\/EKK-KT-hat_396-2020_II_20.pdf\">396. sz\u00e1m\u00fa Kari Tan\u00e1cs hat\u00e1rozat<\/a><\/li>\n<\/ul>\n<h5>2020. janu\u00e1r 31.<\/h5>\n<ul>\n<li><a href=\"https:\/\/semmelweis.hu\/ekk\/files\/2023\/10\/EKK-KT-hat_395_a-2020_I-31.pdf\">395. a. sz\u00e1m\u00fa Kari Tan\u00e1cs hat\u00e1rozat<\/a><\/li>\n<li><a href=\"https:\/\/semmelweis.hu\/ekk\/files\/2023\/10\/EKK-KT-hat_395_b-2020_I-31.pdf\">395. b. sz\u00e1m\u00fa Kari Tan\u00e1cs hat\u00e1rozat<\/a><\/li>\n<\/ul>\n<h5>2020. janu\u00e1r 29.<\/h5>\n<ul>\n<li><a href=\"https:\/\/semmelweis.hu\/ekk\/files\/2023\/10\/EKK-KT-hat_394-2020_I-29.pdf\">394. sz\u00e1m\u00fa Kari Tan\u00e1cs hat\u00e1rozat<\/a><\/li>\n<\/ul>\n<h5>2020. janu\u00e1r 27.<\/h5>\n<ul>\n<li><a href=\"https:\/\/semmelweis.hu\/ekk\/files\/2023\/10\/EKK-KT-hat_393-2020_I-27.pdf\">393. sz\u00e1m\u00fa Kari Tan\u00e1cs hat\u00e1rozat<\/a><\/li>\n<li><a href=\"https:\/\/semmelweis.hu\/ekk\/files\/2023\/10\/EKK-KT-hat_392-2020_I-27.pdf\">392. sz\u00e1m\u00fa Kari Tan\u00e1cs hat\u00e1rozat<\/a><\/li>\n<li><a href=\"https:\/\/semmelweis.hu\/ekk\/files\/2023\/10\/EKK-KT-hat_391-2020_I-27.pdf\">391. sz\u00e1m\u00fa Kari Tan\u00e1cs hat\u00e1rozat<\/a><\/li>\n<li><a href=\"https:\/\/semmelweis.hu\/ekk\/files\/2023\/10\/EKK-KT-hat_391-2020_I-27.pdf\">390. sz\u00e1m\u00fa Kari Tan\u00e1cs hat\u00e1rozat<\/a><\/li>\n<li><a href=\"https:\/\/semmelweis.hu\/ekk\/files\/2023\/10\/EKK-KT-hat_389-2020_I-27.pdf\">389. sz\u00e1m\u00fa Kari Tan\u00e1cs hat\u00e1rozat<\/a><\/li>\n<li><a href=\"https:\/\/semmelweis.hu\/ekk\/files\/2023\/10\/EKK-KT-hat_388-2020_I-27.pdf\">388. sz\u00e1m\u00fa Kari Tan\u00e1cs hat\u00e1rozat<\/a><\/li>\n<li><a href=\"https:\/\/semmelweis.hu\/ekk\/files\/2023\/10\/EKK-KT-hat_387-2020_I-27.pdf\">387. sz\u00e1m\u00fa Kari Tan\u00e1cs hat\u00e1rozat<\/a><\/li>\n<li><a href=\"https:\/\/semmelweis.hu\/ekk\/files\/2023\/10\/EKK-KT-hat_386-2020_I-27.pdf\">386. sz\u00e1m\u00fa Kari Tan\u00e1cs hat\u00e1rozat<\/a><\/li>\n<li><a href=\"https:\/\/semmelweis.hu\/ekk\/files\/2023\/10\/EKK-KT-hat_385-2020_I-27.pdf\">385. sz\u00e1m\u00fa Kari Tan\u00e1cs hat\u00e1rozat<\/a><\/li>\n<li><a href=\"https:\/\/semmelweis.hu\/ekk\/files\/2023\/10\/EKK-KT-hat_384-2020_I-27.pdf\">384. sz\u00e1m\u00fa Kari Tan\u00e1cs hat\u00e1rozat<\/a><\/li>\n<li><a href=\"https:\/\/semmelweis.hu\/ekk\/files\/2023\/10\/EKK-KT-hat_383-2020_I-27.pdf\">383. sz\u00e1m\u00fa Kari Tan\u00e1cs hat\u00e1rozat<\/a><\/li>\n<li><a href=\"https:\/\/semmelweis.hu\/ekk\/files\/2023\/10\/EKK-KT-hat_382-2020_I-27.pdf\">382. sz\u00e1m\u00fa Kari Tan\u00e1cs hat\u00e1rozat<\/a><\/li>\n<li><a href=\"https:\/\/semmelweis.hu\/ekk\/files\/2023\/10\/EKK-KT-hat_381-2020_I-27.pdf\">381. sz\u00e1m\u00fa Kari Tan\u00e1cs hat\u00e1rozat<\/a><\/li>\n<li><a href=\"https:\/\/semmelweis.hu\/ekk\/files\/2023\/10\/EKK-KT-hat_380-2020_I-27.pdf\">380. sz\u00e1m\u00fa Kari Tan\u00e1cs hat\u00e1rozat<\/a><\/li>\n<\/ul>\n","protected":false},"excerpt":{"rendered":"<p>2020. december 9. <a href=\"https:\/\/semmelweis.hu\/ekk\/files\/2023\/10\/EKK-KT-hat_428-2020_XII_09.pdf\">428. sz\u00e1m\u00fa Kari Tan\u00e1cs hat\u00e1rozat<\/a> 2020. november 18. <a href=\"https:\/\/semmelweis.hu\/ekk\/files\/2023\/10\/EKK-KT-hat_427-2020_XI_18.pdf\">427. sz\u00e1m\u00fa Kari Tan\u00e1cs hat\u00e1rozat<\/a> <a href=\"https:\/\/semmelweis.hu\/ekk\/files\/2023\/10\/EKK-KT-hat_426-2020_XI_18.pdf\">426. sz\u00e1m\u00fa Kari Tan\u00e1cs hat\u00e1rozat<\/a> 2020. szeptember 23. <a href=\"https:\/\/semmelweis.hu\/ekk\/files\/2023\/10\/EKK-KT-hat_425-2020_IX_23.pdf\">425. sz\u00e1m\u00fa Kari Tan\u00e1cs hat\u00e1rozat<\/a> 2020. szeptember 16. <a href=\"https:\/\/semmelweis.hu\/ekk\/files\/2023\/10\/EKK-KT-hat_424-2020_IX_16.pdf\">424. sz\u00e1m\u00fa Kari Tan\u00e1cs hat\u00e1rozat<\/a> <a href=\"https:\/\/semmelweis.hu\/ekk\/files\/2023\/10\/EKK-KT-hat_423-2020_IX_16.pdf\">423. sz\u00e1m\u00fa Kari Tan\u00e1cs hat\u00e1rozat<\/a> <a href=\"https:\/\/semmelweis.hu\/ekk\/files\/2023\/10\/EKK-KT-hat_422-2020_IX_16.pdf\">422. sz\u00e1m\u00fa Kari Tan\u00e1cs hat\u00e1rozat<\/a> <a href=\"https:\/\/semmelweis.hu\/ekk\/files\/2023\/10\/EKK-KT-hat_421-2020_IX_16.pdf\">421. sz\u00e1m\u00fa Kari Tan\u00e1cs hat\u00e1rozat<\/a> 2020. szeptember 12. <a href=\"https:\/\/semmelweis.hu\/ekk\/files\/2023\/10\/EKK-KT-hat_420-2020_IX_12.pdf\">420. sz\u00e1m\u00fa Kari Tan\u00e1cs hat\u00e1rozat<\/a> 2020. j\u00falius 28. <a href=\"https:\/\/semmelweis.hu\/ekk\/files\/2023\/10\/EKK-KT-hat_419-2020_VII_28.pdf\">419. sz\u00e1m\u00fa Kari Tan\u00e1cs hat\u00e1rozat<\/a> 2020. j\u00falius 22. <a href=\"https:\/\/semmelweis.hu\/ekk\/files\/2023\/10\/EKK-KT-hat_418-2020_VII_22.pdf\">418. sz\u00e1m\u00fa Kari Tan\u00e1cs hat\u00e1rozat<\/a> <a href=\"https:\/\/semmelweis.hu\/ekk\/files\/2023\/10\/EKK-KT-hat_417-2020_VII_22.pdf\">417. sz\u00e1m\u00fa Kari Tan\u00e1cs hat\u00e1rozat<\/a> <a href=\"https:\/\/semmelweis.hu\/ekk\/files\/2023\/10\/EKK-KT-hat_416-2020_VII_22.pdf\">416. sz\u00e1m\u00fa Kari Tan\u00e1cs hat\u00e1rozat<\/a> <a href=\"https:\/\/semmelweis.hu\/ekk\/files\/2023\/10\/EKK-KT-hat_415-2020_VII_22.pdf\">415. sz\u00e1m\u00fa Kari Tan\u00e1cs hat\u00e1rozat<\/a> 2020. j\u00fanius 26. <a href=\"https:\/\/semmelweis.hu\/ekk\/files\/2023\/10\/EKK-KT-hat_414-2020_VI_26.pdf\">414. sz\u00e1m\u00fa Kari Tan\u00e1cs hat\u00e1rozat<\/a> 2020. j\u00fanius 23. <a href=\"https:\/\/semmelweis.hu\/ekk\/files\/2023\/10\/EKK-KT-hat_413-2020_VI_23.pdf\">413. sz\u00e1m\u00fa Kari Tan\u00e1cs hat\u00e1rozat<\/a> 2020. j\u00fanius 21. <a href=\"https:\/\/semmelweis.hu\/ekk\/files\/2023\/10\/EKK-KT-hat_412-2020_VI_21.pdf\">412. sz\u00e1m\u00fa Kari Tan\u00e1cs hat\u00e1rozat<\/a> 2020. j\u00fanius 17. <a href=\"https:\/\/semmelweis.hu\/ekk\/files\/2023\/10\/EKK-KT-hat_411-2020_VI_17.pdf\">411. sz\u00e1m\u00fa Kari Tan\u00e1cs hat\u00e1rozat<\/a> <a href=\"https:\/\/semmelweis.hu\/ekk\/files\/2023\/10\/EKK-KT-hat_410-2020_VI_17.pdf\">410. sz\u00e1m\u00fa Kari Tan\u00e1cs hat\u00e1rozat<\/a> <a href=\"https:\/\/semmelweis.hu\/ekk\/files\/2023\/10\/EKK-KT-hat_409-2020_VI_17.pdf\">409. sz\u00e1m\u00fa Kari Tan\u00e1cs hat\u00e1rozat<\/a> <a href=\"https:\/\/semmelweis.hu\/ekk\/files\/2023\/10\/EKK-KT-hat_408-2020_VI_17-1.pdf\">408. sz\u00e1m\u00fa Kari Tan\u00e1cs hat\u00e1rozat<\/a> <a href=\"https:\/\/semmelweis.hu\/ekk\/files\/2023\/10\/EKK-KT-hat_407-2020_VI_17-1.pdf\">407. sz\u00e1m\u00fa Kari Tan\u00e1cs hat\u00e1rozat<\/a> <a href=\"https:\/\/semmelweis.hu\/ekk\/files\/2023\/10\/EKK-KT-hat_406-2020_VI_17-1.pdf\">406. sz\u00e1m\u00fa Kari Tan\u00e1cs hat\u00e1rozat<\/a> <a href=\"https:\/\/semmelweis.hu\/ekk\/files\/2023\/10\/EKK-KT-hat_405-2020_VI_17-1.pdf\">405. sz\u00e1m\u00fa Kari Tan\u00e1cs hat\u00e1rozat<\/a> 2020. j\u00fanius 16. <a href=\"https:\/\/semmelweis.hu\/ekk\/files\/2023\/10\/EKK-KT-hat_404_a-2020_VI_16-1.pdf\">404. a. sz\u00e1m\u00fa Kari Tan\u00e1cs hat\u00e1rozat<\/a> <a href=\"https:\/\/semmelweis.hu\/ekk\/files\/2023\/10\/EKK-KT-hat_404-b_2020_VI_16-1.pdf\">404. b. sz\u00e1m\u00fa Kari Tan\u00e1cs hat\u00e1rozat<\/a> <a href=\"https:\/\/semmelweis.hu\/ekk\/files\/2023\/10\/EKK-KT-hat_403-2020_VI_16-1.pdf\">403. sz\u00e1m\u00fa Kari Tan\u00e1cs hat\u00e1rozat<\/a> <a href=\"https:\/\/semmelweis.hu\/ekk\/files\/2023\/10\/EKK-KT-hat_402-2020_VI_16-1.pdf\">402. sz\u00e1m\u00fa Kari Tan\u00e1cs hat\u00e1rozat<\/a> 2020. m\u00e1jus 26. <a href=\"https:\/\/semmelweis.hu\/ekk\/files\/2023\/10\/EKK-KT-hat_401-2020_V_26-1.pdf\">401. sz\u00e1m\u00fa Kari Tan\u00e1cs hat\u00e1rozat<\/a> <a href=\"https:\/\/semmelweis.hu\/ekk\/files\/2023\/10\/EKK-KT-hat_400-2020_V-26.pdf\">400. sz\u00e1m\u00fa Kari Tan\u00e1cs hat\u00e1rozat<\/a> 2020. m\u00e1jus 7. <a href=\"https:\/\/semmelweis.hu\/ekk\/files\/2023\/10\/EKK-KT-hat_399-2020_V-07.pdf\">399. sz\u00e1m\u00fa Kari Tan\u00e1cs hat\u00e1rozat<\/a> 2020. m\u00e1rcius 16. <a href=\"https:\/\/semmelweis.hu\/ekk\/files\/2023\/10\/EKK-KT-hat_398-2020_III-16.pdf\">398. sz\u00e1m\u00fa Kari Tan\u00e1cs hat\u00e1rozat<\/a> 2020. febru\u00e1r 27. <a href=\"https:\/\/semmelweis.hu\/ekk\/files\/2023\/10\/EKK-KT-hat_397-2020_II_27.pdf\">397. sz\u00e1m\u00fa Kari Tan\u00e1cs hat\u00e1rozat<\/a> 2020. febru\u00e1r 20. <a href=\"https:\/\/semmelweis.hu\/ekk\/files\/2023\/10\/EKK-KT-hat_396-2020_II_20.pdf\">396. sz\u00e1m\u00fa Kari Tan\u00e1cs hat\u00e1rozat<\/a> 2020. janu\u00e1r 31. <a href=\"https:\/\/semmelweis.hu\/ekk\/files\/2023\/10\/EKK-KT-hat_395_a-2020_I-31.pdf\">395. a. sz\u00e1m\u00fa Kari Tan\u00e1cs hat\u00e1rozat<\/a> <a href=\"https:\/\/semmelweis.hu\/ekk\/files\/2023\/10\/EKK-KT-hat_395_b-2020_I-31.pdf\">395. b. sz\u00e1m\u00fa Kari Tan\u00e1cs hat\u00e1rozat<\/a> 2020. &hellip;<\/p>\n","protected":false},"author":101539,"featured_media":0,"parent":3275,"menu_order":6,"comment_status":"closed","ping_status":"closed","template":"","meta":{"_acf_changed":false,"footnotes":""},"categories":[],"tags":[],"class_list":["post-4832","page","type-page","status-publish","hentry"],"acf":[],"_links":{"self":[{"href":"https:\/\/semmelweis.hu\/ekk\/wp-json\/wp\/v2\/pages\/4832","targetHints":{"allow":["GET"]}}],"collection":[{"href":"https:\/\/semmelweis.hu\/ekk\/wp-json\/wp\/v2\/pages"}],"about":[{"href":"https:\/\/semmelweis.hu\/ekk\/wp-json\/wp\/v2\/types\/page"}],"author":[{"embeddable":true,"href":"https:\/\/semmelweis.hu\/ekk\/wp-json\/wp\/v2\/users\/101539"}],"replies":[{"embeddable":true,"href":"https:\/\/semmelweis.hu\/ekk\/wp-json\/wp\/v2\/comments?post=4832"}],"version-history":[{"count":5,"href":"https:\/\/semmelweis.hu\/ekk\/wp-json\/wp\/v2\/pages\/4832\/revisions"}],"predecessor-version":[{"id":5054,"href":"https:\/\/semmelweis.hu\/ekk\/wp-json\/wp\/v2\/pages\/4832\/revisions\/5054"}],"up":[{"embeddable":true,"href":"https:\/\/semmelweis.hu\/ekk\/wp-json\/wp\/v2\/pages\/3275"}],"wp:attachment":[{"href":"https:\/\/semmelweis.hu\/ekk\/wp-json\/wp\/v2\/media?parent=4832"}],"wp:term":[{"taxonomy":"category","embeddable":true,"href":"https:\/\/semmelweis.hu\/ekk\/wp-json\/wp\/v2\/categories?post=4832"},{"taxonomy":"post_tag","embeddable":true,"href":"https:\/\/semmelweis.hu\/ekk\/wp-json\/wp\/v2\/tags?post=4832"}],"curies":[{"name":"wp","href":"https:\/\/api.w.org\/{rel}","templated":true}]}}