{"id":4830,"date":"2023-09-22T13:00:26","date_gmt":"2023-09-22T11:00:26","guid":{"rendered":"https:\/\/semmelweis.hu\/ekk\/?page_id=4830"},"modified":"2026-01-08T14:00:25","modified_gmt":"2026-01-08T13:00:25","slug":"2021-evi-kari-tanacs-hatarozatok","status":"publish","type":"page","link":"https:\/\/semmelweis.hu\/ekk\/a-karrol\/kari-tanacs\/kari-tanacs-hatarozatok\/2021-evi-kari-tanacs-hatarozatok\/","title":{"rendered":"2021. \u00e9vi Kari Tan\u00e1cs hat\u00e1rozatok"},"content":{"rendered":"<h5>2021. december 10.<\/h5>\n<ul>\n<li><a href=\"https:\/\/semmelweis.hu\/ekk\/files\/2023\/10\/EKK-KT-hat_477-2021_XII-10.pdf\">477. sz\u00e1m\u00fa Kari Tan\u00e1cs hat\u00e1rozat<\/a><\/li>\n<li><a href=\"https:\/\/semmelweis.hu\/ekk\/files\/2023\/10\/EKK-KT-hat_476-2021_XII_10.pdf\">476. sz\u00e1m\u00fa Kari Tan\u00e1cs hat\u00e1rozat<\/a><\/li>\n<\/ul>\n<h5>2021. november 15.<\/h5>\n<ul>\n<li><a href=\"https:\/\/semmelweis.hu\/ekk\/files\/2023\/10\/EKK-KT-hat_475-2021_XI-15.pdf\">475. sz\u00e1m\u00fa Kari Tan\u00e1cs hat\u00e1rozat<\/a><\/li>\n<li><a href=\"https:\/\/semmelweis.hu\/ekk\/files\/2023\/10\/EKK-KT-hat_474-2021_XI-15.pdf\">474. sz\u00e1m\u00fa Kari Tan\u00e1cs hat\u00e1rozat<\/a><\/li>\n<li><a href=\"https:\/\/semmelweis.hu\/ekk\/files\/2023\/10\/EKK-KT-hat_473-2021_XI-15.pdf\">473. sz\u00e1m\u00fa Kari Tan\u00e1cs hat\u00e1rozat<\/a><\/li>\n<li><a href=\"https:\/\/semmelweis.hu\/ekk\/files\/2023\/10\/EKK-KT-hat_472-2021_XI-15.pdf\">472. sz\u00e1m\u00fa Kari Tan\u00e1cs hat\u00e1ozat<\/a><\/li>\n<li><a href=\"https:\/\/semmelweis.hu\/ekk\/files\/2023\/10\/EKK-KT-hat_471-2021_XI-15.pdf\">471. sz\u00e1m\u00fa Kari Tan\u00e1cs hat\u00e1rozat<\/a><\/li>\n<li><a href=\"https:\/\/semmelweis.hu\/ekk\/files\/2023\/10\/EKK-KT-hat_470-2021_XI-15.pdf\">470. sz\u00e1m\u00fa Kari Tan\u00e1cs hat\u00e1rozat<\/a><\/li>\n<li><a href=\"https:\/\/semmelweis.hu\/ekk\/files\/2023\/10\/EKK-KT-hat_469-2021_XI-15.pdf\">469. sz\u00e1m\u00fa Kari Tan\u00e1cs hat\u00e1rozat<\/a><\/li>\n<li><a href=\"https:\/\/semmelweis.hu\/ekk\/files\/2023\/10\/EKK-KT-hat_468-2021_XI-15.pdf\">468. sz\u00e1m\u00fa Kari Tan\u00e1cs hat\u00e1rozat<\/a><\/li>\n<li><a href=\"https:\/\/semmelweis.hu\/ekk\/files\/2023\/10\/EKK-KT-hat_467-2021_XI-15.pdf\">467. sz\u00e1m\u00fa Kari Tan\u00e1cs hat\u00e1rozat<\/a><\/li>\n<li><a href=\"https:\/\/semmelweis.hu\/ekk\/files\/2023\/10\/EKK-KT-hat_466-2021_XI-15.pdf\">466. sz\u00e1m\u00fa Kari Tan\u00e1cs hat\u00e1rozat<\/a><\/li>\n<li><a href=\"https:\/\/semmelweis.hu\/ekk\/files\/2023\/10\/EKK-KT-hat_465-2021_XI-15.pdf\">465. sz\u00e1m\u00fa Kari Tan\u00e1cs hat\u00e1rozat<\/a><\/li>\n<li><a href=\"https:\/\/semmelweis.hu\/ekk\/files\/2023\/10\/EKK-KT-hat_464-2021_XI-15.pdf\">464. sz\u00e1m\u00fa Kari Tan\u00e1cs hat\u00e1rozat<\/a><\/li>\n<li><a href=\"https:\/\/semmelweis.hu\/ekk\/files\/2023\/10\/EKK-KT-hat_463-2021_XI-15.pdf\">463. sz\u00e1m\u00fa Kari Tan\u00e1cs hat\u00e1rozat<\/a><\/li>\n<li><a href=\"https:\/\/semmelweis.hu\/ekk\/files\/2023\/10\/EKK-KT-hat_462-2021_XI-15.pdf\">462. sz\u00e1m\u00fa Kari Tan\u00e1cs hat\u00e1rozat<\/a><\/li>\n<li><a href=\"https:\/\/semmelweis.hu\/ekk\/files\/2023\/10\/EKK-KT-hat_461-2021_XI_15.pdf\">461. sz\u00e1m\u00fa Kari Tan\u00e1cs hat\u00e1rozat<\/a><\/li>\n<li><a href=\"https:\/\/semmelweis.hu\/ekk\/files\/2023\/10\/EKK-KT-hat_460-2021_XI_15.pdf\">460. sz\u00e1m\u00fa Kari Tan\u00e1cs hat\u00e1rozat<\/a><\/li>\n<li><a href=\"https:\/\/semmelweis.hu\/ekk\/files\/2023\/10\/EKK-KT-hat_459_2021_XI_15.pdf\">459. sz\u00e1m\u00fa Kari Tan\u00e1cs hat\u00e1rozat<\/a><\/li>\n<li><a href=\"https:\/\/semmelweis.hu\/ekk\/files\/2023\/10\/EKK-KT-hat_458_2021_XI_15.pdf\">458. sz\u00e1m\u00fa Kari Tan\u00e1cs hat\u00e1rozat<\/a><\/li>\n<\/ul>\n<h5>2021. szeptember 13.<\/h5>\n<ul>\n<li><a href=\"https:\/\/semmelweis.hu\/ekk\/files\/2023\/10\/EKK-KT-hat_457_2021_IX_13.pdf\">457. sz\u00e1m\u00fa Kari Tan\u00e1cs hat\u00e1rozat<\/a><\/li>\n<\/ul>\n<h5>2021. szeptember 4.<\/h5>\n<ul>\n<li><a href=\"https:\/\/semmelweis.hu\/ekk\/files\/2023\/10\/EKK-KT-hat_456-2021_IX_04.pdf\">456. sz\u00e1m\u00fa Kari Tan\u00e1cs hat\u00e1rozat<\/a><\/li>\n<li><a href=\"https:\/\/semmelweis.hu\/ekk\/files\/2023\/10\/EKK-KT-hat_455-2021_IX_04.pdf\">455. sz\u00e1m\u00fa Kari Tan\u00e1cs hat\u00e1rozat<\/a><\/li>\n<\/ul>\n<h5>2021. augusztus 13.<\/h5>\n<ul>\n<li><a href=\"https:\/\/semmelweis.hu\/ekk\/files\/2023\/10\/EKK-KT-hat_454_a-2021_VIII_13.pdf\">454. a. sz\u00e1m\u00fa Kari Tan\u00e1cs hat\u00e1rozat<\/a><\/li>\n<li><a href=\"https:\/\/semmelweis.hu\/ekk\/files\/2023\/10\/EKK-KT-hat_454_b-2021_VIII-13.pdf\">454. b. sz\u00e1m\u00fa Kari Tan\u00e1cs hat\u00e1rozat<\/a><\/li>\n<\/ul>\n<h5>2021. augusztus 9.<\/h5>\n<ul>\n<li><a href=\"https:\/\/semmelweis.hu\/ekk\/files\/2023\/10\/EKK-KT-hat_453-2021_VIII_09.pdf\">453. sz\u00e1m\u00fa Kari Tan\u00e1cs hat\u00e1rozat<\/a><\/li>\n<\/ul>\n<h5>2021. augusztus 2.<\/h5>\n<ul>\n<li><a href=\"https:\/\/semmelweis.hu\/ekk\/files\/2023\/10\/EKK-KT-hat_452-2021_VIII_02.pdf\">452. sz\u00e1m\u00fa Kari Tan\u00e1cs hat\u00e1rozat<\/a><\/li>\n<\/ul>\n<h5>2021. j\u00falius 3.<\/h5>\n<ul>\n<li><a href=\"https:\/\/semmelweis.hu\/ekk\/files\/2023\/10\/EKK-KT-hat_451-2021_VII_03.pdf\">451. sz\u00e1m\u00fa Kari Tan\u00e1cs hat\u00e1rozat<\/a><\/li>\n<li><a href=\"https:\/\/semmelweis.hu\/ekk\/files\/2023\/10\/EKK-KT-hat_450-2021_VII_03.pdf\">450. sz\u00e1m\u00fa Kari Tan\u00e1cs hat\u00e1rozat<\/a><\/li>\n<\/ul>\n<h5>2021. j\u00fanius 21.<\/h5>\n<ul>\n<li><a href=\"https:\/\/semmelweis.hu\/ekk\/files\/2023\/10\/EKK-KT-hat_449-2021_VI_21.pdf\">449. sz\u00e1m\u00fa Kari Tan\u00e1cs hat\u00e1rozat<\/a><\/li>\n<\/ul>\n<h5>2021. j\u00fanius 15.<\/h5>\n<ul>\n<li><a href=\"https:\/\/semmelweis.hu\/ekk\/files\/2023\/10\/EKK-KT-hat_448-2021_VI_15.pdf\">448. sz\u00e1m\u00fa Kari Tan\u00e1cs hat\u00e1rozat<\/a><\/li>\n<li><a href=\"https:\/\/semmelweis.hu\/ekk\/files\/2023\/10\/EKK-KT-hat_447-2021_VI_15.pdf\">447. sz\u00e1m\u00fa Kari Tan\u00e1cs hat\u00e1rozat<\/a><\/li>\n<\/ul>\n<h5>2021. j\u00fanius 11.<\/h5>\n<ul>\n<li><a href=\"https:\/\/semmelweis.hu\/ekk\/files\/2023\/10\/EKK-KT-hat_446-2021_VI_11.pdf\">446. sz\u00e1m\u00fa Kari Tan\u00e1cs hat\u00e1rozat<\/a><\/li>\n<\/ul>\n<h5>2021. j\u00fanius 3.<\/h5>\n<ul>\n<li><a href=\"https:\/\/semmelweis.hu\/ekk\/files\/2023\/10\/EKK-KT-hat_445-2021_VI_03.pdf\">445. sz\u00e1m\u00fa Kari Tan\u00e1cs hat\u00e1rozat<\/a><\/li>\n<\/ul>\n<h5>2021. m\u00e1jus 19.<\/h5>\n<ul>\n<li><a href=\"https:\/\/semmelweis.hu\/ekk\/files\/2023\/10\/EKK-KT-hat_444-2021_V_19.pdf\">444. sz\u00e1m\u00fa Kari Tan\u00e1cs hat\u00e1rozat<\/a><\/li>\n<\/ul>\n<h5>2021. m\u00e1jus 10.<\/h5>\n<ul>\n<li><a href=\"https:\/\/semmelweis.hu\/ekk\/files\/2023\/10\/EKK-KT-hat_443-2021_V_10.pdf\">443. sz\u00e1m\u00fa Kari Tan\u00e1cs hat\u00e1rozat<\/a><\/li>\n<\/ul>\n<h5>2021. \u00e1prilis 21.<\/h5>\n<ul>\n<li><a href=\"https:\/\/semmelweis.hu\/ekk\/files\/2023\/10\/EKK-KT-hat_442-2021_IV_21.pdf\">442. sz\u00e1m\u00fa Kari Tan\u00e1cs hat\u00e1rozat<\/a><\/li>\n<\/ul>\n<h5>2021. \u00e1prilis 12.<\/h5>\n<ul>\n<li><a href=\"https:\/\/semmelweis.hu\/ekk\/files\/2023\/10\/EKK-KT-hat_441-2021_IV_12.pdf\">441. sz\u00e1m\u00fa Kari Tan\u00e1cs hat\u00e1rozat<\/a><\/li>\n<\/ul>\n<h5>2021. m\u00e1rcius 30.<\/h5>\n<ul>\n<li><a href=\"https:\/\/semmelweis.hu\/ekk\/files\/2023\/10\/EKK-KT-hat_440-2021_III_30.pdf\">440. sz\u00e1m\u00fa Kari Tan\u00e1cs hat\u00e1rozat<\/a><\/li>\n<\/ul>\n<h5>2021. m\u00e1rcius 5.<\/h5>\n<ul>\n<li><a href=\"https:\/\/semmelweis.hu\/ekk\/files\/2023\/10\/EKK-KT-hat_439_a-2021_III_05.pdf\">439. a. sz\u00e1m\u00fa Kari Tan\u00e1cs hat\u00e1rozat<\/a><\/li>\n<li><a href=\"https:\/\/semmelweis.hu\/ekk\/files\/2023\/10\/EKK-KT-hat_439_b-2021_III-05.pdf\">439. b. sz\u00e1m\u00fa Kari Tan\u00e1cs hat\u00e1rozat<\/a><\/li>\n<li><a href=\"https:\/\/semmelweis.hu\/ekk\/files\/2023\/10\/EKK-KT-hat_438-2021_III_05.pdf\">438. sz\u00e1m\u00fa Kari Tan\u00e1cs hat\u00e1rozat<\/a><\/li>\n<\/ul>\n<h5>2021. janu\u00e1r 28.<\/h5>\n<ul>\n<li><a href=\"https:\/\/semmelweis.hu\/ekk\/files\/2023\/10\/EKK-KT-hat_437-2021_I-28.pdf\">437. sz\u00e1m\u00fa Kari Tan\u00e1cs hat\u00e1rozat<\/a><\/li>\n<li><a href=\"https:\/\/semmelweis.hu\/ekk\/files\/2023\/10\/EKK-KT-hat_436-2021_I-28.pdf\">436. sz\u00e1m\u00fa Kari Tan\u00e1cs hat\u00e1rozat<\/a><\/li>\n<li><a href=\"https:\/\/semmelweis.hu\/ekk\/files\/2023\/10\/EKK-KT-hat_435-2021_I-28.pdf\">435. sz\u00e1m\u00fa Kari Tan\u00e1cs hat\u00e1rozat<\/a><\/li>\n<\/ul>\n<h5>2021. janu\u00e1r 27.<\/h5>\n<ul>\n<li><a href=\"https:\/\/semmelweis.hu\/ekk\/files\/2023\/10\/EKK-KT-hat_434-2021_I-27.pdf\">434. sz\u00e1m\u00fa Kari Tan\u00e1cs hat\u00e1rozat<\/a><\/li>\n<li><a href=\"https:\/\/semmelweis.hu\/ekk\/files\/2023\/10\/EKK-KT-hat_433-2021_I-27.pdf\">433. sz\u00e1m\u00fa Kari Tan\u00e1cs hat\u00e1rozat<\/a><\/li>\n<li><a href=\"https:\/\/semmelweis.hu\/ekk\/files\/2023\/10\/EKK-KT-hat_432-2021_I-27.pdf\">432. sz\u00e1m\u00fa Kari Tan\u00e1cs hat\u00e1rozat<\/a><\/li>\n<li><a href=\"https:\/\/semmelweis.hu\/ekk\/files\/2023\/10\/EKK-KT-hat_431_a-2021_I_27.pdf\">431. a. sz\u00e1m\u00fa Kari Tan\u00e1cs hat\u00e1rozat<\/a><\/li>\n<li><a href=\"https:\/\/semmelweis.hu\/ekk\/files\/2023\/10\/EKK-KT-hat_431_b-2021_I_27.pdf\">431. b. sz\u00e1m\u00fa Kari Tan\u00e1cs hat\u00e1rozat<\/a><\/li>\n<li><a href=\"https:\/\/semmelweis.hu\/ekk\/files\/2023\/10\/EKK-KT-hat_430-2021_I-27.pdf\">430. sz\u00e1m\u00fa Kari Tan\u00e1cs hat\u00e1rozat<\/a><\/li>\n<li><a href=\"https:\/\/semmelweis.hu\/ekk\/files\/2023\/10\/EKK-KT-hat_429-2021_I-27.pdf\">429. sz\u00e1m\u00fa Kari Tan\u00e1cs hat\u00e1rozat<\/a><\/li>\n<\/ul>\n","protected":false},"excerpt":{"rendered":"<p>2021. december 10. <a href=\"https:\/\/semmelweis.hu\/ekk\/files\/2023\/10\/EKK-KT-hat_477-2021_XII-10.pdf\">477. sz\u00e1m\u00fa Kari Tan\u00e1cs hat\u00e1rozat<\/a> <a href=\"https:\/\/semmelweis.hu\/ekk\/files\/2023\/10\/EKK-KT-hat_476-2021_XII_10.pdf\">476. sz\u00e1m\u00fa Kari Tan\u00e1cs hat\u00e1rozat<\/a> 2021. november 15. <a href=\"https:\/\/semmelweis.hu\/ekk\/files\/2023\/10\/EKK-KT-hat_475-2021_XI-15.pdf\">475. sz\u00e1m\u00fa Kari Tan\u00e1cs hat\u00e1rozat<\/a> <a href=\"https:\/\/semmelweis.hu\/ekk\/files\/2023\/10\/EKK-KT-hat_474-2021_XI-15.pdf\">474. sz\u00e1m\u00fa Kari Tan\u00e1cs hat\u00e1rozat<\/a> <a href=\"https:\/\/semmelweis.hu\/ekk\/files\/2023\/10\/EKK-KT-hat_473-2021_XI-15.pdf\">473. sz\u00e1m\u00fa Kari Tan\u00e1cs hat\u00e1rozat<\/a> <a href=\"https:\/\/semmelweis.hu\/ekk\/files\/2023\/10\/EKK-KT-hat_472-2021_XI-15.pdf\">472. sz\u00e1m\u00fa Kari Tan\u00e1cs hat\u00e1ozat<\/a> <a href=\"https:\/\/semmelweis.hu\/ekk\/files\/2023\/10\/EKK-KT-hat_471-2021_XI-15.pdf\">471. sz\u00e1m\u00fa Kari Tan\u00e1cs hat\u00e1rozat<\/a> <a href=\"https:\/\/semmelweis.hu\/ekk\/files\/2023\/10\/EKK-KT-hat_470-2021_XI-15.pdf\">470. sz\u00e1m\u00fa Kari Tan\u00e1cs hat\u00e1rozat<\/a> <a href=\"https:\/\/semmelweis.hu\/ekk\/files\/2023\/10\/EKK-KT-hat_469-2021_XI-15.pdf\">469. sz\u00e1m\u00fa Kari Tan\u00e1cs hat\u00e1rozat<\/a> <a href=\"https:\/\/semmelweis.hu\/ekk\/files\/2023\/10\/EKK-KT-hat_468-2021_XI-15.pdf\">468. sz\u00e1m\u00fa Kari Tan\u00e1cs hat\u00e1rozat<\/a> <a href=\"https:\/\/semmelweis.hu\/ekk\/files\/2023\/10\/EKK-KT-hat_467-2021_XI-15.pdf\">467. sz\u00e1m\u00fa Kari Tan\u00e1cs hat\u00e1rozat<\/a> <a href=\"https:\/\/semmelweis.hu\/ekk\/files\/2023\/10\/EKK-KT-hat_466-2021_XI-15.pdf\">466. sz\u00e1m\u00fa Kari Tan\u00e1cs hat\u00e1rozat<\/a> <a href=\"https:\/\/semmelweis.hu\/ekk\/files\/2023\/10\/EKK-KT-hat_465-2021_XI-15.pdf\">465. sz\u00e1m\u00fa Kari Tan\u00e1cs hat\u00e1rozat<\/a> <a href=\"https:\/\/semmelweis.hu\/ekk\/files\/2023\/10\/EKK-KT-hat_464-2021_XI-15.pdf\">464. sz\u00e1m\u00fa Kari Tan\u00e1cs hat\u00e1rozat<\/a> <a href=\"https:\/\/semmelweis.hu\/ekk\/files\/2023\/10\/EKK-KT-hat_463-2021_XI-15.pdf\">463. sz\u00e1m\u00fa Kari Tan\u00e1cs hat\u00e1rozat<\/a> <a href=\"https:\/\/semmelweis.hu\/ekk\/files\/2023\/10\/EKK-KT-hat_462-2021_XI-15.pdf\">462. sz\u00e1m\u00fa Kari Tan\u00e1cs hat\u00e1rozat<\/a> <a href=\"https:\/\/semmelweis.hu\/ekk\/files\/2023\/10\/EKK-KT-hat_461-2021_XI_15.pdf\">461. sz\u00e1m\u00fa Kari Tan\u00e1cs hat\u00e1rozat<\/a> <a href=\"https:\/\/semmelweis.hu\/ekk\/files\/2023\/10\/EKK-KT-hat_460-2021_XI_15.pdf\">460. sz\u00e1m\u00fa Kari Tan\u00e1cs hat\u00e1rozat<\/a> <a href=\"https:\/\/semmelweis.hu\/ekk\/files\/2023\/10\/EKK-KT-hat_459_2021_XI_15.pdf\">459. sz\u00e1m\u00fa Kari Tan\u00e1cs hat\u00e1rozat<\/a> <a href=\"https:\/\/semmelweis.hu\/ekk\/files\/2023\/10\/EKK-KT-hat_458_2021_XI_15.pdf\">458. sz\u00e1m\u00fa Kari Tan\u00e1cs hat\u00e1rozat<\/a> 2021. szeptember 13. <a href=\"https:\/\/semmelweis.hu\/ekk\/files\/2023\/10\/EKK-KT-hat_457_2021_IX_13.pdf\">457. sz\u00e1m\u00fa Kari Tan\u00e1cs hat\u00e1rozat<\/a> 2021. szeptember 4. <a href=\"https:\/\/semmelweis.hu\/ekk\/files\/2023\/10\/EKK-KT-hat_456-2021_IX_04.pdf\">456. sz\u00e1m\u00fa Kari Tan\u00e1cs hat\u00e1rozat<\/a> <a href=\"https:\/\/semmelweis.hu\/ekk\/files\/2023\/10\/EKK-KT-hat_455-2021_IX_04.pdf\">455. sz\u00e1m\u00fa Kari Tan\u00e1cs hat\u00e1rozat<\/a> 2021. augusztus 13. <a href=\"https:\/\/semmelweis.hu\/ekk\/files\/2023\/10\/EKK-KT-hat_454_a-2021_VIII_13.pdf\">454. a. sz\u00e1m\u00fa Kari Tan\u00e1cs hat\u00e1rozat<\/a> <a href=\"https:\/\/semmelweis.hu\/ekk\/files\/2023\/10\/EKK-KT-hat_454_b-2021_VIII-13.pdf\">454. b. sz\u00e1m\u00fa Kari Tan\u00e1cs hat\u00e1rozat<\/a> 2021. augusztus 9. <a href=\"https:\/\/semmelweis.hu\/ekk\/files\/2023\/10\/EKK-KT-hat_453-2021_VIII_09.pdf\">453. sz\u00e1m\u00fa Kari Tan\u00e1cs hat\u00e1rozat<\/a> 2021. augusztus 2. <a href=\"https:\/\/semmelweis.hu\/ekk\/files\/2023\/10\/EKK-KT-hat_452-2021_VIII_02.pdf\">452. sz\u00e1m\u00fa Kari Tan\u00e1cs hat\u00e1rozat<\/a> 2021. j\u00falius 3. <a href=\"https:\/\/semmelweis.hu\/ekk\/files\/2023\/10\/EKK-KT-hat_451-2021_VII_03.pdf\">451. sz\u00e1m\u00fa Kari Tan\u00e1cs hat\u00e1rozat<\/a> <a href=\"https:\/\/semmelweis.hu\/ekk\/files\/2023\/10\/EKK-KT-hat_450-2021_VII_03.pdf\">450. sz\u00e1m\u00fa Kari Tan\u00e1cs hat\u00e1rozat<\/a> 2021. j\u00fanius 21. <a href=\"https:\/\/semmelweis.hu\/ekk\/files\/2023\/10\/EKK-KT-hat_449-2021_VI_21.pdf\">449. sz\u00e1m\u00fa Kari Tan\u00e1cs hat\u00e1rozat<\/a> 2021. j\u00fanius 15. <a href=\"https:\/\/semmelweis.hu\/ekk\/files\/2023\/10\/EKK-KT-hat_448-2021_VI_15.pdf\">448. sz\u00e1m\u00fa Kari Tan\u00e1cs hat\u00e1rozat<\/a> <a href=\"https:\/\/semmelweis.hu\/ekk\/files\/2023\/10\/EKK-KT-hat_447-2021_VI_15.pdf\">447. sz\u00e1m\u00fa Kari Tan\u00e1cs hat\u00e1rozat<\/a> 2021. j\u00fanius 11. <a href=\"https:\/\/semmelweis.hu\/ekk\/files\/2023\/10\/EKK-KT-hat_446-2021_VI_11.pdf\">446. sz\u00e1m\u00fa Kari Tan\u00e1cs hat\u00e1rozat<\/a> 2021. j\u00fanius 3. <a href=\"https:\/\/semmelweis.hu\/ekk\/files\/2023\/10\/EKK-KT-hat_445-2021_VI_03.pdf\">445. sz\u00e1m\u00fa Kari Tan\u00e1cs hat\u00e1rozat<\/a> 2021. m\u00e1jus 19. <a href=\"https:\/\/semmelweis.hu\/ekk\/files\/2023\/10\/EKK-KT-hat_444-2021_V_19.pdf\">444. sz\u00e1m\u00fa Kari Tan\u00e1cs hat\u00e1rozat<\/a> 2021. m\u00e1jus 10. <a href=\"https:\/\/semmelweis.hu\/ekk\/files\/2023\/10\/EKK-KT-hat_443-2021_V_10.pdf\">443. sz\u00e1m\u00fa Kari Tan\u00e1cs hat\u00e1rozat<\/a> 2021. \u00e1prilis 21. <a href=\"https:\/\/semmelweis.hu\/ekk\/files\/2023\/10\/EKK-KT-hat_442-2021_IV_21.pdf\">442. sz\u00e1m\u00fa Kari Tan\u00e1cs hat\u00e1rozat<\/a> 2021. \u00e1prilis 12. <a href=\"https:\/\/semmelweis.hu\/ekk\/files\/2023\/10\/EKK-KT-hat_441-2021_IV_12.pdf\">441. sz\u00e1m\u00fa Kari Tan\u00e1cs hat\u00e1rozat<\/a> 2021. m\u00e1rcius 30. <a href=\"https:\/\/semmelweis.hu\/ekk\/files\/2023\/10\/EKK-KT-hat_440-2021_III_30.pdf\">440. sz\u00e1m\u00fa Kari Tan\u00e1cs hat\u00e1rozat<\/a> 2021. m\u00e1rcius 5. <a href=\"https:\/\/semmelweis.hu\/ekk\/files\/2023\/10\/EKK-KT-hat_439_a-2021_III_05.pdf\">439. a. sz\u00e1m\u00fa Kari Tan\u00e1cs hat\u00e1rozat<\/a> <a href=\"https:\/\/semmelweis.hu\/ekk\/files\/2023\/10\/EKK-KT-hat_439_b-2021_III-05.pdf\">439. b. sz\u00e1m\u00fa Kari Tan\u00e1cs hat\u00e1rozat<\/a> <a href=\"https:\/\/semmelweis.hu\/ekk\/files\/2023\/10\/EKK-KT-hat_438-2021_III_05.pdf\">438. sz\u00e1m\u00fa Kari Tan\u00e1cs hat\u00e1rozat<\/a> 2021. &hellip;<\/p>\n","protected":false},"author":101539,"featured_media":0,"parent":3275,"menu_order":5,"comment_status":"closed","ping_status":"closed","template":"","meta":{"_acf_changed":false,"footnotes":""},"categories":[],"tags":[],"class_list":["post-4830","page","type-page","status-publish","hentry"],"acf":[],"_links":{"self":[{"href":"https:\/\/semmelweis.hu\/ekk\/wp-json\/wp\/v2\/pages\/4830","targetHints":{"allow":["GET"]}}],"collection":[{"href":"https:\/\/semmelweis.hu\/ekk\/wp-json\/wp\/v2\/pages"}],"about":[{"href":"https:\/\/semmelweis.hu\/ekk\/wp-json\/wp\/v2\/types\/page"}],"author":[{"embeddable":true,"href":"https:\/\/semmelweis.hu\/ekk\/wp-json\/wp\/v2\/users\/101539"}],"replies":[{"embeddable":true,"href":"https:\/\/semmelweis.hu\/ekk\/wp-json\/wp\/v2\/comments?post=4830"}],"version-history":[{"count":6,"href":"https:\/\/semmelweis.hu\/ekk\/wp-json\/wp\/v2\/pages\/4830\/revisions"}],"predecessor-version":[{"id":4948,"href":"https:\/\/semmelweis.hu\/ekk\/wp-json\/wp\/v2\/pages\/4830\/revisions\/4948"}],"up":[{"embeddable":true,"href":"https:\/\/semmelweis.hu\/ekk\/wp-json\/wp\/v2\/pages\/3275"}],"wp:attachment":[{"href":"https:\/\/semmelweis.hu\/ekk\/wp-json\/wp\/v2\/media?parent=4830"}],"wp:term":[{"taxonomy":"category","embeddable":true,"href":"https:\/\/semmelweis.hu\/ekk\/wp-json\/wp\/v2\/categories?post=4830"},{"taxonomy":"post_tag","embeddable":true,"href":"https:\/\/semmelweis.hu\/ekk\/wp-json\/wp\/v2\/tags?post=4830"}],"curies":[{"name":"wp","href":"https:\/\/api.w.org\/{rel}","templated":true}]}}