{"id":4825,"date":"2023-09-22T12:54:01","date_gmt":"2023-09-22T10:54:01","guid":{"rendered":"https:\/\/semmelweis.hu\/ekk\/?page_id=4825"},"modified":"2026-01-08T14:00:13","modified_gmt":"2026-01-08T13:00:13","slug":"2022-evi-kari-tanacs-hatarozatok","status":"publish","type":"page","link":"https:\/\/semmelweis.hu\/ekk\/a-karrol\/kari-tanacs\/kari-tanacs-hatarozatok\/2022-evi-kari-tanacs-hatarozatok\/","title":{"rendered":"2022. \u00e9vi Kari Tan\u00e1cs hat\u00e1rozatok"},"content":{"rendered":"<h5>2022. december 12.<\/h5>\n<ul>\n<li><a href=\"https:\/\/semmelweis.hu\/ekk\/files\/2023\/10\/EKK-KT-hat_510_2022_XII_12.pdf\">510. sz\u00e1m\u00fa Kari Tan\u00e1cs hat\u00e1rozat<\/a><\/li>\n<li><a href=\"https:\/\/semmelweis.hu\/ekk\/files\/2023\/10\/EKK-KT-hat_509_2022_XII_12.pdf\">509. sz\u00e1m\u00fa Kari Tan\u00e1cs hat\u00e1rozat<\/a><\/li>\n<li><a href=\"https:\/\/semmelweis.hu\/ekk\/files\/2023\/10\/EKK-KT-hat_508_2022_XII_12.pdf\">508. sz\u00e1m\u00fa Kari Tan\u00e1cs hat\u00e1rozat<\/a><\/li>\n<li><a href=\"https:\/\/semmelweis.hu\/ekk\/files\/2023\/10\/EKK-KT-hat_507_2022_XII_12.pdf\">507. sz\u00e1m\u00fa Kari Tan\u00e1cs hat\u00e1rozat<\/a><\/li>\n<li><a href=\"https:\/\/semmelweis.hu\/ekk\/files\/2023\/10\/EKK-KT-hat_506_2022_XII_12.pdf\">506. sz\u00e1m\u00fa Kari Tan\u00e1cs hat\u00e1rozat<\/a><\/li>\n<\/ul>\n<h5>2022. december 7.<\/h5>\n<ul>\n<li><a href=\"https:\/\/semmelweis.hu\/ekk\/files\/2023\/10\/EKK-KT-hat_505_2022_XII_07.pdf\">505. sz\u00e1m\u00fa Kari Tan\u00e1cs hat\u00e1rozat<\/a><\/li>\n<\/ul>\n<h5>2022. november 10.<\/h5>\n<ul>\n<li><a href=\"https:\/\/semmelweis.hu\/ekk\/files\/2023\/10\/EKK-KT-hat_504_2022_XI_10.pdf\">504. sz\u00e1m\u00fa Kari Tan\u00e1cs hat\u00e1rozat<\/a><\/li>\n<\/ul>\n<h5>2022. szeptember 30.<\/h5>\n<ul>\n<li><a href=\"https:\/\/semmelweis.hu\/ekk\/files\/2023\/10\/EKK-KT-hat_503-2022_IX_30.pdf\">503. sz\u00e1m\u00fa Kari Tan\u00e1cs hat\u00e1rozat<\/a><\/li>\n<\/ul>\n<h5>2022. j\u00falius 6.<\/h5>\n<ul>\n<li><a href=\"https:\/\/semmelweis.hu\/ekk\/files\/2023\/10\/EKK-KT-hat_502_2022_VII_06.pdf\">502. sz\u00e1m\u00fa Kari Tan\u00e1cs hat\u00e1rozat<\/a><\/li>\n<li><a href=\"https:\/\/semmelweis.hu\/ekk\/files\/2023\/10\/EKK-KT-hat_501_2022_VII_06.pdf\">501. sz\u00e1m\u00fa Kari Tan\u00e1cs hat\u00e1rozat<\/a><\/li>\n<\/ul>\n<h5>2022. j\u00falius 1.<\/h5>\n<ul>\n<li><a href=\"https:\/\/semmelweis.hu\/ekk\/files\/2023\/10\/EKK-KT-hat_500_a-2022_VII_01.pdf\">500. a. sz\u00e1m\u00fa Kari Tan\u00e1cs hat\u00e1rozat<\/a><\/li>\n<li><a href=\"https:\/\/semmelweis.hu\/ekk\/files\/2023\/10\/EKK-KT-hat_500_b-2022_VII_01.pdf\">500. b. sz\u00e1m\u00fa Kari Tan\u00e1cs hat\u00e1rozat<\/a><\/li>\n<li><a href=\"https:\/\/semmelweis.hu\/ekk\/files\/2023\/10\/EKK-KT-hat_499_2022_VII_01.pdf\">499. sz\u00e1m\u00fa Kari Tan\u00e1cs hat\u00e1rozat<\/a><\/li>\n<li><a href=\"https:\/\/semmelweis.hu\/ekk\/files\/2023\/10\/EKK-KT-hat_498_2022_VII_01.pdf\">498. sz\u00e1m\u00fa Kari Tan\u00e1cs hat\u00e1rozat<\/a><\/li>\n<li><a href=\"https:\/\/semmelweis.hu\/ekk\/files\/2023\/10\/EKK-KT-hat_497_2022_VII_01.pdf\">497. sz\u00e1m\u00fa Kari Tan\u00e1cs hat\u00e1rozat<\/a><\/li>\n<li><a href=\"https:\/\/semmelweis.hu\/ekk\/files\/2023\/10\/EKK-KT-hat_496-2022_VII_01.pdf\">496. sz\u00e1m\u00fa Kari Tan\u00e1cs hat\u00e1rozat<\/a><\/li>\n<li><a href=\"https:\/\/semmelweis.hu\/ekk\/files\/2023\/10\/EKK-KT-hat_495-2022_VII_01.pdf\">495. sz\u00e1m\u00fa Kari Tan\u00e1cs hat\u00e1rozat<\/a><\/li>\n<\/ul>\n<h5>2022. m\u00e1jus 31.<\/h5>\n<ul>\n<li><a href=\"https:\/\/semmelweis.hu\/ekk\/files\/2023\/10\/EKK-KT-hat_494-2022_V_31.pdf\">494. sz\u00e1m\u00fa Kari Tan\u00e1cs hat\u00e1rozat<\/a><\/li>\n<li><a href=\"https:\/\/semmelweis.hu\/ekk\/files\/2023\/10\/EKK-KT-hat_493-2022_V_31.pdf\">493. sz\u00e1m\u00fa Kari Tan\u00e1cs hat\u00e1rozat<\/a><\/li>\n<li><a href=\"https:\/\/semmelweis.hu\/ekk\/files\/2023\/10\/EKK-KT-hat_492-2022_V_31.pdf\">492. sz\u00e1m\u00fa Kari Tan\u00e1cs hat\u00e1rozat<\/a><\/li>\n<\/ul>\n<p><span style=\"color: #313b40;font-family: Montserrat, sans-serif;font-weight: bold\">2022. m\u00e1jus 24.<\/span><\/p>\n<ul>\n<li><a href=\"https:\/\/semmelweis.hu\/ekk\/files\/2023\/10\/EKK-KT-hat_491-2022_V_24.pdf\">491. sz\u00e1m\u00fa Kari Tan\u00e1cs hat\u00e1rozat<\/a><\/li>\n<li><a href=\"https:\/\/semmelweis.hu\/ekk\/files\/2023\/10\/EKK-KT-hat_490-2022_V_24.pdf\">490. sz\u00e1m\u00fa Kari Tan\u00e1cs hat\u00e1rozat<\/a><\/li>\n<li><a href=\"https:\/\/semmelweis.hu\/ekk\/files\/2023\/10\/EKK-KT-hat_489-2022_V-24.pdf\">489. sz\u00e1m\u00fa Kari Tan\u00e1cs hat\u00e1rozat<\/a><\/li>\n<\/ul>\n<h5>2022. \u00e1prilis 17.<\/h5>\n<ul>\n<li><a href=\"https:\/\/semmelweis.hu\/ekk\/files\/2023\/10\/EKK-KT-hat_488_2022_IV_17.pdf\">488. sz\u00e1m\u00fa Kari Tan\u00e1cs hat\u00e1rozat<\/a><\/li>\n<li><a href=\"https:\/\/semmelweis.hu\/ekk\/files\/2023\/10\/EKK-KT-hat_487_2022_IV_17.pdf\">487. sz\u00e1m\u00fa Kari Tan\u00e1cs hat\u00e1rozat<\/a><\/li>\n<li><a href=\"https:\/\/semmelweis.hu\/ekk\/files\/2023\/10\/EKK-KT-hat_486_2022_IV_17.pdf\">486. sz\u00e1m\u00fa Kari Tan\u00e1cs hat\u00e1rozat<\/a><\/li>\n<li><a href=\"https:\/\/semmelweis.hu\/ekk\/files\/2023\/10\/EKK-KT-hat_485_2022_IV_17.pdf\">485. sz\u00e1m\u00fa Kari Tan\u00e1cs hat\u00e1rozat<\/a><\/li>\n<\/ul>\n<h5>2022. febru\u00e1r 21.<\/h5>\n<ul>\n<li><a href=\"https:\/\/semmelweis.hu\/ekk\/files\/2023\/10\/EKK-KT-hat_484-2022_II_21.pdf\">484. sz\u00e1m\u00fa Kari Tan\u00e1cs hat\u00e1rozat<\/a><\/li>\n<li><a href=\"https:\/\/semmelweis.hu\/ekk\/files\/2023\/10\/EKK-KT-hat_483-2022_II_21.pdf\">483. sz\u00e1m\u00fa Kari Tan\u00e1cs hat\u00e1rozat<\/a><\/li>\n<li><a href=\"https:\/\/semmelweis.hu\/ekk\/files\/2023\/10\/EKK-KT-hat_482-2022_II_21.pdf\">482. sz\u00e1m\u00fa Kari Tan\u00e1cs hat\u00e1rozat<\/a><\/li>\n<li><a href=\"https:\/\/semmelweis.hu\/ekk\/files\/2023\/10\/EKK-KT-hat_481-2022_II-21.pdf\">481. sz\u00e1m\u00fa Kari Tan\u00e1cs hat\u00e1rozat<\/a><\/li>\n<li><a href=\"https:\/\/semmelweis.hu\/ekk\/files\/2023\/10\/EKK-KT-hat_480-2022_II-21.pdf\">480. sz\u00e1m\u00fa Kari Tan\u00e1cs hat\u00e1rozat<\/a><\/li>\n<li><a href=\"https:\/\/semmelweis.hu\/ekk\/files\/2023\/10\/EKK-KT-hat_479-2022_II-21.pdf\">479. sz\u00e1m\u00fa Kari Tan\u00e1cs hat\u00e1rozat<\/a><\/li>\n<li><a href=\"https:\/\/semmelweis.hu\/ekk\/files\/2023\/10\/EKK-KT-hat_478-2022_II-21.pdf\">478. sz\u00e1m\u00fa Kari Tan\u00e1cs hat\u00e1rozat<\/a><\/li>\n<\/ul>\n<p>&nbsp;<\/p>\n<p>&nbsp;<\/p>\n<p>&nbsp;<\/p>\n<p>&nbsp;<\/p>\n<p>&nbsp;<\/p>\n<p>&nbsp;<\/p>\n<p>&nbsp;<\/p>\n<p>&nbsp;<\/p>\n","protected":false},"excerpt":{"rendered":"<p>2022. december 12. <a href=\"https:\/\/semmelweis.hu\/ekk\/files\/2023\/10\/EKK-KT-hat_510_2022_XII_12.pdf\">510. sz\u00e1m\u00fa Kari Tan\u00e1cs hat\u00e1rozat<\/a> <a href=\"https:\/\/semmelweis.hu\/ekk\/files\/2023\/10\/EKK-KT-hat_509_2022_XII_12.pdf\">509. sz\u00e1m\u00fa Kari Tan\u00e1cs hat\u00e1rozat<\/a> <a href=\"https:\/\/semmelweis.hu\/ekk\/files\/2023\/10\/EKK-KT-hat_508_2022_XII_12.pdf\">508. sz\u00e1m\u00fa Kari Tan\u00e1cs hat\u00e1rozat<\/a> <a href=\"https:\/\/semmelweis.hu\/ekk\/files\/2023\/10\/EKK-KT-hat_507_2022_XII_12.pdf\">507. sz\u00e1m\u00fa Kari Tan\u00e1cs hat\u00e1rozat<\/a> <a href=\"https:\/\/semmelweis.hu\/ekk\/files\/2023\/10\/EKK-KT-hat_506_2022_XII_12.pdf\">506. sz\u00e1m\u00fa Kari Tan\u00e1cs hat\u00e1rozat<\/a> 2022. december 7. <a href=\"https:\/\/semmelweis.hu\/ekk\/files\/2023\/10\/EKK-KT-hat_505_2022_XII_07.pdf\">505. sz\u00e1m\u00fa Kari Tan\u00e1cs hat\u00e1rozat<\/a> 2022. november 10. <a href=\"https:\/\/semmelweis.hu\/ekk\/files\/2023\/10\/EKK-KT-hat_504_2022_XI_10.pdf\">504. sz\u00e1m\u00fa Kari Tan\u00e1cs hat\u00e1rozat<\/a> 2022. szeptember 30. <a href=\"https:\/\/semmelweis.hu\/ekk\/files\/2023\/10\/EKK-KT-hat_503-2022_IX_30.pdf\">503. sz\u00e1m\u00fa Kari Tan\u00e1cs hat\u00e1rozat<\/a> 2022. j\u00falius 6. <a href=\"https:\/\/semmelweis.hu\/ekk\/files\/2023\/10\/EKK-KT-hat_502_2022_VII_06.pdf\">502. sz\u00e1m\u00fa Kari Tan\u00e1cs hat\u00e1rozat<\/a> <a href=\"https:\/\/semmelweis.hu\/ekk\/files\/2023\/10\/EKK-KT-hat_501_2022_VII_06.pdf\">501. sz\u00e1m\u00fa Kari Tan\u00e1cs hat\u00e1rozat<\/a> 2022. j\u00falius 1. <a href=\"https:\/\/semmelweis.hu\/ekk\/files\/2023\/10\/EKK-KT-hat_500_a-2022_VII_01.pdf\">500. a. sz\u00e1m\u00fa Kari Tan\u00e1cs hat\u00e1rozat<\/a> <a href=\"https:\/\/semmelweis.hu\/ekk\/files\/2023\/10\/EKK-KT-hat_500_b-2022_VII_01.pdf\">500. b. sz\u00e1m\u00fa Kari Tan\u00e1cs hat\u00e1rozat<\/a> <a href=\"https:\/\/semmelweis.hu\/ekk\/files\/2023\/10\/EKK-KT-hat_499_2022_VII_01.pdf\">499. sz\u00e1m\u00fa Kari Tan\u00e1cs hat\u00e1rozat<\/a> <a href=\"https:\/\/semmelweis.hu\/ekk\/files\/2023\/10\/EKK-KT-hat_498_2022_VII_01.pdf\">498. sz\u00e1m\u00fa Kari Tan\u00e1cs hat\u00e1rozat<\/a> <a href=\"https:\/\/semmelweis.hu\/ekk\/files\/2023\/10\/EKK-KT-hat_497_2022_VII_01.pdf\">497. sz\u00e1m\u00fa Kari Tan\u00e1cs hat\u00e1rozat<\/a> <a href=\"https:\/\/semmelweis.hu\/ekk\/files\/2023\/10\/EKK-KT-hat_496-2022_VII_01.pdf\">496. sz\u00e1m\u00fa Kari Tan\u00e1cs hat\u00e1rozat<\/a> <a href=\"https:\/\/semmelweis.hu\/ekk\/files\/2023\/10\/EKK-KT-hat_495-2022_VII_01.pdf\">495. sz\u00e1m\u00fa Kari Tan\u00e1cs hat\u00e1rozat<\/a> 2022. m\u00e1jus 31. <a href=\"https:\/\/semmelweis.hu\/ekk\/files\/2023\/10\/EKK-KT-hat_494-2022_V_31.pdf\">494. sz\u00e1m\u00fa Kari Tan\u00e1cs hat\u00e1rozat<\/a> <a href=\"https:\/\/semmelweis.hu\/ekk\/files\/2023\/10\/EKK-KT-hat_493-2022_V_31.pdf\">493. sz\u00e1m\u00fa Kari Tan\u00e1cs hat\u00e1rozat<\/a> <a href=\"https:\/\/semmelweis.hu\/ekk\/files\/2023\/10\/EKK-KT-hat_492-2022_V_31.pdf\">492. sz\u00e1m\u00fa Kari Tan\u00e1cs hat\u00e1rozat<\/a> 2022. m\u00e1jus 24. <a href=\"https:\/\/semmelweis.hu\/ekk\/files\/2023\/10\/EKK-KT-hat_491-2022_V_24.pdf\">491. sz\u00e1m\u00fa Kari Tan\u00e1cs hat\u00e1rozat<\/a> <a href=\"https:\/\/semmelweis.hu\/ekk\/files\/2023\/10\/EKK-KT-hat_490-2022_V_24.pdf\">490. sz\u00e1m\u00fa Kari Tan\u00e1cs hat\u00e1rozat<\/a> <a href=\"https:\/\/semmelweis.hu\/ekk\/files\/2023\/10\/EKK-KT-hat_489-2022_V-24.pdf\">489. sz\u00e1m\u00fa Kari Tan\u00e1cs hat\u00e1rozat<\/a> 2022. \u00e1prilis 17. <a href=\"https:\/\/semmelweis.hu\/ekk\/files\/2023\/10\/EKK-KT-hat_488_2022_IV_17.pdf\">488. sz\u00e1m\u00fa Kari Tan\u00e1cs hat\u00e1rozat<\/a> <a href=\"https:\/\/semmelweis.hu\/ekk\/files\/2023\/10\/EKK-KT-hat_487_2022_IV_17.pdf\">487. sz\u00e1m\u00fa Kari Tan\u00e1cs hat\u00e1rozat<\/a> <a href=\"https:\/\/semmelweis.hu\/ekk\/files\/2023\/10\/EKK-KT-hat_486_2022_IV_17.pdf\">486. sz\u00e1m\u00fa Kari Tan\u00e1cs hat\u00e1rozat<\/a> <a href=\"https:\/\/semmelweis.hu\/ekk\/files\/2023\/10\/EKK-KT-hat_485_2022_IV_17.pdf\">485. sz\u00e1m\u00fa Kari Tan\u00e1cs hat\u00e1rozat<\/a> 2022. febru\u00e1r 21. <a href=\"https:\/\/semmelweis.hu\/ekk\/files\/2023\/10\/EKK-KT-hat_484-2022_II_21.pdf\">484. sz\u00e1m\u00fa Kari Tan\u00e1cs hat\u00e1rozat<\/a> <a href=\"https:\/\/semmelweis.hu\/ekk\/files\/2023\/10\/EKK-KT-hat_483-2022_II_21.pdf\">483. sz\u00e1m\u00fa Kari Tan\u00e1cs hat\u00e1rozat<\/a> <a href=\"https:\/\/semmelweis.hu\/ekk\/files\/2023\/10\/EKK-KT-hat_482-2022_II_21.pdf\">482. sz\u00e1m\u00fa Kari Tan\u00e1cs hat\u00e1rozat<\/a> <a href=\"https:\/\/semmelweis.hu\/ekk\/files\/2023\/10\/EKK-KT-hat_481-2022_II-21.pdf\">481. sz\u00e1m\u00fa Kari Tan\u00e1cs hat\u00e1rozat<\/a> <a href=\"https:\/\/semmelweis.hu\/ekk\/files\/2023\/10\/EKK-KT-hat_480-2022_II-21.pdf\">480. sz\u00e1m\u00fa Kari Tan\u00e1cs hat\u00e1rozat<\/a> <a href=\"https:\/\/semmelweis.hu\/ekk\/files\/2023\/10\/EKK-KT-hat_479-2022_II-21.pdf\">479. sz\u00e1m\u00fa Kari Tan\u00e1cs hat\u00e1rozat<\/a> <a href=\"https:\/\/semmelweis.hu\/ekk\/files\/2023\/10\/EKK-KT-hat_478-2022_II-21.pdf\">478. sz\u00e1m\u00fa Kari Tan\u00e1cs hat\u00e1rozat<\/a> &nbsp; &nbsp; &nbsp; &nbsp; &nbsp; &nbsp; &nbsp; &hellip;<\/p>\n","protected":false},"author":101539,"featured_media":0,"parent":3275,"menu_order":4,"comment_status":"closed","ping_status":"closed","template":"","meta":{"_acf_changed":false,"footnotes":""},"categories":[],"tags":[],"class_list":["post-4825","page","type-page","status-publish","hentry"],"acf":[],"_links":{"self":[{"href":"https:\/\/semmelweis.hu\/ekk\/wp-json\/wp\/v2\/pages\/4825","targetHints":{"allow":["GET"]}}],"collection":[{"href":"https:\/\/semmelweis.hu\/ekk\/wp-json\/wp\/v2\/pages"}],"about":[{"href":"https:\/\/semmelweis.hu\/ekk\/wp-json\/wp\/v2\/types\/page"}],"author":[{"embeddable":true,"href":"https:\/\/semmelweis.hu\/ekk\/wp-json\/wp\/v2\/users\/101539"}],"replies":[{"embeddable":true,"href":"https:\/\/semmelweis.hu\/ekk\/wp-json\/wp\/v2\/comments?post=4825"}],"version-history":[{"count":8,"href":"https:\/\/semmelweis.hu\/ekk\/wp-json\/wp\/v2\/pages\/4825\/revisions"}],"predecessor-version":[{"id":4891,"href":"https:\/\/semmelweis.hu\/ekk\/wp-json\/wp\/v2\/pages\/4825\/revisions\/4891"}],"up":[{"embeddable":true,"href":"https:\/\/semmelweis.hu\/ekk\/wp-json\/wp\/v2\/pages\/3275"}],"wp:attachment":[{"href":"https:\/\/semmelweis.hu\/ekk\/wp-json\/wp\/v2\/media?parent=4825"}],"wp:term":[{"taxonomy":"category","embeddable":true,"href":"https:\/\/semmelweis.hu\/ekk\/wp-json\/wp\/v2\/categories?post=4825"},{"taxonomy":"post_tag","embeddable":true,"href":"https:\/\/semmelweis.hu\/ekk\/wp-json\/wp\/v2\/tags?post=4825"}],"curies":[{"name":"wp","href":"https:\/\/api.w.org\/{rel}","templated":true}]}}