{"id":4822,"date":"2023-09-22T12:52:05","date_gmt":"2023-09-22T10:52:05","guid":{"rendered":"https:\/\/semmelweis.hu\/ekk\/?page_id=4822"},"modified":"2026-01-08T14:00:05","modified_gmt":"2026-01-08T13:00:05","slug":"2023-evi-kari-tanacs-hatarozatok","status":"publish","type":"page","link":"https:\/\/semmelweis.hu\/ekk\/a-karrol\/kari-tanacs\/kari-tanacs-hatarozatok\/2023-evi-kari-tanacs-hatarozatok\/","title":{"rendered":"2023. \u00e9vi Kari Tan\u00e1cs hat\u00e1rozatok"},"content":{"rendered":"<h5>2023. december 13.<\/h5>\n<ul>\n<li><a href=\"https:\/\/semmelweis.hu\/ekk\/files\/2023\/12\/EKK-KT-hat_559_2023_XII_13.pdf\">559. sz\u00e1m\u00fa Kari Tan\u00e1cs hat\u00e1rozat<\/a><\/li>\n<\/ul>\n<h5>2023. december 11.<\/h5>\n<ul>\n<li><a href=\"https:\/\/semmelweis.hu\/ekk\/files\/2023\/12\/EKK-KT-hat_558_2023_XII_11.pdf\">558. sz\u00e1m\u00fa Kari Tan\u00e1cs hat\u00e1rozat<\/a><\/li>\n<li><a href=\"https:\/\/semmelweis.hu\/ekk\/files\/2023\/12\/EKK-KT-hat_557_2023_XII_11.pdf\">557. sz\u00e1m\u00fa Kari Tan\u00e1cs hat\u00e1rozat<\/a><\/li>\n<li><a href=\"https:\/\/semmelweis.hu\/ekk\/files\/2023\/12\/EKK-KT-hat_556-2023_XII_11.pdf\">556. sz\u00e1m\u00fa Kari Tan\u00e1cs hat\u00e1rozat<\/a><\/li>\n<li><a href=\"https:\/\/semmelweis.hu\/ekk\/files\/2023\/12\/EKK-KT-hat_555_a-2023_XII_11.pdf\">555. a. sz\u00e1m\u00fa Kari Tan\u00e1cs hat\u00e1rozat<\/a><\/li>\n<li><a href=\"https:\/\/semmelweis.hu\/ekk\/files\/2023\/12\/EKK-KT-hat_555_b-2023_XII_11.pdf\">555. b. sz\u00e1m\u00fa Kari Tan\u00e1cs hat\u00e1rozat<\/a><\/li>\n<\/ul>\n<h5>2023. november 20.<\/h5>\n<ul>\n<li><a href=\"https:\/\/semmelweis.hu\/ekk\/files\/2023\/11\/EKK-KT-hat_554-2023_XI-20.pdf\">554. sz\u00e1m\u00fa Kari Tan\u00e1cs hat\u00e1rozat<\/a><\/li>\n<li><a href=\"https:\/\/semmelweis.hu\/ekk\/files\/2023\/11\/EKK-KT-hat_553-2023_XI-20.pdf\">553. sz\u00e1m\u00fa Kari Tan\u00e1cs hat\u00e1rozat<\/a><\/li>\n<li><a href=\"https:\/\/semmelweis.hu\/ekk\/files\/2023\/11\/EKK-KT-hat_552-2023_XI-20.pdf\">552. sz\u00e1m\u00fa Kari Tan\u00e1cs hat\u00e1rozat<\/a><\/li>\n<\/ul>\n<h5>2023. okt\u00f3ber 18.<\/h5>\n<ul>\n<li><a href=\"https:\/\/semmelweis.hu\/ekk\/files\/2023\/10\/EKK-KT-hat_551-2023_X-18.pdf\">551. sz\u00e1m\u00fa Kari Tan\u00e1cs hat\u00e1rozat<\/a><\/li>\n<\/ul>\n<h5>2023. okt\u00f3ber 10.<\/h5>\n<ul>\n<li><a href=\"https:\/\/semmelweis.hu\/ekk\/files\/2023\/10\/EKK-KT-hat_550-2023_X-10.pdf\">550. sz\u00e1m\u00fa Kari Tan\u00e1cs hat\u00e1rozat<\/a><\/li>\n<\/ul>\n<h5>2023. okt\u00f3ber 2.<\/h5>\n<ul>\n<li><a href=\"https:\/\/semmelweis.hu\/ekk\/files\/2023\/10\/EKK-KT-hat_549_2023_X_02.pdf\">549. sz\u00e1m\u00fa Kari Tan\u00e1cs hat\u00e1rozat<\/a><\/li>\n<li><a href=\"https:\/\/semmelweis.hu\/ekk\/files\/2023\/10\/EKK-KT-hat_548_2023_X_02.pdf\">548. sz\u00e1m\u00fa Kari Tan\u00e1cs hat\u00e1rozat<\/a><\/li>\n<li><a href=\"https:\/\/semmelweis.hu\/ekk\/files\/2023\/10\/EKK-KT-hat_547-2023_X-02-1.pdf\">547. sz\u00e1m\u00fa Kari Tan\u00e1cs hat\u00e1rozat<\/a><\/li>\n<li><a href=\"https:\/\/semmelweis.hu\/ekk\/files\/2023\/10\/EKK-KT-hat_546-2023_X_02.pdf\">546. sz\u00e1m\u00fa Kari Tan\u00e1cs hat\u00e1rozat<\/a><\/li>\n<li><a href=\"https:\/\/semmelweis.hu\/ekk\/files\/2023\/10\/EKK-KT-hat_545-2023_X_02.pdf\">545. sz\u00e1m\u00fa Kari Tan\u00e1cs hat\u00e1rozat<\/a><\/li>\n<li><a href=\"https:\/\/semmelweis.hu\/ekk\/files\/2023\/10\/EKK-KT-hat_544-2023_X_02.pdf\">544. sz\u00e1m\u00fa Kari Tan\u00e1cs hat\u00e1rozat<\/a><\/li>\n<li><a href=\"https:\/\/semmelweis.hu\/ekk\/files\/2023\/10\/EKK-KT-hat_543-2023_X_02.pdf\">543. sz\u00e1m\u00fa Kari Tan\u00e1cs hat\u00e1rozat<\/a><\/li>\n<li><a href=\"https:\/\/semmelweis.hu\/ekk\/files\/2023\/10\/EKK-KT-hat_542-2023_X_02.pdf\">542. sz\u00e1m\u00fa Kari Tan\u00e1cs hat\u00e1rozat<\/a><\/li>\n<li><a href=\"https:\/\/semmelweis.hu\/ekk\/files\/2023\/10\/EKK-KT-hat_541-2023_X_02.pdf\">541. sz\u00e1m\u00fa Kari Tan\u00e1cs hat\u00e1rozat<\/a><\/li>\n<li><a href=\"https:\/\/semmelweis.hu\/ekk\/files\/2023\/10\/EKK-KT-hat_540-2023_X_02.pdf\">540. sz\u00e1m\u00fa Kari Tan\u00e1cs hat\u00e1rozat<\/a><\/li>\n<li><a href=\"https:\/\/semmelweis.hu\/ekk\/files\/2023\/10\/EKK-KT-hat_539-2023_X_02.pdf\">539. sz\u00e1m\u00fa Kari Tan\u00e1cs hat\u00e1rozat<\/a><\/li>\n<li><a href=\"https:\/\/semmelweis.hu\/ekk\/files\/2023\/10\/EKK-KT-hat_538-2023_X_02.pdf\">538. sz\u00e1m\u00fa Kari Tan\u00e1cs hat\u00e1rozat<\/a><\/li>\n<li><a href=\"https:\/\/semmelweis.hu\/ekk\/files\/2023\/10\/EKK-KT-hat_537-2023_X_02.pdf\">537. sz\u00e1m\u00fa Kari Tan\u00e1cs hat\u00e1rozat<\/a><\/li>\n<\/ul>\n<h5>2023. szeptember 25.<\/h5>\n<ul>\n<li><a href=\"https:\/\/semmelweis.hu\/ekk\/files\/2023\/09\/EKK-KT-hat_536_a-2023_IX_25.pdf\">536.a. sz\u00e1m\u00fa Kari Tan\u00e1cs hat\u00e1rozat<\/a><\/li>\n<li><a href=\"https:\/\/semmelweis.hu\/ekk\/files\/2023\/09\/EKK-KT-hat_536_b-2023_IX_25.pdf\">536.b. sz\u00e1m\u00fa Kari Tan\u00e1cs hat\u00e1rozat<\/a><\/li>\n<\/ul>\n<h5>2023. augusztus 31.<\/h5>\n<ul>\n<li><a href=\"https:\/\/semmelweis.hu\/ekk\/files\/2023\/09\/EKK-KT-hat_535-2023_VIII_31.pdf\">535. sz\u00e1m\u00fa Kari Tan\u00e1cs hat\u00e1rozat<\/a><\/li>\n<li><a href=\"https:\/\/semmelweis.hu\/ekk\/files\/2023\/09\/EKK-KT-hat_534-2023_VIII_31.pdf\">534. sz\u00e1m\u00fa Kari Tan\u00e1cs hat\u00e1rozat<\/a><\/li>\n<li><a href=\"https:\/\/semmelweis.hu\/ekk\/files\/2023\/09\/EKK-KT-hat_533-2023_VIII_31.pdf\">533. sz\u00e1m\u00fa Kari Tan\u00e1cs hat\u00e1rozat<\/a><\/li>\n<li><a href=\"https:\/\/semmelweis.hu\/ekk\/files\/2023\/09\/EKK-KT-hat_532-2023_VIII_31.pdf\">532. sz\u00e1m\u00fa Kari Tan\u00e1cs hat\u00e1rozat<\/a><\/li>\n<li><a href=\"https:\/\/semmelweis.hu\/ekk\/files\/2023\/09\/EKK-KT-hat_531-2023_VIII_31.pdf\">531. sz\u00e1m\u00fa Kari Tan\u00e1cs hat\u00e1rozat<\/a><\/li>\n<li><a href=\"https:\/\/semmelweis.hu\/ekk\/files\/2023\/09\/EKK-KT-hat_530-2023_VIII_31.pdf\">530. sz\u00e1m\u00fa Kari Tan\u00e1cs hat\u00e1rozat<\/a><\/li>\n<li><a href=\"https:\/\/semmelweis.hu\/ekk\/files\/2023\/09\/EKK-KT-hat_529-2023_VIII_31.pdf\">529. sz\u00e1m\u00fa Kari Tan\u00e1cs hat\u00e1rozat<\/a><\/li>\n<li><a href=\"https:\/\/semmelweis.hu\/ekk\/files\/2023\/09\/EKK-KT-hat_528-2023_VIII_31.pdf\">528. sz\u00e1m\u00fa Kari Tan\u00e1cs hat\u00e1rozat<\/a><\/li>\n<li><a href=\"https:\/\/semmelweis.hu\/ekk\/files\/2023\/09\/EKK-KT-hat_527-2023_VIII_31.pdf\">527. sz\u00e1m\u00fa Kari Tan\u00e1cs hat\u00e1rozat<\/a><\/li>\n<\/ul>\n<h5>2023. j\u00fanius 21.<\/h5>\n<ul>\n<li><a href=\"https:\/\/semmelweis.hu\/ekk\/files\/2023\/09\/EKK-KT-hat_526-2023_VI-21.pdf\">526. sz\u00e1m\u00fa Kari Tan\u00e1cs hat\u00e1rozat<\/a><\/li>\n<li><a href=\"https:\/\/semmelweis.hu\/ekk\/files\/2023\/09\/EKK-KT-hat_525-2023_VI-21.pdf\">525. sz\u00e1m\u00fa Kari Tan\u00e1cs hat\u00e1rozat<\/a><\/li>\n<\/ul>\n<h5>2023. m\u00e1jus 24.<\/h5>\n<ul>\n<li><a href=\"https:\/\/semmelweis.hu\/ekk\/files\/2023\/09\/EKK-KT-hat_524-2023_V-24-1.pdf\">524. sz\u00e1m\u00fa Kari Tan\u00e1cs hat\u00e1rozat<\/a><\/li>\n<li><a href=\"https:\/\/semmelweis.hu\/ekk\/files\/2023\/09\/EKK-KT-hat_523_2023_V_24.pdf\">523. sz\u00e1m\u00fa Kari Tan\u00e1cs hat\u00e1rozat<\/a><\/li>\n<li><a href=\"https:\/\/semmelweis.hu\/ekk\/files\/2023\/09\/EKK-KT-hat_522_2023_V_24.pdf\">522. sz\u00e1m\u00fa Kari Tan\u00e1cs hat\u00e1rozat<\/a><\/li>\n<\/ul>\n<h5>2023. \u00e1prilis 18.<\/h5>\n<ul>\n<li><a href=\"https:\/\/semmelweis.hu\/ekk\/files\/2023\/09\/EKK-KT-hat_521-2023_IV-18.pdf\">521. sz\u00e1m\u00fa Kari Tan\u00e1cs hat\u00e1rozat<\/a><\/li>\n<li><a href=\"https:\/\/semmelweis.hu\/ekk\/files\/2023\/09\/EKK-KT-hat_520-2023_IV-18.pdf\">520. sz\u00e1m\u00fa Kari Tan\u00e1cs hat\u00e1rozat<\/a><\/li>\n<\/ul>\n<h5>2023. \u00e1prilis 4.<\/h5>\n<ul>\n<li><a href=\"https:\/\/semmelweis.hu\/ekk\/files\/2023\/09\/EKK-KT-hat_519-2023_IV-04.pdf\">519. sz\u00e1m\u00fa Kari Tan\u00e1cs hat\u00e1rozat<\/a><\/li>\n<\/ul>\n<h5>2023. m\u00e1rcius 14.<\/h5>\n<ul>\n<li><a href=\"https:\/\/semmelweis.hu\/ekk\/files\/2023\/09\/EKK-KT-hat_518-2023_III-14.pdf\">518. sz\u00e1m\u00fa Kari Tan\u00e1cs hat\u00e1rozat<\/a><\/li>\n<\/ul>\n<h5>2023. febru\u00e1r 27.<\/h5>\n<ul>\n<li><a href=\"https:\/\/semmelweis.hu\/ekk\/files\/2023\/09\/EKK-KT-hat_517-2023_II-27.pdf\">517. sz\u00e1m\u00fa Kari Tan\u00e1cs hat\u00e1rozat<\/a><\/li>\n<li><a href=\"https:\/\/semmelweis.hu\/ekk\/files\/2023\/09\/EKK-KT-hat_516-2023_II-27.pdf\">516. sz\u00e1m\u00fa Kari Tan\u00e1cs hat\u00e1rozat<\/a><\/li>\n<li><a href=\"https:\/\/semmelweis.hu\/ekk\/files\/2023\/09\/EKK-KT-hat_515-2023_II-27.pdf\">515. sz\u00e1m\u00fa Kari Tan\u00e1cs hat\u00e1rozat<\/a><\/li>\n<\/ul>\n<h5>2023. janu\u00e1r 30.<\/h5>\n<ul>\n<li><a href=\"https:\/\/semmelweis.hu\/ekk\/files\/2023\/09\/EKK-KT-hat_514_a-2023_I_30.pdf\">514. a. sz\u00e1m\u00fa Kari Tan\u00e1cs hat\u00e1rozat<\/a><\/li>\n<li><a href=\"https:\/\/semmelweis.hu\/ekk\/files\/2023\/09\/EKK-KT-hat_514_b-2023_I_30.pdf\">514. b. sz\u00e1m\u00fa Kari Tan\u00e1cs hat\u00e1rozat<\/a><\/li>\n<\/ul>\n<h5>2023. janu\u00e1r 23.<\/h5>\n<ul>\n<li><a href=\"https:\/\/semmelweis.hu\/ekk\/files\/2023\/09\/EKK-KT-hat_513-2023_I_23.pdf\">513. sz\u00e1m\u00fa Kari Tan\u00e1cs hat\u00e1rozat<\/a><\/li>\n<li><a href=\"https:\/\/semmelweis.hu\/ekk\/files\/2023\/09\/EKK-KT-hat_512-2023_I_23.pdf\">512. sz\u00e1m\u00fa Kari Tan\u00e1cs hat\u00e1rozat<\/a><\/li>\n<li><a href=\"https:\/\/semmelweis.hu\/ekk\/files\/2023\/09\/EKK-KT-hat_511_a-2023_I_23.pdf\">511. a. sz\u00e1m\u00fa Kari Tan\u00e1cs hat\u00e1rozat<\/a><\/li>\n<li><a href=\"https:\/\/semmelweis.hu\/ekk\/files\/2023\/09\/EKK-KT-hat_511_b-2023_I_23.pdf\">511. b. sz\u00e1m\u00fa Kari Tan\u00e1cs hat\u00e1rozat<\/a><\/li>\n<\/ul>\n","protected":false},"excerpt":{"rendered":"<p>2023. december 13. <a href=\"https:\/\/semmelweis.hu\/ekk\/files\/2023\/12\/EKK-KT-hat_559_2023_XII_13.pdf\">559. sz\u00e1m\u00fa Kari Tan\u00e1cs hat\u00e1rozat<\/a> 2023. december 11. <a href=\"https:\/\/semmelweis.hu\/ekk\/files\/2023\/12\/EKK-KT-hat_558_2023_XII_11.pdf\">558. sz\u00e1m\u00fa Kari Tan\u00e1cs hat\u00e1rozat<\/a> <a href=\"https:\/\/semmelweis.hu\/ekk\/files\/2023\/12\/EKK-KT-hat_557_2023_XII_11.pdf\">557. sz\u00e1m\u00fa Kari Tan\u00e1cs hat\u00e1rozat<\/a> <a href=\"https:\/\/semmelweis.hu\/ekk\/files\/2023\/12\/EKK-KT-hat_556-2023_XII_11.pdf\">556. sz\u00e1m\u00fa Kari Tan\u00e1cs hat\u00e1rozat<\/a> <a href=\"https:\/\/semmelweis.hu\/ekk\/files\/2023\/12\/EKK-KT-hat_555_a-2023_XII_11.pdf\">555. a. sz\u00e1m\u00fa Kari Tan\u00e1cs hat\u00e1rozat<\/a> <a href=\"https:\/\/semmelweis.hu\/ekk\/files\/2023\/12\/EKK-KT-hat_555_b-2023_XII_11.pdf\">555. b. sz\u00e1m\u00fa Kari Tan\u00e1cs hat\u00e1rozat<\/a> 2023. november 20. <a href=\"https:\/\/semmelweis.hu\/ekk\/files\/2023\/11\/EKK-KT-hat_554-2023_XI-20.pdf\">554. sz\u00e1m\u00fa Kari Tan\u00e1cs hat\u00e1rozat<\/a> <a href=\"https:\/\/semmelweis.hu\/ekk\/files\/2023\/11\/EKK-KT-hat_553-2023_XI-20.pdf\">553. sz\u00e1m\u00fa Kari Tan\u00e1cs hat\u00e1rozat<\/a> <a href=\"https:\/\/semmelweis.hu\/ekk\/files\/2023\/11\/EKK-KT-hat_552-2023_XI-20.pdf\">552. sz\u00e1m\u00fa Kari Tan\u00e1cs hat\u00e1rozat<\/a> 2023. okt\u00f3ber 18. <a href=\"https:\/\/semmelweis.hu\/ekk\/files\/2023\/10\/EKK-KT-hat_551-2023_X-18.pdf\">551. sz\u00e1m\u00fa Kari Tan\u00e1cs hat\u00e1rozat<\/a> 2023. okt\u00f3ber 10. <a href=\"https:\/\/semmelweis.hu\/ekk\/files\/2023\/10\/EKK-KT-hat_550-2023_X-10.pdf\">550. sz\u00e1m\u00fa Kari Tan\u00e1cs hat\u00e1rozat<\/a> 2023. okt\u00f3ber 2. <a href=\"https:\/\/semmelweis.hu\/ekk\/files\/2023\/10\/EKK-KT-hat_549_2023_X_02.pdf\">549. sz\u00e1m\u00fa Kari Tan\u00e1cs hat\u00e1rozat<\/a> <a href=\"https:\/\/semmelweis.hu\/ekk\/files\/2023\/10\/EKK-KT-hat_548_2023_X_02.pdf\">548. sz\u00e1m\u00fa Kari Tan\u00e1cs hat\u00e1rozat<\/a> <a href=\"https:\/\/semmelweis.hu\/ekk\/files\/2023\/10\/EKK-KT-hat_547-2023_X-02-1.pdf\">547. sz\u00e1m\u00fa Kari Tan\u00e1cs hat\u00e1rozat<\/a> <a href=\"https:\/\/semmelweis.hu\/ekk\/files\/2023\/10\/EKK-KT-hat_546-2023_X_02.pdf\">546. sz\u00e1m\u00fa Kari Tan\u00e1cs hat\u00e1rozat<\/a> <a href=\"https:\/\/semmelweis.hu\/ekk\/files\/2023\/10\/EKK-KT-hat_545-2023_X_02.pdf\">545. sz\u00e1m\u00fa Kari Tan\u00e1cs hat\u00e1rozat<\/a> <a href=\"https:\/\/semmelweis.hu\/ekk\/files\/2023\/10\/EKK-KT-hat_544-2023_X_02.pdf\">544. sz\u00e1m\u00fa Kari Tan\u00e1cs hat\u00e1rozat<\/a> <a href=\"https:\/\/semmelweis.hu\/ekk\/files\/2023\/10\/EKK-KT-hat_543-2023_X_02.pdf\">543. sz\u00e1m\u00fa Kari Tan\u00e1cs hat\u00e1rozat<\/a> <a href=\"https:\/\/semmelweis.hu\/ekk\/files\/2023\/10\/EKK-KT-hat_542-2023_X_02.pdf\">542. sz\u00e1m\u00fa Kari Tan\u00e1cs hat\u00e1rozat<\/a> <a href=\"https:\/\/semmelweis.hu\/ekk\/files\/2023\/10\/EKK-KT-hat_541-2023_X_02.pdf\">541. sz\u00e1m\u00fa Kari Tan\u00e1cs hat\u00e1rozat<\/a> <a href=\"https:\/\/semmelweis.hu\/ekk\/files\/2023\/10\/EKK-KT-hat_540-2023_X_02.pdf\">540. sz\u00e1m\u00fa Kari Tan\u00e1cs hat\u00e1rozat<\/a> <a href=\"https:\/\/semmelweis.hu\/ekk\/files\/2023\/10\/EKK-KT-hat_539-2023_X_02.pdf\">539. sz\u00e1m\u00fa Kari Tan\u00e1cs hat\u00e1rozat<\/a> <a href=\"https:\/\/semmelweis.hu\/ekk\/files\/2023\/10\/EKK-KT-hat_538-2023_X_02.pdf\">538. sz\u00e1m\u00fa Kari Tan\u00e1cs hat\u00e1rozat<\/a> <a href=\"https:\/\/semmelweis.hu\/ekk\/files\/2023\/10\/EKK-KT-hat_537-2023_X_02.pdf\">537. sz\u00e1m\u00fa Kari Tan\u00e1cs hat\u00e1rozat<\/a> 2023. szeptember 25. <a href=\"https:\/\/semmelweis.hu\/ekk\/files\/2023\/09\/EKK-KT-hat_536_a-2023_IX_25.pdf\">536.a. sz\u00e1m\u00fa Kari Tan\u00e1cs hat\u00e1rozat<\/a> <a href=\"https:\/\/semmelweis.hu\/ekk\/files\/2023\/09\/EKK-KT-hat_536_b-2023_IX_25.pdf\">536.b. sz\u00e1m\u00fa Kari Tan\u00e1cs hat\u00e1rozat<\/a> 2023. augusztus 31. <a href=\"https:\/\/semmelweis.hu\/ekk\/files\/2023\/09\/EKK-KT-hat_535-2023_VIII_31.pdf\">535. sz\u00e1m\u00fa Kari Tan\u00e1cs hat\u00e1rozat<\/a> <a href=\"https:\/\/semmelweis.hu\/ekk\/files\/2023\/09\/EKK-KT-hat_534-2023_VIII_31.pdf\">534. sz\u00e1m\u00fa Kari Tan\u00e1cs hat\u00e1rozat<\/a> <a href=\"https:\/\/semmelweis.hu\/ekk\/files\/2023\/09\/EKK-KT-hat_533-2023_VIII_31.pdf\">533. sz\u00e1m\u00fa Kari Tan\u00e1cs hat\u00e1rozat<\/a> <a href=\"https:\/\/semmelweis.hu\/ekk\/files\/2023\/09\/EKK-KT-hat_532-2023_VIII_31.pdf\">532. sz\u00e1m\u00fa Kari Tan\u00e1cs hat\u00e1rozat<\/a> <a href=\"https:\/\/semmelweis.hu\/ekk\/files\/2023\/09\/EKK-KT-hat_531-2023_VIII_31.pdf\">531. sz\u00e1m\u00fa Kari Tan\u00e1cs hat\u00e1rozat<\/a> <a href=\"https:\/\/semmelweis.hu\/ekk\/files\/2023\/09\/EKK-KT-hat_530-2023_VIII_31.pdf\">530. sz\u00e1m\u00fa Kari Tan\u00e1cs hat\u00e1rozat<\/a> <a href=\"https:\/\/semmelweis.hu\/ekk\/files\/2023\/09\/EKK-KT-hat_529-2023_VIII_31.pdf\">529. sz\u00e1m\u00fa Kari Tan\u00e1cs hat\u00e1rozat<\/a> <a href=\"https:\/\/semmelweis.hu\/ekk\/files\/2023\/09\/EKK-KT-hat_528-2023_VIII_31.pdf\">528. sz\u00e1m\u00fa Kari Tan\u00e1cs hat\u00e1rozat<\/a> <a href=\"https:\/\/semmelweis.hu\/ekk\/files\/2023\/09\/EKK-KT-hat_527-2023_VIII_31.pdf\">527. sz\u00e1m\u00fa Kari Tan\u00e1cs hat\u00e1rozat<\/a> 2023. j\u00fanius 21. <a href=\"https:\/\/semmelweis.hu\/ekk\/files\/2023\/09\/EKK-KT-hat_526-2023_VI-21.pdf\">526. sz\u00e1m\u00fa Kari Tan\u00e1cs hat\u00e1rozat<\/a> <a href=\"https:\/\/semmelweis.hu\/ekk\/files\/2023\/09\/EKK-KT-hat_525-2023_VI-21.pdf\">525. sz\u00e1m\u00fa Kari Tan\u00e1cs hat\u00e1rozat<\/a> 2023. m\u00e1jus 24. <a href=\"https:\/\/semmelweis.hu\/ekk\/files\/2023\/09\/EKK-KT-hat_524-2023_V-24-1.pdf\">524. sz\u00e1m\u00fa Kari Tan\u00e1cs hat\u00e1rozat<\/a> <a href=\"https:\/\/semmelweis.hu\/ekk\/files\/2023\/09\/EKK-KT-hat_523_2023_V_24.pdf\">523. sz\u00e1m\u00fa Kari Tan\u00e1cs hat\u00e1rozat<\/a> <a href=\"https:\/\/semmelweis.hu\/ekk\/files\/2023\/09\/EKK-KT-hat_522_2023_V_24.pdf\">522. sz\u00e1m\u00fa Kari Tan\u00e1cs hat\u00e1rozat<\/a> 2023. \u00e1prilis 18. <a href=\"https:\/\/semmelweis.hu\/ekk\/files\/2023\/09\/EKK-KT-hat_521-2023_IV-18.pdf\">521. sz\u00e1m\u00fa Kari Tan\u00e1cs hat\u00e1rozat<\/a> <a href=\"https:\/\/semmelweis.hu\/ekk\/files\/2023\/09\/EKK-KT-hat_520-2023_IV-18.pdf\">520. sz\u00e1m\u00fa Kari Tan\u00e1cs hat\u00e1rozat<\/a> 2023. \u00e1prilis 4. <a href=\"https:\/\/semmelweis.hu\/ekk\/files\/2023\/09\/EKK-KT-hat_519-2023_IV-04.pdf\">519. sz\u00e1m\u00fa Kari Tan\u00e1cs hat\u00e1rozat<\/a> 2023. m\u00e1rcius 14. <a href=\"https:\/\/semmelweis.hu\/ekk\/files\/2023\/09\/EKK-KT-hat_518-2023_III-14.pdf\">518. sz\u00e1m\u00fa Kari Tan\u00e1cs hat\u00e1rozat<\/a> 2023. febru\u00e1r 27. <a href=\"https:\/\/semmelweis.hu\/ekk\/files\/2023\/09\/EKK-KT-hat_517-2023_II-27.pdf\">517. sz\u00e1m\u00fa Kari Tan\u00e1cs hat\u00e1rozat<\/a> <a href=\"https:\/\/semmelweis.hu\/ekk\/files\/2023\/09\/EKK-KT-hat_516-2023_II-27.pdf\">516. sz\u00e1m\u00fa Kari Tan\u00e1cs hat\u00e1rozat<\/a> <a href=\"https:\/\/semmelweis.hu\/ekk\/files\/2023\/09\/EKK-KT-hat_515-2023_II-27.pdf\">515. sz\u00e1m\u00fa Kari Tan\u00e1cs hat\u00e1rozat<\/a> 2023. janu\u00e1r 30. <a href=\"https:\/\/semmelweis.hu\/ekk\/files\/2023\/09\/EKK-KT-hat_514_a-2023_I_30.pdf\">514. a. sz\u00e1m\u00fa Kari Tan\u00e1cs hat\u00e1rozat<\/a> <a href=\"https:\/\/semmelweis.hu\/ekk\/files\/2023\/09\/EKK-KT-hat_514_b-2023_I_30.pdf\">514. b. sz\u00e1m\u00fa Kari Tan\u00e1cs hat\u00e1rozat<\/a> 2023. janu\u00e1r 23. <a href=\"https:\/\/semmelweis.hu\/ekk\/files\/2023\/09\/EKK-KT-hat_513-2023_I_23.pdf\">513. sz\u00e1m\u00fa Kari Tan\u00e1cs hat\u00e1rozat<\/a> <a href=\"https:\/\/semmelweis.hu\/ekk\/files\/2023\/09\/EKK-KT-hat_512-2023_I_23.pdf\">512. sz\u00e1m\u00fa Kari Tan\u00e1cs hat\u00e1rozat<\/a> <a href=\"https:\/\/semmelweis.hu\/ekk\/files\/2023\/09\/EKK-KT-hat_511_a-2023_I_23.pdf\">511. a. sz\u00e1m\u00fa Kari Tan\u00e1cs hat\u00e1rozat<\/a> &hellip;<\/p>\n","protected":false},"author":101539,"featured_media":0,"parent":3275,"menu_order":3,"comment_status":"closed","ping_status":"closed","template":"","meta":{"_acf_changed":false,"footnotes":""},"categories":[],"tags":[],"class_list":["post-4822","page","type-page","status-publish","hentry"],"acf":[],"_links":{"self":[{"href":"https:\/\/semmelweis.hu\/ekk\/wp-json\/wp\/v2\/pages\/4822","targetHints":{"allow":["GET"]}}],"collection":[{"href":"https:\/\/semmelweis.hu\/ekk\/wp-json\/wp\/v2\/pages"}],"about":[{"href":"https:\/\/semmelweis.hu\/ekk\/wp-json\/wp\/v2\/types\/page"}],"author":[{"embeddable":true,"href":"https:\/\/semmelweis.hu\/ekk\/wp-json\/wp\/v2\/users\/101539"}],"replies":[{"embeddable":true,"href":"https:\/\/semmelweis.hu\/ekk\/wp-json\/wp\/v2\/comments?post=4822"}],"version-history":[{"count":10,"href":"https:\/\/semmelweis.hu\/ekk\/wp-json\/wp\/v2\/pages\/4822\/revisions"}],"predecessor-version":[{"id":5323,"href":"https:\/\/semmelweis.hu\/ekk\/wp-json\/wp\/v2\/pages\/4822\/revisions\/5323"}],"up":[{"embeddable":true,"href":"https:\/\/semmelweis.hu\/ekk\/wp-json\/wp\/v2\/pages\/3275"}],"wp:attachment":[{"href":"https:\/\/semmelweis.hu\/ekk\/wp-json\/wp\/v2\/media?parent=4822"}],"wp:term":[{"taxonomy":"category","embeddable":true,"href":"https:\/\/semmelweis.hu\/ekk\/wp-json\/wp\/v2\/categories?post=4822"},{"taxonomy":"post_tag","embeddable":true,"href":"https:\/\/semmelweis.hu\/ekk\/wp-json\/wp\/v2\/tags?post=4822"}],"curies":[{"name":"wp","href":"https:\/\/api.w.org\/{rel}","templated":true}]}}