{"id":4538,"date":"2023-07-31T13:02:56","date_gmt":"2023-07-31T11:02:56","guid":{"rendered":"https:\/\/semmelweis.hu\/ekk\/?page_id=4538"},"modified":"2024-11-22T16:18:25","modified_gmt":"2024-11-22T15:18:25","slug":"erasmus","status":"publish","type":"page","link":"https:\/\/semmelweis.hu\/ekk\/osztondijak\/erasmus\/","title":{"rendered":"Erasmus+ \u00f6szt\u00f6nd\u00edj"},"content":{"rendered":"<div class=\"keretes w-100\">\n<p style=\"text-align: justify\">Az Erasmus+ az Eur\u00f3pai Uni\u00f3 oktat\u00e1st, k\u00e9pz\u00e9st, ifj\u00fas\u00e1g\u00fcgyet \u00e9s sportot t\u00e1mogat\u00f3 programja, amelyre p\u00e1ly\u00e1zatot int\u00e9zm\u00e9nyek ny\u00fajthatnak be, az egy\u00e9ni r\u00e9szv\u00e9tel ezeken kereszt\u00fcl val\u00f3sulhat meg. Az Egyetem TEMPUS K\u00f6zalap\u00edtv\u00e1nyhoz beny\u00fajtott p\u00e1ly\u00e1zata a 2023. j\u00falius 1-t\u0151l 2024. j\u00falius 31-ig megval\u00f3sul\u00f3 tanulm\u00e1nyutak anyagi t\u00e1mogat\u00e1s\u00e1r\u00f3l sz\u00f3l.<\/p>\n<\/div>\n<div class=\"w-100\">\n<p>Jelenleg nincs p\u00e1ly\u00e1zati ki\u00edr\u00e1s.<\/p>\n<p>Tov\u00e1bbi inform\u00e1ci\u00f3 a <a href=\"https:\/\/semmelweis.hu\/erasmus\/erasmus\/\">Nemzetk\u00f6zi Mobilit\u00e1si Iroda Erasmus+ oldal\u00e1n<\/a> \u00e9rhet\u0151 el.\u00a0<\/p>\n<\/div>\n","protected":false},"excerpt":{"rendered":"<p>Az Erasmus+ az Eur\u00f3pai Uni\u00f3 oktat\u00e1st, k\u00e9pz\u00e9st, ifj\u00fas\u00e1g\u00fcgyet \u00e9s sportot t\u00e1mogat\u00f3 programja, amelyre p\u00e1ly\u00e1zatot int\u00e9zm\u00e9nyek ny\u00fajthatnak be, az egy\u00e9ni r\u00e9szv\u00e9tel ezeken kereszt\u00fcl val\u00f3sulhat meg. Az Egyetem TEMPUS K\u00f6zalap\u00edtv\u00e1nyhoz beny\u00fajtott p\u00e1ly\u00e1zata a 2023. j\u00falius 1-t\u0151l 2024. j\u00falius 31-ig megval\u00f3sul\u00f3 tanulm\u00e1nyutak anyagi t\u00e1mogat\u00e1s\u00e1r\u00f3l sz\u00f3l.<\/p>\n<p>Jelenleg nincs p\u00e1ly\u00e1zati ki\u00edr\u00e1s.<br \/>\nTov\u00e1bbi inform\u00e1ci\u00f3 a <a href=\"https:\/\/semmelweis.hu\/erasmus\/erasmus\/\">Nemzetk\u00f6zi Mobilit\u00e1si Iroda Erasmus+ oldal\u00e1n<\/a> \u00e9rhet\u0151 el.\u00a0<\/p>\n","protected":false},"author":101539,"featured_media":0,"parent":2679,"menu_order":1,"comment_status":"closed","ping_status":"closed","template":"","meta":{"_acf_changed":false,"footnotes":""},"categories":[],"tags":[],"class_list":["post-4538","page","type-page","status-publish","hentry"],"acf":[],"_links":{"self":[{"href":"https:\/\/semmelweis.hu\/ekk\/wp-json\/wp\/v2\/pages\/4538","targetHints":{"allow":["GET"]}}],"collection":[{"href":"https:\/\/semmelweis.hu\/ekk\/wp-json\/wp\/v2\/pages"}],"about":[{"href":"https:\/\/semmelweis.hu\/ekk\/wp-json\/wp\/v2\/types\/page"}],"author":[{"embeddable":true,"href":"https:\/\/semmelweis.hu\/ekk\/wp-json\/wp\/v2\/users\/101539"}],"replies":[{"embeddable":true,"href":"https:\/\/semmelweis.hu\/ekk\/wp-json\/wp\/v2\/comments?post=4538"}],"version-history":[{"count":10,"href":"https:\/\/semmelweis.hu\/ekk\/wp-json\/wp\/v2\/pages\/4538\/revisions"}],"predecessor-version":[{"id":5571,"href":"https:\/\/semmelweis.hu\/ekk\/wp-json\/wp\/v2\/pages\/4538\/revisions\/5571"}],"up":[{"embeddable":true,"href":"https:\/\/semmelweis.hu\/ekk\/wp-json\/wp\/v2\/pages\/2679"}],"wp:attachment":[{"href":"https:\/\/semmelweis.hu\/ekk\/wp-json\/wp\/v2\/media?parent=4538"}],"wp:term":[{"taxonomy":"category","embeddable":true,"href":"https:\/\/semmelweis.hu\/ekk\/wp-json\/wp\/v2\/categories?post=4538"},{"taxonomy":"post_tag","embeddable":true,"href":"https:\/\/semmelweis.hu\/ekk\/wp-json\/wp\/v2\/tags?post=4538"}],"curies":[{"name":"wp","href":"https:\/\/api.w.org\/{rel}","templated":true}]}}