{"id":4383,"date":"2023-03-30T18:01:20","date_gmt":"2023-03-30T16:01:20","guid":{"rendered":"https:\/\/semmelweis.hu\/ekk\/?page_id=4383"},"modified":"2026-03-19T18:04:59","modified_gmt":"2026-03-19T17:04:59","slug":"adatvedelem","status":"publish","type":"page","link":"https:\/\/semmelweis.hu\/ekk\/a-karrol\/adatvedelem\/","title":{"rendered":"Adatv\u00e9delem"},"content":{"rendered":"<h5 style=\"text-align: justify\">Az Eg\u00e9szs\u00e9g\u00fcgyi K\u00f6zszolg\u00e1lati Kar \u00e1ltal v\u00e9gzett\u00a0szem\u00e9lyes adatkezel\u00e9ssel kapcsolatos inform\u00e1ci\u00f3k<\/h5>\n<div class=\"gmail_default\" style=\"text-align: justify\"><a href=\"https:\/\/semmelweis.hu\/ekk\/files\/2026\/03\/41549-2_EKKDH_2026_EKK_adatkezeles_tajekoztato_hu.pdf\">Az Eg\u00e9szs\u00e9g\u00fcgyi K\u00f6zszolg\u00e1lati Kar adatkezel\u00e9si t\u00e1j\u00e9koztat\u00f3ja (magyar)<\/a><\/div>\n<div><a href=\"https:\/\/semmelweis.hu\/ekk\/files\/2026\/03\/41549-2_EKKDH_2026_EKK_adatkezeles_tajekoztato_szlovak.pdf\">Az Eg\u00e9szs\u00e9g\u00fcgyi K\u00f6zszolg\u00e1lati Kar adatkezel\u00e9si t\u00e1j\u00e9koztat\u00f3ja (szlov\u00e1k)<\/a><\/div>\n<div style=\"text-align: justify\">\u00a0<\/div>\n<div class=\"gmail_default\" style=\"text-align: justify\">1. <a href=\"https:\/\/semmelweis.hu\/ekk\/files\/2024\/01\/13358-5_EKKDH_2024_Adatkezeles_EKK_hallgatoi_magyar.xlsx\">Az adatkezel\u0151\u00a0<b>magyar nyelv\u0171<\/b>\u00a0<b>oktat\u00e1si\u00a0<\/b>feladataival \u00f6sszef\u00fcgg\u0151 adatkezel\u00e9sekkel kapcsolatos inform\u00e1ci\u00f3i<\/a><\/div>\n<div style=\"text-align: justify\">\u00a0<\/div>\n<div class=\"gmail_default\" style=\"text-align: justify\">2.1. <a href=\"https:\/\/semmelweis.hu\/ekk\/files\/2024\/01\/13358-6_EKKDH_2024_Adatkezeles_EKK_hallgatoi_szlovak_hun.xlsx\">Az\u00a0adatkezel\u0151\u00a0<b>szlov\u00e1k nyelv\u0171 oktat\u00e1si<\/b>\u00a0feladataival \u00f6sszef\u00fcgg\u0151 adatkezel\u00e9sekkel kapcsolatos inform\u00e1ci\u00f3i<\/a> (magyarul)<\/div>\n<div style=\"text-align: justify\">\u00a0<\/div>\n<div class=\"gmail_default\" style=\"text-align: justify\">2.2. <a href=\"https:\/\/semmelweis.hu\/ekk\/files\/2024\/01\/13358-6_EKKDH_2024_Adatkezeles_EKK_hallgatoi_szlovak_sk_fin.xlsx\">Az\u00a0adatkezel\u0151\u00a0<b>szlov\u00e1k nyelv\u0171 oktat\u00e1si<\/b> feladataival \u00f6sszef\u00fcgg\u0151 adatkezel\u00e9sekkel kapcsolatos inform\u00e1ci\u00f3i (szlov\u00e1kul)\u00a0<\/a><\/div>\n<div style=\"text-align: justify\">\u00a0<\/div>\n<div class=\"gmail_default\" style=\"text-align: justify\">3. <a href=\"https:\/\/semmelweis.hu\/ekk\/files\/2023\/03\/Adatkezeles_EKK_munkaugy_fin-1.xlsx\">Az adatkezel\u0151\u00a0<b>munka\u00fcgyi\u00a0<\/b>feladataival \u00f6sszef\u00fcgg\u0151 adatkezel\u00e9sekkel kapcsolatos inform\u00e1ci\u00f3i<\/a><\/div>\n<div style=\"text-align: justify\">\u00a0<\/div>\n<div class=\"gmail_default\" style=\"text-align: justify\">4. <a href=\"https:\/\/semmelweis.hu\/ekk\/files\/2023\/03\/Adatkezeles_EKK_adminisztracios_fin.xlsx\">Az adatkezel\u0151 D\u00e9k\u00e1ni Hivatal\u00a0<b>adminisztr\u00e1ci\u00f3s\u00a0<\/b>feladataival \u00f6sszef\u00fcgg\u0151 adatkezel\u00e9sekkel kapcsolatos inform\u00e1ci\u00f3i<\/a><\/div>\n<div style=\"text-align: justify\">\u00a0<\/div>\n<div class=\"gmail_default\" style=\"text-align: justify\">5. <a href=\"https:\/\/semmelweis.hu\/ekk\/files\/2023\/03\/Adatkezeles_EKK_gazdasagi_fin.xlsx\">Az adatkezel\u0151\u00a0<b>gazdas\u00e1gi\u00a0<\/b>feladataival \u00f6sszef\u00fcgg\u0151 adatkezel\u00e9sekkel kapcsolatos inform\u00e1ci\u00f3i<\/a><\/div>\n<div style=\"text-align: justify\">\u00a0<\/div>\n<div class=\"gmail_default\" style=\"text-align: justify\">6.\u00a0<a href=\"https:\/\/semmelweis.hu\/ekk\/files\/2024\/01\/13358_7_EKKDH_2024_Adatkezeles_EKK_EMK_projekt.xlsx\">Az adatkezel\u0151\u00a0<b>projekt\u00a0<\/b>feladataival \u00f6sszef\u00fcgg\u0151 adatkezel\u00e9sekkel kapcsolatos inform\u00e1ci\u00f3i<i>\u00a0<\/i><\/a><\/div>\n","protected":false},"excerpt":{"rendered":"<p>Az Eg\u00e9szs\u00e9g\u00fcgyi K\u00f6zszolg\u00e1lati Kar \u00e1ltal v\u00e9gzett\u00a0szem\u00e9lyes adatkezel\u00e9ssel kapcsolatos inform\u00e1ci\u00f3k<br \/>\n<a href=\"https:\/\/semmelweis.hu\/ekk\/files\/2026\/03\/41549-2_EKKDH_2026_EKK_adatkezeles_tajekoztato_hu.pdf\">Az Eg\u00e9szs\u00e9g\u00fcgyi K\u00f6zszolg\u00e1lati Kar adatkezel\u00e9si t\u00e1j\u00e9koztat\u00f3ja (magyar)<\/a><br \/>\n<a href=\"https:\/\/semmelweis.hu\/ekk\/files\/2026\/03\/41549-2_EKKDH_2026_EKK_adatkezeles_tajekoztato_szlovak.pdf\">Az Eg\u00e9szs\u00e9g\u00fcgyi K\u00f6zszolg\u00e1lati Kar adatkezel\u00e9si t\u00e1j\u00e9koztat\u00f3ja (szlov\u00e1k)<\/a><br \/>\n\u00a0<br \/>\n1. <a href=\"https:\/\/semmelweis.hu\/ekk\/files\/2024\/01\/13358-5_EKKDH_2024_Adatkezeles_EKK_hallgatoi_magyar.xlsx\">Az adatkezel\u0151\u00a0magyar nyelv\u0171\u00a0oktat\u00e1si\u00a0feladataival \u00f6sszef\u00fcgg\u0151 adatkezel\u00e9sekkel kapcsolatos inform\u00e1ci\u00f3i<\/a><br \/>\n\u00a0<br \/>\n2.1. <a href=\"https:\/\/semmelweis.hu\/ekk\/files\/2024\/01\/13358-6_EKKDH_2024_Adatkezeles_EKK_hallgatoi_szlovak_hun.xlsx\">Az\u00a0adatkezel\u0151\u00a0szlov\u00e1k nyelv\u0171 oktat\u00e1si\u00a0feladataival \u00f6sszef\u00fcgg\u0151 adatkezel\u00e9sekkel kapcsolatos inform\u00e1ci\u00f3i<\/a> (magyarul)<br \/>\n\u00a0<br \/>\n2.2. <a href=\"https:\/\/semmelweis.hu\/ekk\/files\/2024\/01\/13358-6_EKKDH_2024_Adatkezeles_EKK_hallgatoi_szlovak_sk_fin.xlsx\">Az\u00a0adatkezel\u0151\u00a0szlov\u00e1k nyelv\u0171 oktat\u00e1si feladataival \u00f6sszef\u00fcgg\u0151 adatkezel\u00e9sekkel kapcsolatos inform\u00e1ci\u00f3i (szlov\u00e1kul)\u00a0<\/a><br \/>\n\u00a0<br \/>\n3. <a href=\"https:\/\/semmelweis.hu\/ekk\/files\/2023\/03\/Adatkezeles_EKK_munkaugy_fin-1.xlsx\">Az adatkezel\u0151\u00a0munka\u00fcgyi\u00a0feladataival \u00f6sszef\u00fcgg\u0151 adatkezel\u00e9sekkel kapcsolatos inform\u00e1ci\u00f3i<\/a><br \/>\n\u00a0<br \/>\n4. <a href=\"https:\/\/semmelweis.hu\/ekk\/files\/2023\/03\/Adatkezeles_EKK_adminisztracios_fin.xlsx\">Az adatkezel\u0151 D\u00e9k\u00e1ni Hivatal\u00a0adminisztr\u00e1ci\u00f3s\u00a0feladataival \u00f6sszef\u00fcgg\u0151 adatkezel\u00e9sekkel kapcsolatos inform\u00e1ci\u00f3i<\/a><br \/>\n\u00a0<br \/>\n5. <a href=\"https:\/\/semmelweis.hu\/ekk\/files\/2023\/03\/Adatkezeles_EKK_gazdasagi_fin.xlsx\">Az adatkezel\u0151\u00a0gazdas\u00e1gi\u00a0feladataival \u00f6sszef\u00fcgg\u0151 adatkezel\u00e9sekkel kapcsolatos inform\u00e1ci\u00f3i<\/a><br \/>\n\u00a0<br \/>\n6.\u00a0<a href=\"https:\/\/semmelweis.hu\/ekk\/files\/2024\/01\/13358_7_EKKDH_2024_Adatkezeles_EKK_EMK_projekt.xlsx\">Az adatkezel\u0151\u00a0projekt\u00a0feladataival \u00f6sszef\u00fcgg\u0151 adatkezel\u00e9sekkel kapcsolatos inform\u00e1ci\u00f3i\u00a0<\/a><\/p>\n","protected":false},"author":101539,"featured_media":0,"parent":3,"menu_order":10,"comment_status":"closed","ping_status":"closed","template":"","meta":{"_acf_changed":false,"footnotes":""},"categories":[],"tags":[],"class_list":["post-4383","page","type-page","status-publish","hentry"],"acf":[],"_links":{"self":[{"href":"https:\/\/semmelweis.hu\/ekk\/wp-json\/wp\/v2\/pages\/4383","targetHints":{"allow":["GET"]}}],"collection":[{"href":"https:\/\/semmelweis.hu\/ekk\/wp-json\/wp\/v2\/pages"}],"about":[{"href":"https:\/\/semmelweis.hu\/ekk\/wp-json\/wp\/v2\/types\/page"}],"author":[{"embeddable":true,"href":"https:\/\/semmelweis.hu\/ekk\/wp-json\/wp\/v2\/users\/101539"}],"replies":[{"embeddable":true,"href":"https:\/\/semmelweis.hu\/ekk\/wp-json\/wp\/v2\/comments?post=4383"}],"version-history":[{"count":10,"href":"https:\/\/semmelweis.hu\/ekk\/wp-json\/wp\/v2\/pages\/4383\/revisions"}],"predecessor-version":[{"id":6132,"href":"https:\/\/semmelweis.hu\/ekk\/wp-json\/wp\/v2\/pages\/4383\/revisions\/6132"}],"up":[{"embeddable":true,"href":"https:\/\/semmelweis.hu\/ekk\/wp-json\/wp\/v2\/pages\/3"}],"wp:attachment":[{"href":"https:\/\/semmelweis.hu\/ekk\/wp-json\/wp\/v2\/media?parent=4383"}],"wp:term":[{"taxonomy":"category","embeddable":true,"href":"https:\/\/semmelweis.hu\/ekk\/wp-json\/wp\/v2\/categories?post=4383"},{"taxonomy":"post_tag","embeddable":true,"href":"https:\/\/semmelweis.hu\/ekk\/wp-json\/wp\/v2\/tags?post=4383"}],"curies":[{"name":"wp","href":"https:\/\/api.w.org\/{rel}","templated":true}]}}