{"id":4355,"date":"2023-01-23T14:35:03","date_gmt":"2023-01-23T13:35:03","guid":{"rendered":"https:\/\/semmelweis.hu\/ekk\/?page_id=4355"},"modified":"2026-01-08T14:08:20","modified_gmt":"2026-01-08T13:08:20","slug":"kari-tanacs-ulesek-2023","status":"publish","type":"page","link":"https:\/\/semmelweis.hu\/ekk\/a-karrol\/kari-tanacs\/kari-tanacs-ulesek\/kari-tanacs-ulesek-2023\/","title":{"rendered":"Kari Tan\u00e1cs \u00fcl\u00e9sek 2023."},"content":{"rendered":"<hr \/>\n<p><strong>2023. 01. 23 (elektronikus szavaz\u00e1s)<\/strong><\/p>\n<p>Napirendi pontok:<\/p>\n<p>\u00a0 \u00a0 \u00a01. A Kar T\u00e9r\u00edt\u00e9si \u00e9s Juttat\u00e1si Rendj\u00e9nek m\u00f3dos\u00edt\u00e1sa<\/p>\n<p>\u00a0 \u00a0 \u00a02. Az Eg\u00e9szs\u00e9g\u00fcgyi Menedzserk\u00e9pz\u0151 K\u00f6zpont &#8222;A jelen \u00e9s j\u00f6v\u0151 gy\u00f3gy\u00edt\u00e1sa \u2013 adatvez\u00e9relt\u00a0 eg\u00e9szs\u00e9g \u00e9s mesters\u00e9ges intelligencia\u201d c\u00edm\u0171 tant\u00e1rgy tant\u00e1rgyi adatlapj\u00e1nak m\u00f3dos\u00edt\u00e1sa<\/p>\n<p>\u00a0 \u00a0 \u00a03. Szabadon v\u00e1laszthat\u00f3 tant\u00e1rgy bevezet\u00e9se az Eg\u00e9szs\u00e9g\u00fcgyi K\u00f6zszolg\u00e1lati Karon (Kutat\u00e1sm\u00f3dszertan alapjai)<\/p>\n<hr \/>\n<p><strong>2023. 01. 30 (elektronikus szavaz\u00e1s)<\/strong><\/p>\n<p>Napirendi pont:<\/p>\n<ol>\n<li>A Kar T\u00e9r\u00edt\u00e9si \u00e9s Juttat\u00e1si Rendj\u00e9nek m\u00f3dos\u00edt\u00e1sa<\/li>\n<\/ol>\n<hr \/>\n<p><strong>2023. 02. 27 (t\u00e1vmegbesz\u00e9l\u00e9s zoom-on kereszt\u00fcl, titkos elektronikus szavaz\u00e1s)<\/strong><\/p>\n<p>Napirendi pontok:<\/p>\n<ol>\n<li>A Karon m\u0171k\u00f6d\u0151, a Szen\u00e1tus \u00e1ltal l\u00e9trehozott Curriculum, Kredit\u00e1tviteli \u00e9s Oktat\u00e1si Bizotts\u00e1g szem\u00e9lyi \u00f6sszet\u00e9tel\u00e9nek meg\u00faj\u00edt\u00e1sa\u00a0<\/li>\n<li>A Karon m\u0171k\u00f6d\u0151, a Szen\u00e1tus \u00e1ltal l\u00e9trehozott Etikai \u00e9s Fegyelmi Bizotts\u00e1g szem\u00e9lyi \u00f6sszet\u00e9tel\u00e9nek meg\u00faj\u00edt\u00e1sa<\/li>\n<li>A Karon m\u0171k\u00f6d\u0151, a Kari Tan\u00e1cs \u00e1ltal l\u00e9trehozott Kutat\u00e1si Bizotts\u00e1g szem\u00e9lyi \u00f6sszet\u00e9tel\u00e9nek meg\u00faj\u00edt\u00e1sa<\/li>\n<\/ol>\n<hr \/>\n<p><strong>2023. 03. 14 (elektronikus szavaz\u00e1s)<\/strong><\/p>\n<p>Napirendi pont:<\/p>\n<ol>\n<li>A magyarorsz\u00e1gi eg\u00e9szs\u00e9g\u00fcgyi ell\u00e1t\u00f3rendszer c\u00edm\u0171 szabadon v\u00e1laszthat\u00f3 tant\u00e1rgy bevezet\u00e9se az Eg\u00e9szs\u00e9g\u00fcgyi K\u00f6zszolg\u00e1lati Karon<\/li>\n<\/ol>\n<hr \/>\n<p><strong>2023. 04. 04 (elektronikus szavaz\u00e1s)<\/strong><\/p>\n<p>Napirendi pont:<\/p>\n<ol>\n<li>Az uni\u00f3s tags\u00e1g eg\u00e9szs\u00e9g\u00fcgyi vonatkoz\u00e1sai c\u00edm\u0171 szabadon v\u00e1laszthat\u00f3 tant\u00e1rgy bevezet\u00e9se az Eg\u00e9szs\u00e9g\u00fcgyi K\u00f6zszolg\u00e1lati Karon<\/li>\n<\/ol>\n<hr \/>\n<p><strong>2023. 04. 18 (elektronikus szavaz\u00e1s)<\/strong><\/p>\n<p>Napirendi pontok:<\/p>\n<p>\u00a0 \u00a0 \u00a01. A 2022\/2023. \u00e9vi tan\u00e9v rendj\u00e9nek m\u00f3dos\u00edt\u00f3 elfogad\u00e1sa<\/p>\n<p>\u00a0 \u00a0 \u00a02. A Ment\u00e1lhigi\u00e9n\u00e9 Int\u00e9zet ment\u00e1lhigi\u00e9n\u00e9s h\u00e1zass\u00e1g- \u00e9s csal\u00e1d-lelkigondoz\u00f3 szakir\u00e1ny\u00fa\u00a0 tov\u00e1bbk\u00e9pz\u00e9si szak k\u00e9pz\u00e9si \u00e9s kimeneti k\u00f6vetelm\u00e9nyeinek m\u00f3dos\u00edt\u00e1sa<\/p>\n<hr \/>\n<p><strong>2023. 05. 24 (elektronikus szavaz\u00e1s)<\/strong><\/p>\n<p>Napirendi pontok:<\/p>\n<p>\u00a0 \u00a0 \u00a01. Az Eg\u00e9szs\u00e9g\u00fcgyi Menedzserk\u00e9pz\u0151 K\u00f6zpont eg\u00e9szs\u00e9g\u00fcgyi adattudom\u00e1ny mesterk\u00e9pz\u00e9si szak ind\u00edt\u00e1s\u00e1nak elfogad\u00e1sa<\/p>\n<p>\u00a0 \u00a0 \u00a02. Az Eg\u00e9szs\u00e9g\u00fcgyi Menedzserk\u00e9pz\u0151 K\u00f6zpont eg\u00e9szs\u00e9g\u00fcgyi-min\u0151s\u00e9g\u00fcgyi \u00e9s betegbiztons\u00e1gi menedzsment mesterk\u00e9pz\u00e9si szak ind\u00edt\u00e1s\u00e1nak elfogad\u00e1sa<\/p>\n<p>\u00a0 \u00a0 \u00a03.\u00a0Az uni\u00f3s tags\u00e1g eg\u00e9szs\u00e9g\u00fcgyi vonatkoz\u00e1sai c\u00edm\u0171 szabadon v\u00e1laszthat\u00f3 t\u00e1rgy tant\u00e1rgyi adatlapj\u00e1nak m\u00f3dos\u00edt\u00e1sa<\/p>\n<hr \/>\n<p><strong>2023. 06. 21 (elektronikus szavaz\u00e1s)<\/strong><\/p>\n<p>Napirendi pontok:<\/p>\n<p>\u00a0 \u00a0 \u00a01. A 2023\/2024. \u00e9vi tan\u00e9v rendj\u00e9nek elfogad\u00e1sa<\/p>\n<p>\u00a0 \u00a0 \u00a02. A hivat\u00e1setikai alapok rendj\u00e9nek m\u00f3dos\u00edt\u00e1sa<\/p>\n<hr \/>\n<p><strong>2023. 08. 31 (elektronikus szavaz\u00e1s)<\/strong><\/p>\n<p>Napirendi pontok:<\/p>\n<ol>\n<li><span style=\"color: #000000\">A Digit\u00e1lis Eg\u00e9szs\u00e9gtudom\u00e1nyi Int\u00e9zet Az uni\u00f3s tags\u00e1g eg\u00e9szs\u00e9g\u00fcgyi vonatkoz\u00e1sai c\u00edm\u0171 szabadon v\u00e1laszthat\u00f3 t\u00e1rgy tant\u00e1rgyi adatlapj\u00e1nak m\u00f3dos\u00edt\u00e1sa<\/span><\/li>\n<li><span style=\"color: #000000\">A Digit\u00e1lis Eg\u00e9szs\u00e9gtudom\u00e1nyi Int\u00e9zet eg\u00e9szs\u00e9g\u00fcgyi szervez\u0151 alapk\u00e9pz\u00e9s szak 3 tant\u00e1rgy tant\u00e1rgyi adatlaplapj\u00e1nak idegen nyelvi k\u00f6vetelm\u00e9nyek v\u00e1ltoz\u00e1sa miatti m\u00f3dos\u00edt\u00e1sa<\/span><\/li>\n<li><span style=\"color: #000000\">A Ment\u00e1lhigi\u00e9n\u00e9 Int\u00e9zet interdiszciplin\u00e1ris csal\u00e1dtudom\u00e1nyi mesterk\u00e9pz\u00e9si szak tanulm\u00e1nyi t\u00e1j\u00e9koztat\u00f3j\u00e1nak m\u00f3dos\u00edt\u00e1sa<\/span><\/li>\n<li><span style=\"color: #000000\">A Ment\u00e1lhigi\u00e9n\u00e9 Int\u00e9zet szoci\u00e1lis munka mesterk\u00e9pz\u00e9si szak tanulm\u00e1nyi t\u00e1j\u00e9koztat\u00f3j\u00e1nak m\u00f3dos\u00edt\u00e1sa<\/span><\/li>\n<li><span style=\"color: #000000\">A Ment\u00e1lhigi\u00e9n\u00e9 Int\u00e9zet munkahelyi ment\u00e1lhigi\u00e9n\u00e9 szakir\u00e1ny\u00fa tov\u00e1bbk\u00e9pz\u00e9si szak tanulm\u00e1nyi t\u00e1j\u00e9koztat\u00f3j\u00e1nak elfogad\u00e1sa<\/span><\/li>\n<li><span style=\"color: #000000\">A Ment\u00e1lhigi\u00e9n\u00e9 Int\u00e9zet ment\u00e1lhigi\u00e9n\u00e9s lelkigondoz\u00f3 szakir\u00e1ny\u00fa tov\u00e1bbk\u00e9pz\u00e9si szak tanulm\u00e1nyi t\u00e1j\u00e9koztat\u00f3j\u00e1nak m\u00f3dos\u00edt\u00e1sa<\/span><\/li>\n<li><span style=\"color: #000000\">A Ment\u00e1lhigi\u00e9n\u00e9 Int\u00e9zet lakt\u00e1ci\u00f3s szaktan\u00e1csad\u00f3 szakir\u00e1ny\u00fa tov\u00e1bbk\u00e9pz\u00e9si szak tanulm\u00e1nyi t\u00e1j\u00e9koztat\u00f3j\u00e1nak m\u00f3dos\u00edt\u00e1sa<\/span><\/li>\n<li><span style=\"color: #000000\">Az Eg\u00e9szs\u00e9g\u00fcgyi Menedzserk\u00e9pz\u0151 K\u00f6zpont Social startup management &#8211; nonprofit szervezet az \u00f6tlett\u0151l az indul\u00e1sig c\u00edm\u0171 szabadon v\u00e1laszthat\u00f3 t\u00e1rgy tant\u00e1rgyi adatlapj\u00e1nak elfogad\u00e1sa<\/span><\/li>\n<li><span style=\"color: #000000\">Az Eg\u00e9szs\u00e9g\u00fcgyi Menedzserk\u00e9pz\u0151 K\u00f6zpont eg\u00e9szs\u00e9g\u00fcgyi menedzser mesterk\u00e9pz\u00e9si szak (levelez\u0151\/nappali) 14 tant\u00e1rgy tant\u00e1rgyi adatl<\/span>apj\u00e1nak az idegen nyelvi k\u00f6vetelm\u00e9nyek v\u00e1ltoz\u00e1sa miatti m\u00f3dos\u00edt\u00e1sa<\/li>\n<\/ol>\n<hr \/>\n<p><span style=\"color: #000000\"><strong>2023. 09. 25 (elektronikus szavaz\u00e1s)<\/strong><\/span><\/p>\n<p><span style=\"color: #000000\">\u00a0 \u00a0 1. A Kar T\u00e9r\u00edt\u00e9si \u00e9s Juttat\u00e1si Rendj\u00e9nek m\u00f3dos\u00edt\u00e1sa<\/span><\/p>\n<hr \/>\n<p><strong>2023. 10. 02 (t\u00e1vmegbesz\u00e9l\u00e9s zoom-on kereszt\u00fcl, titkos elektronikus szavaz\u00e1s)<\/strong><\/p>\n<ol>\n<li>A Karon m\u0171k\u00f6d\u0151, a Szen\u00e1tus \u00e1ltal l\u00e9trehozott Curriculum, Kredit\u00e1tviteli \u00e9s Oktat\u00e1si Bizotts\u00e1g \u00f6sszet\u00e9tel\u00e9nek meg\u00faj\u00edt\u00e1sa<\/li>\n<li>A Ment\u00e1lhigi\u00e9n\u00e9 Int\u00e9zet ment\u00e1lhigi\u00e9n\u00e9 szakir\u00e1ny\u00fa tov\u00e1bbk\u00e9pz\u00e9si szak szakfelel\u0151s\u00e9nek v\u00e1ltoz\u00e1sa<\/li>\n<li>A Ment\u00e1lhigi\u00e9n\u00e9 Int\u00e9zet egyes k\u00e9pz\u00e9sei tant\u00e1rgyfelel\u0151seinek v\u00e1ltoz\u00e1sa<\/li>\n<li>A Ment\u00e1lhigi\u00e9n\u00e9 Int\u00e9zet interdiszciplin\u00e1ris csal\u00e1dtudom\u00e1nyi mesterk\u00e9pz\u00e9si szak, valamint ment\u00e1lhigi\u00e9n\u00e9s csal\u00e1dtudom\u00e1nyi \u00e9s csal\u00e1dter\u00e1pi\u00e1s mesterk\u00e9pz\u00e9si szak Z\u00e1r\u00f3vizsga Bizotts\u00e1g eln\u00f6keinek \u00e9s tagjainak j\u00f3v\u00e1hagy\u00e1sa (<\/li>\n<li>A Ment\u00e1lhigi\u00e9n\u00e9 Int\u00e9zet szoci\u00e1lis munka mesterk\u00e9pz\u00e9si szak Z\u00e1r\u00f3vizsga Bizotts\u00e1g eln\u00f6keinek \u00e9s tagjainak j\u00f3v\u00e1hagy\u00e1sa<\/li>\n<li>A Ment\u00e1lhigi\u00e9n\u00e9 Int\u00e9zet ment\u00e1lhigi\u00e9n\u00e9 szakir\u00e1ny\u00fa tov\u00e1bbk\u00e9pz\u00e9si szak Z\u00e1r\u00f3vizsga Bizotts\u00e1g eln\u00f6keinek \u00e9s tagjainak j\u00f3v\u00e1hagy\u00e1sa<\/li>\n<li>A Ment\u00e1lhigi\u00e9n\u00e9 Int\u00e9zet munkahelyi ment\u00e1lhigi\u00e9n\u00e9 szakir\u00e1ny\u00fa tov\u00e1bbk\u00e9pz\u00e9si szak Z\u00e1r\u00f3vizsga Bizotts\u00e1g eln\u00f6keinek \u00e9s tagjainak j\u00f3v\u00e1hagy\u00e1sa<\/li>\n<li>A Ment\u00e1lhigi\u00e9n\u00e9 Int\u00e9zet h\u00e1zass\u00e1g-\u00e9s csal\u00e1d lelkigondoz\u00f3 szakir\u00e1ny\u00fa tov\u00e1bbk\u00e9pz\u00e9si szak Z\u00e1r\u00f3vizsga Bizotts\u00e1g eln\u00f6keinek \u00e9s tagjainak j\u00f3v\u00e1hagy\u00e1sa<\/li>\n<li>A Ment\u00e1lhigi\u00e9n\u00e9 Int\u00e9zet k\u00f6z\u00f6ss\u00e9gi \u00e9s csal\u00e1di medi\u00e1ci\u00f3 szakir\u00e1ny\u00fa tov\u00e1bbk\u00e9pz\u00e9si szak Z\u00e1r\u00f3vizsga Bizotts\u00e1g eln\u00f6keinek \u00e9s tagjainak j\u00f3v\u00e1hagy\u00e1sa<\/li>\n<li>A Ment\u00e1lhigi\u00e9n\u00e9 Int\u00e9zet ment\u00e1lhigi\u00e9n\u00e9s lelkigondoz\u00f3 szakir\u00e1ny\u00fa tov\u00e1bbk\u00e9pz\u00e9si szak Z\u00e1r\u00f3vizsga Bizotts\u00e1g eln\u00f6keinek \u00e9s tagjainak j\u00f3v\u00e1hagy\u00e1sa<\/li>\n<li>A Ment\u00e1lhigi\u00e9n\u00e9 Int\u00e9zet lakt\u00e1ci\u00f3s szaktan\u00e1csad\u00f3 szakir\u00e1ny\u00fa tov\u00e1bbk\u00e9pz\u00e9si szak Z\u00e1r\u00f3vizsga Bizotts\u00e1g eln\u00f6keinek \u00e9s tagjainak j\u00f3v\u00e1hagy\u00e1sa<\/li>\n<li>A Ment\u00e1lhigi\u00e9n\u00e9 Int\u00e9zet id\u0151s\u00fcgyi interakt\u00edv \u00e9let\u00fat-tan\u00e1csad\u00f3 szakir\u00e1ny\u00fa tov\u00e1bbk\u00e9pz\u00e9si szak Z\u00e1r\u00f3vizsga Bizotts\u00e1g eln\u00f6keinek \u00e9s tagjainak j\u00f3v\u00e1hagy\u00e1sa<\/li>\n<li>Az Eg\u00e9szs\u00e9g\u00fcgyi Menedzserk\u00e9pz\u0151 K\u00f6zpont eg\u00e9szs\u00e9g\u00fcgyi-min\u0151s\u00e9g\u00fcgyi \u00e9s betegbiztons\u00e1gi menedzsment mesterk\u00e9pz\u00e9si szak Z\u00e1r\u00f3vizsga Bizotts\u00e1g eln\u00f6keinek \u00e9s tagjainak j\u00f3v\u00e1hagy\u00e1sa<\/li>\n<\/ol>\n<hr \/>\n<p><span style=\"color: #000000\"><strong>2023. 10. 10 (elektronikus szavaz\u00e1s)<\/strong><\/span><\/p>\n<p><span style=\"color: #000000\">\u00a0 \u00a0 1. Az Eg\u00e9szs\u00e9g\u00fcgyi K\u00f6zszolg\u00e1lati Kar szakdolgozat szab\u00e1lyzat\u00e1nak elfogad\u00e1sa<\/span><\/p>\n<hr \/>\n<p><span style=\"color: #000000\"><strong>2023. 10. 18 (elektronikus szavaz\u00e1s)<\/strong><\/span><\/p>\n<p><span style=\"color: #000000\">\u00a0 \u00a0 1. A Digit\u00e1lis Eg\u00e9szs\u00e9gtudom\u00e1nyi Int\u00e9zet Testnevel\u00e9s I &#8211; VI. c\u00edm\u0171 tant\u00e1rgy OMHV k\u00e9rd\u00e9seinek m\u00f3dos\u00edt\u00e1sa<\/span><\/p>\n<hr \/>\n<p><strong>2023. 11. 20 (t\u00e1vmegbesz\u00e9l\u00e9s zoom-on kereszt\u00fcl, titkos elektronikus szavaz\u00e1s)<\/strong><\/p>\n<ol>\n<li>V\u00e9lem\u00e9nynyilv\u00e1n\u00edt\u00e1s kiv\u00e1l\u00f3 oktat\u00f3 c\u00edmre val\u00f3 felterjeszt\u00e9sr\u0151l<\/li>\n<li>\u00a0AKaron m\u0171k\u00f6d\u0151, a Szen\u00e1tus \u00e1ltal l\u00e9trehozott Curriculum, Kredit\u00e1tviteli \u00e9s Oktat\u00e1si Bizotts\u00e1g \u00f6sszet\u00e9tel\u00e9nek meg\u00faj\u00edt\u00e1sa<\/li>\n<li>A Karon m\u0171k\u00f6d\u0151, a Szen\u00e1tus \u00e1ltal l\u00e9trehozott Etikai \u00e9s Fegyelmi Bizotts\u00e1g \u00f6sszet\u00e9tel\u00e9nek meg\u00faj\u00edt\u00e1sa<\/li>\n<\/ol>\n<hr \/>\n<p><span style=\"color: #000000\"><strong>2023. 12. 11 (elektronikus szavaz\u00e1s)<\/strong><\/span><\/p>\n<ol>\n<li><span style=\"color: #000000\">\u00a0<\/span><span style=\"color: #000000\">A Kar T\u00e9r\u00edt\u00e9si \u00e9s Juttat\u00e1si Rendj\u00e9nek m\u00f3dos\u00edt\u00e1sa<\/span><\/li>\n<li>\u00a0Az Eg\u00e9szs\u00e9g\u00fcgyi Menedzserk\u00e9pz\u0151 K\u00f6zpont eg\u00e9szs\u00e9g\u00fcgyi &#8211; min\u0151s\u00e9g\u00fcgyi \u00e9s betegbiztons\u00e1gi menedzsment mesterk\u00e9pz\u00e9si szak tant\u00e1rgyi adatlapjainak j\u00f3v\u00e1hagy\u00e1sa<\/li>\n<li>\n<p>A Ment\u00e1lhigi\u00e9n\u00e9 Int\u00e9zet id\u0151s\u00fcgyi interakt\u00edv \u00e9let\u00fat-tan\u00e1csad\u00f3 szakir\u00e1ny\u00fa tov\u00e1bbk\u00e9pz\u00e9s szak megsz\u00fcntet\u00e9se<\/p>\n<\/li>\n<li>A\u00a0Ment\u00e1lhigi\u00e9n\u00e9 Int\u00e9zet akt\u00edv id\u0151s\u00f6d\u00e9s szakir\u00e1ny\u00fa tov\u00e1bbk\u00e9pz\u00e9si szak l\u00e9tes\u00edt\u00e9s\u00e9nek \u00e9s ind\u00edt\u00e1s\u00e1nak, valamint tanterv\u00e9nek elfogad\u00e1sa<\/li>\n<\/ol>\n<hr \/>\n<p><span style=\"color: #000000\"><strong>2023. 12. 13 (elektronikus szavaz\u00e1s)<\/strong><\/span><\/p>\n<ol>\n<li><span style=\"color: #000000\">\u00a0<\/span><span style=\"color: #000000\"><span style=\"color: #000000\">Az Eg\u00e9szss\u00e9gpolitika, Finansz\u00edroz\u00e1s \u00e9s Rendszerfejleszt\u00e9s Tansz\u00e9k \u00e9s a Betegbiztons\u00e1gi Tansz\u00e9k l\u00e9trehoz\u00e1sa az Eg\u00e9szs\u00e9g\u00fcgyi K\u00f6zszolg\u00e1lati Karon\u00a0<\/span><\/span><\/li>\n<\/ol>\n","protected":false},"excerpt":{"rendered":"<p>2023. 01. 23 (elektronikus szavaz\u00e1s) Napirendi pontok: \u00a0 \u00a0 \u00a01. A Kar T\u00e9r\u00edt\u00e9si \u00e9s Juttat\u00e1si Rendj\u00e9nek m\u00f3dos\u00edt\u00e1sa \u00a0 \u00a0 \u00a02. Az Eg\u00e9szs\u00e9g\u00fcgyi Menedzserk\u00e9pz\u0151 K\u00f6zpont &#8222;A jelen \u00e9s j\u00f6v\u0151 gy\u00f3gy\u00edt\u00e1sa \u2013 adatvez\u00e9relt\u00a0 eg\u00e9szs\u00e9g \u00e9s mesters\u00e9ges intelligencia\u201d c\u00edm\u0171 tant\u00e1rgy tant\u00e1rgyi adatlapj\u00e1nak m\u00f3dos\u00edt\u00e1sa \u00a0 \u00a0 \u00a03. Szabadon v\u00e1laszthat\u00f3 tant\u00e1rgy bevezet\u00e9se az Eg\u00e9szs\u00e9g\u00fcgyi K\u00f6zszolg\u00e1lati Karon (Kutat\u00e1sm\u00f3dszertan alapjai) 2023. 01. &hellip;<\/p>\n","protected":false},"author":101539,"featured_media":0,"parent":1201,"menu_order":3,"comment_status":"closed","ping_status":"closed","template":"","meta":{"_acf_changed":false,"footnotes":""},"categories":[],"tags":[],"class_list":["post-4355","page","type-page","status-publish","hentry"],"acf":[],"_links":{"self":[{"href":"https:\/\/semmelweis.hu\/ekk\/wp-json\/wp\/v2\/pages\/4355","targetHints":{"allow":["GET"]}}],"collection":[{"href":"https:\/\/semmelweis.hu\/ekk\/wp-json\/wp\/v2\/pages"}],"about":[{"href":"https:\/\/semmelweis.hu\/ekk\/wp-json\/wp\/v2\/types\/page"}],"author":[{"embeddable":true,"href":"https:\/\/semmelweis.hu\/ekk\/wp-json\/wp\/v2\/users\/101539"}],"replies":[{"embeddable":true,"href":"https:\/\/semmelweis.hu\/ekk\/wp-json\/wp\/v2\/comments?post=4355"}],"version-history":[{"count":10,"href":"https:\/\/semmelweis.hu\/ekk\/wp-json\/wp\/v2\/pages\/4355\/revisions"}],"predecessor-version":[{"id":5324,"href":"https:\/\/semmelweis.hu\/ekk\/wp-json\/wp\/v2\/pages\/4355\/revisions\/5324"}],"up":[{"embeddable":true,"href":"https:\/\/semmelweis.hu\/ekk\/wp-json\/wp\/v2\/pages\/1201"}],"wp:attachment":[{"href":"https:\/\/semmelweis.hu\/ekk\/wp-json\/wp\/v2\/media?parent=4355"}],"wp:term":[{"taxonomy":"category","embeddable":true,"href":"https:\/\/semmelweis.hu\/ekk\/wp-json\/wp\/v2\/categories?post=4355"},{"taxonomy":"post_tag","embeddable":true,"href":"https:\/\/semmelweis.hu\/ekk\/wp-json\/wp\/v2\/tags?post=4355"}],"curies":[{"name":"wp","href":"https:\/\/api.w.org\/{rel}","templated":true}]}}